{"id":6435,"date":"2024-12-31T12:26:45","date_gmt":"2024-12-31T12:26:45","guid":{"rendered":"https:\/\/addinol.ee\/toode\/automaatkaigukastioli-legends-atf\/"},"modified":"2025-07-04T11:39:51","modified_gmt":"2025-07-04T08:39:51","slug":"automaatkaigukastioli-legends-atf","status":"publish","type":"product","link":"https:\/\/uus.addinol.ee\/lv\/toode\/automaatkaigukastioli-legends-atf\/","title":{"rendered":"Automaatk\u00e4igukasti\u00f5li Legends ATF"},"content":{"rendered":"<p><strong>Automaatk\u00e4igukasti\u00f5li <a href=\"https:\/\/addinol.de\/products\/product-finder\/addinol-legends-atf\/?lang=et\">Legends ATF<\/a> KASUTUSV\u00d5IMALUSED:<\/strong><br \/>\n\u2022 kestuspiduriga ja kestuspidurita <a href=\"https:\/\/uus.addinol.ee\/tootekategooria\/mootorsoidukite-maardeained\/transmissiooniolid-mootorsoidukite-maardeained\/\" target=\"_blank\" rel=\"noopener\">s\u00f5idu- ja veoautode, busside ning tarbes\u00f5idukite pool- ja t\u00e4isautomaatk\u00e4igukastid<\/a>,<br \/>\n\u2022 h\u00fcdrotrafod,<br \/>\n\u2022 mootors\u00f5idukite h\u00fcdros\u00fcsteemid ja h\u00fcdraulilised abis\u00fcsteemid (rooliv\u00f5imendid).<\/p>\n<p><strong>\u00a0SPETSIFIKATSIOON:<br \/>\n<\/strong>Vastab spetsifikatsioonidele:<br \/>\n\u2022 Allison C3 \/ C4<br \/>\n\u2022 Caterpillar TO-2<br \/>\n\u2022 Chrysler MS-6704A<br \/>\n\u2022 DEXRON TASA, D II D<br \/>\n\u2022 Ford M2C-138 CJ\/-166 H\/-186 A,<br \/>\nSQM-2C9010-A\/-B<br \/>\n\u2022 Komatsu Dresser (B22-0004)<br \/>\n\u2022 MAN 339 Typ L2, Typ V1, Typ Z1<br \/>\n\u2022 MB 236.1\/-.6\/-.7<br \/>\n\u2022 Renk-DOROMAT<br \/>\n\u2022 Voith H55.6335.xx (G607)<br \/>\n\u2022 Volvo 97340, 97335, 97325<br \/>\n\u2022 ZF TE-ML 03D, 04D; 14A, 17C (ZF003702)<\/p>\n<p><strong>Automaatk\u00e4igukasti\u00f5li Legends ATF <\/strong><strong>OMADUSED:<\/strong><br \/>\n\u2022 Optimaalne h\u00f5\u00f5rdumine<br \/>\n\u2022 T\u00f5hus korrosiooni- ja kulumisvastane kaitse<br \/>\n\u2022 Hea kokkusobivus v\u00e4rvilismetallidega<br \/>\n\u2022 Neutraalne tihendite suhtes<br \/>\n\u2022 V\u00e4ga hea voolavus madalatel temperatuuridel<\/p>\n","protected":false},"excerpt":{"rendered":"<p>ADDINOL Legends ATF automaatk\u00e4igukasti\u00f5li sobib ise\u00e4ranis h\u00e4sti 1970. aastateni ehitatud s\u00f5idukitele. Toote koostis on kohandatud tolleaegsetele automaatkastidele ja neis kasutatud materjalidele.<\/p>\n","protected":false},"featured_media":6436,"template":"","meta":{"_acf_changed":false},"viscosity":[],"product_brand":[],"product_cat":[153,150],"product_tag":[],"inventory":[],"class_list":{"0":"post-6435","1":"product","2":"type-product","3":"status-publish","4":"has-post-thumbnail","6":"product_cat-automaatkaigukastiolid","7":"product_cat-mootorsoidukite-maardeained","8":"pa_vali-pakend-1l","9":"pa_vali-pakend-20l","10":"pa_vali-pakend-4l","11":"pa_vali-pakend-legends-atf-1l","12":"pa_vali-pakend-legends-atf-4l","13":"pa_vali-pakend-legends-atf-20l","15":"first","16":"instock","17":"taxable","18":"shipping-taxable","19":"purchasable","20":"product-type-variable"},"acf":[],"yoast_head":"<!-- This site is optimized with the Yoast SEO plugin v27.5 - https:\/\/yoast.com\/product\/yoast-seo-wordpress\/ -->\n<title>Automaatk\u00e4igukasti\u00f5li Legends ATF - ADDINOL<\/title>\n<meta name=\"robots\" content=\"index, follow, max-snippet:-1, max-image-preview:large, max-video-preview:-1\" \/>\n<link rel=\"canonical\" href=\"https:\/\/uus.addinol.ee\/lv\/toode\/automaatkaigukastioli-legends-atf\/\" \/>\n<meta property=\"og:locale\" content=\"lv_LV\" \/>\n<meta property=\"og:type\" content=\"article\" \/>\n<meta property=\"og:title\" content=\"Automaatk\u00e4igukasti\u00f5li Legends ATF - ADDINOL\" \/>\n<meta property=\"og:description\" content=\"ADDINOL Legends ATF automaatk\u00e4igukasti\u00f5li sobib ise\u00e4ranis h\u00e4sti 1970. aastateni ehitatud s\u00f5idukitele. Toote koostis on kohandatud tolleaegsetele automaatkastidele ja neis kasutatud materjalidele.\" \/>\n<meta property=\"og:url\" content=\"https:\/\/uus.addinol.ee\/lv\/toode\/automaatkaigukastioli-legends-atf\/\" \/>\n<meta property=\"og:site_name\" content=\"ADDINOL\" \/>\n<meta property=\"article:publisher\" content=\"https:\/\/www.facebook.com\/ADDINOLEesti\/\" \/>\n<meta property=\"article:modified_time\" content=\"2025-07-04T08:39:51+00:00\" \/>\n<meta property=\"og:image\" content=\"https:\/\/uus.addinol.ee\/wp-content\/uploads\/2024\/12\/automaatkaigukastide-transmissioonioli-legends-atf-1l-e1644495528295-3.png\" \/>\n\t<meta property=\"og:image:width\" content=\"500\" \/>\n\t<meta property=\"og:image:height\" content=\"647\" \/>\n\t<meta property=\"og:image:type\" content=\"image\/png\" \/>\n<meta name=\"twitter:card\" content=\"summary_large_image\" \/>\n<meta name=\"twitter:label1\" content=\"Est. reading time\" \/>\n\t<meta name=\"twitter:data1\" content=\"1 minute\" \/>\n<script type=\"application\/ld+json\" class=\"yoast-schema-graph\">{\"@context\":\"https:\\\/\\\/schema.org\",\"@graph\":[{\"@type\":\"WebPage\",\"@id\":\"https:\\\/\\\/uus.addinol.ee\\\/lv\\\/toode\\\/automaatkaigukastioli-legends-atf\\\/\",\"url\":\"https:\\\/\\\/uus.addinol.ee\\\/lv\\\/toode\\\/automaatkaigukastioli-legends-atf\\\/\",\"name\":\"Automaatk\u00e4igukasti\u00f5li Legends ATF - ADDINOL\",\"isPartOf\":{\"@id\":\"https:\\\/\\\/uus.addinol.ee\\\/lv\\\/#website\"},\"primaryImageOfPage\":{\"@id\":\"https:\\\/\\\/uus.addinol.ee\\\/lv\\\/toode\\\/automaatkaigukastioli-legends-atf\\\/#primaryimage\"},\"image\":{\"@id\":\"https:\\\/\\\/uus.addinol.ee\\\/lv\\\/toode\\\/automaatkaigukastioli-legends-atf\\\/#primaryimage\"},\"thumbnailUrl\":\"https:\\\/\\\/uus.addinol.ee\\\/wp-content\\\/uploads\\\/2024\\\/12\\\/automaatkaigukastide-transmissioonioli-legends-atf-1l-e1644495528295-3.png\",\"datePublished\":\"2024-12-31T12:26:45+00:00\",\"dateModified\":\"2025-07-04T08:39:51+00:00\",\"breadcrumb\":{\"@id\":\"https:\\\/\\\/uus.addinol.ee\\\/lv\\\/toode\\\/automaatkaigukastioli-legends-atf\\\/#breadcrumb\"},\"inLanguage\":\"lv-LV\",\"potentialAction\":[{\"@type\":\"ReadAction\",\"target\":[\"https:\\\/\\\/uus.addinol.ee\\\/lv\\\/toode\\\/automaatkaigukastioli-legends-atf\\\/\"]}]},{\"@type\":\"ImageObject\",\"inLanguage\":\"lv-LV\",\"@id\":\"https:\\\/\\\/uus.addinol.ee\\\/lv\\\/toode\\\/automaatkaigukastioli-legends-atf\\\/#primaryimage\",\"url\":\"https:\\\/\\\/uus.addinol.ee\\\/wp-content\\\/uploads\\\/2024\\\/12\\\/automaatkaigukastide-transmissioonioli-legends-atf-1l-e1644495528295-3.png\",\"contentUrl\":\"https:\\\/\\\/uus.addinol.ee\\\/wp-content\\\/uploads\\\/2024\\\/12\\\/automaatkaigukastide-transmissioonioli-legends-atf-1l-e1644495528295-3.png\",\"width\":500,\"height\":647,\"caption\":\"Automaatk\u00e4igukasti\u00f5li Legends ATF\"},{\"@type\":\"BreadcrumbList\",\"@id\":\"https:\\\/\\\/uus.addinol.ee\\\/lv\\\/toode\\\/automaatkaigukastioli-legends-atf\\\/#breadcrumb\",\"itemListElement\":[{\"@type\":\"ListItem\",\"position\":1,\"name\":\"ADDINOL\",\"item\":\"https:\\\/\\\/uus.addinol.ee\\\/lv\\\/\"},{\"@type\":\"ListItem\",\"position\":2,\"name\":\"E-pood\",\"item\":\"https:\\\/\\\/uus.addinol.ee\\\/e-pood\\\/\"},{\"@type\":\"ListItem\",\"position\":3,\"name\":\"Automaatk\u00e4igukasti\u00f5li Legends ATF\"}]},{\"@type\":\"WebSite\",\"@id\":\"https:\\\/\\\/uus.addinol.ee\\\/lv\\\/#website\",\"url\":\"https:\\\/\\\/uus.addinol.ee\\\/lv\\\/\",\"name\":\"ADDINOL\",\"description\":\"Mootori&otilde;lid ja m&auml;&auml;&auml;rdeained igaks kasutusjuhuks\",\"publisher\":{\"@id\":\"https:\\\/\\\/uus.addinol.ee\\\/lv\\\/#organization\"},\"potentialAction\":[{\"@type\":\"SearchAction\",\"target\":{\"@type\":\"EntryPoint\",\"urlTemplate\":\"https:\\\/\\\/uus.addinol.ee\\\/lv\\\/?s={search_term_string}\"},\"query-input\":{\"@type\":\"PropertyValueSpecification\",\"valueRequired\":true,\"valueName\":\"search_term_string\"}}],\"inLanguage\":\"lv-LV\"},{\"@type\":\"Organization\",\"@id\":\"https:\\\/\\\/uus.addinol.ee\\\/lv\\\/#organization\",\"name\":\"ADDINOL\",\"url\":\"https:\\\/\\\/uus.addinol.ee\\\/lv\\\/\",\"logo\":{\"@type\":\"ImageObject\",\"inLanguage\":\"lv-LV\",\"@id\":\"https:\\\/\\\/uus.addinol.ee\\\/lv\\\/#\\\/schema\\\/logo\\\/image\\\/\",\"url\":\"https:\\\/\\\/uus.addinol.ee\\\/wp-content\\\/uploads\\\/2024\\\/10\\\/1200px-ADDINOL-Logo.webp\",\"contentUrl\":\"https:\\\/\\\/uus.addinol.ee\\\/wp-content\\\/uploads\\\/2024\\\/10\\\/1200px-ADDINOL-Logo.webp\",\"width\":1200,\"height\":431,\"caption\":\"ADDINOL\"},\"image\":{\"@id\":\"https:\\\/\\\/uus.addinol.ee\\\/lv\\\/#\\\/schema\\\/logo\\\/image\\\/\"},\"sameAs\":[\"https:\\\/\\\/www.facebook.com\\\/ADDINOLEesti\\\/\",\"https:\\\/\\\/www.instagram.com\\\/addinol_eesti\\\/\"]}]}<\/script>\n<!-- \/ Yoast SEO plugin. -->","yoast_head_json":{"title":"Automaatk\u00e4igukasti\u00f5li Legends ATF - ADDINOL","robots":{"index":"index","follow":"follow","max-snippet":"max-snippet:-1","max-image-preview":"max-image-preview:large","max-video-preview":"max-video-preview:-1"},"canonical":"https:\/\/uus.addinol.ee\/lv\/toode\/automaatkaigukastioli-legends-atf\/","og_locale":"lv_LV","og_type":"article","og_title":"Automaatk\u00e4igukasti\u00f5li Legends ATF - ADDINOL","og_description":"ADDINOL Legends ATF automaatk\u00e4igukasti\u00f5li sobib ise\u00e4ranis h\u00e4sti 1970. aastateni ehitatud s\u00f5idukitele. Toote koostis on kohandatud tolleaegsetele automaatkastidele ja neis kasutatud materjalidele.","og_url":"https:\/\/uus.addinol.ee\/lv\/toode\/automaatkaigukastioli-legends-atf\/","og_site_name":"ADDINOL","article_publisher":"https:\/\/www.facebook.com\/ADDINOLEesti\/","article_modified_time":"2025-07-04T08:39:51+00:00","og_image":[{"width":500,"height":647,"url":"https:\/\/uus.addinol.ee\/wp-content\/uploads\/2024\/12\/automaatkaigukastide-transmissioonioli-legends-atf-1l-e1644495528295-3.png","type":"image\/png"}],"twitter_card":"summary_large_image","twitter_misc":{"Est. reading time":"1 minute"},"schema":{"@context":"https:\/\/schema.org","@graph":[{"@type":"WebPage","@id":"https:\/\/uus.addinol.ee\/lv\/toode\/automaatkaigukastioli-legends-atf\/","url":"https:\/\/uus.addinol.ee\/lv\/toode\/automaatkaigukastioli-legends-atf\/","name":"Automaatk\u00e4igukasti\u00f5li Legends ATF - ADDINOL","isPartOf":{"@id":"https:\/\/uus.addinol.ee\/lv\/#website"},"primaryImageOfPage":{"@id":"https:\/\/uus.addinol.ee\/lv\/toode\/automaatkaigukastioli-legends-atf\/#primaryimage"},"image":{"@id":"https:\/\/uus.addinol.ee\/lv\/toode\/automaatkaigukastioli-legends-atf\/#primaryimage"},"thumbnailUrl":"https:\/\/uus.addinol.ee\/wp-content\/uploads\/2024\/12\/automaatkaigukastide-transmissioonioli-legends-atf-1l-e1644495528295-3.png","datePublished":"2024-12-31T12:26:45+00:00","dateModified":"2025-07-04T08:39:51+00:00","breadcrumb":{"@id":"https:\/\/uus.addinol.ee\/lv\/toode\/automaatkaigukastioli-legends-atf\/#breadcrumb"},"inLanguage":"lv-LV","potentialAction":[{"@type":"ReadAction","target":["https:\/\/uus.addinol.ee\/lv\/toode\/automaatkaigukastioli-legends-atf\/"]}]},{"@type":"ImageObject","inLanguage":"lv-LV","@id":"https:\/\/uus.addinol.ee\/lv\/toode\/automaatkaigukastioli-legends-atf\/#primaryimage","url":"https:\/\/uus.addinol.ee\/wp-content\/uploads\/2024\/12\/automaatkaigukastide-transmissioonioli-legends-atf-1l-e1644495528295-3.png","contentUrl":"https:\/\/uus.addinol.ee\/wp-content\/uploads\/2024\/12\/automaatkaigukastide-transmissioonioli-legends-atf-1l-e1644495528295-3.png","width":500,"height":647,"caption":"Automaatk\u00e4igukasti\u00f5li Legends ATF"},{"@type":"BreadcrumbList","@id":"https:\/\/uus.addinol.ee\/lv\/toode\/automaatkaigukastioli-legends-atf\/#breadcrumb","itemListElement":[{"@type":"ListItem","position":1,"name":"ADDINOL","item":"https:\/\/uus.addinol.ee\/lv\/"},{"@type":"ListItem","position":2,"name":"E-pood","item":"https:\/\/uus.addinol.ee\/e-pood\/"},{"@type":"ListItem","position":3,"name":"Automaatk\u00e4igukasti\u00f5li Legends ATF"}]},{"@type":"WebSite","@id":"https:\/\/uus.addinol.ee\/lv\/#website","url":"https:\/\/uus.addinol.ee\/lv\/","name":"ADDINOL","description":"Mootori&otilde;lid ja m&auml;&auml;&auml;rdeained igaks kasutusjuhuks","publisher":{"@id":"https:\/\/uus.addinol.ee\/lv\/#organization"},"potentialAction":[{"@type":"SearchAction","target":{"@type":"EntryPoint","urlTemplate":"https:\/\/uus.addinol.ee\/lv\/?s={search_term_string}"},"query-input":{"@type":"PropertyValueSpecification","valueRequired":true,"valueName":"search_term_string"}}],"inLanguage":"lv-LV"},{"@type":"Organization","@id":"https:\/\/uus.addinol.ee\/lv\/#organization","name":"ADDINOL","url":"https:\/\/uus.addinol.ee\/lv\/","logo":{"@type":"ImageObject","inLanguage":"lv-LV","@id":"https:\/\/uus.addinol.ee\/lv\/#\/schema\/logo\/image\/","url":"https:\/\/uus.addinol.ee\/wp-content\/uploads\/2024\/10\/1200px-ADDINOL-Logo.webp","contentUrl":"https:\/\/uus.addinol.ee\/wp-content\/uploads\/2024\/10\/1200px-ADDINOL-Logo.webp","width":1200,"height":431,"caption":"ADDINOL"},"image":{"@id":"https:\/\/uus.addinol.ee\/lv\/#\/schema\/logo\/image\/"},"sameAs":["https:\/\/www.facebook.com\/ADDINOLEesti\/","https:\/\/www.instagram.com\/addinol_eesti\/"]}]}},"_links":{"self":[{"href":"https:\/\/uus.addinol.ee\/lv\/wp-json\/wp\/v2\/product\/6435","targetHints":{"allow":["GET"]}}],"collection":[{"href":"https:\/\/uus.addinol.ee\/lv\/wp-json\/wp\/v2\/product"}],"about":[{"href":"https:\/\/uus.addinol.ee\/lv\/wp-json\/wp\/v2\/types\/product"}],"wp:featuredmedia":[{"embeddable":true,"href":"https:\/\/uus.addinol.ee\/lv\/wp-json\/wp\/v2\/media\/6436"}],"wp:attachment":[{"href":"https:\/\/uus.addinol.ee\/lv\/wp-json\/wp\/v2\/media?parent=6435"}],"wp:term":[{"taxonomy":"viscosity","embeddable":true,"href":"https:\/\/uus.addinol.ee\/lv\/wp-json\/wp\/v2\/viscosity?post=6435"},{"taxonomy":"product_brand","embeddable":true,"href":"https:\/\/uus.addinol.ee\/lv\/wp-json\/wp\/v2\/product_brand?post=6435"},{"taxonomy":"product_cat","embeddable":true,"href":"https:\/\/uus.addinol.ee\/lv\/wp-json\/wp\/v2\/product_cat?post=6435"},{"taxonomy":"product_tag","embeddable":true,"href":"https:\/\/uus.addinol.ee\/lv\/wp-json\/wp\/v2\/product_tag?post=6435"},{"taxonomy":"inventory","embeddable":true,"href":"https:\/\/uus.addinol.ee\/lv\/wp-json\/wp\/v2\/inventory?post=6435"}],"curies":[{"name":"wp","href":"https:\/\/api.w.org\/{rel}","templated":true}]}}