{"id":6490,"date":"2024-12-31T12:27:02","date_gmt":"2024-12-31T12:27:02","guid":{"rendered":"https:\/\/addinol.ee\/toode\/muruniidukioli-mv-1034\/"},"modified":"2025-10-14T11:35:06","modified_gmt":"2025-10-14T08:35:06","slug":"muruniidukioli-mv-1034","status":"publish","type":"product","link":"https:\/\/uus.addinol.ee\/lv\/toode\/muruniidukioli-mv-1034\/","title":{"rendered":"Muruniiduki\u00f5li MV 1034"},"content":{"rendered":"<p><strong>Muruniiduki\u00f5li <a href=\"https:\/\/addinol.de\/products\/product-finder\/addinol-rasenmaeheroel-mv-1034\/?lang=et\">MV 1034<\/a><\/strong> <strong>KASUTUSV\u00d5IMALUSED<\/strong>:<br \/>\n\u2022 Ette n\u00e4htud majapidamises ja aias kasutatavate mobiilsete v\u00e4ikemasinate \u00f5hkjahutusega neljataktiliste bensiinimootorite m\u00e4\u00e4rimiseks.<br \/>\n\u2022 Sobib suurep\u00e4raselt <a href=\"https:\/\/uus.addinol.ee\/tootekategooria\/mootorsoidukite-maardeained\/mootoriolid\/muruniidukitele\/\" target=\"_blank\" rel=\"noopener\">muruniidukitele ning murutraktoritele.<\/a><br \/>\n\u2022 Sobib aastaringseks kasutamiseks Kesk-Euroopa kliimatingimustes.<br \/>\n\u2022\u00a0 Muruniiduki\u00f5li MV 1034 seguneb teiste tootjate firmam\u00e4rki kandvate toodetega.<\/p>\n<p><strong>Muruniiduki\u00f5li MV 1034 <\/strong><strong>SPETSIFIKATSIOON \/ LITSENTSID:<\/strong><br \/>\nMuruniiduki\u00f5li MV 1034 t\u00e4idab ja \u00fcletab rahvusvahelisi spetsifikatsioone:<br \/>\n\u2022 API SF \/ CC<\/p>\n<p><strong>Muruniiduki\u00f5li MV 1034 OMADUSED<\/strong>:<br \/>\n\u2022 Termooks\u00fcdatsioonikindel<br \/>\n\u2022 Suurep\u00e4rane kulumisvastane kaitse<br \/>\n\u2022 V\u00e4ike \u00f5likulu<\/p>\n<p><strong>Muruniiduki\u00f5li MV 1034 EELISED TARBIJALE:<\/strong><br \/>\n\u2022 Pikad \u00f5livahetusv\u00e4lbad<br \/>\n\u2022 Mootori pikk t\u00f6\u00f6iga<br \/>\n\u2022 Keskkonnas\u00e4\u00e4stlik<\/p>\n","protected":false},"excerpt":{"rendered":"<p>Muruniiduki\u00f5li MV 1034 on mootori\u00f5li viskoossusklassis SAE 10W-30 ning on valmistatud k\u00f5rgekvaliteedilistest mineraal\u00f5li rafinaatidest, HC s\u00fcntees\u00f5lidest ja kasutustingimustega kohandatud manusekomplektist.<\/p>\n","protected":false},"featured_media":6491,"template":"","meta":{"_acf_changed":false},"viscosity":[746],"product_brand":[],"product_cat":[150,162,165],"product_tag":[],"inventory":[],"class_list":{"0":"post-6490","1":"product","2":"type-product","3":"status-publish","4":"has-post-thumbnail","6":"viscosity-10w-30","7":"product_cat-mootorsoidukite-maardeained","8":"product_cat-mootorrataste-4-taktilistele-mootoritele","9":"product_cat-muruniidukitele","10":"pa_vali-pakend-1l","12":"first","13":"instock","14":"taxable","15":"shipping-taxable","16":"purchasable","17":"product-type-simple"},"acf":[],"yoast_head":"<!-- This site is optimized with the Yoast SEO plugin v27.5 - https:\/\/yoast.com\/product\/yoast-seo-wordpress\/ -->\n<title>Muruniiduki\u00f5li MV 1034 - ADDINOL<\/title>\n<meta name=\"robots\" content=\"index, follow, max-snippet:-1, max-image-preview:large, max-video-preview:-1\" \/>\n<link rel=\"canonical\" href=\"https:\/\/uus.addinol.ee\/lv\/toode\/muruniidukioli-mv-1034\/\" \/>\n<meta property=\"og:locale\" content=\"lv_LV\" \/>\n<meta property=\"og:type\" content=\"article\" \/>\n<meta property=\"og:title\" content=\"Muruniiduki\u00f5li MV 1034 - ADDINOL\" \/>\n<meta property=\"og:description\" content=\"Muruniiduki\u00f5li MV 1034 on mootori\u00f5li viskoossusklassis SAE 10W-30 ning on valmistatud k\u00f5rgekvaliteedilistest mineraal\u00f5li rafinaatidest, HC s\u00fcntees\u00f5lidest ja kasutustingimustega kohandatud manusekomplektist.\" \/>\n<meta property=\"og:url\" content=\"https:\/\/uus.addinol.ee\/lv\/toode\/muruniidukioli-mv-1034\/\" \/>\n<meta property=\"og:site_name\" content=\"ADDINOL\" \/>\n<meta property=\"article:publisher\" content=\"https:\/\/www.facebook.com\/ADDINOLEesti\/\" \/>\n<meta property=\"article:modified_time\" content=\"2025-10-14T08:35:06+00:00\" \/>\n<meta property=\"og:image\" content=\"https:\/\/uus.addinol.ee\/wp-content\/uploads\/2024\/12\/mv-1034-rasenm-her-l-3.jpg\" \/>\n\t<meta property=\"og:image:width\" content=\"418\" \/>\n\t<meta property=\"og:image:height\" content=\"800\" \/>\n\t<meta property=\"og:image:type\" content=\"image\/jpeg\" \/>\n<meta name=\"twitter:card\" content=\"summary_large_image\" \/>\n<meta name=\"twitter:label1\" content=\"Est. reading time\" \/>\n\t<meta name=\"twitter:data1\" content=\"1 minute\" \/>\n<script type=\"application\/ld+json\" class=\"yoast-schema-graph\">{\"@context\":\"https:\\\/\\\/schema.org\",\"@graph\":[{\"@type\":\"WebPage\",\"@id\":\"https:\\\/\\\/uus.addinol.ee\\\/lv\\\/toode\\\/muruniidukioli-mv-1034\\\/\",\"url\":\"https:\\\/\\\/uus.addinol.ee\\\/lv\\\/toode\\\/muruniidukioli-mv-1034\\\/\",\"name\":\"Muruniiduki\u00f5li MV 1034 - ADDINOL\",\"isPartOf\":{\"@id\":\"https:\\\/\\\/uus.addinol.ee\\\/lv\\\/#website\"},\"primaryImageOfPage\":{\"@id\":\"https:\\\/\\\/uus.addinol.ee\\\/lv\\\/toode\\\/muruniidukioli-mv-1034\\\/#primaryimage\"},\"image\":{\"@id\":\"https:\\\/\\\/uus.addinol.ee\\\/lv\\\/toode\\\/muruniidukioli-mv-1034\\\/#primaryimage\"},\"thumbnailUrl\":\"https:\\\/\\\/uus.addinol.ee\\\/wp-content\\\/uploads\\\/2024\\\/12\\\/mv-1034-rasenm-her-l-3.jpg\",\"datePublished\":\"2024-12-31T12:27:02+00:00\",\"dateModified\":\"2025-10-14T08:35:06+00:00\",\"breadcrumb\":{\"@id\":\"https:\\\/\\\/uus.addinol.ee\\\/lv\\\/toode\\\/muruniidukioli-mv-1034\\\/#breadcrumb\"},\"inLanguage\":\"lv-LV\",\"potentialAction\":[{\"@type\":\"ReadAction\",\"target\":[\"https:\\\/\\\/uus.addinol.ee\\\/lv\\\/toode\\\/muruniidukioli-mv-1034\\\/\"]}]},{\"@type\":\"ImageObject\",\"inLanguage\":\"lv-LV\",\"@id\":\"https:\\\/\\\/uus.addinol.ee\\\/lv\\\/toode\\\/muruniidukioli-mv-1034\\\/#primaryimage\",\"url\":\"https:\\\/\\\/uus.addinol.ee\\\/wp-content\\\/uploads\\\/2024\\\/12\\\/mv-1034-rasenm-her-l-3.jpg\",\"contentUrl\":\"https:\\\/\\\/uus.addinol.ee\\\/wp-content\\\/uploads\\\/2024\\\/12\\\/mv-1034-rasenm-her-l-3.jpg\",\"width\":418,\"height\":800,\"caption\":\"Muruniiduki\u00f5li MV 1034\"},{\"@type\":\"BreadcrumbList\",\"@id\":\"https:\\\/\\\/uus.addinol.ee\\\/lv\\\/toode\\\/muruniidukioli-mv-1034\\\/#breadcrumb\",\"itemListElement\":[{\"@type\":\"ListItem\",\"position\":1,\"name\":\"ADDINOL\",\"item\":\"https:\\\/\\\/uus.addinol.ee\\\/lv\\\/\"},{\"@type\":\"ListItem\",\"position\":2,\"name\":\"E-pood\",\"item\":\"https:\\\/\\\/uus.addinol.ee\\\/e-pood\\\/\"},{\"@type\":\"ListItem\",\"position\":3,\"name\":\"Muruniiduki\u00f5li MV 1034\"}]},{\"@type\":\"WebSite\",\"@id\":\"https:\\\/\\\/uus.addinol.ee\\\/lv\\\/#website\",\"url\":\"https:\\\/\\\/uus.addinol.ee\\\/lv\\\/\",\"name\":\"ADDINOL\",\"description\":\"Mootori&otilde;lid ja m&auml;&auml;&auml;rdeained igaks kasutusjuhuks\",\"publisher\":{\"@id\":\"https:\\\/\\\/uus.addinol.ee\\\/lv\\\/#organization\"},\"potentialAction\":[{\"@type\":\"SearchAction\",\"target\":{\"@type\":\"EntryPoint\",\"urlTemplate\":\"https:\\\/\\\/uus.addinol.ee\\\/lv\\\/?s={search_term_string}\"},\"query-input\":{\"@type\":\"PropertyValueSpecification\",\"valueRequired\":true,\"valueName\":\"search_term_string\"}}],\"inLanguage\":\"lv-LV\"},{\"@type\":\"Organization\",\"@id\":\"https:\\\/\\\/uus.addinol.ee\\\/lv\\\/#organization\",\"name\":\"ADDINOL\",\"url\":\"https:\\\/\\\/uus.addinol.ee\\\/lv\\\/\",\"logo\":{\"@type\":\"ImageObject\",\"inLanguage\":\"lv-LV\",\"@id\":\"https:\\\/\\\/uus.addinol.ee\\\/lv\\\/#\\\/schema\\\/logo\\\/image\\\/\",\"url\":\"https:\\\/\\\/uus.addinol.ee\\\/wp-content\\\/uploads\\\/2024\\\/10\\\/1200px-ADDINOL-Logo.webp\",\"contentUrl\":\"https:\\\/\\\/uus.addinol.ee\\\/wp-content\\\/uploads\\\/2024\\\/10\\\/1200px-ADDINOL-Logo.webp\",\"width\":1200,\"height\":431,\"caption\":\"ADDINOL\"},\"image\":{\"@id\":\"https:\\\/\\\/uus.addinol.ee\\\/lv\\\/#\\\/schema\\\/logo\\\/image\\\/\"},\"sameAs\":[\"https:\\\/\\\/www.facebook.com\\\/ADDINOLEesti\\\/\",\"https:\\\/\\\/www.instagram.com\\\/addinol_eesti\\\/\"]}]}<\/script>\n<!-- \/ Yoast SEO plugin. -->","yoast_head_json":{"title":"Muruniiduki\u00f5li MV 1034 - ADDINOL","robots":{"index":"index","follow":"follow","max-snippet":"max-snippet:-1","max-image-preview":"max-image-preview:large","max-video-preview":"max-video-preview:-1"},"canonical":"https:\/\/uus.addinol.ee\/lv\/toode\/muruniidukioli-mv-1034\/","og_locale":"lv_LV","og_type":"article","og_title":"Muruniiduki\u00f5li MV 1034 - ADDINOL","og_description":"Muruniiduki\u00f5li MV 1034 on mootori\u00f5li viskoossusklassis SAE 10W-30 ning on valmistatud k\u00f5rgekvaliteedilistest mineraal\u00f5li rafinaatidest, HC s\u00fcntees\u00f5lidest ja kasutustingimustega kohandatud manusekomplektist.","og_url":"https:\/\/uus.addinol.ee\/lv\/toode\/muruniidukioli-mv-1034\/","og_site_name":"ADDINOL","article_publisher":"https:\/\/www.facebook.com\/ADDINOLEesti\/","article_modified_time":"2025-10-14T08:35:06+00:00","og_image":[{"width":418,"height":800,"url":"https:\/\/uus.addinol.ee\/wp-content\/uploads\/2024\/12\/mv-1034-rasenm-her-l-3.jpg","type":"image\/jpeg"}],"twitter_card":"summary_large_image","twitter_misc":{"Est. reading time":"1 minute"},"schema":{"@context":"https:\/\/schema.org","@graph":[{"@type":"WebPage","@id":"https:\/\/uus.addinol.ee\/lv\/toode\/muruniidukioli-mv-1034\/","url":"https:\/\/uus.addinol.ee\/lv\/toode\/muruniidukioli-mv-1034\/","name":"Muruniiduki\u00f5li MV 1034 - ADDINOL","isPartOf":{"@id":"https:\/\/uus.addinol.ee\/lv\/#website"},"primaryImageOfPage":{"@id":"https:\/\/uus.addinol.ee\/lv\/toode\/muruniidukioli-mv-1034\/#primaryimage"},"image":{"@id":"https:\/\/uus.addinol.ee\/lv\/toode\/muruniidukioli-mv-1034\/#primaryimage"},"thumbnailUrl":"https:\/\/uus.addinol.ee\/wp-content\/uploads\/2024\/12\/mv-1034-rasenm-her-l-3.jpg","datePublished":"2024-12-31T12:27:02+00:00","dateModified":"2025-10-14T08:35:06+00:00","breadcrumb":{"@id":"https:\/\/uus.addinol.ee\/lv\/toode\/muruniidukioli-mv-1034\/#breadcrumb"},"inLanguage":"lv-LV","potentialAction":[{"@type":"ReadAction","target":["https:\/\/uus.addinol.ee\/lv\/toode\/muruniidukioli-mv-1034\/"]}]},{"@type":"ImageObject","inLanguage":"lv-LV","@id":"https:\/\/uus.addinol.ee\/lv\/toode\/muruniidukioli-mv-1034\/#primaryimage","url":"https:\/\/uus.addinol.ee\/wp-content\/uploads\/2024\/12\/mv-1034-rasenm-her-l-3.jpg","contentUrl":"https:\/\/uus.addinol.ee\/wp-content\/uploads\/2024\/12\/mv-1034-rasenm-her-l-3.jpg","width":418,"height":800,"caption":"Muruniiduki\u00f5li MV 1034"},{"@type":"BreadcrumbList","@id":"https:\/\/uus.addinol.ee\/lv\/toode\/muruniidukioli-mv-1034\/#breadcrumb","itemListElement":[{"@type":"ListItem","position":1,"name":"ADDINOL","item":"https:\/\/uus.addinol.ee\/lv\/"},{"@type":"ListItem","position":2,"name":"E-pood","item":"https:\/\/uus.addinol.ee\/e-pood\/"},{"@type":"ListItem","position":3,"name":"Muruniiduki\u00f5li MV 1034"}]},{"@type":"WebSite","@id":"https:\/\/uus.addinol.ee\/lv\/#website","url":"https:\/\/uus.addinol.ee\/lv\/","name":"ADDINOL","description":"Mootori&otilde;lid ja m&auml;&auml;&auml;rdeained igaks kasutusjuhuks","publisher":{"@id":"https:\/\/uus.addinol.ee\/lv\/#organization"},"potentialAction":[{"@type":"SearchAction","target":{"@type":"EntryPoint","urlTemplate":"https:\/\/uus.addinol.ee\/lv\/?s={search_term_string}"},"query-input":{"@type":"PropertyValueSpecification","valueRequired":true,"valueName":"search_term_string"}}],"inLanguage":"lv-LV"},{"@type":"Organization","@id":"https:\/\/uus.addinol.ee\/lv\/#organization","name":"ADDINOL","url":"https:\/\/uus.addinol.ee\/lv\/","logo":{"@type":"ImageObject","inLanguage":"lv-LV","@id":"https:\/\/uus.addinol.ee\/lv\/#\/schema\/logo\/image\/","url":"https:\/\/uus.addinol.ee\/wp-content\/uploads\/2024\/10\/1200px-ADDINOL-Logo.webp","contentUrl":"https:\/\/uus.addinol.ee\/wp-content\/uploads\/2024\/10\/1200px-ADDINOL-Logo.webp","width":1200,"height":431,"caption":"ADDINOL"},"image":{"@id":"https:\/\/uus.addinol.ee\/lv\/#\/schema\/logo\/image\/"},"sameAs":["https:\/\/www.facebook.com\/ADDINOLEesti\/","https:\/\/www.instagram.com\/addinol_eesti\/"]}]}},"_links":{"self":[{"href":"https:\/\/uus.addinol.ee\/lv\/wp-json\/wp\/v2\/product\/6490","targetHints":{"allow":["GET"]}}],"collection":[{"href":"https:\/\/uus.addinol.ee\/lv\/wp-json\/wp\/v2\/product"}],"about":[{"href":"https:\/\/uus.addinol.ee\/lv\/wp-json\/wp\/v2\/types\/product"}],"wp:featuredmedia":[{"embeddable":true,"href":"https:\/\/uus.addinol.ee\/lv\/wp-json\/wp\/v2\/media\/6491"}],"wp:attachment":[{"href":"https:\/\/uus.addinol.ee\/lv\/wp-json\/wp\/v2\/media?parent=6490"}],"wp:term":[{"taxonomy":"viscosity","embeddable":true,"href":"https:\/\/uus.addinol.ee\/lv\/wp-json\/wp\/v2\/viscosity?post=6490"},{"taxonomy":"product_brand","embeddable":true,"href":"https:\/\/uus.addinol.ee\/lv\/wp-json\/wp\/v2\/product_brand?post=6490"},{"taxonomy":"product_cat","embeddable":true,"href":"https:\/\/uus.addinol.ee\/lv\/wp-json\/wp\/v2\/product_cat?post=6490"},{"taxonomy":"product_tag","embeddable":true,"href":"https:\/\/uus.addinol.ee\/lv\/wp-json\/wp\/v2\/product_tag?post=6490"},{"taxonomy":"inventory","embeddable":true,"href":"https:\/\/uus.addinol.ee\/lv\/wp-json\/wp\/v2\/inventory?post=6490"}],"curies":[{"name":"wp","href":"https:\/\/api.w.org\/{rel}","templated":true}]}}