{"id":6495,"date":"2024-12-31T12:27:02","date_gmt":"2024-12-31T12:27:02","guid":{"rendered":"https:\/\/addinol.ee\/toode\/esihargi-oli-fork-oil-rr-15\/"},"modified":"2025-10-14T11:35:10","modified_gmt":"2025-10-14T08:35:10","slug":"esihargi-oli-fork-oil-rr-15","status":"publish","type":"product","link":"https:\/\/uus.addinol.ee\/lv\/toode\/esihargi-oli-fork-oil-rr-15\/","title":{"rendered":"Esihargi \u00f5li Fork Oil RR 15"},"content":{"rendered":"<p><strong><a href=\"https:\/\/addinol.de\/products\/product-finder\/addinol-fork-oil-rr-15\/?lang=et\">Esihargi \u00f5li Fork Oil RR 15<\/a> KASUTUSV\u00d5IMALUSED<\/strong>:<br \/>\n\u2022 Ette n\u00e4htud kasutamiseks mootorrataste esiharkides, vedrup\u00fcstmikes, amortisaatorites ja muudes vedrustuse osades.<br \/>\n\u2022 Sobib suurep\u00e4raselt mootorratastele sportliku maantees\u00f5idu tingimustes ning maastikus\u00f5idutingimustes, kus esinevad ekstreemsed koormused.<\/p>\n<p><strong>Esihargi \u00f5li Fork Oil RR 15 SPETSIFIKATSIOON \/ LITSENTSID:<br \/>\n<\/strong>Viskoossusklass:<br \/>\n\u2022 SAE 5W<br \/>\n\u2022 ISO-VG 15<\/p>\n<p><strong>\u00a0OMADUSED<\/strong>:<br \/>\n\u2022 <a href=\"https:\/\/uus.addinol.ee\/oli-viskoossus-mis-see-on\/\" target=\"_blank\" rel=\"noopener\">Viskoossuse<\/a> v\u00e4ike s\u00f5ltuvus temperatuurist<br \/>\n\u2022 Suurep\u00e4rased summutavad omadused<br \/>\n\u2022 Parendatud vananemiskindlus<br \/>\n\u2022 Parendatud kulumis- ja korrosioonivastane kaitse<br \/>\n\u2022 Aastaringne kasutus<br \/>\n\u2022 Suurep\u00e4rane \u00f5hu eraldusv\u00f5ime<br \/>\n\u2022 Ei kahjusta tihendimaterjale<\/p>\n<p><strong>EELISED TARBIJALE:<\/strong><br \/>\n\u2022 Tagatud m\u00e4\u00e4rimiskohtade optimaalne varustamine m\u00e4\u00e4rdeainega ka madalatel temperatuuridel<br \/>\n\u2022 Parandab amortisaatorite t\u00f6\u00f6v\u00f5imet ning \u00fches sellega s\u00f5idumugavust ja -ohutust<br \/>\n\u2022 \u00d5li pikem t\u00f6\u00f6iga ja j\u00f5udluse s\u00e4ilimine<br \/>\n\u2022 Liugdetailide parem kaitse<br \/>\n\u2022 Universaalselt kasutatav erinevates m\u00e4\u00e4rimis-kohtades<br \/>\n\u2022 Kasutatav aastaringselt<br \/>\n\u2022 \u00dchtlane liugeh\u00f5\u00f5rdumine \u2013 v\u00e4listatud katkendlibisemine<br \/>\n\u2022 Tihendite pikem t\u00f6\u00f6iga t\u00e4nu nende v\u00e4hesele kulumisele<\/p>\n","protected":false},"excerpt":{"rendered":"<p>Esihargi \u00f5li RR 15 on mineraal\u00f5lip\u00f5hine mootorrataste amordi\u00f5li. \u00d5lis sisalduv manuste komplekt hoiab \u00e4ra vahu tekke ja v\u00f5imaldab \u00f5li kasutada ka madalatel temperatuuridel.<\/p>\n<p>Esihargi \u00f5li RR 15 tagab kere ja rataste vibratsiooni optimaalse summutamise, turvalised s\u00f5iduomadused ja suurep\u00e4rased liugeomadused.<\/p>\n<p>&nbsp;<\/p>\n","protected":false},"featured_media":6496,"template":"","meta":{"_acf_changed":false},"viscosity":[],"product_brand":[],"product_cat":[150],"product_tag":[],"inventory":[],"class_list":{"0":"post-6495","1":"product","2":"type-product","3":"status-publish","4":"has-post-thumbnail","6":"product_cat-mootorsoidukite-maardeained","7":"pa_vali-pakend-1l","9":"first","10":"instock","11":"taxable","12":"shipping-taxable","13":"purchasable","14":"product-type-simple"},"acf":[],"yoast_head":"<!-- This site is optimized with the Yoast SEO plugin v27.5 - https:\/\/yoast.com\/product\/yoast-seo-wordpress\/ -->\n<title>Esihargi \u00f5li Fork Oil RR 15 - ADDINOL<\/title>\n<meta name=\"robots\" content=\"index, follow, max-snippet:-1, max-image-preview:large, max-video-preview:-1\" \/>\n<link rel=\"canonical\" href=\"https:\/\/uus.addinol.ee\/lv\/toode\/esihargi-oli-fork-oil-rr-15\/\" \/>\n<meta property=\"og:locale\" content=\"lv_LV\" \/>\n<meta property=\"og:type\" content=\"article\" \/>\n<meta property=\"og:title\" content=\"Esihargi \u00f5li Fork Oil RR 15 - ADDINOL\" \/>\n<meta property=\"og:description\" content=\"Esihargi \u00f5li RR 15 on mineraal\u00f5lip\u00f5hine mootorrataste amordi\u00f5li. \u00d5lis sisalduv manuste komplekt hoiab \u00e4ra vahu tekke ja v\u00f5imaldab \u00f5li kasutada ka madalatel temperatuuridel.  Esihargi \u00f5li RR 15 tagab kere ja rataste vibratsiooni optimaalse summutamise, turvalised s\u00f5iduomadused ja suurep\u00e4rased liugeomadused.  &nbsp;\" \/>\n<meta property=\"og:url\" content=\"https:\/\/uus.addinol.ee\/lv\/toode\/esihargi-oli-fork-oil-rr-15\/\" \/>\n<meta property=\"og:site_name\" content=\"ADDINOL\" \/>\n<meta property=\"article:publisher\" content=\"https:\/\/www.facebook.com\/ADDINOLEesti\/\" \/>\n<meta property=\"article:modified_time\" content=\"2025-10-14T08:35:10+00:00\" \/>\n<meta property=\"og:image\" content=\"https:\/\/uus.addinol.ee\/wp-content\/uploads\/2024\/12\/esihargi-oli-fork-oil-rr-15-3.jpg\" \/>\n\t<meta property=\"og:image:width\" content=\"418\" \/>\n\t<meta property=\"og:image:height\" content=\"800\" \/>\n\t<meta property=\"og:image:type\" content=\"image\/jpeg\" \/>\n<meta name=\"twitter:card\" content=\"summary_large_image\" \/>\n<meta name=\"twitter:label1\" content=\"Est. reading time\" \/>\n\t<meta name=\"twitter:data1\" content=\"1 minute\" \/>\n<script type=\"application\/ld+json\" class=\"yoast-schema-graph\">{\"@context\":\"https:\\\/\\\/schema.org\",\"@graph\":[{\"@type\":\"WebPage\",\"@id\":\"https:\\\/\\\/uus.addinol.ee\\\/lv\\\/toode\\\/esihargi-oli-fork-oil-rr-15\\\/\",\"url\":\"https:\\\/\\\/uus.addinol.ee\\\/lv\\\/toode\\\/esihargi-oli-fork-oil-rr-15\\\/\",\"name\":\"Esihargi \u00f5li Fork Oil RR 15 - ADDINOL\",\"isPartOf\":{\"@id\":\"https:\\\/\\\/uus.addinol.ee\\\/lv\\\/#website\"},\"primaryImageOfPage\":{\"@id\":\"https:\\\/\\\/uus.addinol.ee\\\/lv\\\/toode\\\/esihargi-oli-fork-oil-rr-15\\\/#primaryimage\"},\"image\":{\"@id\":\"https:\\\/\\\/uus.addinol.ee\\\/lv\\\/toode\\\/esihargi-oli-fork-oil-rr-15\\\/#primaryimage\"},\"thumbnailUrl\":\"https:\\\/\\\/uus.addinol.ee\\\/wp-content\\\/uploads\\\/2024\\\/12\\\/esihargi-oli-fork-oil-rr-15-3.jpg\",\"datePublished\":\"2024-12-31T12:27:02+00:00\",\"dateModified\":\"2025-10-14T08:35:10+00:00\",\"breadcrumb\":{\"@id\":\"https:\\\/\\\/uus.addinol.ee\\\/lv\\\/toode\\\/esihargi-oli-fork-oil-rr-15\\\/#breadcrumb\"},\"inLanguage\":\"lv-LV\",\"potentialAction\":[{\"@type\":\"ReadAction\",\"target\":[\"https:\\\/\\\/uus.addinol.ee\\\/lv\\\/toode\\\/esihargi-oli-fork-oil-rr-15\\\/\"]}]},{\"@type\":\"ImageObject\",\"inLanguage\":\"lv-LV\",\"@id\":\"https:\\\/\\\/uus.addinol.ee\\\/lv\\\/toode\\\/esihargi-oli-fork-oil-rr-15\\\/#primaryimage\",\"url\":\"https:\\\/\\\/uus.addinol.ee\\\/wp-content\\\/uploads\\\/2024\\\/12\\\/esihargi-oli-fork-oil-rr-15-3.jpg\",\"contentUrl\":\"https:\\\/\\\/uus.addinol.ee\\\/wp-content\\\/uploads\\\/2024\\\/12\\\/esihargi-oli-fork-oil-rr-15-3.jpg\",\"width\":418,\"height\":800},{\"@type\":\"BreadcrumbList\",\"@id\":\"https:\\\/\\\/uus.addinol.ee\\\/lv\\\/toode\\\/esihargi-oli-fork-oil-rr-15\\\/#breadcrumb\",\"itemListElement\":[{\"@type\":\"ListItem\",\"position\":1,\"name\":\"ADDINOL\",\"item\":\"https:\\\/\\\/uus.addinol.ee\\\/lv\\\/\"},{\"@type\":\"ListItem\",\"position\":2,\"name\":\"E-pood\",\"item\":\"https:\\\/\\\/uus.addinol.ee\\\/e-pood\\\/\"},{\"@type\":\"ListItem\",\"position\":3,\"name\":\"Esihargi \u00f5li Fork Oil RR 15\"}]},{\"@type\":\"WebSite\",\"@id\":\"https:\\\/\\\/uus.addinol.ee\\\/lv\\\/#website\",\"url\":\"https:\\\/\\\/uus.addinol.ee\\\/lv\\\/\",\"name\":\"ADDINOL\",\"description\":\"Mootori&otilde;lid ja m&auml;&auml;&auml;rdeained igaks kasutusjuhuks\",\"publisher\":{\"@id\":\"https:\\\/\\\/uus.addinol.ee\\\/lv\\\/#organization\"},\"potentialAction\":[{\"@type\":\"SearchAction\",\"target\":{\"@type\":\"EntryPoint\",\"urlTemplate\":\"https:\\\/\\\/uus.addinol.ee\\\/lv\\\/?s={search_term_string}\"},\"query-input\":{\"@type\":\"PropertyValueSpecification\",\"valueRequired\":true,\"valueName\":\"search_term_string\"}}],\"inLanguage\":\"lv-LV\"},{\"@type\":\"Organization\",\"@id\":\"https:\\\/\\\/uus.addinol.ee\\\/lv\\\/#organization\",\"name\":\"ADDINOL\",\"url\":\"https:\\\/\\\/uus.addinol.ee\\\/lv\\\/\",\"logo\":{\"@type\":\"ImageObject\",\"inLanguage\":\"lv-LV\",\"@id\":\"https:\\\/\\\/uus.addinol.ee\\\/lv\\\/#\\\/schema\\\/logo\\\/image\\\/\",\"url\":\"https:\\\/\\\/uus.addinol.ee\\\/wp-content\\\/uploads\\\/2024\\\/10\\\/1200px-ADDINOL-Logo.webp\",\"contentUrl\":\"https:\\\/\\\/uus.addinol.ee\\\/wp-content\\\/uploads\\\/2024\\\/10\\\/1200px-ADDINOL-Logo.webp\",\"width\":1200,\"height\":431,\"caption\":\"ADDINOL\"},\"image\":{\"@id\":\"https:\\\/\\\/uus.addinol.ee\\\/lv\\\/#\\\/schema\\\/logo\\\/image\\\/\"},\"sameAs\":[\"https:\\\/\\\/www.facebook.com\\\/ADDINOLEesti\\\/\",\"https:\\\/\\\/www.instagram.com\\\/addinol_eesti\\\/\"]}]}<\/script>\n<!-- \/ Yoast SEO plugin. -->","yoast_head_json":{"title":"Esihargi \u00f5li Fork Oil RR 15 - ADDINOL","robots":{"index":"index","follow":"follow","max-snippet":"max-snippet:-1","max-image-preview":"max-image-preview:large","max-video-preview":"max-video-preview:-1"},"canonical":"https:\/\/uus.addinol.ee\/lv\/toode\/esihargi-oli-fork-oil-rr-15\/","og_locale":"lv_LV","og_type":"article","og_title":"Esihargi \u00f5li Fork Oil RR 15 - ADDINOL","og_description":"Esihargi \u00f5li RR 15 on mineraal\u00f5lip\u00f5hine mootorrataste amordi\u00f5li. \u00d5lis sisalduv manuste komplekt hoiab \u00e4ra vahu tekke ja v\u00f5imaldab \u00f5li kasutada ka madalatel temperatuuridel.  Esihargi \u00f5li RR 15 tagab kere ja rataste vibratsiooni optimaalse summutamise, turvalised s\u00f5iduomadused ja suurep\u00e4rased liugeomadused.  &nbsp;","og_url":"https:\/\/uus.addinol.ee\/lv\/toode\/esihargi-oli-fork-oil-rr-15\/","og_site_name":"ADDINOL","article_publisher":"https:\/\/www.facebook.com\/ADDINOLEesti\/","article_modified_time":"2025-10-14T08:35:10+00:00","og_image":[{"width":418,"height":800,"url":"https:\/\/uus.addinol.ee\/wp-content\/uploads\/2024\/12\/esihargi-oli-fork-oil-rr-15-3.jpg","type":"image\/jpeg"}],"twitter_card":"summary_large_image","twitter_misc":{"Est. reading time":"1 minute"},"schema":{"@context":"https:\/\/schema.org","@graph":[{"@type":"WebPage","@id":"https:\/\/uus.addinol.ee\/lv\/toode\/esihargi-oli-fork-oil-rr-15\/","url":"https:\/\/uus.addinol.ee\/lv\/toode\/esihargi-oli-fork-oil-rr-15\/","name":"Esihargi \u00f5li Fork Oil RR 15 - ADDINOL","isPartOf":{"@id":"https:\/\/uus.addinol.ee\/lv\/#website"},"primaryImageOfPage":{"@id":"https:\/\/uus.addinol.ee\/lv\/toode\/esihargi-oli-fork-oil-rr-15\/#primaryimage"},"image":{"@id":"https:\/\/uus.addinol.ee\/lv\/toode\/esihargi-oli-fork-oil-rr-15\/#primaryimage"},"thumbnailUrl":"https:\/\/uus.addinol.ee\/wp-content\/uploads\/2024\/12\/esihargi-oli-fork-oil-rr-15-3.jpg","datePublished":"2024-12-31T12:27:02+00:00","dateModified":"2025-10-14T08:35:10+00:00","breadcrumb":{"@id":"https:\/\/uus.addinol.ee\/lv\/toode\/esihargi-oli-fork-oil-rr-15\/#breadcrumb"},"inLanguage":"lv-LV","potentialAction":[{"@type":"ReadAction","target":["https:\/\/uus.addinol.ee\/lv\/toode\/esihargi-oli-fork-oil-rr-15\/"]}]},{"@type":"ImageObject","inLanguage":"lv-LV","@id":"https:\/\/uus.addinol.ee\/lv\/toode\/esihargi-oli-fork-oil-rr-15\/#primaryimage","url":"https:\/\/uus.addinol.ee\/wp-content\/uploads\/2024\/12\/esihargi-oli-fork-oil-rr-15-3.jpg","contentUrl":"https:\/\/uus.addinol.ee\/wp-content\/uploads\/2024\/12\/esihargi-oli-fork-oil-rr-15-3.jpg","width":418,"height":800},{"@type":"BreadcrumbList","@id":"https:\/\/uus.addinol.ee\/lv\/toode\/esihargi-oli-fork-oil-rr-15\/#breadcrumb","itemListElement":[{"@type":"ListItem","position":1,"name":"ADDINOL","item":"https:\/\/uus.addinol.ee\/lv\/"},{"@type":"ListItem","position":2,"name":"E-pood","item":"https:\/\/uus.addinol.ee\/e-pood\/"},{"@type":"ListItem","position":3,"name":"Esihargi \u00f5li Fork Oil RR 15"}]},{"@type":"WebSite","@id":"https:\/\/uus.addinol.ee\/lv\/#website","url":"https:\/\/uus.addinol.ee\/lv\/","name":"ADDINOL","description":"Mootori&otilde;lid ja m&auml;&auml;&auml;rdeained igaks kasutusjuhuks","publisher":{"@id":"https:\/\/uus.addinol.ee\/lv\/#organization"},"potentialAction":[{"@type":"SearchAction","target":{"@type":"EntryPoint","urlTemplate":"https:\/\/uus.addinol.ee\/lv\/?s={search_term_string}"},"query-input":{"@type":"PropertyValueSpecification","valueRequired":true,"valueName":"search_term_string"}}],"inLanguage":"lv-LV"},{"@type":"Organization","@id":"https:\/\/uus.addinol.ee\/lv\/#organization","name":"ADDINOL","url":"https:\/\/uus.addinol.ee\/lv\/","logo":{"@type":"ImageObject","inLanguage":"lv-LV","@id":"https:\/\/uus.addinol.ee\/lv\/#\/schema\/logo\/image\/","url":"https:\/\/uus.addinol.ee\/wp-content\/uploads\/2024\/10\/1200px-ADDINOL-Logo.webp","contentUrl":"https:\/\/uus.addinol.ee\/wp-content\/uploads\/2024\/10\/1200px-ADDINOL-Logo.webp","width":1200,"height":431,"caption":"ADDINOL"},"image":{"@id":"https:\/\/uus.addinol.ee\/lv\/#\/schema\/logo\/image\/"},"sameAs":["https:\/\/www.facebook.com\/ADDINOLEesti\/","https:\/\/www.instagram.com\/addinol_eesti\/"]}]}},"_links":{"self":[{"href":"https:\/\/uus.addinol.ee\/lv\/wp-json\/wp\/v2\/product\/6495","targetHints":{"allow":["GET"]}}],"collection":[{"href":"https:\/\/uus.addinol.ee\/lv\/wp-json\/wp\/v2\/product"}],"about":[{"href":"https:\/\/uus.addinol.ee\/lv\/wp-json\/wp\/v2\/types\/product"}],"wp:featuredmedia":[{"embeddable":true,"href":"https:\/\/uus.addinol.ee\/lv\/wp-json\/wp\/v2\/media\/6496"}],"wp:attachment":[{"href":"https:\/\/uus.addinol.ee\/lv\/wp-json\/wp\/v2\/media?parent=6495"}],"wp:term":[{"taxonomy":"viscosity","embeddable":true,"href":"https:\/\/uus.addinol.ee\/lv\/wp-json\/wp\/v2\/viscosity?post=6495"},{"taxonomy":"product_brand","embeddable":true,"href":"https:\/\/uus.addinol.ee\/lv\/wp-json\/wp\/v2\/product_brand?post=6495"},{"taxonomy":"product_cat","embeddable":true,"href":"https:\/\/uus.addinol.ee\/lv\/wp-json\/wp\/v2\/product_cat?post=6495"},{"taxonomy":"product_tag","embeddable":true,"href":"https:\/\/uus.addinol.ee\/lv\/wp-json\/wp\/v2\/product_tag?post=6495"},{"taxonomy":"inventory","embeddable":true,"href":"https:\/\/uus.addinol.ee\/lv\/wp-json\/wp\/v2\/inventory?post=6495"}],"curies":[{"name":"wp","href":"https:\/\/api.w.org\/{rel}","templated":true}]}}