{"id":6498,"date":"2024-12-31T12:27:02","date_gmt":"2024-12-31T12:27:02","guid":{"rendered":"https:\/\/addinol.ee\/toode\/amordioli-stosdampferol-b\/"},"modified":"2025-10-14T11:35:10","modified_gmt":"2025-10-14T08:35:10","slug":"amordioli-stosdampferol-b","status":"publish","type":"product","link":"https:\/\/uus.addinol.ee\/lv\/toode\/amordioli-stosdampferol-b\/","title":{"rendered":"Amordi\u00f5li Sto\u00dfd\u00e4mpfer\u00f6l B"},"content":{"rendered":"<p><strong>Amordi\u00f5li Sto\u00dfd\u00e4mpfer\u00f6l B KASUTUSV\u00d5IMALUSED<\/strong>:<br \/>\n\u2022 On suurep\u00e4raste summutavate omadustega h\u00fcdrovedelikuna ette n\u00e4htud kasutamiseks raskelt koormatud amortisaatorites, vedrup\u00fcstmikes ja rooliamortides.<br \/>\n\u2022 Sobib kasutamiseks t\u00f6\u00f6vedelikuna raudteetranspordi vedavas ja veetavas masinapargis.<\/p>\n<p><strong>Amordi\u00f5li Sto\u00dfd\u00e4mpfer\u00f6l B SPETSIFIKATSIOON \/ LITSENTSID:<br \/>\n<\/strong>Viskoossusklass:<br \/>\n\u2022 SAE 5W<br \/>\n\u2022 ISO-VG 15<\/p>\n<p><strong>\u00a0OMADUSED<\/strong>:<br \/>\n\u2022 Suurep\u00e4rased summutavad omadused<br \/>\n\u2022 Parendatud vananemiskindlus<br \/>\n\u2022 Parendatud kulumis- ja korrosioonivastane kaitse<br \/>\n\u2022 Madalate temperatuuride suurep\u00e4rane taluvus<\/p>\n<p><strong>EELISED TARBIJALE:<\/strong><br \/>\n\u2022 Parandab amortisaatorite t\u00f6\u00f6v\u00f5imet, mis omakorda m\u00f5jutab positiivselt veo- ja s\u00f5iduautode ning mootorrataste \u00fcle\u00fcldisi s\u00f5iduomadusi, s\u00f5idumugavust ja -ohutust<br \/>\n\u2022 \u00d5li pikk kasutusiga<br \/>\n\u2022 Masinaosade optimaalne kaitse<br \/>\n\u2022 Tagatud m\u00e4\u00e4rimiskohtade optimaalne varustamine m\u00e4\u00e4rdeainega ka madalatel temperatuuridel<\/p>\n","protected":false},"excerpt":{"rendered":"<p>Amordi\u00f5li ADDINOL Sto\u00dfd\u00e4mpfer\u00f6l B on valmistatud mineraal\u00f5li rafinaatidest ning vananemiskindlust, kulumisvastast kaitset, korrosioonit\u00f5rjeomadusi ja madalate temperatuuride taluvust parandavatest manustest.<\/p>\n","protected":false},"featured_media":6499,"template":"","meta":{"_acf_changed":false},"viscosity":[776],"product_brand":[],"product_cat":[174,713],"product_tag":[],"inventory":[],"class_list":{"0":"post-6498","1":"product","2":"type-product","3":"status-publish","4":"has-post-thumbnail","6":"viscosity-5w","7":"product_cat-hudroolid","8":"product_cat-muuks-otstarbeks-2","9":"pa_vali-pakend-1l","11":"first","12":"instock","13":"taxable","14":"shipping-taxable","15":"purchasable","16":"product-type-simple"},"acf":[],"yoast_head":"<!-- This site is optimized with the Yoast SEO plugin v27.5 - https:\/\/yoast.com\/product\/yoast-seo-wordpress\/ -->\n<title>Amordi\u00f5li Sto\u00dfd\u00e4mpfer\u00f6l B - ADDINOL<\/title>\n<meta name=\"robots\" content=\"index, follow, max-snippet:-1, max-image-preview:large, max-video-preview:-1\" \/>\n<link rel=\"canonical\" href=\"https:\/\/uus.addinol.ee\/lv\/toode\/amordioli-stosdampferol-b\/\" \/>\n<meta property=\"og:locale\" content=\"lv_LV\" \/>\n<meta property=\"og:type\" content=\"article\" \/>\n<meta property=\"og:title\" content=\"Amordi\u00f5li Sto\u00dfd\u00e4mpfer\u00f6l B - ADDINOL\" \/>\n<meta property=\"og:description\" content=\"Amordi\u00f5li ADDINOL Sto\u00dfd\u00e4mpfer\u00f6l B on valmistatud mineraal\u00f5li rafinaatidest ning vananemiskindlust, kulumisvastast kaitset, korrosioonit\u00f5rjeomadusi ja madalate temperatuuride taluvust parandavatest manustest.\" \/>\n<meta property=\"og:url\" content=\"https:\/\/uus.addinol.ee\/lv\/toode\/amordioli-stosdampferol-b\/\" \/>\n<meta property=\"og:site_name\" content=\"ADDINOL\" \/>\n<meta property=\"article:publisher\" content=\"https:\/\/www.facebook.com\/ADDINOLEesti\/\" \/>\n<meta property=\"article:modified_time\" content=\"2025-10-14T08:35:10+00:00\" \/>\n<meta property=\"og:image\" content=\"https:\/\/uus.addinol.ee\/wp-content\/uploads\/2024\/12\/stosdampferol-b_1l-gebinde-3.jpg\" \/>\n\t<meta property=\"og:image:width\" content=\"418\" \/>\n\t<meta property=\"og:image:height\" content=\"800\" \/>\n\t<meta property=\"og:image:type\" content=\"image\/jpeg\" \/>\n<meta name=\"twitter:card\" content=\"summary_large_image\" \/>\n<meta name=\"twitter:label1\" content=\"Est. reading time\" \/>\n\t<meta name=\"twitter:data1\" content=\"1 minute\" \/>\n<script type=\"application\/ld+json\" class=\"yoast-schema-graph\">{\"@context\":\"https:\\\/\\\/schema.org\",\"@graph\":[{\"@type\":\"WebPage\",\"@id\":\"https:\\\/\\\/uus.addinol.ee\\\/lv\\\/toode\\\/amordioli-stosdampferol-b\\\/\",\"url\":\"https:\\\/\\\/uus.addinol.ee\\\/lv\\\/toode\\\/amordioli-stosdampferol-b\\\/\",\"name\":\"Amordi\u00f5li Sto\u00dfd\u00e4mpfer\u00f6l B - ADDINOL\",\"isPartOf\":{\"@id\":\"https:\\\/\\\/uus.addinol.ee\\\/lv\\\/#website\"},\"primaryImageOfPage\":{\"@id\":\"https:\\\/\\\/uus.addinol.ee\\\/lv\\\/toode\\\/amordioli-stosdampferol-b\\\/#primaryimage\"},\"image\":{\"@id\":\"https:\\\/\\\/uus.addinol.ee\\\/lv\\\/toode\\\/amordioli-stosdampferol-b\\\/#primaryimage\"},\"thumbnailUrl\":\"https:\\\/\\\/uus.addinol.ee\\\/wp-content\\\/uploads\\\/2024\\\/12\\\/stosdampferol-b_1l-gebinde-3.jpg\",\"datePublished\":\"2024-12-31T12:27:02+00:00\",\"dateModified\":\"2025-10-14T08:35:10+00:00\",\"breadcrumb\":{\"@id\":\"https:\\\/\\\/uus.addinol.ee\\\/lv\\\/toode\\\/amordioli-stosdampferol-b\\\/#breadcrumb\"},\"inLanguage\":\"lv-LV\",\"potentialAction\":[{\"@type\":\"ReadAction\",\"target\":[\"https:\\\/\\\/uus.addinol.ee\\\/lv\\\/toode\\\/amordioli-stosdampferol-b\\\/\"]}]},{\"@type\":\"ImageObject\",\"inLanguage\":\"lv-LV\",\"@id\":\"https:\\\/\\\/uus.addinol.ee\\\/lv\\\/toode\\\/amordioli-stosdampferol-b\\\/#primaryimage\",\"url\":\"https:\\\/\\\/uus.addinol.ee\\\/wp-content\\\/uploads\\\/2024\\\/12\\\/stosdampferol-b_1l-gebinde-3.jpg\",\"contentUrl\":\"https:\\\/\\\/uus.addinol.ee\\\/wp-content\\\/uploads\\\/2024\\\/12\\\/stosdampferol-b_1l-gebinde-3.jpg\",\"width\":418,\"height\":800},{\"@type\":\"BreadcrumbList\",\"@id\":\"https:\\\/\\\/uus.addinol.ee\\\/lv\\\/toode\\\/amordioli-stosdampferol-b\\\/#breadcrumb\",\"itemListElement\":[{\"@type\":\"ListItem\",\"position\":1,\"name\":\"ADDINOL\",\"item\":\"https:\\\/\\\/uus.addinol.ee\\\/lv\\\/\"},{\"@type\":\"ListItem\",\"position\":2,\"name\":\"E-pood\",\"item\":\"https:\\\/\\\/uus.addinol.ee\\\/e-pood\\\/\"},{\"@type\":\"ListItem\",\"position\":3,\"name\":\"Amordi\u00f5li Sto\u00dfd\u00e4mpfer\u00f6l B\"}]},{\"@type\":\"WebSite\",\"@id\":\"https:\\\/\\\/uus.addinol.ee\\\/lv\\\/#website\",\"url\":\"https:\\\/\\\/uus.addinol.ee\\\/lv\\\/\",\"name\":\"ADDINOL\",\"description\":\"Mootori&otilde;lid ja m&auml;&auml;&auml;rdeained igaks kasutusjuhuks\",\"publisher\":{\"@id\":\"https:\\\/\\\/uus.addinol.ee\\\/lv\\\/#organization\"},\"potentialAction\":[{\"@type\":\"SearchAction\",\"target\":{\"@type\":\"EntryPoint\",\"urlTemplate\":\"https:\\\/\\\/uus.addinol.ee\\\/lv\\\/?s={search_term_string}\"},\"query-input\":{\"@type\":\"PropertyValueSpecification\",\"valueRequired\":true,\"valueName\":\"search_term_string\"}}],\"inLanguage\":\"lv-LV\"},{\"@type\":\"Organization\",\"@id\":\"https:\\\/\\\/uus.addinol.ee\\\/lv\\\/#organization\",\"name\":\"ADDINOL\",\"url\":\"https:\\\/\\\/uus.addinol.ee\\\/lv\\\/\",\"logo\":{\"@type\":\"ImageObject\",\"inLanguage\":\"lv-LV\",\"@id\":\"https:\\\/\\\/uus.addinol.ee\\\/lv\\\/#\\\/schema\\\/logo\\\/image\\\/\",\"url\":\"https:\\\/\\\/uus.addinol.ee\\\/wp-content\\\/uploads\\\/2024\\\/10\\\/1200px-ADDINOL-Logo.webp\",\"contentUrl\":\"https:\\\/\\\/uus.addinol.ee\\\/wp-content\\\/uploads\\\/2024\\\/10\\\/1200px-ADDINOL-Logo.webp\",\"width\":1200,\"height\":431,\"caption\":\"ADDINOL\"},\"image\":{\"@id\":\"https:\\\/\\\/uus.addinol.ee\\\/lv\\\/#\\\/schema\\\/logo\\\/image\\\/\"},\"sameAs\":[\"https:\\\/\\\/www.facebook.com\\\/ADDINOLEesti\\\/\",\"https:\\\/\\\/www.instagram.com\\\/addinol_eesti\\\/\"]}]}<\/script>\n<!-- \/ Yoast SEO plugin. -->","yoast_head_json":{"title":"Amordi\u00f5li Sto\u00dfd\u00e4mpfer\u00f6l B - ADDINOL","robots":{"index":"index","follow":"follow","max-snippet":"max-snippet:-1","max-image-preview":"max-image-preview:large","max-video-preview":"max-video-preview:-1"},"canonical":"https:\/\/uus.addinol.ee\/lv\/toode\/amordioli-stosdampferol-b\/","og_locale":"lv_LV","og_type":"article","og_title":"Amordi\u00f5li Sto\u00dfd\u00e4mpfer\u00f6l B - ADDINOL","og_description":"Amordi\u00f5li ADDINOL Sto\u00dfd\u00e4mpfer\u00f6l B on valmistatud mineraal\u00f5li rafinaatidest ning vananemiskindlust, kulumisvastast kaitset, korrosioonit\u00f5rjeomadusi ja madalate temperatuuride taluvust parandavatest manustest.","og_url":"https:\/\/uus.addinol.ee\/lv\/toode\/amordioli-stosdampferol-b\/","og_site_name":"ADDINOL","article_publisher":"https:\/\/www.facebook.com\/ADDINOLEesti\/","article_modified_time":"2025-10-14T08:35:10+00:00","og_image":[{"width":418,"height":800,"url":"https:\/\/uus.addinol.ee\/wp-content\/uploads\/2024\/12\/stosdampferol-b_1l-gebinde-3.jpg","type":"image\/jpeg"}],"twitter_card":"summary_large_image","twitter_misc":{"Est. reading time":"1 minute"},"schema":{"@context":"https:\/\/schema.org","@graph":[{"@type":"WebPage","@id":"https:\/\/uus.addinol.ee\/lv\/toode\/amordioli-stosdampferol-b\/","url":"https:\/\/uus.addinol.ee\/lv\/toode\/amordioli-stosdampferol-b\/","name":"Amordi\u00f5li Sto\u00dfd\u00e4mpfer\u00f6l B - ADDINOL","isPartOf":{"@id":"https:\/\/uus.addinol.ee\/lv\/#website"},"primaryImageOfPage":{"@id":"https:\/\/uus.addinol.ee\/lv\/toode\/amordioli-stosdampferol-b\/#primaryimage"},"image":{"@id":"https:\/\/uus.addinol.ee\/lv\/toode\/amordioli-stosdampferol-b\/#primaryimage"},"thumbnailUrl":"https:\/\/uus.addinol.ee\/wp-content\/uploads\/2024\/12\/stosdampferol-b_1l-gebinde-3.jpg","datePublished":"2024-12-31T12:27:02+00:00","dateModified":"2025-10-14T08:35:10+00:00","breadcrumb":{"@id":"https:\/\/uus.addinol.ee\/lv\/toode\/amordioli-stosdampferol-b\/#breadcrumb"},"inLanguage":"lv-LV","potentialAction":[{"@type":"ReadAction","target":["https:\/\/uus.addinol.ee\/lv\/toode\/amordioli-stosdampferol-b\/"]}]},{"@type":"ImageObject","inLanguage":"lv-LV","@id":"https:\/\/uus.addinol.ee\/lv\/toode\/amordioli-stosdampferol-b\/#primaryimage","url":"https:\/\/uus.addinol.ee\/wp-content\/uploads\/2024\/12\/stosdampferol-b_1l-gebinde-3.jpg","contentUrl":"https:\/\/uus.addinol.ee\/wp-content\/uploads\/2024\/12\/stosdampferol-b_1l-gebinde-3.jpg","width":418,"height":800},{"@type":"BreadcrumbList","@id":"https:\/\/uus.addinol.ee\/lv\/toode\/amordioli-stosdampferol-b\/#breadcrumb","itemListElement":[{"@type":"ListItem","position":1,"name":"ADDINOL","item":"https:\/\/uus.addinol.ee\/lv\/"},{"@type":"ListItem","position":2,"name":"E-pood","item":"https:\/\/uus.addinol.ee\/e-pood\/"},{"@type":"ListItem","position":3,"name":"Amordi\u00f5li Sto\u00dfd\u00e4mpfer\u00f6l B"}]},{"@type":"WebSite","@id":"https:\/\/uus.addinol.ee\/lv\/#website","url":"https:\/\/uus.addinol.ee\/lv\/","name":"ADDINOL","description":"Mootori&otilde;lid ja m&auml;&auml;&auml;rdeained igaks kasutusjuhuks","publisher":{"@id":"https:\/\/uus.addinol.ee\/lv\/#organization"},"potentialAction":[{"@type":"SearchAction","target":{"@type":"EntryPoint","urlTemplate":"https:\/\/uus.addinol.ee\/lv\/?s={search_term_string}"},"query-input":{"@type":"PropertyValueSpecification","valueRequired":true,"valueName":"search_term_string"}}],"inLanguage":"lv-LV"},{"@type":"Organization","@id":"https:\/\/uus.addinol.ee\/lv\/#organization","name":"ADDINOL","url":"https:\/\/uus.addinol.ee\/lv\/","logo":{"@type":"ImageObject","inLanguage":"lv-LV","@id":"https:\/\/uus.addinol.ee\/lv\/#\/schema\/logo\/image\/","url":"https:\/\/uus.addinol.ee\/wp-content\/uploads\/2024\/10\/1200px-ADDINOL-Logo.webp","contentUrl":"https:\/\/uus.addinol.ee\/wp-content\/uploads\/2024\/10\/1200px-ADDINOL-Logo.webp","width":1200,"height":431,"caption":"ADDINOL"},"image":{"@id":"https:\/\/uus.addinol.ee\/lv\/#\/schema\/logo\/image\/"},"sameAs":["https:\/\/www.facebook.com\/ADDINOLEesti\/","https:\/\/www.instagram.com\/addinol_eesti\/"]}]}},"_links":{"self":[{"href":"https:\/\/uus.addinol.ee\/lv\/wp-json\/wp\/v2\/product\/6498","targetHints":{"allow":["GET"]}}],"collection":[{"href":"https:\/\/uus.addinol.ee\/lv\/wp-json\/wp\/v2\/product"}],"about":[{"href":"https:\/\/uus.addinol.ee\/lv\/wp-json\/wp\/v2\/types\/product"}],"wp:featuredmedia":[{"embeddable":true,"href":"https:\/\/uus.addinol.ee\/lv\/wp-json\/wp\/v2\/media\/6499"}],"wp:attachment":[{"href":"https:\/\/uus.addinol.ee\/lv\/wp-json\/wp\/v2\/media?parent=6498"}],"wp:term":[{"taxonomy":"viscosity","embeddable":true,"href":"https:\/\/uus.addinol.ee\/lv\/wp-json\/wp\/v2\/viscosity?post=6498"},{"taxonomy":"product_brand","embeddable":true,"href":"https:\/\/uus.addinol.ee\/lv\/wp-json\/wp\/v2\/product_brand?post=6498"},{"taxonomy":"product_cat","embeddable":true,"href":"https:\/\/uus.addinol.ee\/lv\/wp-json\/wp\/v2\/product_cat?post=6498"},{"taxonomy":"product_tag","embeddable":true,"href":"https:\/\/uus.addinol.ee\/lv\/wp-json\/wp\/v2\/product_tag?post=6498"},{"taxonomy":"inventory","embeddable":true,"href":"https:\/\/uus.addinol.ee\/lv\/wp-json\/wp\/v2\/inventory?post=6498"}],"curies":[{"name":"wp","href":"https:\/\/api.w.org\/{rel}","templated":true}]}}