{"id":6502,"date":"2024-12-31T12:27:02","date_gmt":"2024-12-31T12:27:02","guid":{"rendered":"https:\/\/addinol.ee\/toode\/mootorioli-premium-030-fd\/"},"modified":"2025-07-04T11:39:50","modified_gmt":"2025-07-04T08:39:50","slug":"mootorioli-premium-030-fd","status":"publish","type":"product","link":"https:\/\/uus.addinol.ee\/lv\/toode\/mootorioli-premium-030-fd\/","title":{"rendered":"Mootori\u00f5li Premium 030 FD"},"content":{"rendered":"<p><strong><a href=\"https:\/\/addinol.de\/products\/product-finder\/addinol-premium-030-fd\/?lang=et\">Mootori\u00f5li Premium 030 FD<\/a> KASUTUSV\u00d5IMALUSED:<\/strong><br \/>\n\u2022 Ette n\u00e4htud kasutamiseks Fordi kontserni s\u00f5iduautodes.<br \/>\n\u2022 Sobib mid SAPS manuste t\u00f5ttu t\u00e4nap\u00e4evaste heitgaasi j\u00e4relt\u00f6\u00f6tluss\u00fcsteemidega ja turbolaaduriga varustatud diiselmootoritele, mis n\u00f5uavad v\u00e4hendatud HTHS viskoossusega \u00f5li.<br \/>\n\u2022 Sobib ideaalselt <em>stop-and-go<\/em> s\u00f5idure\u017eiimi puhul, turbo\u00fclelaaduriga ja turbo\u00fclelaadurita mootoritele, paljuklapilistele mootoritele, katal\u00fcsaatoritele ja common rail ehk \u00fchisanumsissepritsega mootoritele.<br \/>\n\u2022 Sobib eelistatult kasutamiseks k\u00fclmas kliimas<\/p>\n<p><strong>M\u00c4RKUS<\/strong><br \/>\nMootori\u00f5li\u00a0 Premium 030 FD on ette n\u00e4htud ainult sellistele s\u00f5idukitele, kus on lubatud kasutada v\u00e4hendatud HTHS viskoossusega mootori\u00f5li!<\/p>\n<p><strong>SPETSIFIKATSIOON \/ LITSENTSID:<\/strong><br \/>\nT\u00e4idab ja \u00fcletab rahvusvahelisi spetsifikatsioone:<br \/>\n\u2022 ACEA C2<\/p>\n<p>T\u00e4idab n\u00f5udeid:<br \/>\n\u2022 Ford WSS-M2C-950-A<br \/>\n\u2022 Jaguar Land Rover ST JLR.03.5007<\/p>\n<p><strong>\u00a0OMADUSED:<\/strong><br \/>\n\u2022 Suurep\u00e4rane k\u00fclmk\u00e4ivitus<br \/>\n\u2022 Mootorisisest h\u00f5\u00f5rdumist v\u00e4hendavad omadused<br \/>\n\u2022 <em>Mid<\/em> SAPS manused<br \/>\n\u2022 Suurep\u00e4rane kulumisvastane kaitse<br \/>\n\u2022 Mootori laitmatu puhtus<br \/>\n\u2022 Vananemiskindlus<br \/>\n\u2022 V\u00e4ga stabiilne viskoossus olenemata temperatuurist<\/p>\n<p><strong>EELISED TARBIJALE:<\/strong><br \/>\n\u2022 Mootori minimaalne kulumine k\u00fclmk\u00e4ivitusel madalatel temperatuuridel<br \/>\n\u2022 K\u00fctuse suur s\u00e4\u00e4stupotentsiaal<br \/>\n\u2022 Pikendab heitgaasi j\u00e4relt\u00f6\u00f6tluss\u00fcsteemide t\u00f6\u00f6iga<br \/>\n\u2022 Mootori pikk t\u00f6\u00f6iga<br \/>\n\u2022 Tagab k\u00f5ikide m\u00e4\u00e4ritavate mootoriosade pika t\u00f6\u00f6ea<br \/>\n\u2022 Ka \u00f5livahetuse andurs\u00fcsteemide (FSS) kasutamisel<br \/>\n\u2022 Suurep\u00e4rane m\u00e4\u00e4rimine k\u00f5ikidel t\u00f6\u00f6temperatuuridel<\/p>\n","protected":false},"excerpt":{"rendered":"<p>Mootori\u00f5li ADDINOL Premium 030 FD on s\u00fcnteetiline v\u00e4hendatud HTHS viskoossusega ja mid SAPS manustega k\u00f5rge j\u00f5udlusega k\u00fctuses\u00e4\u00e4stlik mootori\u00f5li. Optimaalne kombinatsioon baas\u00f5lidest ja innovaatilistest manustest tagab suurep\u00e4rase j\u00f5udluse, head k\u00fclmk\u00e4ivitusomadused madalatel temperatuuridel ja vastavuse Euro 4, Euro 5 ja Euro 6 heitmestandardi n\u00f5uetele.<\/p>\n","protected":false},"featured_media":6503,"template":"","meta":{"_acf_changed":false},"viscosity":[745],"product_brand":[],"product_cat":[150,156],"product_tag":[],"inventory":[],"class_list":{"0":"post-6502","1":"product","2":"type-product","3":"status-publish","4":"has-post-thumbnail","6":"viscosity-ow-30","7":"product_cat-mootorsoidukite-maardeained","8":"product_cat-mootoriolid","9":"pa_vali-pakend-premium-030-fd-1l","10":"pa_vali-pakend-premium-030-fd-5l","12":"first","13":"instock","14":"taxable","15":"shipping-taxable","16":"purchasable","17":"product-type-variable"},"acf":[],"yoast_head":"<!-- This site is optimized with the Yoast SEO plugin v27.5 - https:\/\/yoast.com\/product\/yoast-seo-wordpress\/ -->\n<title>Mootori\u00f5li Premium 030 FD - ADDINOL<\/title>\n<meta name=\"robots\" content=\"index, follow, max-snippet:-1, max-image-preview:large, max-video-preview:-1\" \/>\n<link rel=\"canonical\" href=\"https:\/\/uus.addinol.ee\/lv\/toode\/mootorioli-premium-030-fd\/\" \/>\n<meta property=\"og:locale\" content=\"lv_LV\" \/>\n<meta property=\"og:type\" content=\"article\" \/>\n<meta property=\"og:title\" content=\"Mootori\u00f5li Premium 030 FD - ADDINOL\" \/>\n<meta property=\"og:description\" content=\"Mootori\u00f5li ADDINOL Premium 030 FD on s\u00fcnteetiline v\u00e4hendatud HTHS viskoossusega ja mid SAPS manustega k\u00f5rge j\u00f5udlusega k\u00fctuses\u00e4\u00e4stlik mootori\u00f5li. Optimaalne kombinatsioon baas\u00f5lidest ja innovaatilistest manustest tagab suurep\u00e4rase j\u00f5udluse, head k\u00fclmk\u00e4ivitusomadused madalatel temperatuuridel ja vastavuse Euro 4, Euro 5 ja Euro 6 heitmestandardi n\u00f5uetele.\" \/>\n<meta property=\"og:url\" content=\"https:\/\/uus.addinol.ee\/lv\/toode\/mootorioli-premium-030-fd\/\" \/>\n<meta property=\"og:site_name\" content=\"ADDINOL\" \/>\n<meta property=\"article:publisher\" content=\"https:\/\/www.facebook.com\/ADDINOLEesti\/\" \/>\n<meta property=\"article:modified_time\" content=\"2025-07-04T08:39:50+00:00\" \/>\n<meta property=\"og:image\" content=\"https:\/\/uus.addinol.ee\/wp-content\/uploads\/2024\/12\/premium-030-fd-1l-3.jpg\" \/>\n\t<meta property=\"og:image:width\" content=\"418\" \/>\n\t<meta property=\"og:image:height\" content=\"800\" \/>\n\t<meta property=\"og:image:type\" content=\"image\/jpeg\" \/>\n<meta name=\"twitter:card\" content=\"summary_large_image\" \/>\n<meta name=\"twitter:label1\" content=\"Est. reading time\" \/>\n\t<meta name=\"twitter:data1\" content=\"1 minute\" \/>\n<script type=\"application\/ld+json\" class=\"yoast-schema-graph\">{\"@context\":\"https:\\\/\\\/schema.org\",\"@graph\":[{\"@type\":\"WebPage\",\"@id\":\"https:\\\/\\\/uus.addinol.ee\\\/lv\\\/toode\\\/mootorioli-premium-030-fd\\\/\",\"url\":\"https:\\\/\\\/uus.addinol.ee\\\/lv\\\/toode\\\/mootorioli-premium-030-fd\\\/\",\"name\":\"Mootori\u00f5li Premium 030 FD - ADDINOL\",\"isPartOf\":{\"@id\":\"https:\\\/\\\/uus.addinol.ee\\\/lv\\\/#website\"},\"primaryImageOfPage\":{\"@id\":\"https:\\\/\\\/uus.addinol.ee\\\/lv\\\/toode\\\/mootorioli-premium-030-fd\\\/#primaryimage\"},\"image\":{\"@id\":\"https:\\\/\\\/uus.addinol.ee\\\/lv\\\/toode\\\/mootorioli-premium-030-fd\\\/#primaryimage\"},\"thumbnailUrl\":\"https:\\\/\\\/uus.addinol.ee\\\/wp-content\\\/uploads\\\/2024\\\/12\\\/premium-030-fd-1l-3.jpg\",\"datePublished\":\"2024-12-31T12:27:02+00:00\",\"dateModified\":\"2025-07-04T08:39:50+00:00\",\"breadcrumb\":{\"@id\":\"https:\\\/\\\/uus.addinol.ee\\\/lv\\\/toode\\\/mootorioli-premium-030-fd\\\/#breadcrumb\"},\"inLanguage\":\"lv-LV\",\"potentialAction\":[{\"@type\":\"ReadAction\",\"target\":[\"https:\\\/\\\/uus.addinol.ee\\\/lv\\\/toode\\\/mootorioli-premium-030-fd\\\/\"]}]},{\"@type\":\"ImageObject\",\"inLanguage\":\"lv-LV\",\"@id\":\"https:\\\/\\\/uus.addinol.ee\\\/lv\\\/toode\\\/mootorioli-premium-030-fd\\\/#primaryimage\",\"url\":\"https:\\\/\\\/uus.addinol.ee\\\/wp-content\\\/uploads\\\/2024\\\/12\\\/premium-030-fd-1l-3.jpg\",\"contentUrl\":\"https:\\\/\\\/uus.addinol.ee\\\/wp-content\\\/uploads\\\/2024\\\/12\\\/premium-030-fd-1l-3.jpg\",\"width\":418,\"height\":800,\"caption\":\"mootori\u00f5li Premium 030 FD\"},{\"@type\":\"BreadcrumbList\",\"@id\":\"https:\\\/\\\/uus.addinol.ee\\\/lv\\\/toode\\\/mootorioli-premium-030-fd\\\/#breadcrumb\",\"itemListElement\":[{\"@type\":\"ListItem\",\"position\":1,\"name\":\"ADDINOL\",\"item\":\"https:\\\/\\\/uus.addinol.ee\\\/lv\\\/\"},{\"@type\":\"ListItem\",\"position\":2,\"name\":\"E-pood\",\"item\":\"https:\\\/\\\/uus.addinol.ee\\\/e-pood\\\/\"},{\"@type\":\"ListItem\",\"position\":3,\"name\":\"Mootori\u00f5li Premium 030 FD\"}]},{\"@type\":\"WebSite\",\"@id\":\"https:\\\/\\\/uus.addinol.ee\\\/lv\\\/#website\",\"url\":\"https:\\\/\\\/uus.addinol.ee\\\/lv\\\/\",\"name\":\"ADDINOL\",\"description\":\"Mootori&otilde;lid ja m&auml;&auml;&auml;rdeained igaks kasutusjuhuks\",\"publisher\":{\"@id\":\"https:\\\/\\\/uus.addinol.ee\\\/lv\\\/#organization\"},\"potentialAction\":[{\"@type\":\"SearchAction\",\"target\":{\"@type\":\"EntryPoint\",\"urlTemplate\":\"https:\\\/\\\/uus.addinol.ee\\\/lv\\\/?s={search_term_string}\"},\"query-input\":{\"@type\":\"PropertyValueSpecification\",\"valueRequired\":true,\"valueName\":\"search_term_string\"}}],\"inLanguage\":\"lv-LV\"},{\"@type\":\"Organization\",\"@id\":\"https:\\\/\\\/uus.addinol.ee\\\/lv\\\/#organization\",\"name\":\"ADDINOL\",\"url\":\"https:\\\/\\\/uus.addinol.ee\\\/lv\\\/\",\"logo\":{\"@type\":\"ImageObject\",\"inLanguage\":\"lv-LV\",\"@id\":\"https:\\\/\\\/uus.addinol.ee\\\/lv\\\/#\\\/schema\\\/logo\\\/image\\\/\",\"url\":\"https:\\\/\\\/uus.addinol.ee\\\/wp-content\\\/uploads\\\/2024\\\/10\\\/1200px-ADDINOL-Logo.webp\",\"contentUrl\":\"https:\\\/\\\/uus.addinol.ee\\\/wp-content\\\/uploads\\\/2024\\\/10\\\/1200px-ADDINOL-Logo.webp\",\"width\":1200,\"height\":431,\"caption\":\"ADDINOL\"},\"image\":{\"@id\":\"https:\\\/\\\/uus.addinol.ee\\\/lv\\\/#\\\/schema\\\/logo\\\/image\\\/\"},\"sameAs\":[\"https:\\\/\\\/www.facebook.com\\\/ADDINOLEesti\\\/\",\"https:\\\/\\\/www.instagram.com\\\/addinol_eesti\\\/\"]}]}<\/script>\n<!-- \/ Yoast SEO plugin. -->","yoast_head_json":{"title":"Mootori\u00f5li Premium 030 FD - ADDINOL","robots":{"index":"index","follow":"follow","max-snippet":"max-snippet:-1","max-image-preview":"max-image-preview:large","max-video-preview":"max-video-preview:-1"},"canonical":"https:\/\/uus.addinol.ee\/lv\/toode\/mootorioli-premium-030-fd\/","og_locale":"lv_LV","og_type":"article","og_title":"Mootori\u00f5li Premium 030 FD - ADDINOL","og_description":"Mootori\u00f5li ADDINOL Premium 030 FD on s\u00fcnteetiline v\u00e4hendatud HTHS viskoossusega ja mid SAPS manustega k\u00f5rge j\u00f5udlusega k\u00fctuses\u00e4\u00e4stlik mootori\u00f5li. Optimaalne kombinatsioon baas\u00f5lidest ja innovaatilistest manustest tagab suurep\u00e4rase j\u00f5udluse, head k\u00fclmk\u00e4ivitusomadused madalatel temperatuuridel ja vastavuse Euro 4, Euro 5 ja Euro 6 heitmestandardi n\u00f5uetele.","og_url":"https:\/\/uus.addinol.ee\/lv\/toode\/mootorioli-premium-030-fd\/","og_site_name":"ADDINOL","article_publisher":"https:\/\/www.facebook.com\/ADDINOLEesti\/","article_modified_time":"2025-07-04T08:39:50+00:00","og_image":[{"width":418,"height":800,"url":"https:\/\/uus.addinol.ee\/wp-content\/uploads\/2024\/12\/premium-030-fd-1l-3.jpg","type":"image\/jpeg"}],"twitter_card":"summary_large_image","twitter_misc":{"Est. reading time":"1 minute"},"schema":{"@context":"https:\/\/schema.org","@graph":[{"@type":"WebPage","@id":"https:\/\/uus.addinol.ee\/lv\/toode\/mootorioli-premium-030-fd\/","url":"https:\/\/uus.addinol.ee\/lv\/toode\/mootorioli-premium-030-fd\/","name":"Mootori\u00f5li Premium 030 FD - ADDINOL","isPartOf":{"@id":"https:\/\/uus.addinol.ee\/lv\/#website"},"primaryImageOfPage":{"@id":"https:\/\/uus.addinol.ee\/lv\/toode\/mootorioli-premium-030-fd\/#primaryimage"},"image":{"@id":"https:\/\/uus.addinol.ee\/lv\/toode\/mootorioli-premium-030-fd\/#primaryimage"},"thumbnailUrl":"https:\/\/uus.addinol.ee\/wp-content\/uploads\/2024\/12\/premium-030-fd-1l-3.jpg","datePublished":"2024-12-31T12:27:02+00:00","dateModified":"2025-07-04T08:39:50+00:00","breadcrumb":{"@id":"https:\/\/uus.addinol.ee\/lv\/toode\/mootorioli-premium-030-fd\/#breadcrumb"},"inLanguage":"lv-LV","potentialAction":[{"@type":"ReadAction","target":["https:\/\/uus.addinol.ee\/lv\/toode\/mootorioli-premium-030-fd\/"]}]},{"@type":"ImageObject","inLanguage":"lv-LV","@id":"https:\/\/uus.addinol.ee\/lv\/toode\/mootorioli-premium-030-fd\/#primaryimage","url":"https:\/\/uus.addinol.ee\/wp-content\/uploads\/2024\/12\/premium-030-fd-1l-3.jpg","contentUrl":"https:\/\/uus.addinol.ee\/wp-content\/uploads\/2024\/12\/premium-030-fd-1l-3.jpg","width":418,"height":800,"caption":"mootori\u00f5li Premium 030 FD"},{"@type":"BreadcrumbList","@id":"https:\/\/uus.addinol.ee\/lv\/toode\/mootorioli-premium-030-fd\/#breadcrumb","itemListElement":[{"@type":"ListItem","position":1,"name":"ADDINOL","item":"https:\/\/uus.addinol.ee\/lv\/"},{"@type":"ListItem","position":2,"name":"E-pood","item":"https:\/\/uus.addinol.ee\/e-pood\/"},{"@type":"ListItem","position":3,"name":"Mootori\u00f5li Premium 030 FD"}]},{"@type":"WebSite","@id":"https:\/\/uus.addinol.ee\/lv\/#website","url":"https:\/\/uus.addinol.ee\/lv\/","name":"ADDINOL","description":"Mootori&otilde;lid ja m&auml;&auml;&auml;rdeained igaks kasutusjuhuks","publisher":{"@id":"https:\/\/uus.addinol.ee\/lv\/#organization"},"potentialAction":[{"@type":"SearchAction","target":{"@type":"EntryPoint","urlTemplate":"https:\/\/uus.addinol.ee\/lv\/?s={search_term_string}"},"query-input":{"@type":"PropertyValueSpecification","valueRequired":true,"valueName":"search_term_string"}}],"inLanguage":"lv-LV"},{"@type":"Organization","@id":"https:\/\/uus.addinol.ee\/lv\/#organization","name":"ADDINOL","url":"https:\/\/uus.addinol.ee\/lv\/","logo":{"@type":"ImageObject","inLanguage":"lv-LV","@id":"https:\/\/uus.addinol.ee\/lv\/#\/schema\/logo\/image\/","url":"https:\/\/uus.addinol.ee\/wp-content\/uploads\/2024\/10\/1200px-ADDINOL-Logo.webp","contentUrl":"https:\/\/uus.addinol.ee\/wp-content\/uploads\/2024\/10\/1200px-ADDINOL-Logo.webp","width":1200,"height":431,"caption":"ADDINOL"},"image":{"@id":"https:\/\/uus.addinol.ee\/lv\/#\/schema\/logo\/image\/"},"sameAs":["https:\/\/www.facebook.com\/ADDINOLEesti\/","https:\/\/www.instagram.com\/addinol_eesti\/"]}]}},"_links":{"self":[{"href":"https:\/\/uus.addinol.ee\/lv\/wp-json\/wp\/v2\/product\/6502","targetHints":{"allow":["GET"]}}],"collection":[{"href":"https:\/\/uus.addinol.ee\/lv\/wp-json\/wp\/v2\/product"}],"about":[{"href":"https:\/\/uus.addinol.ee\/lv\/wp-json\/wp\/v2\/types\/product"}],"wp:featuredmedia":[{"embeddable":true,"href":"https:\/\/uus.addinol.ee\/lv\/wp-json\/wp\/v2\/media\/6503"}],"wp:attachment":[{"href":"https:\/\/uus.addinol.ee\/lv\/wp-json\/wp\/v2\/media?parent=6502"}],"wp:term":[{"taxonomy":"viscosity","embeddable":true,"href":"https:\/\/uus.addinol.ee\/lv\/wp-json\/wp\/v2\/viscosity?post=6502"},{"taxonomy":"product_brand","embeddable":true,"href":"https:\/\/uus.addinol.ee\/lv\/wp-json\/wp\/v2\/product_brand?post=6502"},{"taxonomy":"product_cat","embeddable":true,"href":"https:\/\/uus.addinol.ee\/lv\/wp-json\/wp\/v2\/product_cat?post=6502"},{"taxonomy":"product_tag","embeddable":true,"href":"https:\/\/uus.addinol.ee\/lv\/wp-json\/wp\/v2\/product_tag?post=6502"},{"taxonomy":"inventory","embeddable":true,"href":"https:\/\/uus.addinol.ee\/lv\/wp-json\/wp\/v2\/inventory?post=6502"}],"curies":[{"name":"wp","href":"https:\/\/api.w.org\/{rel}","templated":true}]}}