{"id":6507,"date":"2024-12-31T12:27:02","date_gmt":"2024-12-31T12:27:02","guid":{"rendered":"https:\/\/addinol.ee\/toode\/mootorioli-premium-020-c6\/"},"modified":"2025-07-04T11:39:50","modified_gmt":"2025-07-04T08:39:50","slug":"mootorioli-premium-020-c6","status":"publish","type":"product","link":"https:\/\/uus.addinol.ee\/lv\/toode\/mootorioli-premium-020-c6\/","title":{"rendered":"Mootori\u00f5li Premium 020 C6"},"content":{"rendered":"<p><strong>Mootori\u00f5li Premium 020 C6 KASUTUSV\u00d5IMALUSED:<\/strong><br \/>\n\u2022 Sobib ideaalselt turbo\u00fclelaadimise ja turbo\u00fclelaadimiseta ning k\u00fcbemefiltriga bensiini- ja diiselmootoritele.<br \/>\n\u2022 Laialt kasutatav.<br \/>\n\u2022 Sobib segamasinapargile.<br \/>\n\u2022 Ideaalne \u00f5li k\u00fclma kliimasse.<\/p>\n<p><strong>Mootori\u00f5li Premium 020 C6 SPETSIFIKATSIOON \/ LITSENTSID:<\/strong><br \/>\nT\u00e4idab ja \u00fcletab rahvusvahelisi spetsifikatsioone:<br \/>\n\u2022 ACEA C6, C5<br \/>\n\u2022 API SP with Resource Conserving<br \/>\n\u2022 ILSAC GF-6A<\/p>\n<p>Omab litsentse:<br \/>\n\u2022 BMW LL-17FE+ (k.a BMW LL-14FE+)<br \/>\n\u2022 MB 229.71\/-.72<br \/>\n\u2022 OV 0401547-A20<\/p>\n<p>T\u00e4idab n\u00f5udeid:<br \/>\n\u2022 Chrysler MS-12145<br \/>\n\u2022 Fiat 9.55535-GSX<br \/>\n\u2022 Ford WSS-M2C-947-B1\/-962-A1\/-952-A1<br \/>\n\u2022 Jaguar Land Rover STJLR 03.5006<br \/>\n\u2022 Volvo VCC RBS0-2AE<\/p>\n<p><strong>Mootori\u00f5li Premium 020 C6\u00a0OMADUSED:<\/strong><br \/>\n\u2022 Aitab \u00e4ra hoida LSPI efekti<br \/>\n\u2022 Ideaalsed k\u00fclmk\u00e4ivitusomadused<br \/>\n\u2022 Mootorisisest h\u00f5\u00f5rdumist v\u00e4hendavad omadused<br \/>\n\u2022 Suurep\u00e4rane kulumisvastane kaitse<br \/>\n\u2022 Mootori laitmatu puhtus, t\u00f5hus kaitse setete eest<br \/>\n\u2022 Vananemiskindlus<\/p>\n<p><strong>EELISED TARBIJALE:<\/strong><br \/>\n\u2022 Mootoriosade t\u00f5hus kaitse kahjustuste eest, mis on tingitud k\u00fcttesegu enneaegsest s\u00fcttimisest madalatel p\u00f6\u00f6retel (LSPI-st)<br \/>\n\u2022 Mootori minimaalne kulumine k\u00fclmk\u00e4ivitusel t\u00e4nu suurep\u00e4rasele voolavusele madalatel temperatuuridel<br \/>\n\u2022 K\u00fctuse suur s\u00e4\u00e4stupotentsiaal ja v\u00e4hem CO<sub>2 <\/sub>heitmeid<br \/>\n\u2022 Mootori maksimaalne kaitse ja pikk t\u00f6\u00f6iga<br \/>\n\u2022 Suurep\u00e4rane pesemisv\u00f5ime tagab k\u00f5ikide m\u00e4\u00e4ritavate mootoriosade pika t\u00f6\u00f6ea<br \/>\n\u2022 Pikimad \u00f5livahetusv\u00e4lbad ka \u00f5livahetuse andurs\u00fcsteemide (FSS) kasutamisel<\/p>\n","protected":false},"excerpt":{"rendered":"<p>ADDINOL Premium 020 C6 on v\u00e4hendatud HTHS viskoossusega k\u00fctuses\u00e4\u00e4stlik mootori\u00f5li viskoossusklassis SAE 0W-20 s\u00f5idukitele, mis n\u00f5uavad ACEA C6 klassi mootori\u00f5li k\u00fctusekulu ja heitmete v\u00e4hendamiseks.<\/p>\n<p>T\u00e4nu optimaalsele kombinatsioonile s\u00fcnteetilistest baas\u00f5lidest ja t\u00f5husatest manustest kindlustab ADDINOL Premium 020 C6 suurima k\u00fctuses\u00e4\u00e4stu ja kaitseb efektiivselt k\u00fcttesegu enneaegse s\u00fcttimise eest madalatel p\u00f6\u00f6retel (LSPI efekti eest). \u00d5li tagab ka pakaselistel temperatuuridel optimaalse k\u00fclmk\u00e4ivituse.<\/p>\n","protected":false},"featured_media":6508,"template":"","meta":{"_acf_changed":false},"viscosity":[700],"product_brand":[],"product_cat":[150,156],"product_tag":[],"inventory":[],"class_list":{"0":"post-6507","1":"product","2":"type-product","3":"status-publish","4":"has-post-thumbnail","6":"viscosity-0w-20","7":"product_cat-mootorsoidukite-maardeained","8":"product_cat-mootoriolid","9":"pa_vali-pakend-premium-020-c6-1l","10":"pa_vali-pakend-premium-020-c6-5l","12":"first","13":"instock","14":"taxable","15":"shipping-taxable","16":"purchasable","17":"product-type-variable"},"acf":[],"yoast_head":"<!-- This site is optimized with the Yoast SEO plugin v27.5 - https:\/\/yoast.com\/product\/yoast-seo-wordpress\/ -->\n<title>Mootori\u00f5li Premium 020 C6 - ADDINOL<\/title>\n<meta name=\"robots\" content=\"index, follow, max-snippet:-1, max-image-preview:large, max-video-preview:-1\" \/>\n<link rel=\"canonical\" href=\"https:\/\/uus.addinol.ee\/lv\/toode\/mootorioli-premium-020-c6\/\" \/>\n<meta property=\"og:locale\" content=\"lv_LV\" \/>\n<meta property=\"og:type\" content=\"article\" \/>\n<meta property=\"og:title\" content=\"Mootori\u00f5li Premium 020 C6 - ADDINOL\" \/>\n<meta property=\"og:description\" content=\"ADDINOL Premium 020 C6 on v\u00e4hendatud HTHS viskoossusega k\u00fctuses\u00e4\u00e4stlik mootori\u00f5li viskoossusklassis SAE 0W-20 s\u00f5idukitele, mis n\u00f5uavad ACEA C6 klassi mootori\u00f5li k\u00fctusekulu ja heitmete v\u00e4hendamiseks.  T\u00e4nu optimaalsele kombinatsioonile s\u00fcnteetilistest baas\u00f5lidest ja t\u00f5husatest manustest kindlustab ADDINOL Premium 020 C6 suurima k\u00fctuses\u00e4\u00e4stu ja kaitseb efektiivselt k\u00fcttesegu enneaegse s\u00fcttimise eest madalatel p\u00f6\u00f6retel (LSPI efekti eest). \u00d5li tagab ka pakaselistel temperatuuridel optimaalse k\u00fclmk\u00e4ivituse.\" \/>\n<meta property=\"og:url\" content=\"https:\/\/uus.addinol.ee\/lv\/toode\/mootorioli-premium-020-c6\/\" \/>\n<meta property=\"og:site_name\" content=\"ADDINOL\" \/>\n<meta property=\"article:publisher\" content=\"https:\/\/www.facebook.com\/ADDINOLEesti\/\" \/>\n<meta property=\"article:modified_time\" content=\"2025-07-04T08:39:50+00:00\" \/>\n<meta property=\"og:image\" content=\"https:\/\/uus.addinol.ee\/wp-content\/uploads\/2024\/12\/mootorioli-premium-020-c6_1l-3.png\" \/>\n\t<meta property=\"og:image:width\" content=\"640\" \/>\n\t<meta property=\"og:image:height\" content=\"906\" \/>\n\t<meta property=\"og:image:type\" content=\"image\/png\" \/>\n<meta name=\"twitter:card\" content=\"summary_large_image\" \/>\n<meta name=\"twitter:label1\" content=\"Est. reading time\" \/>\n\t<meta name=\"twitter:data1\" content=\"2 minutes\" \/>\n<script type=\"application\/ld+json\" class=\"yoast-schema-graph\">{\"@context\":\"https:\\\/\\\/schema.org\",\"@graph\":[{\"@type\":\"WebPage\",\"@id\":\"https:\\\/\\\/uus.addinol.ee\\\/lv\\\/toode\\\/mootorioli-premium-020-c6\\\/\",\"url\":\"https:\\\/\\\/uus.addinol.ee\\\/lv\\\/toode\\\/mootorioli-premium-020-c6\\\/\",\"name\":\"Mootori\u00f5li Premium 020 C6 - ADDINOL\",\"isPartOf\":{\"@id\":\"https:\\\/\\\/uus.addinol.ee\\\/lv\\\/#website\"},\"primaryImageOfPage\":{\"@id\":\"https:\\\/\\\/uus.addinol.ee\\\/lv\\\/toode\\\/mootorioli-premium-020-c6\\\/#primaryimage\"},\"image\":{\"@id\":\"https:\\\/\\\/uus.addinol.ee\\\/lv\\\/toode\\\/mootorioli-premium-020-c6\\\/#primaryimage\"},\"thumbnailUrl\":\"https:\\\/\\\/uus.addinol.ee\\\/wp-content\\\/uploads\\\/2024\\\/12\\\/mootorioli-premium-020-c6_1l-3.png\",\"datePublished\":\"2024-12-31T12:27:02+00:00\",\"dateModified\":\"2025-07-04T08:39:50+00:00\",\"breadcrumb\":{\"@id\":\"https:\\\/\\\/uus.addinol.ee\\\/lv\\\/toode\\\/mootorioli-premium-020-c6\\\/#breadcrumb\"},\"inLanguage\":\"lv-LV\",\"potentialAction\":[{\"@type\":\"ReadAction\",\"target\":[\"https:\\\/\\\/uus.addinol.ee\\\/lv\\\/toode\\\/mootorioli-premium-020-c6\\\/\"]}]},{\"@type\":\"ImageObject\",\"inLanguage\":\"lv-LV\",\"@id\":\"https:\\\/\\\/uus.addinol.ee\\\/lv\\\/toode\\\/mootorioli-premium-020-c6\\\/#primaryimage\",\"url\":\"https:\\\/\\\/uus.addinol.ee\\\/wp-content\\\/uploads\\\/2024\\\/12\\\/mootorioli-premium-020-c6_1l-3.png\",\"contentUrl\":\"https:\\\/\\\/uus.addinol.ee\\\/wp-content\\\/uploads\\\/2024\\\/12\\\/mootorioli-premium-020-c6_1l-3.png\",\"width\":640,\"height\":906,\"caption\":\"Mootori\u00f5li Premium 020 C6\"},{\"@type\":\"BreadcrumbList\",\"@id\":\"https:\\\/\\\/uus.addinol.ee\\\/lv\\\/toode\\\/mootorioli-premium-020-c6\\\/#breadcrumb\",\"itemListElement\":[{\"@type\":\"ListItem\",\"position\":1,\"name\":\"ADDINOL\",\"item\":\"https:\\\/\\\/uus.addinol.ee\\\/lv\\\/\"},{\"@type\":\"ListItem\",\"position\":2,\"name\":\"E-pood\",\"item\":\"https:\\\/\\\/uus.addinol.ee\\\/e-pood\\\/\"},{\"@type\":\"ListItem\",\"position\":3,\"name\":\"Mootori\u00f5li Premium 020 C6\"}]},{\"@type\":\"WebSite\",\"@id\":\"https:\\\/\\\/uus.addinol.ee\\\/lv\\\/#website\",\"url\":\"https:\\\/\\\/uus.addinol.ee\\\/lv\\\/\",\"name\":\"ADDINOL\",\"description\":\"Mootori&otilde;lid ja m&auml;&auml;&auml;rdeained igaks kasutusjuhuks\",\"publisher\":{\"@id\":\"https:\\\/\\\/uus.addinol.ee\\\/lv\\\/#organization\"},\"potentialAction\":[{\"@type\":\"SearchAction\",\"target\":{\"@type\":\"EntryPoint\",\"urlTemplate\":\"https:\\\/\\\/uus.addinol.ee\\\/lv\\\/?s={search_term_string}\"},\"query-input\":{\"@type\":\"PropertyValueSpecification\",\"valueRequired\":true,\"valueName\":\"search_term_string\"}}],\"inLanguage\":\"lv-LV\"},{\"@type\":\"Organization\",\"@id\":\"https:\\\/\\\/uus.addinol.ee\\\/lv\\\/#organization\",\"name\":\"ADDINOL\",\"url\":\"https:\\\/\\\/uus.addinol.ee\\\/lv\\\/\",\"logo\":{\"@type\":\"ImageObject\",\"inLanguage\":\"lv-LV\",\"@id\":\"https:\\\/\\\/uus.addinol.ee\\\/lv\\\/#\\\/schema\\\/logo\\\/image\\\/\",\"url\":\"https:\\\/\\\/uus.addinol.ee\\\/wp-content\\\/uploads\\\/2024\\\/10\\\/1200px-ADDINOL-Logo.webp\",\"contentUrl\":\"https:\\\/\\\/uus.addinol.ee\\\/wp-content\\\/uploads\\\/2024\\\/10\\\/1200px-ADDINOL-Logo.webp\",\"width\":1200,\"height\":431,\"caption\":\"ADDINOL\"},\"image\":{\"@id\":\"https:\\\/\\\/uus.addinol.ee\\\/lv\\\/#\\\/schema\\\/logo\\\/image\\\/\"},\"sameAs\":[\"https:\\\/\\\/www.facebook.com\\\/ADDINOLEesti\\\/\",\"https:\\\/\\\/www.instagram.com\\\/addinol_eesti\\\/\"]}]}<\/script>\n<!-- \/ Yoast SEO plugin. -->","yoast_head_json":{"title":"Mootori\u00f5li Premium 020 C6 - ADDINOL","robots":{"index":"index","follow":"follow","max-snippet":"max-snippet:-1","max-image-preview":"max-image-preview:large","max-video-preview":"max-video-preview:-1"},"canonical":"https:\/\/uus.addinol.ee\/lv\/toode\/mootorioli-premium-020-c6\/","og_locale":"lv_LV","og_type":"article","og_title":"Mootori\u00f5li Premium 020 C6 - ADDINOL","og_description":"ADDINOL Premium 020 C6 on v\u00e4hendatud HTHS viskoossusega k\u00fctuses\u00e4\u00e4stlik mootori\u00f5li viskoossusklassis SAE 0W-20 s\u00f5idukitele, mis n\u00f5uavad ACEA C6 klassi mootori\u00f5li k\u00fctusekulu ja heitmete v\u00e4hendamiseks.  T\u00e4nu optimaalsele kombinatsioonile s\u00fcnteetilistest baas\u00f5lidest ja t\u00f5husatest manustest kindlustab ADDINOL Premium 020 C6 suurima k\u00fctuses\u00e4\u00e4stu ja kaitseb efektiivselt k\u00fcttesegu enneaegse s\u00fcttimise eest madalatel p\u00f6\u00f6retel (LSPI efekti eest). \u00d5li tagab ka pakaselistel temperatuuridel optimaalse k\u00fclmk\u00e4ivituse.","og_url":"https:\/\/uus.addinol.ee\/lv\/toode\/mootorioli-premium-020-c6\/","og_site_name":"ADDINOL","article_publisher":"https:\/\/www.facebook.com\/ADDINOLEesti\/","article_modified_time":"2025-07-04T08:39:50+00:00","og_image":[{"width":640,"height":906,"url":"https:\/\/uus.addinol.ee\/wp-content\/uploads\/2024\/12\/mootorioli-premium-020-c6_1l-3.png","type":"image\/png"}],"twitter_card":"summary_large_image","twitter_misc":{"Est. reading time":"2 minutes"},"schema":{"@context":"https:\/\/schema.org","@graph":[{"@type":"WebPage","@id":"https:\/\/uus.addinol.ee\/lv\/toode\/mootorioli-premium-020-c6\/","url":"https:\/\/uus.addinol.ee\/lv\/toode\/mootorioli-premium-020-c6\/","name":"Mootori\u00f5li Premium 020 C6 - ADDINOL","isPartOf":{"@id":"https:\/\/uus.addinol.ee\/lv\/#website"},"primaryImageOfPage":{"@id":"https:\/\/uus.addinol.ee\/lv\/toode\/mootorioli-premium-020-c6\/#primaryimage"},"image":{"@id":"https:\/\/uus.addinol.ee\/lv\/toode\/mootorioli-premium-020-c6\/#primaryimage"},"thumbnailUrl":"https:\/\/uus.addinol.ee\/wp-content\/uploads\/2024\/12\/mootorioli-premium-020-c6_1l-3.png","datePublished":"2024-12-31T12:27:02+00:00","dateModified":"2025-07-04T08:39:50+00:00","breadcrumb":{"@id":"https:\/\/uus.addinol.ee\/lv\/toode\/mootorioli-premium-020-c6\/#breadcrumb"},"inLanguage":"lv-LV","potentialAction":[{"@type":"ReadAction","target":["https:\/\/uus.addinol.ee\/lv\/toode\/mootorioli-premium-020-c6\/"]}]},{"@type":"ImageObject","inLanguage":"lv-LV","@id":"https:\/\/uus.addinol.ee\/lv\/toode\/mootorioli-premium-020-c6\/#primaryimage","url":"https:\/\/uus.addinol.ee\/wp-content\/uploads\/2024\/12\/mootorioli-premium-020-c6_1l-3.png","contentUrl":"https:\/\/uus.addinol.ee\/wp-content\/uploads\/2024\/12\/mootorioli-premium-020-c6_1l-3.png","width":640,"height":906,"caption":"Mootori\u00f5li Premium 020 C6"},{"@type":"BreadcrumbList","@id":"https:\/\/uus.addinol.ee\/lv\/toode\/mootorioli-premium-020-c6\/#breadcrumb","itemListElement":[{"@type":"ListItem","position":1,"name":"ADDINOL","item":"https:\/\/uus.addinol.ee\/lv\/"},{"@type":"ListItem","position":2,"name":"E-pood","item":"https:\/\/uus.addinol.ee\/e-pood\/"},{"@type":"ListItem","position":3,"name":"Mootori\u00f5li Premium 020 C6"}]},{"@type":"WebSite","@id":"https:\/\/uus.addinol.ee\/lv\/#website","url":"https:\/\/uus.addinol.ee\/lv\/","name":"ADDINOL","description":"Mootori&otilde;lid ja m&auml;&auml;&auml;rdeained igaks kasutusjuhuks","publisher":{"@id":"https:\/\/uus.addinol.ee\/lv\/#organization"},"potentialAction":[{"@type":"SearchAction","target":{"@type":"EntryPoint","urlTemplate":"https:\/\/uus.addinol.ee\/lv\/?s={search_term_string}"},"query-input":{"@type":"PropertyValueSpecification","valueRequired":true,"valueName":"search_term_string"}}],"inLanguage":"lv-LV"},{"@type":"Organization","@id":"https:\/\/uus.addinol.ee\/lv\/#organization","name":"ADDINOL","url":"https:\/\/uus.addinol.ee\/lv\/","logo":{"@type":"ImageObject","inLanguage":"lv-LV","@id":"https:\/\/uus.addinol.ee\/lv\/#\/schema\/logo\/image\/","url":"https:\/\/uus.addinol.ee\/wp-content\/uploads\/2024\/10\/1200px-ADDINOL-Logo.webp","contentUrl":"https:\/\/uus.addinol.ee\/wp-content\/uploads\/2024\/10\/1200px-ADDINOL-Logo.webp","width":1200,"height":431,"caption":"ADDINOL"},"image":{"@id":"https:\/\/uus.addinol.ee\/lv\/#\/schema\/logo\/image\/"},"sameAs":["https:\/\/www.facebook.com\/ADDINOLEesti\/","https:\/\/www.instagram.com\/addinol_eesti\/"]}]}},"_links":{"self":[{"href":"https:\/\/uus.addinol.ee\/lv\/wp-json\/wp\/v2\/product\/6507","targetHints":{"allow":["GET"]}}],"collection":[{"href":"https:\/\/uus.addinol.ee\/lv\/wp-json\/wp\/v2\/product"}],"about":[{"href":"https:\/\/uus.addinol.ee\/lv\/wp-json\/wp\/v2\/types\/product"}],"wp:featuredmedia":[{"embeddable":true,"href":"https:\/\/uus.addinol.ee\/lv\/wp-json\/wp\/v2\/media\/6508"}],"wp:attachment":[{"href":"https:\/\/uus.addinol.ee\/lv\/wp-json\/wp\/v2\/media?parent=6507"}],"wp:term":[{"taxonomy":"viscosity","embeddable":true,"href":"https:\/\/uus.addinol.ee\/lv\/wp-json\/wp\/v2\/viscosity?post=6507"},{"taxonomy":"product_brand","embeddable":true,"href":"https:\/\/uus.addinol.ee\/lv\/wp-json\/wp\/v2\/product_brand?post=6507"},{"taxonomy":"product_cat","embeddable":true,"href":"https:\/\/uus.addinol.ee\/lv\/wp-json\/wp\/v2\/product_cat?post=6507"},{"taxonomy":"product_tag","embeddable":true,"href":"https:\/\/uus.addinol.ee\/lv\/wp-json\/wp\/v2\/product_tag?post=6507"},{"taxonomy":"inventory","embeddable":true,"href":"https:\/\/uus.addinol.ee\/lv\/wp-json\/wp\/v2\/inventory?post=6507"}],"curies":[{"name":"wp","href":"https:\/\/api.w.org\/{rel}","templated":true}]}}