{"id":6043,"date":"2024-12-31T12:24:19","date_gmt":"2024-12-31T12:24:19","guid":{"rendered":"https:\/\/addinol.ee\/toode\/toostustransmissioonioli-ckt-460\/"},"modified":"2025-10-14T11:35:09","modified_gmt":"2025-10-14T08:35:09","slug":"toostustransmissioonioli-ckt-460","status":"publish","type":"product","link":"https:\/\/uus.addinol.ee\/ru\/toode\/toostustransmissioonioli-ckt-460\/","title":{"rendered":"T\u00f6\u00f6stustransmissiooni\u00f5li CKT 460"},"content":{"rendered":"<p><strong>T\u00f6\u00f6stustransmissiooni\u00f5li CKT 460 KASUTUSV\u00d5IMALUSED:<\/strong><br \/>\n\u2022 T\u00f6\u00f6stustransmissiooni\u00f5li CKT 460 sobib kasutamiseks k\u00f5ikjal, kus n\u00f5utakse t\u00e4iss\u00fcnteetiliste ja pikatoimeliste CLP t\u00fc\u00fcpi transmissiooni\u00f5lide kasutamist.<br \/>\n\u2022 Sobib ringlus- v\u00f5i sukeldus\u00f5litusega kinnistesse reduktoritesse.<br \/>\n\u2022 Juhul, kui n\u00f5utakse \u00f5lide kasutamist, mis taluvad h\u00e4sti k\u00f5rgeid ja madalaid temperatuure (-30 \u00b0C kuni +120 \u00b0C).<br \/>\n\u2022 M\u00e4\u00e4rib usaldusv\u00e4\u00e4rselt ja \u00f6konoomselt suure koormuse all t\u00f6\u00f6tavaid laagreid, liigendeid, j\u00f5ukruve, silinder- ja tigureduktoreid isegi kuni +150 \u00b0C maksimumtemperatuuridel.<\/p>\n<p><strong>T\u00f6\u00f6stustransmissiooni\u00f5li CKT 460 SPETSIFIKATSIOON \/ LITSENTSID:<\/strong><br \/>\nT\u00f6\u00f6stustransmissiooni\u00f5li CKT 460 \u00fcletab n\u00f5udeid:<br \/>\n\u2022 DIN 51517-3 (CLP)<\/p>\n<p>T\u00f6\u00f6stustransmissiooni\u00f5li CKT 460 t\u00e4idab FLENDERi reduktorite n\u00f5udeid t\u00f6\u00f6stustransmissiooni\u00f5lidele.<\/p>\n<p>Viskoossusklassid vastavalt:<br \/>\n\u2022 ISO 3448 ja DIN 51519<\/p>\n<p><strong>T\u00c4HELEPANU<\/strong><br \/>\nViskoossusklassi valimisel tuleb l\u00e4htuda kasutusjuhust, ekspluatatsioonitingimustest ning konkreetse kasutusjuhu korral masinatootja ettekirjutustest. V\u00f5rreldes tavaliste mineraalsete CLP \u00f5lidega saavutatakse reduktorites ja tsirkulatsioonis\u00fcsteemides, mille \u00f5livanni temperatuur on kuni +90 \u00b0C, oluliselt pikemad \u00f5livahetusv\u00e4lbad.<\/p>\n<p><strong>T\u00f6\u00f6stustransmissiooni\u00f5li CKT 460 OMADUSED:<\/strong><br \/>\n\u2022 Suurep\u00e4rane vee eraldusv\u00f5ime, minimaalne vahustumine, hea \u00f5hu eraldusv\u00f5ime<br \/>\n\u2022 T\u00f5hus kaitse mikropitingu eest<br \/>\n\u2022 Hea korrosioonikaitse<br \/>\n\u2022 K\u00f5rge viskoossusindeks, viskoossuse v\u00e4ike s\u00f5ltuvus temperatuurist<br \/>\n\u2022 Vananemiskindel<br \/>\n\u2022 Seguneb mineraalsete ja estrip\u00f5histe transmissiooni\u00f5lidega<br \/>\n\u2022 Toodetud k\u00f5rgekvaliteedilistest t\u00e4iss\u00fcnteetilistest baas\u00f5lidest<\/p>\n<p><strong>T\u00f6\u00f6stustransmissiooni\u00f5li CKT 460 EELISED TARBIJALE:<\/strong><br \/>\n\u2022 Kaitseb efektiivselt vahu tekke eest<br \/>\n\u2022 H\u00f5\u00f5rdepaaride optimaalne kaitse<br \/>\n\u2022 Masinaosade v\u00e4ga hea kaitse, v\u00e4iksemad hooldus- ja remondikulud<br \/>\n\u2022 Sobib kasutamiseks nii k\u00f5rgetel kui ka madalatel temperatuuridel, aastaringsed<br \/>\n\u2022 S\u00fcsteemis oleva \u00f5likoguse pikk t\u00f6\u00f6iga<br \/>\n\u2022 Probleemideta \u00fcleminek ADDINOLi transmissiooni\u00f5lile<br \/>\n\u2022 V\u00f5imalik kasutada eluaegse m\u00e4\u00e4rdeainena<\/p>\n","protected":false},"excerpt":{"rendered":"<p>T\u00f6\u00f6stustransmissiooni\u00f5li ADDINOL Getriebe\u00f6l CKT 460 on pol\u00fcalfaolefiinide (PAO) ja tsingivabade manuste baasil toodetud t\u00e4iss\u00fcnteetiline desemulgeeriv toode.<\/p>\n","protected":false},"featured_media":10753,"template":"","meta":{"_acf_changed":false},"viscosity":[],"product_brand":[],"product_cat":[151,204],"product_tag":[],"inventory":[],"class_list":{"0":"post-6043","1":"product","2":"type-product","3":"status-publish","4":"has-post-thumbnail","6":"product_cat-toostusmaardeained","7":"product_cat-transmissiooniolid","8":"pa_vali-pakend-20l","10":"first","11":"instock","12":"taxable","13":"shipping-taxable","14":"purchasable","15":"product-type-simple"},"acf":[],"yoast_head":"<!-- This site is optimized with the Yoast SEO plugin v27.5 - https:\/\/yoast.com\/product\/yoast-seo-wordpress\/ -->\n<title>T\u00f6\u00f6stustransmissiooni\u00f5li CKT 460 - ADDINOL<\/title>\n<meta name=\"robots\" content=\"index, follow, max-snippet:-1, max-image-preview:large, max-video-preview:-1\" \/>\n<link rel=\"canonical\" href=\"https:\/\/uus.addinol.ee\/ru\/toode\/toostustransmissioonioli-ckt-460\/\" \/>\n<meta property=\"og:locale\" content=\"ru_RU\" \/>\n<meta property=\"og:type\" content=\"article\" \/>\n<meta property=\"og:title\" content=\"T\u00f6\u00f6stustransmissiooni\u00f5li CKT 460 - ADDINOL\" \/>\n<meta property=\"og:description\" content=\"T\u00f6\u00f6stustransmissiooni\u00f5li ADDINOL Getriebe\u00f6l CKT 460 on pol\u00fcalfaolefiinide (PAO) ja tsingivabade manuste baasil toodetud t\u00e4iss\u00fcnteetiline desemulgeeriv toode.\" \/>\n<meta property=\"og:url\" content=\"https:\/\/uus.addinol.ee\/ru\/toode\/toostustransmissioonioli-ckt-460\/\" \/>\n<meta property=\"og:site_name\" content=\"ADDINOL\" \/>\n<meta property=\"article:publisher\" content=\"https:\/\/www.facebook.com\/ADDINOLEesti\/\" \/>\n<meta property=\"article:modified_time\" content=\"2025-10-14T08:35:09+00:00\" \/>\n<meta property=\"og:image\" content=\"https:\/\/uus.addinol.ee\/wp-content\/uploads\/2024\/12\/getriebeol-ckt-460_20l.png\" \/>\n\t<meta property=\"og:image:width\" content=\"1000\" \/>\n\t<meta property=\"og:image:height\" content=\"957\" \/>\n\t<meta property=\"og:image:type\" content=\"image\/png\" \/>\n<meta name=\"twitter:card\" content=\"summary_large_image\" \/>\n<meta name=\"twitter:label1\" content=\"\u041f\u0440\u0438\u043c\u0435\u0440\u043d\u043e\u0435 \u0432\u0440\u0435\u043c\u044f \u0434\u043b\u044f \u0447\u0442\u0435\u043d\u0438\u044f\" \/>\n\t<meta name=\"twitter:data1\" content=\"2 \u043c\u0438\u043d\u0443\u0442\u044b\" \/>\n<script type=\"application\/ld+json\" class=\"yoast-schema-graph\">{\"@context\":\"https:\\\/\\\/schema.org\",\"@graph\":[{\"@type\":\"WebPage\",\"@id\":\"https:\\\/\\\/uus.addinol.ee\\\/ru\\\/toode\\\/toostustransmissioonioli-ckt-460\\\/\",\"url\":\"https:\\\/\\\/uus.addinol.ee\\\/ru\\\/toode\\\/toostustransmissioonioli-ckt-460\\\/\",\"name\":\"T\u00f6\u00f6stustransmissiooni\u00f5li CKT 460 - ADDINOL\",\"isPartOf\":{\"@id\":\"https:\\\/\\\/uus.addinol.ee\\\/ru\\\/#website\"},\"primaryImageOfPage\":{\"@id\":\"https:\\\/\\\/uus.addinol.ee\\\/ru\\\/toode\\\/toostustransmissioonioli-ckt-460\\\/#primaryimage\"},\"image\":{\"@id\":\"https:\\\/\\\/uus.addinol.ee\\\/ru\\\/toode\\\/toostustransmissioonioli-ckt-460\\\/#primaryimage\"},\"thumbnailUrl\":\"https:\\\/\\\/uus.addinol.ee\\\/wp-content\\\/uploads\\\/2024\\\/12\\\/getriebeol-ckt-460_20l.png\",\"datePublished\":\"2024-12-31T12:24:19+00:00\",\"dateModified\":\"2025-10-14T08:35:09+00:00\",\"breadcrumb\":{\"@id\":\"https:\\\/\\\/uus.addinol.ee\\\/ru\\\/toode\\\/toostustransmissioonioli-ckt-460\\\/#breadcrumb\"},\"inLanguage\":\"ru-RU\",\"potentialAction\":[{\"@type\":\"ReadAction\",\"target\":[\"https:\\\/\\\/uus.addinol.ee\\\/ru\\\/toode\\\/toostustransmissioonioli-ckt-460\\\/\"]}]},{\"@type\":\"ImageObject\",\"inLanguage\":\"ru-RU\",\"@id\":\"https:\\\/\\\/uus.addinol.ee\\\/ru\\\/toode\\\/toostustransmissioonioli-ckt-460\\\/#primaryimage\",\"url\":\"https:\\\/\\\/uus.addinol.ee\\\/wp-content\\\/uploads\\\/2024\\\/12\\\/getriebeol-ckt-460_20l.png\",\"contentUrl\":\"https:\\\/\\\/uus.addinol.ee\\\/wp-content\\\/uploads\\\/2024\\\/12\\\/getriebeol-ckt-460_20l.png\",\"width\":1000,\"height\":957},{\"@type\":\"BreadcrumbList\",\"@id\":\"https:\\\/\\\/uus.addinol.ee\\\/ru\\\/toode\\\/toostustransmissioonioli-ckt-460\\\/#breadcrumb\",\"itemListElement\":[{\"@type\":\"ListItem\",\"position\":1,\"name\":\"ADDINOL\",\"item\":\"https:\\\/\\\/uus.addinol.ee\\\/ru\\\/\"},{\"@type\":\"ListItem\",\"position\":2,\"name\":\"E-pood\",\"item\":\"https:\\\/\\\/uus.addinol.ee\\\/e-pood\\\/\"},{\"@type\":\"ListItem\",\"position\":3,\"name\":\"T\u00f6\u00f6stustransmissiooni\u00f5li CKT 460\"}]},{\"@type\":\"WebSite\",\"@id\":\"https:\\\/\\\/uus.addinol.ee\\\/ru\\\/#website\",\"url\":\"https:\\\/\\\/uus.addinol.ee\\\/ru\\\/\",\"name\":\"ADDINOL\",\"description\":\"Mootori&otilde;lid ja m&auml;&auml;&auml;rdeained igaks kasutusjuhuks\",\"publisher\":{\"@id\":\"https:\\\/\\\/uus.addinol.ee\\\/ru\\\/#organization\"},\"potentialAction\":[{\"@type\":\"SearchAction\",\"target\":{\"@type\":\"EntryPoint\",\"urlTemplate\":\"https:\\\/\\\/uus.addinol.ee\\\/ru\\\/?s={search_term_string}\"},\"query-input\":{\"@type\":\"PropertyValueSpecification\",\"valueRequired\":true,\"valueName\":\"search_term_string\"}}],\"inLanguage\":\"ru-RU\"},{\"@type\":\"Organization\",\"@id\":\"https:\\\/\\\/uus.addinol.ee\\\/ru\\\/#organization\",\"name\":\"ADDINOL\",\"url\":\"https:\\\/\\\/uus.addinol.ee\\\/ru\\\/\",\"logo\":{\"@type\":\"ImageObject\",\"inLanguage\":\"ru-RU\",\"@id\":\"https:\\\/\\\/uus.addinol.ee\\\/ru\\\/#\\\/schema\\\/logo\\\/image\\\/\",\"url\":\"https:\\\/\\\/uus.addinol.ee\\\/wp-content\\\/uploads\\\/2024\\\/10\\\/1200px-ADDINOL-Logo.webp\",\"contentUrl\":\"https:\\\/\\\/uus.addinol.ee\\\/wp-content\\\/uploads\\\/2024\\\/10\\\/1200px-ADDINOL-Logo.webp\",\"width\":1200,\"height\":431,\"caption\":\"ADDINOL\"},\"image\":{\"@id\":\"https:\\\/\\\/uus.addinol.ee\\\/ru\\\/#\\\/schema\\\/logo\\\/image\\\/\"},\"sameAs\":[\"https:\\\/\\\/www.facebook.com\\\/ADDINOLEesti\\\/\",\"https:\\\/\\\/www.instagram.com\\\/addinol_eesti\\\/\"]}]}<\/script>\n<!-- \/ Yoast SEO plugin. -->","yoast_head_json":{"title":"T\u00f6\u00f6stustransmissiooni\u00f5li CKT 460 - ADDINOL","robots":{"index":"index","follow":"follow","max-snippet":"max-snippet:-1","max-image-preview":"max-image-preview:large","max-video-preview":"max-video-preview:-1"},"canonical":"https:\/\/uus.addinol.ee\/ru\/toode\/toostustransmissioonioli-ckt-460\/","og_locale":"ru_RU","og_type":"article","og_title":"T\u00f6\u00f6stustransmissiooni\u00f5li CKT 460 - ADDINOL","og_description":"T\u00f6\u00f6stustransmissiooni\u00f5li ADDINOL Getriebe\u00f6l CKT 460 on pol\u00fcalfaolefiinide (PAO) ja tsingivabade manuste baasil toodetud t\u00e4iss\u00fcnteetiline desemulgeeriv toode.","og_url":"https:\/\/uus.addinol.ee\/ru\/toode\/toostustransmissioonioli-ckt-460\/","og_site_name":"ADDINOL","article_publisher":"https:\/\/www.facebook.com\/ADDINOLEesti\/","article_modified_time":"2025-10-14T08:35:09+00:00","og_image":[{"width":1000,"height":957,"url":"https:\/\/uus.addinol.ee\/wp-content\/uploads\/2024\/12\/getriebeol-ckt-460_20l.png","type":"image\/png"}],"twitter_card":"summary_large_image","twitter_misc":{"\u041f\u0440\u0438\u043c\u0435\u0440\u043d\u043e\u0435 \u0432\u0440\u0435\u043c\u044f \u0434\u043b\u044f \u0447\u0442\u0435\u043d\u0438\u044f":"2 \u043c\u0438\u043d\u0443\u0442\u044b"},"schema":{"@context":"https:\/\/schema.org","@graph":[{"@type":"WebPage","@id":"https:\/\/uus.addinol.ee\/ru\/toode\/toostustransmissioonioli-ckt-460\/","url":"https:\/\/uus.addinol.ee\/ru\/toode\/toostustransmissioonioli-ckt-460\/","name":"T\u00f6\u00f6stustransmissiooni\u00f5li CKT 460 - ADDINOL","isPartOf":{"@id":"https:\/\/uus.addinol.ee\/ru\/#website"},"primaryImageOfPage":{"@id":"https:\/\/uus.addinol.ee\/ru\/toode\/toostustransmissioonioli-ckt-460\/#primaryimage"},"image":{"@id":"https:\/\/uus.addinol.ee\/ru\/toode\/toostustransmissioonioli-ckt-460\/#primaryimage"},"thumbnailUrl":"https:\/\/uus.addinol.ee\/wp-content\/uploads\/2024\/12\/getriebeol-ckt-460_20l.png","datePublished":"2024-12-31T12:24:19+00:00","dateModified":"2025-10-14T08:35:09+00:00","breadcrumb":{"@id":"https:\/\/uus.addinol.ee\/ru\/toode\/toostustransmissioonioli-ckt-460\/#breadcrumb"},"inLanguage":"ru-RU","potentialAction":[{"@type":"ReadAction","target":["https:\/\/uus.addinol.ee\/ru\/toode\/toostustransmissioonioli-ckt-460\/"]}]},{"@type":"ImageObject","inLanguage":"ru-RU","@id":"https:\/\/uus.addinol.ee\/ru\/toode\/toostustransmissioonioli-ckt-460\/#primaryimage","url":"https:\/\/uus.addinol.ee\/wp-content\/uploads\/2024\/12\/getriebeol-ckt-460_20l.png","contentUrl":"https:\/\/uus.addinol.ee\/wp-content\/uploads\/2024\/12\/getriebeol-ckt-460_20l.png","width":1000,"height":957},{"@type":"BreadcrumbList","@id":"https:\/\/uus.addinol.ee\/ru\/toode\/toostustransmissioonioli-ckt-460\/#breadcrumb","itemListElement":[{"@type":"ListItem","position":1,"name":"ADDINOL","item":"https:\/\/uus.addinol.ee\/ru\/"},{"@type":"ListItem","position":2,"name":"E-pood","item":"https:\/\/uus.addinol.ee\/e-pood\/"},{"@type":"ListItem","position":3,"name":"T\u00f6\u00f6stustransmissiooni\u00f5li CKT 460"}]},{"@type":"WebSite","@id":"https:\/\/uus.addinol.ee\/ru\/#website","url":"https:\/\/uus.addinol.ee\/ru\/","name":"ADDINOL","description":"Mootori&otilde;lid ja m&auml;&auml;&auml;rdeained igaks kasutusjuhuks","publisher":{"@id":"https:\/\/uus.addinol.ee\/ru\/#organization"},"potentialAction":[{"@type":"SearchAction","target":{"@type":"EntryPoint","urlTemplate":"https:\/\/uus.addinol.ee\/ru\/?s={search_term_string}"},"query-input":{"@type":"PropertyValueSpecification","valueRequired":true,"valueName":"search_term_string"}}],"inLanguage":"ru-RU"},{"@type":"Organization","@id":"https:\/\/uus.addinol.ee\/ru\/#organization","name":"ADDINOL","url":"https:\/\/uus.addinol.ee\/ru\/","logo":{"@type":"ImageObject","inLanguage":"ru-RU","@id":"https:\/\/uus.addinol.ee\/ru\/#\/schema\/logo\/image\/","url":"https:\/\/uus.addinol.ee\/wp-content\/uploads\/2024\/10\/1200px-ADDINOL-Logo.webp","contentUrl":"https:\/\/uus.addinol.ee\/wp-content\/uploads\/2024\/10\/1200px-ADDINOL-Logo.webp","width":1200,"height":431,"caption":"ADDINOL"},"image":{"@id":"https:\/\/uus.addinol.ee\/ru\/#\/schema\/logo\/image\/"},"sameAs":["https:\/\/www.facebook.com\/ADDINOLEesti\/","https:\/\/www.instagram.com\/addinol_eesti\/"]}]}},"_links":{"self":[{"href":"https:\/\/uus.addinol.ee\/ru\/wp-json\/wp\/v2\/product\/6043","targetHints":{"allow":["GET"]}}],"collection":[{"href":"https:\/\/uus.addinol.ee\/ru\/wp-json\/wp\/v2\/product"}],"about":[{"href":"https:\/\/uus.addinol.ee\/ru\/wp-json\/wp\/v2\/types\/product"}],"wp:featuredmedia":[{"embeddable":true,"href":"https:\/\/uus.addinol.ee\/ru\/wp-json\/wp\/v2\/media\/10753"}],"wp:attachment":[{"href":"https:\/\/uus.addinol.ee\/ru\/wp-json\/wp\/v2\/media?parent=6043"}],"wp:term":[{"taxonomy":"viscosity","embeddable":true,"href":"https:\/\/uus.addinol.ee\/ru\/wp-json\/wp\/v2\/viscosity?post=6043"},{"taxonomy":"product_brand","embeddable":true,"href":"https:\/\/uus.addinol.ee\/ru\/wp-json\/wp\/v2\/product_brand?post=6043"},{"taxonomy":"product_cat","embeddable":true,"href":"https:\/\/uus.addinol.ee\/ru\/wp-json\/wp\/v2\/product_cat?post=6043"},{"taxonomy":"product_tag","embeddable":true,"href":"https:\/\/uus.addinol.ee\/ru\/wp-json\/wp\/v2\/product_tag?post=6043"},{"taxonomy":"inventory","embeddable":true,"href":"https:\/\/uus.addinol.ee\/ru\/wp-json\/wp\/v2\/inventory?post=6043"}],"curies":[{"name":"wp","href":"https:\/\/api.w.org\/{rel}","templated":true}]}}