{"id":6047,"date":"2024-12-31T12:24:19","date_gmt":"2024-12-31T12:24:19","guid":{"rendered":"https:\/\/addinol.ee\/toode\/toostustransmissioonioli-clp-320\/"},"modified":"2025-08-23T09:40:16","modified_gmt":"2025-08-23T06:40:16","slug":"toostustransmissioonioli-clp-320","status":"publish","type":"product","link":"https:\/\/uus.addinol.ee\/ru\/toode\/toostustransmissioonioli-clp-320\/","title":{"rendered":"T\u00f6\u00f6stustransmissiooni\u00f5li CLP 320"},"content":{"rendered":"<p><strong>T\u00f6\u00f6stustransmissiooni\u00f5li CLP 320 KASUTUSV\u00d5IMALUSED:<\/strong><br \/>\n\u2022 Ette n\u00e4htud peaaegu igat t\u00fc\u00fcpi silinder-, koonushammas- ja tigu\u00fclekandega kinniste t\u00f6\u00f6stusreduktorite m\u00e4\u00e4rimiseks.<br \/>\n\u2022 T\u00f6\u00f6stustransmissiooni\u00f5li CLP 320 sobib kasutamiseks eelistatult sukeldus- ja tsirkulatsioon\u00f5litusega kinnistes reduktorites.<br \/>\n\u2022 Sobib normaalkoormusel t\u00f6\u00f6tavate liuge- ja veerelaagrite, liigendite ning juhikute m\u00e4\u00e4rimiseks.<br \/>\n\u2022 Kasutatav lihtsates h\u00fcdros\u00fcsteemides.<\/p>\n<p><strong>T\u00f6\u00f6stustransmissiooni\u00f5li CLP 320 SPETSIFIKATSIOON \/ LITSENTSID:<\/strong><br \/>\nT\u00f6\u00f6stustransmissiooni\u00f5li CLP 320 t\u00e4idab m\u00e4\u00e4rde\u00f5lide n\u00f5udeid:<br \/>\nDIN 51517-3 (CLP)<br \/>\n\u2022 ISO 12925-1 \/ ISO 6743-6 (CKC)<\/p>\n<p>Viskoossusklassid vastavalt:<br \/>\n\u2022 ISO 3448<\/p>\n<p><strong>T\u00f6\u00f6stustransmissiooni\u00f5li CLP 320 OMADUSED:<\/strong><br \/>\n\u2022 Suurep\u00e4rane s\u00f6\u00f6bekindlus ja hea kulumiskaitse<br \/>\n\u2022 Vananemiskindlus<br \/>\n\u2022 Roostetamisvastane kaitse ja v\u00e4rviliste metallide korrosioonikaitse<br \/>\n\u2022 Vahutamisvastaste manustega<br \/>\n\u2022 Hea vee eraldusv\u00f5ime<\/p>\n<p><strong>T\u00f6\u00f6stustransmissiooni\u00f5li CLP 320 EELISED TARBIJALE:<\/strong><br \/>\n\u2022 Masina pikem t\u00f6\u00f6iga (v\u00e4iksemad ekspluatatsioonikulud)<br \/>\n\u2022 S\u00fcsteemis oleva \u00f5likoguse pikk t\u00f6\u00f6iga<br \/>\n\u2022 V\u00e4ga hea masinaosade kaitse<br \/>\n\u2022 Kaitseb efektiivselt vahu tekke eest<br \/>\n\u2022 Veega reostumise korral vee kiire eraldumine<\/p>\n","protected":false},"excerpt":{"rendered":"<p>T\u00f6\u00f6stustransmissiooni\u00f5li ADDINOL Getriebe\u00f6l CLP 320 on tsingivaba ning toodetud hoolikalt valitud mineraal\u00f5li rafinaatide ja optimaalse manusekomplekti baasil.<\/p>\n","protected":false},"featured_media":11321,"template":"","meta":{"_acf_changed":false},"viscosity":[],"product_brand":[],"product_cat":[151,204],"product_tag":[],"inventory":[],"class_list":{"0":"post-6047","1":"product","2":"type-product","3":"status-publish","4":"has-post-thumbnail","6":"product_cat-toostusmaardeained","7":"product_cat-transmissiooniolid","8":"pa_vali-pakend-clp320-205l","9":"pa_vali-pakend-clp320-20l","10":"pa_vali-pakend-getriebeol-clp-320-205l","11":"pa_vali-pakend-getriebeol-clp-320-20l","13":"first","14":"instock","15":"taxable","16":"shipping-taxable","17":"purchasable","18":"product-type-variable"},"acf":[],"yoast_head":"<!-- This site is optimized with the Yoast SEO plugin v27.5 - https:\/\/yoast.com\/product\/yoast-seo-wordpress\/ -->\n<title>T\u00f6\u00f6stustransmissiooni\u00f5li CLP 320 - ADDINOL<\/title>\n<meta name=\"robots\" content=\"index, follow, max-snippet:-1, max-image-preview:large, max-video-preview:-1\" \/>\n<link rel=\"canonical\" href=\"https:\/\/uus.addinol.ee\/ru\/toode\/toostustransmissioonioli-clp-320\/\" \/>\n<meta property=\"og:locale\" content=\"ru_RU\" \/>\n<meta property=\"og:type\" content=\"article\" \/>\n<meta property=\"og:title\" content=\"T\u00f6\u00f6stustransmissiooni\u00f5li CLP 320 - ADDINOL\" \/>\n<meta property=\"og:description\" content=\"T\u00f6\u00f6stustransmissiooni\u00f5li ADDINOL Getriebe\u00f6l CLP 320 on tsingivaba ning toodetud hoolikalt valitud mineraal\u00f5li rafinaatide ja optimaalse manusekomplekti baasil.\" \/>\n<meta property=\"og:url\" content=\"https:\/\/uus.addinol.ee\/ru\/toode\/toostustransmissioonioli-clp-320\/\" \/>\n<meta property=\"og:site_name\" content=\"ADDINOL\" \/>\n<meta property=\"article:publisher\" content=\"https:\/\/www.facebook.com\/ADDINOLEesti\/\" \/>\n<meta property=\"article:modified_time\" content=\"2025-08-23T06:40:16+00:00\" \/>\n<meta property=\"og:image\" content=\"https:\/\/uus.addinol.ee\/wp-content\/uploads\/2024\/12\/74101163_getriebeol-clp-320_20l-can-e1751011422651.png\" \/>\n\t<meta property=\"og:image:width\" content=\"800\" \/>\n\t<meta property=\"og:image:height\" content=\"766\" \/>\n\t<meta property=\"og:image:type\" content=\"image\/png\" \/>\n<meta name=\"twitter:card\" content=\"summary_large_image\" \/>\n<meta name=\"twitter:label1\" content=\"\u041f\u0440\u0438\u043c\u0435\u0440\u043d\u043e\u0435 \u0432\u0440\u0435\u043c\u044f \u0434\u043b\u044f \u0447\u0442\u0435\u043d\u0438\u044f\" \/>\n\t<meta name=\"twitter:data1\" content=\"1 \u043c\u0438\u043d\u0443\u0442\u0430\" \/>\n<script type=\"application\/ld+json\" class=\"yoast-schema-graph\">{\"@context\":\"https:\\\/\\\/schema.org\",\"@graph\":[{\"@type\":\"WebPage\",\"@id\":\"https:\\\/\\\/uus.addinol.ee\\\/ru\\\/toode\\\/toostustransmissioonioli-clp-320\\\/\",\"url\":\"https:\\\/\\\/uus.addinol.ee\\\/ru\\\/toode\\\/toostustransmissioonioli-clp-320\\\/\",\"name\":\"T\u00f6\u00f6stustransmissiooni\u00f5li CLP 320 - ADDINOL\",\"isPartOf\":{\"@id\":\"https:\\\/\\\/uus.addinol.ee\\\/ru\\\/#website\"},\"primaryImageOfPage\":{\"@id\":\"https:\\\/\\\/uus.addinol.ee\\\/ru\\\/toode\\\/toostustransmissioonioli-clp-320\\\/#primaryimage\"},\"image\":{\"@id\":\"https:\\\/\\\/uus.addinol.ee\\\/ru\\\/toode\\\/toostustransmissioonioli-clp-320\\\/#primaryimage\"},\"thumbnailUrl\":\"https:\\\/\\\/uus.addinol.ee\\\/wp-content\\\/uploads\\\/2024\\\/12\\\/74101163_getriebeol-clp-320_20l-can-e1751011422651.png\",\"datePublished\":\"2024-12-31T12:24:19+00:00\",\"dateModified\":\"2025-08-23T06:40:16+00:00\",\"breadcrumb\":{\"@id\":\"https:\\\/\\\/uus.addinol.ee\\\/ru\\\/toode\\\/toostustransmissioonioli-clp-320\\\/#breadcrumb\"},\"inLanguage\":\"ru-RU\",\"potentialAction\":[{\"@type\":\"ReadAction\",\"target\":[\"https:\\\/\\\/uus.addinol.ee\\\/ru\\\/toode\\\/toostustransmissioonioli-clp-320\\\/\"]}]},{\"@type\":\"ImageObject\",\"inLanguage\":\"ru-RU\",\"@id\":\"https:\\\/\\\/uus.addinol.ee\\\/ru\\\/toode\\\/toostustransmissioonioli-clp-320\\\/#primaryimage\",\"url\":\"https:\\\/\\\/uus.addinol.ee\\\/wp-content\\\/uploads\\\/2024\\\/12\\\/74101163_getriebeol-clp-320_20l-can-e1751011422651.png\",\"contentUrl\":\"https:\\\/\\\/uus.addinol.ee\\\/wp-content\\\/uploads\\\/2024\\\/12\\\/74101163_getriebeol-clp-320_20l-can-e1751011422651.png\",\"width\":800,\"height\":766},{\"@type\":\"BreadcrumbList\",\"@id\":\"https:\\\/\\\/uus.addinol.ee\\\/ru\\\/toode\\\/toostustransmissioonioli-clp-320\\\/#breadcrumb\",\"itemListElement\":[{\"@type\":\"ListItem\",\"position\":1,\"name\":\"ADDINOL\",\"item\":\"https:\\\/\\\/uus.addinol.ee\\\/ru\\\/\"},{\"@type\":\"ListItem\",\"position\":2,\"name\":\"E-pood\",\"item\":\"https:\\\/\\\/uus.addinol.ee\\\/e-pood\\\/\"},{\"@type\":\"ListItem\",\"position\":3,\"name\":\"T\u00f6\u00f6stustransmissiooni\u00f5li CLP 320\"}]},{\"@type\":\"WebSite\",\"@id\":\"https:\\\/\\\/uus.addinol.ee\\\/ru\\\/#website\",\"url\":\"https:\\\/\\\/uus.addinol.ee\\\/ru\\\/\",\"name\":\"ADDINOL\",\"description\":\"Mootori&otilde;lid ja m&auml;&auml;&auml;rdeained igaks kasutusjuhuks\",\"publisher\":{\"@id\":\"https:\\\/\\\/uus.addinol.ee\\\/ru\\\/#organization\"},\"potentialAction\":[{\"@type\":\"SearchAction\",\"target\":{\"@type\":\"EntryPoint\",\"urlTemplate\":\"https:\\\/\\\/uus.addinol.ee\\\/ru\\\/?s={search_term_string}\"},\"query-input\":{\"@type\":\"PropertyValueSpecification\",\"valueRequired\":true,\"valueName\":\"search_term_string\"}}],\"inLanguage\":\"ru-RU\"},{\"@type\":\"Organization\",\"@id\":\"https:\\\/\\\/uus.addinol.ee\\\/ru\\\/#organization\",\"name\":\"ADDINOL\",\"url\":\"https:\\\/\\\/uus.addinol.ee\\\/ru\\\/\",\"logo\":{\"@type\":\"ImageObject\",\"inLanguage\":\"ru-RU\",\"@id\":\"https:\\\/\\\/uus.addinol.ee\\\/ru\\\/#\\\/schema\\\/logo\\\/image\\\/\",\"url\":\"https:\\\/\\\/uus.addinol.ee\\\/wp-content\\\/uploads\\\/2024\\\/10\\\/1200px-ADDINOL-Logo.webp\",\"contentUrl\":\"https:\\\/\\\/uus.addinol.ee\\\/wp-content\\\/uploads\\\/2024\\\/10\\\/1200px-ADDINOL-Logo.webp\",\"width\":1200,\"height\":431,\"caption\":\"ADDINOL\"},\"image\":{\"@id\":\"https:\\\/\\\/uus.addinol.ee\\\/ru\\\/#\\\/schema\\\/logo\\\/image\\\/\"},\"sameAs\":[\"https:\\\/\\\/www.facebook.com\\\/ADDINOLEesti\\\/\",\"https:\\\/\\\/www.instagram.com\\\/addinol_eesti\\\/\"]}]}<\/script>\n<!-- \/ Yoast SEO plugin. -->","yoast_head_json":{"title":"T\u00f6\u00f6stustransmissiooni\u00f5li CLP 320 - ADDINOL","robots":{"index":"index","follow":"follow","max-snippet":"max-snippet:-1","max-image-preview":"max-image-preview:large","max-video-preview":"max-video-preview:-1"},"canonical":"https:\/\/uus.addinol.ee\/ru\/toode\/toostustransmissioonioli-clp-320\/","og_locale":"ru_RU","og_type":"article","og_title":"T\u00f6\u00f6stustransmissiooni\u00f5li CLP 320 - ADDINOL","og_description":"T\u00f6\u00f6stustransmissiooni\u00f5li ADDINOL Getriebe\u00f6l CLP 320 on tsingivaba ning toodetud hoolikalt valitud mineraal\u00f5li rafinaatide ja optimaalse manusekomplekti baasil.","og_url":"https:\/\/uus.addinol.ee\/ru\/toode\/toostustransmissioonioli-clp-320\/","og_site_name":"ADDINOL","article_publisher":"https:\/\/www.facebook.com\/ADDINOLEesti\/","article_modified_time":"2025-08-23T06:40:16+00:00","og_image":[{"width":800,"height":766,"url":"https:\/\/uus.addinol.ee\/wp-content\/uploads\/2024\/12\/74101163_getriebeol-clp-320_20l-can-e1751011422651.png","type":"image\/png"}],"twitter_card":"summary_large_image","twitter_misc":{"\u041f\u0440\u0438\u043c\u0435\u0440\u043d\u043e\u0435 \u0432\u0440\u0435\u043c\u044f \u0434\u043b\u044f \u0447\u0442\u0435\u043d\u0438\u044f":"1 \u043c\u0438\u043d\u0443\u0442\u0430"},"schema":{"@context":"https:\/\/schema.org","@graph":[{"@type":"WebPage","@id":"https:\/\/uus.addinol.ee\/ru\/toode\/toostustransmissioonioli-clp-320\/","url":"https:\/\/uus.addinol.ee\/ru\/toode\/toostustransmissioonioli-clp-320\/","name":"T\u00f6\u00f6stustransmissiooni\u00f5li CLP 320 - ADDINOL","isPartOf":{"@id":"https:\/\/uus.addinol.ee\/ru\/#website"},"primaryImageOfPage":{"@id":"https:\/\/uus.addinol.ee\/ru\/toode\/toostustransmissioonioli-clp-320\/#primaryimage"},"image":{"@id":"https:\/\/uus.addinol.ee\/ru\/toode\/toostustransmissioonioli-clp-320\/#primaryimage"},"thumbnailUrl":"https:\/\/uus.addinol.ee\/wp-content\/uploads\/2024\/12\/74101163_getriebeol-clp-320_20l-can-e1751011422651.png","datePublished":"2024-12-31T12:24:19+00:00","dateModified":"2025-08-23T06:40:16+00:00","breadcrumb":{"@id":"https:\/\/uus.addinol.ee\/ru\/toode\/toostustransmissioonioli-clp-320\/#breadcrumb"},"inLanguage":"ru-RU","potentialAction":[{"@type":"ReadAction","target":["https:\/\/uus.addinol.ee\/ru\/toode\/toostustransmissioonioli-clp-320\/"]}]},{"@type":"ImageObject","inLanguage":"ru-RU","@id":"https:\/\/uus.addinol.ee\/ru\/toode\/toostustransmissioonioli-clp-320\/#primaryimage","url":"https:\/\/uus.addinol.ee\/wp-content\/uploads\/2024\/12\/74101163_getriebeol-clp-320_20l-can-e1751011422651.png","contentUrl":"https:\/\/uus.addinol.ee\/wp-content\/uploads\/2024\/12\/74101163_getriebeol-clp-320_20l-can-e1751011422651.png","width":800,"height":766},{"@type":"BreadcrumbList","@id":"https:\/\/uus.addinol.ee\/ru\/toode\/toostustransmissioonioli-clp-320\/#breadcrumb","itemListElement":[{"@type":"ListItem","position":1,"name":"ADDINOL","item":"https:\/\/uus.addinol.ee\/ru\/"},{"@type":"ListItem","position":2,"name":"E-pood","item":"https:\/\/uus.addinol.ee\/e-pood\/"},{"@type":"ListItem","position":3,"name":"T\u00f6\u00f6stustransmissiooni\u00f5li CLP 320"}]},{"@type":"WebSite","@id":"https:\/\/uus.addinol.ee\/ru\/#website","url":"https:\/\/uus.addinol.ee\/ru\/","name":"ADDINOL","description":"Mootori&otilde;lid ja m&auml;&auml;&auml;rdeained igaks kasutusjuhuks","publisher":{"@id":"https:\/\/uus.addinol.ee\/ru\/#organization"},"potentialAction":[{"@type":"SearchAction","target":{"@type":"EntryPoint","urlTemplate":"https:\/\/uus.addinol.ee\/ru\/?s={search_term_string}"},"query-input":{"@type":"PropertyValueSpecification","valueRequired":true,"valueName":"search_term_string"}}],"inLanguage":"ru-RU"},{"@type":"Organization","@id":"https:\/\/uus.addinol.ee\/ru\/#organization","name":"ADDINOL","url":"https:\/\/uus.addinol.ee\/ru\/","logo":{"@type":"ImageObject","inLanguage":"ru-RU","@id":"https:\/\/uus.addinol.ee\/ru\/#\/schema\/logo\/image\/","url":"https:\/\/uus.addinol.ee\/wp-content\/uploads\/2024\/10\/1200px-ADDINOL-Logo.webp","contentUrl":"https:\/\/uus.addinol.ee\/wp-content\/uploads\/2024\/10\/1200px-ADDINOL-Logo.webp","width":1200,"height":431,"caption":"ADDINOL"},"image":{"@id":"https:\/\/uus.addinol.ee\/ru\/#\/schema\/logo\/image\/"},"sameAs":["https:\/\/www.facebook.com\/ADDINOLEesti\/","https:\/\/www.instagram.com\/addinol_eesti\/"]}]}},"_links":{"self":[{"href":"https:\/\/uus.addinol.ee\/ru\/wp-json\/wp\/v2\/product\/6047","targetHints":{"allow":["GET"]}}],"collection":[{"href":"https:\/\/uus.addinol.ee\/ru\/wp-json\/wp\/v2\/product"}],"about":[{"href":"https:\/\/uus.addinol.ee\/ru\/wp-json\/wp\/v2\/types\/product"}],"wp:featuredmedia":[{"embeddable":true,"href":"https:\/\/uus.addinol.ee\/ru\/wp-json\/wp\/v2\/media\/11321"}],"wp:attachment":[{"href":"https:\/\/uus.addinol.ee\/ru\/wp-json\/wp\/v2\/media?parent=6047"}],"wp:term":[{"taxonomy":"viscosity","embeddable":true,"href":"https:\/\/uus.addinol.ee\/ru\/wp-json\/wp\/v2\/viscosity?post=6047"},{"taxonomy":"product_brand","embeddable":true,"href":"https:\/\/uus.addinol.ee\/ru\/wp-json\/wp\/v2\/product_brand?post=6047"},{"taxonomy":"product_cat","embeddable":true,"href":"https:\/\/uus.addinol.ee\/ru\/wp-json\/wp\/v2\/product_cat?post=6047"},{"taxonomy":"product_tag","embeddable":true,"href":"https:\/\/uus.addinol.ee\/ru\/wp-json\/wp\/v2\/product_tag?post=6047"},{"taxonomy":"inventory","embeddable":true,"href":"https:\/\/uus.addinol.ee\/ru\/wp-json\/wp\/v2\/inventory?post=6047"}],"curies":[{"name":"wp","href":"https:\/\/api.w.org\/{rel}","templated":true}]}}