{"id":6057,"date":"2024-12-31T12:24:28","date_gmt":"2024-12-31T12:24:28","guid":{"rendered":"https:\/\/addinol.ee\/toode\/eriotstarbeline-maare-eco-grease-pd-2-400-plus\/"},"modified":"2025-07-04T11:39:50","modified_gmt":"2025-07-04T08:39:50","slug":"eriotstarbeline-maare-eco-grease-pd-2-400-plus","status":"publish","type":"product","link":"https:\/\/uus.addinol.ee\/ru\/toode\/eriotstarbeline-maare-eco-grease-pd-2-400-plus\/","title":{"rendered":"Eriotstarbeline m\u00e4\u00e4re Eco Grease PD 2-400 Plus"},"content":{"rendered":"<p><b>Eriotstarbelise m\u00e4\u00e4rde Eco Grease PD 2-400 Plus KASUTUSV\u00d5IMALUSED:<\/b><br \/>\n\u2022 Sobib suurep\u00e4raselt raskelt koormatud veere- ja liugelaagrite pikaajaliseks m\u00e4\u00e4rimiseks n\u00f5udlikes ekspluatatsioonitingimustes.<br \/>\n\u2022 Sobib v\u00e4ga h\u00e4sti kasutamiseks suure surve- ja l\u00f6\u00f6kkoormuse ja\/v\u00f5i vibratsiooni esinemisel.<br \/>\n\u2022 Sobib kasutamiseks keskm\u00e4\u00e4rimiss\u00fcsteemides.<\/p>\n<p><strong>Eriotstarbelise m\u00e4\u00e4rde Eco Grease PD 2-400 Plus SPETSIFIKATSIOON<\/strong><br \/>\nEriotstarbelise m\u00e4\u00e4rde Eco Grease PD 2-400 Plus m\u00e4\u00e4rde t\u00e4histus DIN 51502 j\u00e4rgi:<br \/>\n\u2022 KPHC 2 P-40 (Eco Grease PD 2-400 Plus)<\/p>\n<p>NLGI klass: 2<\/p>\n<p><strong>Eriotstarbelise m\u00e4\u00e4rde Eco Grease PD 2-400 Plus OMADUSED:<\/strong><br \/>\n\u2022 ADDINOL Surftec\u00ae manusekomplekt<br \/>\n\u2022 Suurep\u00e4rane kulumisvastane kaitse<br \/>\n\u2022 Terase ja v\u00e4rvilismetallide kindel korrosioonikaitse<br \/>\n\u2022 Tagab v\u00e4iksema h\u00f5\u00f5rdeteguri ja v\u00f5imsuskao<br \/>\n\u2022 Ei sisalda tahkeid aineid ega silikooni<\/p>\n<p><strong>Eriotstarbelise m\u00e4\u00e4rde Eco Grease PD 2-400 Plus EELISED TARBIJALE:<\/strong><br \/>\n\u2022 Takistab mikropitingu ja kontaktv\u00e4simuse teket, muudab kahjustunud h\u00f5\u00f5rdepinnad taas siledaks<br \/>\n\u2022 Laagrite pikk t\u00f6\u00f6iga<br \/>\n\u2022 Masinaosade t\u00f5hus kaitse ka niisketes tingimustes<br \/>\n\u2022 K\u00f5ikide laagriosade v\u00e4iksem termiline koormus<br \/>\n\u2022 Kasutamisel veere- ja liugelaagrites piirangud puuduvad<\/p>\n","protected":false},"excerpt":{"rendered":"<p>Eriotstarbeline m\u00e4\u00e4re ADDINOL Eco Grease PD 2-400 Plus on valmistatud s\u00fcntees\u00f5lide segu ja liitiumkompleksseebi baasil. M\u00e4\u00e4re on suure nihkepinge stabiilsusega ja k\u00f5rge j\u00f5udlusega ning sisaldab Surftec\u00ae tehnoloogial baseeruvat moodsat PD manusekomplekti (PD = plastne deformatsioon), mis on efektiivsem kui tavap\u00e4rased s\u00f6\u00f6bimis- ja kulumisvastased manused.<\/p>\n","protected":false},"featured_media":8078,"template":"","meta":{"_acf_changed":false},"viscosity":[],"product_brand":[],"product_cat":[151,198],"product_tag":[],"inventory":[],"class_list":{"0":"post-6057","1":"product","2":"type-product","3":"status-publish","4":"has-post-thumbnail","6":"product_cat-toostusmaardeained","7":"product_cat-maarded-ja-pastad-toostusmaardeained","8":"pa_vali-pakend-eco-grease-pd2-400-plus-5kg","9":"pa_vali-pakend-eco-grease-pd2-400-plus-380g","10":"pa_vali-pakend-5-kg","11":"pa_vali-pakend-038-kg","13":"first","14":"instock","15":"taxable","16":"shipping-taxable","17":"purchasable","18":"product-type-variable"},"acf":[],"yoast_head":"<!-- This site is optimized with the Yoast SEO plugin v27.5 - https:\/\/yoast.com\/product\/yoast-seo-wordpress\/ -->\n<title>Eriotstarbeline m\u00e4\u00e4re Eco Grease PD 2-400 Plus - ADDINOL<\/title>\n<meta name=\"robots\" content=\"index, follow, max-snippet:-1, max-image-preview:large, max-video-preview:-1\" \/>\n<link rel=\"canonical\" href=\"https:\/\/uus.addinol.ee\/ru\/toode\/eriotstarbeline-maare-eco-grease-pd-2-400-plus\/\" \/>\n<meta property=\"og:locale\" content=\"ru_RU\" \/>\n<meta property=\"og:type\" content=\"article\" \/>\n<meta property=\"og:title\" content=\"Eriotstarbeline m\u00e4\u00e4re Eco Grease PD 2-400 Plus - ADDINOL\" \/>\n<meta property=\"og:description\" content=\"Eriotstarbeline m\u00e4\u00e4re ADDINOL Eco Grease PD 2-400 Plus on valmistatud s\u00fcntees\u00f5lide segu ja liitiumkompleksseebi baasil. M\u00e4\u00e4re on suure nihkepinge stabiilsusega ja k\u00f5rge j\u00f5udlusega ning sisaldab Surftec\u00ae tehnoloogial baseeruvat moodsat PD manusekomplekti (PD = plastne deformatsioon), mis on efektiivsem kui tavap\u00e4rased s\u00f6\u00f6bimis- ja kulumisvastased manused.\" \/>\n<meta property=\"og:url\" content=\"https:\/\/uus.addinol.ee\/ru\/toode\/eriotstarbeline-maare-eco-grease-pd-2-400-plus\/\" \/>\n<meta property=\"og:site_name\" content=\"ADDINOL\" \/>\n<meta property=\"article:publisher\" content=\"https:\/\/www.facebook.com\/ADDINOLEesti\/\" \/>\n<meta property=\"article:modified_time\" content=\"2025-07-04T08:39:50+00:00\" \/>\n<meta property=\"og:image\" content=\"https:\/\/uus.addinol.ee\/wp-content\/uploads\/2024\/12\/380g.png\" \/>\n\t<meta property=\"og:image:width\" content=\"1288\" \/>\n\t<meta property=\"og:image:height\" content=\"1574\" \/>\n\t<meta property=\"og:image:type\" content=\"image\/png\" \/>\n<meta name=\"twitter:card\" content=\"summary_large_image\" \/>\n<meta name=\"twitter:label1\" content=\"\u041f\u0440\u0438\u043c\u0435\u0440\u043d\u043e\u0435 \u0432\u0440\u0435\u043c\u044f \u0434\u043b\u044f \u0447\u0442\u0435\u043d\u0438\u044f\" \/>\n\t<meta name=\"twitter:data1\" content=\"2 \u043c\u0438\u043d\u0443\u0442\u044b\" \/>\n<script type=\"application\/ld+json\" class=\"yoast-schema-graph\">{\"@context\":\"https:\\\/\\\/schema.org\",\"@graph\":[{\"@type\":\"WebPage\",\"@id\":\"https:\\\/\\\/uus.addinol.ee\\\/ru\\\/toode\\\/eriotstarbeline-maare-eco-grease-pd-2-400-plus\\\/\",\"url\":\"https:\\\/\\\/uus.addinol.ee\\\/ru\\\/toode\\\/eriotstarbeline-maare-eco-grease-pd-2-400-plus\\\/\",\"name\":\"Eriotstarbeline m\u00e4\u00e4re Eco Grease PD 2-400 Plus - ADDINOL\",\"isPartOf\":{\"@id\":\"https:\\\/\\\/uus.addinol.ee\\\/ru\\\/#website\"},\"primaryImageOfPage\":{\"@id\":\"https:\\\/\\\/uus.addinol.ee\\\/ru\\\/toode\\\/eriotstarbeline-maare-eco-grease-pd-2-400-plus\\\/#primaryimage\"},\"image\":{\"@id\":\"https:\\\/\\\/uus.addinol.ee\\\/ru\\\/toode\\\/eriotstarbeline-maare-eco-grease-pd-2-400-plus\\\/#primaryimage\"},\"thumbnailUrl\":\"https:\\\/\\\/uus.addinol.ee\\\/wp-content\\\/uploads\\\/2024\\\/12\\\/380g.png\",\"datePublished\":\"2024-12-31T12:24:28+00:00\",\"dateModified\":\"2025-07-04T08:39:50+00:00\",\"breadcrumb\":{\"@id\":\"https:\\\/\\\/uus.addinol.ee\\\/ru\\\/toode\\\/eriotstarbeline-maare-eco-grease-pd-2-400-plus\\\/#breadcrumb\"},\"inLanguage\":\"ru-RU\",\"potentialAction\":[{\"@type\":\"ReadAction\",\"target\":[\"https:\\\/\\\/uus.addinol.ee\\\/ru\\\/toode\\\/eriotstarbeline-maare-eco-grease-pd-2-400-plus\\\/\"]}]},{\"@type\":\"ImageObject\",\"inLanguage\":\"ru-RU\",\"@id\":\"https:\\\/\\\/uus.addinol.ee\\\/ru\\\/toode\\\/eriotstarbeline-maare-eco-grease-pd-2-400-plus\\\/#primaryimage\",\"url\":\"https:\\\/\\\/uus.addinol.ee\\\/wp-content\\\/uploads\\\/2024\\\/12\\\/380g.png\",\"contentUrl\":\"https:\\\/\\\/uus.addinol.ee\\\/wp-content\\\/uploads\\\/2024\\\/12\\\/380g.png\",\"width\":1288,\"height\":1574},{\"@type\":\"BreadcrumbList\",\"@id\":\"https:\\\/\\\/uus.addinol.ee\\\/ru\\\/toode\\\/eriotstarbeline-maare-eco-grease-pd-2-400-plus\\\/#breadcrumb\",\"itemListElement\":[{\"@type\":\"ListItem\",\"position\":1,\"name\":\"ADDINOL\",\"item\":\"https:\\\/\\\/uus.addinol.ee\\\/ru\\\/\"},{\"@type\":\"ListItem\",\"position\":2,\"name\":\"E-pood\",\"item\":\"https:\\\/\\\/uus.addinol.ee\\\/e-pood\\\/\"},{\"@type\":\"ListItem\",\"position\":3,\"name\":\"Eriotstarbeline m\u00e4\u00e4re Eco Grease PD 2-400 Plus\"}]},{\"@type\":\"WebSite\",\"@id\":\"https:\\\/\\\/uus.addinol.ee\\\/ru\\\/#website\",\"url\":\"https:\\\/\\\/uus.addinol.ee\\\/ru\\\/\",\"name\":\"ADDINOL\",\"description\":\"Mootori&otilde;lid ja m&auml;&auml;&auml;rdeained igaks kasutusjuhuks\",\"publisher\":{\"@id\":\"https:\\\/\\\/uus.addinol.ee\\\/ru\\\/#organization\"},\"potentialAction\":[{\"@type\":\"SearchAction\",\"target\":{\"@type\":\"EntryPoint\",\"urlTemplate\":\"https:\\\/\\\/uus.addinol.ee\\\/ru\\\/?s={search_term_string}\"},\"query-input\":{\"@type\":\"PropertyValueSpecification\",\"valueRequired\":true,\"valueName\":\"search_term_string\"}}],\"inLanguage\":\"ru-RU\"},{\"@type\":\"Organization\",\"@id\":\"https:\\\/\\\/uus.addinol.ee\\\/ru\\\/#organization\",\"name\":\"ADDINOL\",\"url\":\"https:\\\/\\\/uus.addinol.ee\\\/ru\\\/\",\"logo\":{\"@type\":\"ImageObject\",\"inLanguage\":\"ru-RU\",\"@id\":\"https:\\\/\\\/uus.addinol.ee\\\/ru\\\/#\\\/schema\\\/logo\\\/image\\\/\",\"url\":\"https:\\\/\\\/uus.addinol.ee\\\/wp-content\\\/uploads\\\/2024\\\/10\\\/1200px-ADDINOL-Logo.webp\",\"contentUrl\":\"https:\\\/\\\/uus.addinol.ee\\\/wp-content\\\/uploads\\\/2024\\\/10\\\/1200px-ADDINOL-Logo.webp\",\"width\":1200,\"height\":431,\"caption\":\"ADDINOL\"},\"image\":{\"@id\":\"https:\\\/\\\/uus.addinol.ee\\\/ru\\\/#\\\/schema\\\/logo\\\/image\\\/\"},\"sameAs\":[\"https:\\\/\\\/www.facebook.com\\\/ADDINOLEesti\\\/\",\"https:\\\/\\\/www.instagram.com\\\/addinol_eesti\\\/\"]}]}<\/script>\n<!-- \/ Yoast SEO plugin. -->","yoast_head_json":{"title":"Eriotstarbeline m\u00e4\u00e4re Eco Grease PD 2-400 Plus - ADDINOL","robots":{"index":"index","follow":"follow","max-snippet":"max-snippet:-1","max-image-preview":"max-image-preview:large","max-video-preview":"max-video-preview:-1"},"canonical":"https:\/\/uus.addinol.ee\/ru\/toode\/eriotstarbeline-maare-eco-grease-pd-2-400-plus\/","og_locale":"ru_RU","og_type":"article","og_title":"Eriotstarbeline m\u00e4\u00e4re Eco Grease PD 2-400 Plus - ADDINOL","og_description":"Eriotstarbeline m\u00e4\u00e4re ADDINOL Eco Grease PD 2-400 Plus on valmistatud s\u00fcntees\u00f5lide segu ja liitiumkompleksseebi baasil. M\u00e4\u00e4re on suure nihkepinge stabiilsusega ja k\u00f5rge j\u00f5udlusega ning sisaldab Surftec\u00ae tehnoloogial baseeruvat moodsat PD manusekomplekti (PD = plastne deformatsioon), mis on efektiivsem kui tavap\u00e4rased s\u00f6\u00f6bimis- ja kulumisvastased manused.","og_url":"https:\/\/uus.addinol.ee\/ru\/toode\/eriotstarbeline-maare-eco-grease-pd-2-400-plus\/","og_site_name":"ADDINOL","article_publisher":"https:\/\/www.facebook.com\/ADDINOLEesti\/","article_modified_time":"2025-07-04T08:39:50+00:00","og_image":[{"width":1288,"height":1574,"url":"https:\/\/uus.addinol.ee\/wp-content\/uploads\/2024\/12\/380g.png","type":"image\/png"}],"twitter_card":"summary_large_image","twitter_misc":{"\u041f\u0440\u0438\u043c\u0435\u0440\u043d\u043e\u0435 \u0432\u0440\u0435\u043c\u044f \u0434\u043b\u044f \u0447\u0442\u0435\u043d\u0438\u044f":"2 \u043c\u0438\u043d\u0443\u0442\u044b"},"schema":{"@context":"https:\/\/schema.org","@graph":[{"@type":"WebPage","@id":"https:\/\/uus.addinol.ee\/ru\/toode\/eriotstarbeline-maare-eco-grease-pd-2-400-plus\/","url":"https:\/\/uus.addinol.ee\/ru\/toode\/eriotstarbeline-maare-eco-grease-pd-2-400-plus\/","name":"Eriotstarbeline m\u00e4\u00e4re Eco Grease PD 2-400 Plus - ADDINOL","isPartOf":{"@id":"https:\/\/uus.addinol.ee\/ru\/#website"},"primaryImageOfPage":{"@id":"https:\/\/uus.addinol.ee\/ru\/toode\/eriotstarbeline-maare-eco-grease-pd-2-400-plus\/#primaryimage"},"image":{"@id":"https:\/\/uus.addinol.ee\/ru\/toode\/eriotstarbeline-maare-eco-grease-pd-2-400-plus\/#primaryimage"},"thumbnailUrl":"https:\/\/uus.addinol.ee\/wp-content\/uploads\/2024\/12\/380g.png","datePublished":"2024-12-31T12:24:28+00:00","dateModified":"2025-07-04T08:39:50+00:00","breadcrumb":{"@id":"https:\/\/uus.addinol.ee\/ru\/toode\/eriotstarbeline-maare-eco-grease-pd-2-400-plus\/#breadcrumb"},"inLanguage":"ru-RU","potentialAction":[{"@type":"ReadAction","target":["https:\/\/uus.addinol.ee\/ru\/toode\/eriotstarbeline-maare-eco-grease-pd-2-400-plus\/"]}]},{"@type":"ImageObject","inLanguage":"ru-RU","@id":"https:\/\/uus.addinol.ee\/ru\/toode\/eriotstarbeline-maare-eco-grease-pd-2-400-plus\/#primaryimage","url":"https:\/\/uus.addinol.ee\/wp-content\/uploads\/2024\/12\/380g.png","contentUrl":"https:\/\/uus.addinol.ee\/wp-content\/uploads\/2024\/12\/380g.png","width":1288,"height":1574},{"@type":"BreadcrumbList","@id":"https:\/\/uus.addinol.ee\/ru\/toode\/eriotstarbeline-maare-eco-grease-pd-2-400-plus\/#breadcrumb","itemListElement":[{"@type":"ListItem","position":1,"name":"ADDINOL","item":"https:\/\/uus.addinol.ee\/ru\/"},{"@type":"ListItem","position":2,"name":"E-pood","item":"https:\/\/uus.addinol.ee\/e-pood\/"},{"@type":"ListItem","position":3,"name":"Eriotstarbeline m\u00e4\u00e4re Eco Grease PD 2-400 Plus"}]},{"@type":"WebSite","@id":"https:\/\/uus.addinol.ee\/ru\/#website","url":"https:\/\/uus.addinol.ee\/ru\/","name":"ADDINOL","description":"Mootori&otilde;lid ja m&auml;&auml;&auml;rdeained igaks kasutusjuhuks","publisher":{"@id":"https:\/\/uus.addinol.ee\/ru\/#organization"},"potentialAction":[{"@type":"SearchAction","target":{"@type":"EntryPoint","urlTemplate":"https:\/\/uus.addinol.ee\/ru\/?s={search_term_string}"},"query-input":{"@type":"PropertyValueSpecification","valueRequired":true,"valueName":"search_term_string"}}],"inLanguage":"ru-RU"},{"@type":"Organization","@id":"https:\/\/uus.addinol.ee\/ru\/#organization","name":"ADDINOL","url":"https:\/\/uus.addinol.ee\/ru\/","logo":{"@type":"ImageObject","inLanguage":"ru-RU","@id":"https:\/\/uus.addinol.ee\/ru\/#\/schema\/logo\/image\/","url":"https:\/\/uus.addinol.ee\/wp-content\/uploads\/2024\/10\/1200px-ADDINOL-Logo.webp","contentUrl":"https:\/\/uus.addinol.ee\/wp-content\/uploads\/2024\/10\/1200px-ADDINOL-Logo.webp","width":1200,"height":431,"caption":"ADDINOL"},"image":{"@id":"https:\/\/uus.addinol.ee\/ru\/#\/schema\/logo\/image\/"},"sameAs":["https:\/\/www.facebook.com\/ADDINOLEesti\/","https:\/\/www.instagram.com\/addinol_eesti\/"]}]}},"_links":{"self":[{"href":"https:\/\/uus.addinol.ee\/ru\/wp-json\/wp\/v2\/product\/6057","targetHints":{"allow":["GET"]}}],"collection":[{"href":"https:\/\/uus.addinol.ee\/ru\/wp-json\/wp\/v2\/product"}],"about":[{"href":"https:\/\/uus.addinol.ee\/ru\/wp-json\/wp\/v2\/types\/product"}],"wp:featuredmedia":[{"embeddable":true,"href":"https:\/\/uus.addinol.ee\/ru\/wp-json\/wp\/v2\/media\/8078"}],"wp:attachment":[{"href":"https:\/\/uus.addinol.ee\/ru\/wp-json\/wp\/v2\/media?parent=6057"}],"wp:term":[{"taxonomy":"viscosity","embeddable":true,"href":"https:\/\/uus.addinol.ee\/ru\/wp-json\/wp\/v2\/viscosity?post=6057"},{"taxonomy":"product_brand","embeddable":true,"href":"https:\/\/uus.addinol.ee\/ru\/wp-json\/wp\/v2\/product_brand?post=6057"},{"taxonomy":"product_cat","embeddable":true,"href":"https:\/\/uus.addinol.ee\/ru\/wp-json\/wp\/v2\/product_cat?post=6057"},{"taxonomy":"product_tag","embeddable":true,"href":"https:\/\/uus.addinol.ee\/ru\/wp-json\/wp\/v2\/product_tag?post=6057"},{"taxonomy":"inventory","embeddable":true,"href":"https:\/\/uus.addinol.ee\/ru\/wp-json\/wp\/v2\/inventory?post=6057"}],"curies":[{"name":"wp","href":"https:\/\/api.w.org\/{rel}","templated":true}]}}