{"id":6083,"date":"2024-12-31T12:24:42","date_gmt":"2024-12-31T12:24:42","guid":{"rendered":"https:\/\/addinol.ee\/toode\/hudrosusteemide-toovedelik-okosynth-hees-32\/"},"modified":"2025-07-07T15:39:46","modified_gmt":"2025-07-07T12:39:46","slug":"hudrosusteemide-toovedelik-natureproof-hees-32","status":"publish","type":"product","link":"https:\/\/uus.addinol.ee\/ru\/toode\/hudrosusteemide-toovedelik-natureproof-hees-32\/","title":{"rendered":"H\u00fcdros\u00fcsteemide t\u00f6\u00f6vedelik NatureProof HEES 32"},"content":{"rendered":"<p><strong>H\u00fcdros\u00fcsteemide t\u00f6\u00f6vedeliku NatureProof HEES 32 KASUTUSV\u00d5IMALUSED:<\/strong><br \/>\n\u2022 Sobib suurep\u00e4raselt kasutamiseks t\u00f6\u00f6vedelikuna h\u00fcdros\u00fcsteemides, laagrite ja reduktorite m\u00e4\u00e4rimiseks.<br \/>\n\u2022 Aastaringse t\u00f6\u00f6vedelikuna katab h\u00fcdros\u00fcsteemide t\u00f6\u00f6vedelik NatureProof HEES 32 ka endast allpool ja \u00fclevalpool asuvaid viskoossusklasse, sobides eriti h\u00e4sti kasutamiseks v\u00e4litingimustes k\u00e4itatavates h\u00fcdros\u00fcsteemides.<br \/>\n\u2022 Sobib v\u00e4ga h\u00e4sti kasutamiseks keskkonnatundlikes tegevusvaldkondades, nagu nt veekaitsealadel, p\u00f5llu-, metsa- ja kommunaalmajanduses, veeteede v\u00f5rgus v\u00f5i ehitust\u00f6\u00f6stuses.<\/p>\n<p>\u00dcleminekul HEES 32 kasutamisele j\u00e4rgige palun ISO 15380 lisa A v\u00f5i VDMA juhendi 24569 ettekirjutusi!<\/p>\n<p><strong>H\u00fcdros\u00fcsteemide t\u00f6\u00f6vedeliku NatureProof HEES 32 SPETSIFIKATSIOON \/ LITSENTSID:<\/strong><br \/>\nH\u00fcdros\u00fcsteemide t\u00f6\u00f6vedelik NatureProof HEES 32 t\u00e4idab n\u00f5udeid:<br \/>\n\u2022 VDMA juhend 24568 (HEES \u00f5lid)<br \/>\n\u2022 DIN 51524-2 (HLP)<br \/>\n\u2022 DIN 51524-3 (HVLP)<br \/>\n\u2022 DIN ISO 15380<\/p>\n<p>H\u00fcdros\u00fcsteemide t\u00f6\u00f6vedelik NatureProof HEES 32 on biolagunev vastavalt:<br \/>\n\u2022 CEC-L-33-T-82 (v\u00e4hemalt 95% ulatuses)<br \/>\n\u2022 ISO 15380 (v\u00e4hemalt 60% ulatuses)<br \/>\n\u2022 OECD 301 B (v\u00e4hemalt 60% ulatuses)<\/p>\n<p><strong>H\u00fcdros\u00fcsteemide t\u00f6\u00f6vedeliku NatureProof HEES 32 OMADUSED:<\/strong><br \/>\n\u2022 Aastaringne<br \/>\n\u2022 Viskoossuse v\u00e4ike s\u00f5ltuvus temperatuurist<br \/>\n\u2022 T\u00f5husa korrosiooni- ja kulumiskaitsega<br \/>\n\u2022 Bioloogiliselt kiiresti lagunev<\/p>\n<p><strong>H\u00fcdros\u00fcsteemide t\u00f6\u00f6vedeliku NatureProof HEES 32 EELISED TARBIJALE:<\/strong><br \/>\n\u2022 Kasutatav v\u00e4litingimustes t\u00f6\u00f6tavates masinates<br \/>\n\u2022 Probleemideta kasutatav temperatuurivahemikus -20 \u00b0C kuni +90 \u00b0C<br \/>\n\u2022 Rohkem kasutusv\u00f5imalusi v\u00f5rreldes sarnaste rapsi\u00f5lip\u00f5histe toodetega (HETG t\u00fc\u00fcpi \u00f5lidega)<br \/>\n\u2022 H\u00fcdros\u00fcsteemi pikk t\u00f6\u00f6iga ja kindel kaitse<br \/>\n\u2022 Keskkonnas\u00f5bralik<br \/>\n\u2022 Sobib suurep\u00e4raselt kasutamiseks keskkonnatundlikes valdkondades<\/p>\n","protected":false},"excerpt":{"rendered":"<p>ADDINOL NatureProof HEES 32 on k\u00fcllastumata estri baasil toodetud s\u00fcnteetiline h\u00fcdros\u00fcsteemide t\u00f6\u00f6vedelik kasutamiseks v\u00e4litingimustes t\u00f6\u00f6tavates h\u00fcdros\u00fcsteemides ja \u00f6koloogiliselt tundlikel aladel.<\/p>\n","protected":false},"featured_media":8076,"template":"","meta":{"_acf_changed":false},"viscosity":[],"product_brand":[],"product_cat":[715,174,151],"product_tag":[],"inventory":[],"class_list":{"0":"post-6083","1":"product","2":"type-product","3":"status-publish","4":"has-post-thumbnail","6":"product_cat-biolagunevad-hudroolid","7":"product_cat-hudroolid","8":"product_cat-toostusmaardeained","9":"pa_vali-pakend-okosynth-hees-32-20l","10":"pa_vali-pakend-20l","11":"pa_vali-pakend-natureproof-hees-32-20l","13":"first","14":"instock","15":"taxable","16":"shipping-taxable","17":"purchasable","18":"product-type-variable"},"acf":[],"yoast_head":"<!-- This site is optimized with the Yoast SEO plugin v27.5 - https:\/\/yoast.com\/product\/yoast-seo-wordpress\/ -->\n<title>H\u00fcdros\u00fcsteemide t\u00f6\u00f6vedelik NatureProof HEES 32 - ADDINOL<\/title>\n<meta name=\"robots\" content=\"index, follow, max-snippet:-1, max-image-preview:large, max-video-preview:-1\" \/>\n<link rel=\"canonical\" href=\"https:\/\/uus.addinol.ee\/ru\/toode\/hudrosusteemide-toovedelik-natureproof-hees-32\/\" \/>\n<meta property=\"og:locale\" content=\"ru_RU\" \/>\n<meta property=\"og:type\" content=\"article\" \/>\n<meta property=\"og:title\" content=\"H\u00fcdros\u00fcsteemide t\u00f6\u00f6vedelik NatureProof HEES 32 - ADDINOL\" \/>\n<meta property=\"og:description\" content=\"ADDINOL NatureProof HEES 32 on k\u00fcllastumata estri baasil toodetud s\u00fcnteetiline h\u00fcdros\u00fcsteemide t\u00f6\u00f6vedelik kasutamiseks v\u00e4litingimustes t\u00f6\u00f6tavates h\u00fcdros\u00fcsteemides ja \u00f6koloogiliselt tundlikel aladel.\" \/>\n<meta property=\"og:url\" content=\"https:\/\/uus.addinol.ee\/ru\/toode\/hudrosusteemide-toovedelik-natureproof-hees-32\/\" \/>\n<meta property=\"og:site_name\" content=\"ADDINOL\" \/>\n<meta property=\"article:publisher\" content=\"https:\/\/www.facebook.com\/ADDINOLEesti\/\" \/>\n<meta property=\"article:modified_time\" content=\"2025-07-07T12:39:46+00:00\" \/>\n<meta property=\"og:image\" content=\"https:\/\/uus.addinol.ee\/wp-content\/uploads\/2024\/12\/natureproof-hees-32-_20l.jpg\" \/>\n\t<meta property=\"og:image:width\" content=\"800\" \/>\n\t<meta property=\"og:image:height\" content=\"645\" \/>\n\t<meta property=\"og:image:type\" content=\"image\/jpeg\" \/>\n<meta name=\"twitter:card\" content=\"summary_large_image\" \/>\n<meta name=\"twitter:label1\" content=\"\u041f\u0440\u0438\u043c\u0435\u0440\u043d\u043e\u0435 \u0432\u0440\u0435\u043c\u044f \u0434\u043b\u044f \u0447\u0442\u0435\u043d\u0438\u044f\" \/>\n\t<meta name=\"twitter:data1\" content=\"2 \u043c\u0438\u043d\u0443\u0442\u044b\" \/>\n<script type=\"application\/ld+json\" class=\"yoast-schema-graph\">{\"@context\":\"https:\\\/\\\/schema.org\",\"@graph\":[{\"@type\":\"WebPage\",\"@id\":\"https:\\\/\\\/uus.addinol.ee\\\/ru\\\/toode\\\/hudrosusteemide-toovedelik-natureproof-hees-32\\\/\",\"url\":\"https:\\\/\\\/uus.addinol.ee\\\/ru\\\/toode\\\/hudrosusteemide-toovedelik-natureproof-hees-32\\\/\",\"name\":\"H\u00fcdros\u00fcsteemide t\u00f6\u00f6vedelik NatureProof HEES 32 - ADDINOL\",\"isPartOf\":{\"@id\":\"https:\\\/\\\/uus.addinol.ee\\\/ru\\\/#website\"},\"primaryImageOfPage\":{\"@id\":\"https:\\\/\\\/uus.addinol.ee\\\/ru\\\/toode\\\/hudrosusteemide-toovedelik-natureproof-hees-32\\\/#primaryimage\"},\"image\":{\"@id\":\"https:\\\/\\\/uus.addinol.ee\\\/ru\\\/toode\\\/hudrosusteemide-toovedelik-natureproof-hees-32\\\/#primaryimage\"},\"thumbnailUrl\":\"https:\\\/\\\/uus.addinol.ee\\\/wp-content\\\/uploads\\\/2024\\\/12\\\/natureproof-hees-32-_20l.jpg\",\"datePublished\":\"2024-12-31T12:24:42+00:00\",\"dateModified\":\"2025-07-07T12:39:46+00:00\",\"breadcrumb\":{\"@id\":\"https:\\\/\\\/uus.addinol.ee\\\/ru\\\/toode\\\/hudrosusteemide-toovedelik-natureproof-hees-32\\\/#breadcrumb\"},\"inLanguage\":\"ru-RU\",\"potentialAction\":[{\"@type\":\"ReadAction\",\"target\":[\"https:\\\/\\\/uus.addinol.ee\\\/ru\\\/toode\\\/hudrosusteemide-toovedelik-natureproof-hees-32\\\/\"]}]},{\"@type\":\"ImageObject\",\"inLanguage\":\"ru-RU\",\"@id\":\"https:\\\/\\\/uus.addinol.ee\\\/ru\\\/toode\\\/hudrosusteemide-toovedelik-natureproof-hees-32\\\/#primaryimage\",\"url\":\"https:\\\/\\\/uus.addinol.ee\\\/wp-content\\\/uploads\\\/2024\\\/12\\\/natureproof-hees-32-_20l.jpg\",\"contentUrl\":\"https:\\\/\\\/uus.addinol.ee\\\/wp-content\\\/uploads\\\/2024\\\/12\\\/natureproof-hees-32-_20l.jpg\",\"width\":800,\"height\":645},{\"@type\":\"BreadcrumbList\",\"@id\":\"https:\\\/\\\/uus.addinol.ee\\\/ru\\\/toode\\\/hudrosusteemide-toovedelik-natureproof-hees-32\\\/#breadcrumb\",\"itemListElement\":[{\"@type\":\"ListItem\",\"position\":1,\"name\":\"ADDINOL\",\"item\":\"https:\\\/\\\/uus.addinol.ee\\\/ru\\\/\"},{\"@type\":\"ListItem\",\"position\":2,\"name\":\"E-pood\",\"item\":\"https:\\\/\\\/uus.addinol.ee\\\/e-pood\\\/\"},{\"@type\":\"ListItem\",\"position\":3,\"name\":\"H\u00fcdros\u00fcsteemide t\u00f6\u00f6vedelik NatureProof HEES 32\"}]},{\"@type\":\"WebSite\",\"@id\":\"https:\\\/\\\/uus.addinol.ee\\\/ru\\\/#website\",\"url\":\"https:\\\/\\\/uus.addinol.ee\\\/ru\\\/\",\"name\":\"ADDINOL\",\"description\":\"Mootori&otilde;lid ja m&auml;&auml;&auml;rdeained igaks kasutusjuhuks\",\"publisher\":{\"@id\":\"https:\\\/\\\/uus.addinol.ee\\\/ru\\\/#organization\"},\"potentialAction\":[{\"@type\":\"SearchAction\",\"target\":{\"@type\":\"EntryPoint\",\"urlTemplate\":\"https:\\\/\\\/uus.addinol.ee\\\/ru\\\/?s={search_term_string}\"},\"query-input\":{\"@type\":\"PropertyValueSpecification\",\"valueRequired\":true,\"valueName\":\"search_term_string\"}}],\"inLanguage\":\"ru-RU\"},{\"@type\":\"Organization\",\"@id\":\"https:\\\/\\\/uus.addinol.ee\\\/ru\\\/#organization\",\"name\":\"ADDINOL\",\"url\":\"https:\\\/\\\/uus.addinol.ee\\\/ru\\\/\",\"logo\":{\"@type\":\"ImageObject\",\"inLanguage\":\"ru-RU\",\"@id\":\"https:\\\/\\\/uus.addinol.ee\\\/ru\\\/#\\\/schema\\\/logo\\\/image\\\/\",\"url\":\"https:\\\/\\\/uus.addinol.ee\\\/wp-content\\\/uploads\\\/2024\\\/10\\\/1200px-ADDINOL-Logo.webp\",\"contentUrl\":\"https:\\\/\\\/uus.addinol.ee\\\/wp-content\\\/uploads\\\/2024\\\/10\\\/1200px-ADDINOL-Logo.webp\",\"width\":1200,\"height\":431,\"caption\":\"ADDINOL\"},\"image\":{\"@id\":\"https:\\\/\\\/uus.addinol.ee\\\/ru\\\/#\\\/schema\\\/logo\\\/image\\\/\"},\"sameAs\":[\"https:\\\/\\\/www.facebook.com\\\/ADDINOLEesti\\\/\",\"https:\\\/\\\/www.instagram.com\\\/addinol_eesti\\\/\"]}]}<\/script>\n<!-- \/ Yoast SEO plugin. -->","yoast_head_json":{"title":"H\u00fcdros\u00fcsteemide t\u00f6\u00f6vedelik NatureProof HEES 32 - ADDINOL","robots":{"index":"index","follow":"follow","max-snippet":"max-snippet:-1","max-image-preview":"max-image-preview:large","max-video-preview":"max-video-preview:-1"},"canonical":"https:\/\/uus.addinol.ee\/ru\/toode\/hudrosusteemide-toovedelik-natureproof-hees-32\/","og_locale":"ru_RU","og_type":"article","og_title":"H\u00fcdros\u00fcsteemide t\u00f6\u00f6vedelik NatureProof HEES 32 - ADDINOL","og_description":"ADDINOL NatureProof HEES 32 on k\u00fcllastumata estri baasil toodetud s\u00fcnteetiline h\u00fcdros\u00fcsteemide t\u00f6\u00f6vedelik kasutamiseks v\u00e4litingimustes t\u00f6\u00f6tavates h\u00fcdros\u00fcsteemides ja \u00f6koloogiliselt tundlikel aladel.","og_url":"https:\/\/uus.addinol.ee\/ru\/toode\/hudrosusteemide-toovedelik-natureproof-hees-32\/","og_site_name":"ADDINOL","article_publisher":"https:\/\/www.facebook.com\/ADDINOLEesti\/","article_modified_time":"2025-07-07T12:39:46+00:00","og_image":[{"width":800,"height":645,"url":"https:\/\/uus.addinol.ee\/wp-content\/uploads\/2024\/12\/natureproof-hees-32-_20l.jpg","type":"image\/jpeg"}],"twitter_card":"summary_large_image","twitter_misc":{"\u041f\u0440\u0438\u043c\u0435\u0440\u043d\u043e\u0435 \u0432\u0440\u0435\u043c\u044f \u0434\u043b\u044f \u0447\u0442\u0435\u043d\u0438\u044f":"2 \u043c\u0438\u043d\u0443\u0442\u044b"},"schema":{"@context":"https:\/\/schema.org","@graph":[{"@type":"WebPage","@id":"https:\/\/uus.addinol.ee\/ru\/toode\/hudrosusteemide-toovedelik-natureproof-hees-32\/","url":"https:\/\/uus.addinol.ee\/ru\/toode\/hudrosusteemide-toovedelik-natureproof-hees-32\/","name":"H\u00fcdros\u00fcsteemide t\u00f6\u00f6vedelik NatureProof HEES 32 - ADDINOL","isPartOf":{"@id":"https:\/\/uus.addinol.ee\/ru\/#website"},"primaryImageOfPage":{"@id":"https:\/\/uus.addinol.ee\/ru\/toode\/hudrosusteemide-toovedelik-natureproof-hees-32\/#primaryimage"},"image":{"@id":"https:\/\/uus.addinol.ee\/ru\/toode\/hudrosusteemide-toovedelik-natureproof-hees-32\/#primaryimage"},"thumbnailUrl":"https:\/\/uus.addinol.ee\/wp-content\/uploads\/2024\/12\/natureproof-hees-32-_20l.jpg","datePublished":"2024-12-31T12:24:42+00:00","dateModified":"2025-07-07T12:39:46+00:00","breadcrumb":{"@id":"https:\/\/uus.addinol.ee\/ru\/toode\/hudrosusteemide-toovedelik-natureproof-hees-32\/#breadcrumb"},"inLanguage":"ru-RU","potentialAction":[{"@type":"ReadAction","target":["https:\/\/uus.addinol.ee\/ru\/toode\/hudrosusteemide-toovedelik-natureproof-hees-32\/"]}]},{"@type":"ImageObject","inLanguage":"ru-RU","@id":"https:\/\/uus.addinol.ee\/ru\/toode\/hudrosusteemide-toovedelik-natureproof-hees-32\/#primaryimage","url":"https:\/\/uus.addinol.ee\/wp-content\/uploads\/2024\/12\/natureproof-hees-32-_20l.jpg","contentUrl":"https:\/\/uus.addinol.ee\/wp-content\/uploads\/2024\/12\/natureproof-hees-32-_20l.jpg","width":800,"height":645},{"@type":"BreadcrumbList","@id":"https:\/\/uus.addinol.ee\/ru\/toode\/hudrosusteemide-toovedelik-natureproof-hees-32\/#breadcrumb","itemListElement":[{"@type":"ListItem","position":1,"name":"ADDINOL","item":"https:\/\/uus.addinol.ee\/ru\/"},{"@type":"ListItem","position":2,"name":"E-pood","item":"https:\/\/uus.addinol.ee\/e-pood\/"},{"@type":"ListItem","position":3,"name":"H\u00fcdros\u00fcsteemide t\u00f6\u00f6vedelik NatureProof HEES 32"}]},{"@type":"WebSite","@id":"https:\/\/uus.addinol.ee\/ru\/#website","url":"https:\/\/uus.addinol.ee\/ru\/","name":"ADDINOL","description":"Mootori&otilde;lid ja m&auml;&auml;&auml;rdeained igaks kasutusjuhuks","publisher":{"@id":"https:\/\/uus.addinol.ee\/ru\/#organization"},"potentialAction":[{"@type":"SearchAction","target":{"@type":"EntryPoint","urlTemplate":"https:\/\/uus.addinol.ee\/ru\/?s={search_term_string}"},"query-input":{"@type":"PropertyValueSpecification","valueRequired":true,"valueName":"search_term_string"}}],"inLanguage":"ru-RU"},{"@type":"Organization","@id":"https:\/\/uus.addinol.ee\/ru\/#organization","name":"ADDINOL","url":"https:\/\/uus.addinol.ee\/ru\/","logo":{"@type":"ImageObject","inLanguage":"ru-RU","@id":"https:\/\/uus.addinol.ee\/ru\/#\/schema\/logo\/image\/","url":"https:\/\/uus.addinol.ee\/wp-content\/uploads\/2024\/10\/1200px-ADDINOL-Logo.webp","contentUrl":"https:\/\/uus.addinol.ee\/wp-content\/uploads\/2024\/10\/1200px-ADDINOL-Logo.webp","width":1200,"height":431,"caption":"ADDINOL"},"image":{"@id":"https:\/\/uus.addinol.ee\/ru\/#\/schema\/logo\/image\/"},"sameAs":["https:\/\/www.facebook.com\/ADDINOLEesti\/","https:\/\/www.instagram.com\/addinol_eesti\/"]}]}},"_links":{"self":[{"href":"https:\/\/uus.addinol.ee\/ru\/wp-json\/wp\/v2\/product\/6083","targetHints":{"allow":["GET"]}}],"collection":[{"href":"https:\/\/uus.addinol.ee\/ru\/wp-json\/wp\/v2\/product"}],"about":[{"href":"https:\/\/uus.addinol.ee\/ru\/wp-json\/wp\/v2\/types\/product"}],"wp:featuredmedia":[{"embeddable":true,"href":"https:\/\/uus.addinol.ee\/ru\/wp-json\/wp\/v2\/media\/8076"}],"wp:attachment":[{"href":"https:\/\/uus.addinol.ee\/ru\/wp-json\/wp\/v2\/media?parent=6083"}],"wp:term":[{"taxonomy":"viscosity","embeddable":true,"href":"https:\/\/uus.addinol.ee\/ru\/wp-json\/wp\/v2\/viscosity?post=6083"},{"taxonomy":"product_brand","embeddable":true,"href":"https:\/\/uus.addinol.ee\/ru\/wp-json\/wp\/v2\/product_brand?post=6083"},{"taxonomy":"product_cat","embeddable":true,"href":"https:\/\/uus.addinol.ee\/ru\/wp-json\/wp\/v2\/product_cat?post=6083"},{"taxonomy":"product_tag","embeddable":true,"href":"https:\/\/uus.addinol.ee\/ru\/wp-json\/wp\/v2\/product_tag?post=6083"},{"taxonomy":"inventory","embeddable":true,"href":"https:\/\/uus.addinol.ee\/ru\/wp-json\/wp\/v2\/inventory?post=6083"}],"curies":[{"name":"wp","href":"https:\/\/api.w.org\/{rel}","templated":true}]}}