{"id":6089,"date":"2024-12-31T12:24:42","date_gmt":"2024-12-31T12:24:42","guid":{"rendered":"https:\/\/addinol.ee\/toode\/hudrooli-hlp-100\/"},"modified":"2025-10-14T11:35:08","modified_gmt":"2025-10-14T08:35:08","slug":"hudrooli-hlp-100","status":"publish","type":"product","link":"https:\/\/uus.addinol.ee\/ru\/toode\/hudrooli-hlp-100\/","title":{"rendered":"H\u00fcdro\u00f5li HLP 100"},"content":{"rendered":"<p><strong>H\u00fcdro\u00f5li HLP 100 KASUTUSV\u00d5IMALUSED:<\/strong><br \/>\n\u2022 H\u00fcdro\u00f5li HLP 100 on ette n\u00e4htud kasutamiseks t\u00f6\u00f6vedelikena erineva konstruktsiooniga t\u00f6\u00f6stuslikes ja liikurmasinate h\u00fcdros\u00fcsteemides.<br \/>\n\u2022 Sobib kasutamiseks k\u00f5rgetel r\u00f5hkudel t\u00f6\u00f6tavates h\u00fcdros\u00fcsteemides.<br \/>\n\u2022 Sobib suurep\u00e4raselt kasutamiseks juhul, kui \u00f5lile esitatakse spetsiifilisi n\u00f5udeid kulumist v\u00e4hendavate omaduste suhtes.<br \/>\n\u2022 H\u00fcdro\u00f5li HLP 100 on kasutatav laagrite ja reduktorite m\u00e4\u00e4rimiseks vastavalt tootja ettekirjutustele.<br \/>\n\u2022 Sobib s\u00fcsteemidele, kus n\u00f5utakse DIN 51524-2 standardile vastavate desemulgeerivate omadustega h\u00fcdro\u00f5lide kasutamist.<\/p>\n<p><strong>H\u00fcdro\u00f5li HLP 100 SPETSIFIKATSIOON \/ LITSENTSID:<\/strong><br \/>\nH\u00fcdro\u00f5li HLP 100 t\u00e4idab ja \u00fcletab n\u00f5udeid:<br \/>\n\u2022 DIN 51524-2 (HLP)<br \/>\n\u2022 DIN EN ISO 6743-4 (HM)<br \/>\n\u2022 Bosch-Rexroth RE 90220<\/p>\n<p>Viskoossusklass vastavalt:<br \/>\n\u2022 ISO 3448<\/p>\n<p><strong>H\u00fcdro\u00f5li HLP 100 OMADUSED:<\/strong><br \/>\n\u2022 V\u00e4ga hea desemulgeerimisv\u00f5ime ja hea vee eraldusv\u00f5ime<br \/>\n\u2022 Suurep\u00e4rane \u00f5hu eraldusv\u00f5ime ja v\u00e4hene vahutavus<br \/>\n\u2022 Hea kokkusobivus tavap\u00e4raste tihendimaterjalidega ja pinnakattev\u00e4rvidega<br \/>\n\u2022 Suurep\u00e4raste kulumisvastaste omadustega<br \/>\n\u2022 Termooks\u00fcdatsioonikindel<br \/>\n\u2022 Kantud paljude seadme- ja masinaosatootjate poolt heakskiidetud m\u00e4\u00e4rdeainete nimekirja<br \/>\n\u2022 K\u00f5rge puhtusaste<\/p>\n<p><strong>H\u00fcdro\u00f5li HLP 100 EELISED TARBIJALE:<\/strong><br \/>\n\u2022 T\u00f5hus kaitse sissetungiva vee eest<br \/>\n\u2022 V\u00e4hese vahu teke<br \/>\n\u2022 Kaitseb lekete eest<br \/>\n\u2022 T\u00f5rgeteta t\u00f6\u00f6 ka s\u00fcsteemides, mille detailid on valmistatud erinevatest metallidest<br \/>\n\u2022 \u00d5li minimaalne vananemine ja pikendatud \u00f5livahetusv\u00e4lbad<br \/>\n\u2022 Palju kasutusv\u00f5imalusi<br \/>\n\u2022 V\u00e4\u00e4rtarvitamise v\u00e4iksem risk<br \/>\n\u2022 Hea filtreeritavus<\/p>\n","protected":false},"excerpt":{"rendered":"<p>H\u00fcdro\u00f5li ADDINOL HLP 100 on valmistatud k\u00f5rgekvaliteedilistest mineraal\u00f5li rafinaatidest ning tsinki sisaldavast manusekomplektist, mis parandab vananemiskindlust, kulumis- ja korrosioonikaitset.<\/p>\n","protected":false},"featured_media":8128,"template":"","meta":{"_acf_changed":false},"viscosity":[],"product_brand":[],"product_cat":[174,151],"product_tag":[],"inventory":[],"class_list":{"0":"post-6089","1":"product","2":"type-product","3":"status-publish","4":"has-post-thumbnail","6":"product_cat-hudroolid","7":"product_cat-toostusmaardeained","8":"pa_vali-pakend-20l","10":"first","11":"instock","12":"taxable","13":"shipping-taxable","14":"purchasable","15":"product-type-simple"},"acf":[],"yoast_head":"<!-- This site is optimized with the Yoast SEO plugin v27.5 - https:\/\/yoast.com\/product\/yoast-seo-wordpress\/ -->\n<title>H\u00fcdro\u00f5li HLP 100 - ADDINOL<\/title>\n<meta name=\"robots\" content=\"index, follow, max-snippet:-1, max-image-preview:large, max-video-preview:-1\" \/>\n<link rel=\"canonical\" href=\"https:\/\/uus.addinol.ee\/ru\/toode\/hudrooli-hlp-100\/\" \/>\n<meta property=\"og:locale\" content=\"ru_RU\" \/>\n<meta property=\"og:type\" content=\"article\" \/>\n<meta property=\"og:title\" content=\"H\u00fcdro\u00f5li HLP 100 - ADDINOL\" \/>\n<meta property=\"og:description\" content=\"H\u00fcdro\u00f5li ADDINOL HLP 100 on valmistatud k\u00f5rgekvaliteedilistest mineraal\u00f5li rafinaatidest ning tsinki sisaldavast manusekomplektist, mis parandab vananemiskindlust, kulumis- ja korrosioonikaitset.\" \/>\n<meta property=\"og:url\" content=\"https:\/\/uus.addinol.ee\/ru\/toode\/hudrooli-hlp-100\/\" \/>\n<meta property=\"og:site_name\" content=\"ADDINOL\" \/>\n<meta property=\"article:publisher\" content=\"https:\/\/www.facebook.com\/ADDINOLEesti\/\" \/>\n<meta property=\"article:modified_time\" content=\"2025-10-14T08:35:08+00:00\" \/>\n<meta property=\"og:image\" content=\"https:\/\/uus.addinol.ee\/wp-content\/uploads\/2025\/05\/gruppe-scaled.jpg\" \/>\n\t<meta property=\"og:image:width\" content=\"2085\" \/>\n\t<meta property=\"og:image:height\" content=\"2560\" \/>\n\t<meta property=\"og:image:type\" content=\"image\/jpeg\" \/>\n<meta name=\"twitter:card\" content=\"summary_large_image\" \/>\n<meta name=\"twitter:label1\" content=\"\u041f\u0440\u0438\u043c\u0435\u0440\u043d\u043e\u0435 \u0432\u0440\u0435\u043c\u044f \u0434\u043b\u044f \u0447\u0442\u0435\u043d\u0438\u044f\" \/>\n\t<meta name=\"twitter:data1\" content=\"2 \u043c\u0438\u043d\u0443\u0442\u044b\" \/>\n<script type=\"application\/ld+json\" class=\"yoast-schema-graph\">{\"@context\":\"https:\\\/\\\/schema.org\",\"@graph\":[{\"@type\":\"WebPage\",\"@id\":\"https:\\\/\\\/uus.addinol.ee\\\/ru\\\/toode\\\/hudrooli-hlp-100\\\/\",\"url\":\"https:\\\/\\\/uus.addinol.ee\\\/ru\\\/toode\\\/hudrooli-hlp-100\\\/\",\"name\":\"H\u00fcdro\u00f5li HLP 100 - ADDINOL\",\"isPartOf\":{\"@id\":\"https:\\\/\\\/uus.addinol.ee\\\/ru\\\/#website\"},\"primaryImageOfPage\":{\"@id\":\"https:\\\/\\\/uus.addinol.ee\\\/ru\\\/toode\\\/hudrooli-hlp-100\\\/#primaryimage\"},\"image\":{\"@id\":\"https:\\\/\\\/uus.addinol.ee\\\/ru\\\/toode\\\/hudrooli-hlp-100\\\/#primaryimage\"},\"thumbnailUrl\":\"https:\\\/\\\/uus.addinol.ee\\\/wp-content\\\/uploads\\\/2025\\\/05\\\/gruppe-scaled.jpg\",\"datePublished\":\"2024-12-31T12:24:42+00:00\",\"dateModified\":\"2025-10-14T08:35:08+00:00\",\"breadcrumb\":{\"@id\":\"https:\\\/\\\/uus.addinol.ee\\\/ru\\\/toode\\\/hudrooli-hlp-100\\\/#breadcrumb\"},\"inLanguage\":\"ru-RU\",\"potentialAction\":[{\"@type\":\"ReadAction\",\"target\":[\"https:\\\/\\\/uus.addinol.ee\\\/ru\\\/toode\\\/hudrooli-hlp-100\\\/\"]}]},{\"@type\":\"ImageObject\",\"inLanguage\":\"ru-RU\",\"@id\":\"https:\\\/\\\/uus.addinol.ee\\\/ru\\\/toode\\\/hudrooli-hlp-100\\\/#primaryimage\",\"url\":\"https:\\\/\\\/uus.addinol.ee\\\/wp-content\\\/uploads\\\/2025\\\/05\\\/gruppe-scaled.jpg\",\"contentUrl\":\"https:\\\/\\\/uus.addinol.ee\\\/wp-content\\\/uploads\\\/2025\\\/05\\\/gruppe-scaled.jpg\",\"width\":2085,\"height\":2560},{\"@type\":\"BreadcrumbList\",\"@id\":\"https:\\\/\\\/uus.addinol.ee\\\/ru\\\/toode\\\/hudrooli-hlp-100\\\/#breadcrumb\",\"itemListElement\":[{\"@type\":\"ListItem\",\"position\":1,\"name\":\"ADDINOL\",\"item\":\"https:\\\/\\\/uus.addinol.ee\\\/ru\\\/\"},{\"@type\":\"ListItem\",\"position\":2,\"name\":\"E-pood\",\"item\":\"https:\\\/\\\/uus.addinol.ee\\\/e-pood\\\/\"},{\"@type\":\"ListItem\",\"position\":3,\"name\":\"H\u00fcdro\u00f5li HLP 100\"}]},{\"@type\":\"WebSite\",\"@id\":\"https:\\\/\\\/uus.addinol.ee\\\/ru\\\/#website\",\"url\":\"https:\\\/\\\/uus.addinol.ee\\\/ru\\\/\",\"name\":\"ADDINOL\",\"description\":\"Mootori&otilde;lid ja m&auml;&auml;&auml;rdeained igaks kasutusjuhuks\",\"publisher\":{\"@id\":\"https:\\\/\\\/uus.addinol.ee\\\/ru\\\/#organization\"},\"potentialAction\":[{\"@type\":\"SearchAction\",\"target\":{\"@type\":\"EntryPoint\",\"urlTemplate\":\"https:\\\/\\\/uus.addinol.ee\\\/ru\\\/?s={search_term_string}\"},\"query-input\":{\"@type\":\"PropertyValueSpecification\",\"valueRequired\":true,\"valueName\":\"search_term_string\"}}],\"inLanguage\":\"ru-RU\"},{\"@type\":\"Organization\",\"@id\":\"https:\\\/\\\/uus.addinol.ee\\\/ru\\\/#organization\",\"name\":\"ADDINOL\",\"url\":\"https:\\\/\\\/uus.addinol.ee\\\/ru\\\/\",\"logo\":{\"@type\":\"ImageObject\",\"inLanguage\":\"ru-RU\",\"@id\":\"https:\\\/\\\/uus.addinol.ee\\\/ru\\\/#\\\/schema\\\/logo\\\/image\\\/\",\"url\":\"https:\\\/\\\/uus.addinol.ee\\\/wp-content\\\/uploads\\\/2024\\\/10\\\/1200px-ADDINOL-Logo.webp\",\"contentUrl\":\"https:\\\/\\\/uus.addinol.ee\\\/wp-content\\\/uploads\\\/2024\\\/10\\\/1200px-ADDINOL-Logo.webp\",\"width\":1200,\"height\":431,\"caption\":\"ADDINOL\"},\"image\":{\"@id\":\"https:\\\/\\\/uus.addinol.ee\\\/ru\\\/#\\\/schema\\\/logo\\\/image\\\/\"},\"sameAs\":[\"https:\\\/\\\/www.facebook.com\\\/ADDINOLEesti\\\/\",\"https:\\\/\\\/www.instagram.com\\\/addinol_eesti\\\/\"]}]}<\/script>\n<!-- \/ Yoast SEO plugin. -->","yoast_head_json":{"title":"H\u00fcdro\u00f5li HLP 100 - ADDINOL","robots":{"index":"index","follow":"follow","max-snippet":"max-snippet:-1","max-image-preview":"max-image-preview:large","max-video-preview":"max-video-preview:-1"},"canonical":"https:\/\/uus.addinol.ee\/ru\/toode\/hudrooli-hlp-100\/","og_locale":"ru_RU","og_type":"article","og_title":"H\u00fcdro\u00f5li HLP 100 - ADDINOL","og_description":"H\u00fcdro\u00f5li ADDINOL HLP 100 on valmistatud k\u00f5rgekvaliteedilistest mineraal\u00f5li rafinaatidest ning tsinki sisaldavast manusekomplektist, mis parandab vananemiskindlust, kulumis- ja korrosioonikaitset.","og_url":"https:\/\/uus.addinol.ee\/ru\/toode\/hudrooli-hlp-100\/","og_site_name":"ADDINOL","article_publisher":"https:\/\/www.facebook.com\/ADDINOLEesti\/","article_modified_time":"2025-10-14T08:35:08+00:00","og_image":[{"width":2085,"height":2560,"url":"https:\/\/uus.addinol.ee\/wp-content\/uploads\/2025\/05\/gruppe-scaled.jpg","type":"image\/jpeg"}],"twitter_card":"summary_large_image","twitter_misc":{"\u041f\u0440\u0438\u043c\u0435\u0440\u043d\u043e\u0435 \u0432\u0440\u0435\u043c\u044f \u0434\u043b\u044f \u0447\u0442\u0435\u043d\u0438\u044f":"2 \u043c\u0438\u043d\u0443\u0442\u044b"},"schema":{"@context":"https:\/\/schema.org","@graph":[{"@type":"WebPage","@id":"https:\/\/uus.addinol.ee\/ru\/toode\/hudrooli-hlp-100\/","url":"https:\/\/uus.addinol.ee\/ru\/toode\/hudrooli-hlp-100\/","name":"H\u00fcdro\u00f5li HLP 100 - ADDINOL","isPartOf":{"@id":"https:\/\/uus.addinol.ee\/ru\/#website"},"primaryImageOfPage":{"@id":"https:\/\/uus.addinol.ee\/ru\/toode\/hudrooli-hlp-100\/#primaryimage"},"image":{"@id":"https:\/\/uus.addinol.ee\/ru\/toode\/hudrooli-hlp-100\/#primaryimage"},"thumbnailUrl":"https:\/\/uus.addinol.ee\/wp-content\/uploads\/2025\/05\/gruppe-scaled.jpg","datePublished":"2024-12-31T12:24:42+00:00","dateModified":"2025-10-14T08:35:08+00:00","breadcrumb":{"@id":"https:\/\/uus.addinol.ee\/ru\/toode\/hudrooli-hlp-100\/#breadcrumb"},"inLanguage":"ru-RU","potentialAction":[{"@type":"ReadAction","target":["https:\/\/uus.addinol.ee\/ru\/toode\/hudrooli-hlp-100\/"]}]},{"@type":"ImageObject","inLanguage":"ru-RU","@id":"https:\/\/uus.addinol.ee\/ru\/toode\/hudrooli-hlp-100\/#primaryimage","url":"https:\/\/uus.addinol.ee\/wp-content\/uploads\/2025\/05\/gruppe-scaled.jpg","contentUrl":"https:\/\/uus.addinol.ee\/wp-content\/uploads\/2025\/05\/gruppe-scaled.jpg","width":2085,"height":2560},{"@type":"BreadcrumbList","@id":"https:\/\/uus.addinol.ee\/ru\/toode\/hudrooli-hlp-100\/#breadcrumb","itemListElement":[{"@type":"ListItem","position":1,"name":"ADDINOL","item":"https:\/\/uus.addinol.ee\/ru\/"},{"@type":"ListItem","position":2,"name":"E-pood","item":"https:\/\/uus.addinol.ee\/e-pood\/"},{"@type":"ListItem","position":3,"name":"H\u00fcdro\u00f5li HLP 100"}]},{"@type":"WebSite","@id":"https:\/\/uus.addinol.ee\/ru\/#website","url":"https:\/\/uus.addinol.ee\/ru\/","name":"ADDINOL","description":"Mootori&otilde;lid ja m&auml;&auml;&auml;rdeained igaks kasutusjuhuks","publisher":{"@id":"https:\/\/uus.addinol.ee\/ru\/#organization"},"potentialAction":[{"@type":"SearchAction","target":{"@type":"EntryPoint","urlTemplate":"https:\/\/uus.addinol.ee\/ru\/?s={search_term_string}"},"query-input":{"@type":"PropertyValueSpecification","valueRequired":true,"valueName":"search_term_string"}}],"inLanguage":"ru-RU"},{"@type":"Organization","@id":"https:\/\/uus.addinol.ee\/ru\/#organization","name":"ADDINOL","url":"https:\/\/uus.addinol.ee\/ru\/","logo":{"@type":"ImageObject","inLanguage":"ru-RU","@id":"https:\/\/uus.addinol.ee\/ru\/#\/schema\/logo\/image\/","url":"https:\/\/uus.addinol.ee\/wp-content\/uploads\/2024\/10\/1200px-ADDINOL-Logo.webp","contentUrl":"https:\/\/uus.addinol.ee\/wp-content\/uploads\/2024\/10\/1200px-ADDINOL-Logo.webp","width":1200,"height":431,"caption":"ADDINOL"},"image":{"@id":"https:\/\/uus.addinol.ee\/ru\/#\/schema\/logo\/image\/"},"sameAs":["https:\/\/www.facebook.com\/ADDINOLEesti\/","https:\/\/www.instagram.com\/addinol_eesti\/"]}]}},"_links":{"self":[{"href":"https:\/\/uus.addinol.ee\/ru\/wp-json\/wp\/v2\/product\/6089","targetHints":{"allow":["GET"]}}],"collection":[{"href":"https:\/\/uus.addinol.ee\/ru\/wp-json\/wp\/v2\/product"}],"about":[{"href":"https:\/\/uus.addinol.ee\/ru\/wp-json\/wp\/v2\/types\/product"}],"wp:featuredmedia":[{"embeddable":true,"href":"https:\/\/uus.addinol.ee\/ru\/wp-json\/wp\/v2\/media\/8128"}],"wp:attachment":[{"href":"https:\/\/uus.addinol.ee\/ru\/wp-json\/wp\/v2\/media?parent=6089"}],"wp:term":[{"taxonomy":"viscosity","embeddable":true,"href":"https:\/\/uus.addinol.ee\/ru\/wp-json\/wp\/v2\/viscosity?post=6089"},{"taxonomy":"product_brand","embeddable":true,"href":"https:\/\/uus.addinol.ee\/ru\/wp-json\/wp\/v2\/product_brand?post=6089"},{"taxonomy":"product_cat","embeddable":true,"href":"https:\/\/uus.addinol.ee\/ru\/wp-json\/wp\/v2\/product_cat?post=6089"},{"taxonomy":"product_tag","embeddable":true,"href":"https:\/\/uus.addinol.ee\/ru\/wp-json\/wp\/v2\/product_tag?post=6089"},{"taxonomy":"inventory","embeddable":true,"href":"https:\/\/uus.addinol.ee\/ru\/wp-json\/wp\/v2\/inventory?post=6089"}],"curies":[{"name":"wp","href":"https:\/\/api.w.org\/{rel}","templated":true}]}}