{"id":6098,"date":"2024-12-31T12:24:42","date_gmt":"2024-12-31T12:24:42","guid":{"rendered":"https:\/\/addinol.ee\/toode\/erimaare-longlife-grease-hs-2\/"},"modified":"2025-10-14T11:35:04","modified_gmt":"2025-10-14T08:35:04","slug":"erimaare-longlife-grease-hs-2","status":"publish","type":"product","link":"https:\/\/uus.addinol.ee\/ru\/toode\/erimaare-longlife-grease-hs-2\/","title":{"rendered":"Erim\u00e4\u00e4re Longlife Grease HS 2"},"content":{"rendered":"<p><strong>Erim\u00e4\u00e4rde Longlife Grease HS 2 KASUTUSV\u00d5IMALUSED:<\/strong><br \/>\n\u2022 Baas\u00f5li v\u00e4ikse viskoossuse t\u00f5ttu sobib kiirete veere- ja liugelaagrite m\u00e4\u00e4rimiseks (nt spindli laagrid metallit\u00f6\u00f6pinkides ja tekstiilimasinates, elektrimootorites, lineaarajamites jne).<br \/>\n\u2022 Sobib suurep\u00e4raselt suure survekoormuse all t\u00f6\u00f6tavate laagrite m\u00e4\u00e4rimiseks madalatel temperatuuridel (nt k\u00fclmhoonetes kasutatavate seadmete ja s\u00f5idukite laagrite m\u00e4\u00e4rimiseks).<br \/>\n\u2022 Sobib kasutamiseks keskm\u00e4\u00e4rimiss\u00fcsteemides.<\/p>\n<p><strong>Erim\u00e4\u00e4rde Longlife Grease HS 2 SPETSIFIKATSIOON:<\/strong><br \/>\nM\u00e4\u00e4rde t\u00e4histus DIN 51502 j\u00e4rgi:<br \/>\n\u2022 KPHC2N-60<\/p>\n<p>M\u00e4\u00e4rde t\u00e4histus ISO 6743 j\u00e4rgi:<br \/>\n\u2022 ISO-L-X EDEB2<\/p>\n<p>NLGI klass: 2<\/p>\n<p><strong>Erim\u00e4\u00e4rde Longlife Grease HS 2 OMADUSED:<\/strong><br \/>\n\u2022 Ei takista masina k\u00e4ivitumist madalatel temperatuuridel<br \/>\n\u2022 V\u00e4hendab h\u00f5\u00f5rdumist<br \/>\n\u2022 Hea kulumisvastane kaitse<br \/>\n\u2022 Stabiilse konsistentsiga<br \/>\n\u2022 Oks\u00fcdeerumis- ja vananemiskindel<br \/>\n\u2022 Veekindel<br \/>\n\u2022 T\u00f5hus korrosioonikaitse<br \/>\n\u2022 Sisaldab EP-manuseid<\/p>\n<p><strong>Erim\u00e4\u00e4rde Longlife Grease HS 2 EELISED TARBIJALE:<\/strong><br \/>\n\u2022 Tagatud masinate \u00fclihea k\u00e4ivitumine ja soojenemine madalatel temperatuuridel<br \/>\n\u2022 H\u00f5\u00f5rdepaaride pikk t\u00f6\u00f6iga<br \/>\n\u2022 Masinaosade pikk t\u00f6\u00f6iga ja kaitse<br \/>\n\u2022 Tagatud m\u00e4\u00e4rde struktuuri ja pehmuse s\u00e4ilimine, v\u00e4listatud tahkete sadestiste teke<br \/>\n\u2022 M\u00e4\u00e4rde pikk kasutusiga<br \/>\n\u2022 Lubatud otsene kokkupuude veega<br \/>\n\u2022 Masinaosade pikk t\u00f6\u00f6iga<br \/>\n\u2022 Kasutatav rasketes ekspluatatsioonitingimustes<\/p>\n","protected":false},"excerpt":{"rendered":"<p>ADDINOL Longlife Grease HS 2 on v\u00e4ikse viskoossusega s\u00fcnteetilisest baas\u00f5list ja liitiumkompleksseebist valmistatud erim\u00e4\u00e4re. Toode sisaldab s\u00f6\u00f6bimisvastaseid (EP) manuseid ja on heade korrosioonit\u00f5rjeomadustega.<\/p>\n","protected":false},"featured_media":6019,"template":"","meta":{"_acf_changed":false},"viscosity":[],"product_brand":[],"product_cat":[729,151,198],"product_tag":[],"inventory":[],"class_list":{"0":"post-6098","1":"product","2":"type-product","3":"status-publish","4":"has-post-thumbnail","6":"product_cat-maarded-kiiretele-laagritele-ja-madaltemperatuurilisteks-rakendusteks","7":"product_cat-toostusmaardeained","8":"product_cat-maarded-ja-pastad-toostusmaardeained","9":"pa_vali-pakend-400g","11":"first","12":"instock","13":"taxable","14":"shipping-taxable","15":"purchasable","16":"product-type-simple"},"acf":[],"yoast_head":"<!-- This site is optimized with the Yoast SEO plugin v27.5 - https:\/\/yoast.com\/product\/yoast-seo-wordpress\/ -->\n<title>Erim\u00e4\u00e4re Longlife Grease HS 2 - ADDINOL<\/title>\n<meta name=\"robots\" content=\"index, follow, max-snippet:-1, max-image-preview:large, max-video-preview:-1\" \/>\n<link rel=\"canonical\" href=\"https:\/\/uus.addinol.ee\/ru\/toode\/erimaare-longlife-grease-hs-2\/\" \/>\n<meta property=\"og:locale\" content=\"ru_RU\" \/>\n<meta property=\"og:type\" content=\"article\" \/>\n<meta property=\"og:title\" content=\"Erim\u00e4\u00e4re Longlife Grease HS 2 - ADDINOL\" \/>\n<meta property=\"og:description\" content=\"ADDINOL Longlife Grease HS 2 on v\u00e4ikse viskoossusega s\u00fcnteetilisest baas\u00f5list ja liitiumkompleksseebist valmistatud erim\u00e4\u00e4re. Toode sisaldab s\u00f6\u00f6bimisvastaseid (EP) manuseid ja on heade korrosioonit\u00f5rjeomadustega.\" \/>\n<meta property=\"og:url\" content=\"https:\/\/uus.addinol.ee\/ru\/toode\/erimaare-longlife-grease-hs-2\/\" \/>\n<meta property=\"og:site_name\" content=\"ADDINOL\" \/>\n<meta property=\"article:publisher\" content=\"https:\/\/www.facebook.com\/ADDINOLEesti\/\" \/>\n<meta property=\"article:modified_time\" content=\"2025-10-14T08:35:04+00:00\" \/>\n<meta property=\"og:image\" content=\"https:\/\/uus.addinol.ee\/wp-content\/uploads\/2024\/12\/tuub-scaled-4.jpg\" \/>\n\t<meta property=\"og:image:width\" content=\"563\" \/>\n\t<meta property=\"og:image:height\" content=\"1920\" \/>\n\t<meta property=\"og:image:type\" content=\"image\/jpeg\" \/>\n<meta name=\"twitter:card\" content=\"summary_large_image\" \/>\n<meta name=\"twitter:label1\" content=\"\u041f\u0440\u0438\u043c\u0435\u0440\u043d\u043e\u0435 \u0432\u0440\u0435\u043c\u044f \u0434\u043b\u044f \u0447\u0442\u0435\u043d\u0438\u044f\" \/>\n\t<meta name=\"twitter:data1\" content=\"2 \u043c\u0438\u043d\u0443\u0442\u044b\" \/>\n<script type=\"application\/ld+json\" class=\"yoast-schema-graph\">{\"@context\":\"https:\\\/\\\/schema.org\",\"@graph\":[{\"@type\":\"WebPage\",\"@id\":\"https:\\\/\\\/uus.addinol.ee\\\/ru\\\/toode\\\/erimaare-longlife-grease-hs-2\\\/\",\"url\":\"https:\\\/\\\/uus.addinol.ee\\\/ru\\\/toode\\\/erimaare-longlife-grease-hs-2\\\/\",\"name\":\"Erim\u00e4\u00e4re Longlife Grease HS 2 - ADDINOL\",\"isPartOf\":{\"@id\":\"https:\\\/\\\/uus.addinol.ee\\\/ru\\\/#website\"},\"primaryImageOfPage\":{\"@id\":\"https:\\\/\\\/uus.addinol.ee\\\/ru\\\/toode\\\/erimaare-longlife-grease-hs-2\\\/#primaryimage\"},\"image\":{\"@id\":\"https:\\\/\\\/uus.addinol.ee\\\/ru\\\/toode\\\/erimaare-longlife-grease-hs-2\\\/#primaryimage\"},\"thumbnailUrl\":\"https:\\\/\\\/uus.addinol.ee\\\/wp-content\\\/uploads\\\/2024\\\/12\\\/tuub-scaled-4.jpg\",\"datePublished\":\"2024-12-31T12:24:42+00:00\",\"dateModified\":\"2025-10-14T08:35:04+00:00\",\"breadcrumb\":{\"@id\":\"https:\\\/\\\/uus.addinol.ee\\\/ru\\\/toode\\\/erimaare-longlife-grease-hs-2\\\/#breadcrumb\"},\"inLanguage\":\"ru-RU\",\"potentialAction\":[{\"@type\":\"ReadAction\",\"target\":[\"https:\\\/\\\/uus.addinol.ee\\\/ru\\\/toode\\\/erimaare-longlife-grease-hs-2\\\/\"]}]},{\"@type\":\"ImageObject\",\"inLanguage\":\"ru-RU\",\"@id\":\"https:\\\/\\\/uus.addinol.ee\\\/ru\\\/toode\\\/erimaare-longlife-grease-hs-2\\\/#primaryimage\",\"url\":\"https:\\\/\\\/uus.addinol.ee\\\/wp-content\\\/uploads\\\/2024\\\/12\\\/tuub-scaled-4.jpg\",\"contentUrl\":\"https:\\\/\\\/uus.addinol.ee\\\/wp-content\\\/uploads\\\/2024\\\/12\\\/tuub-scaled-4.jpg\",\"width\":563,\"height\":1920,\"caption\":\"Kontakt\u00fchenduste m\u00e4\u00e4re SW 2\"},{\"@type\":\"BreadcrumbList\",\"@id\":\"https:\\\/\\\/uus.addinol.ee\\\/ru\\\/toode\\\/erimaare-longlife-grease-hs-2\\\/#breadcrumb\",\"itemListElement\":[{\"@type\":\"ListItem\",\"position\":1,\"name\":\"ADDINOL\",\"item\":\"https:\\\/\\\/uus.addinol.ee\\\/ru\\\/\"},{\"@type\":\"ListItem\",\"position\":2,\"name\":\"E-pood\",\"item\":\"https:\\\/\\\/uus.addinol.ee\\\/e-pood\\\/\"},{\"@type\":\"ListItem\",\"position\":3,\"name\":\"Erim\u00e4\u00e4re Longlife Grease HS 2\"}]},{\"@type\":\"WebSite\",\"@id\":\"https:\\\/\\\/uus.addinol.ee\\\/ru\\\/#website\",\"url\":\"https:\\\/\\\/uus.addinol.ee\\\/ru\\\/\",\"name\":\"ADDINOL\",\"description\":\"Mootori&otilde;lid ja m&auml;&auml;&auml;rdeained igaks kasutusjuhuks\",\"publisher\":{\"@id\":\"https:\\\/\\\/uus.addinol.ee\\\/ru\\\/#organization\"},\"potentialAction\":[{\"@type\":\"SearchAction\",\"target\":{\"@type\":\"EntryPoint\",\"urlTemplate\":\"https:\\\/\\\/uus.addinol.ee\\\/ru\\\/?s={search_term_string}\"},\"query-input\":{\"@type\":\"PropertyValueSpecification\",\"valueRequired\":true,\"valueName\":\"search_term_string\"}}],\"inLanguage\":\"ru-RU\"},{\"@type\":\"Organization\",\"@id\":\"https:\\\/\\\/uus.addinol.ee\\\/ru\\\/#organization\",\"name\":\"ADDINOL\",\"url\":\"https:\\\/\\\/uus.addinol.ee\\\/ru\\\/\",\"logo\":{\"@type\":\"ImageObject\",\"inLanguage\":\"ru-RU\",\"@id\":\"https:\\\/\\\/uus.addinol.ee\\\/ru\\\/#\\\/schema\\\/logo\\\/image\\\/\",\"url\":\"https:\\\/\\\/uus.addinol.ee\\\/wp-content\\\/uploads\\\/2024\\\/10\\\/1200px-ADDINOL-Logo.webp\",\"contentUrl\":\"https:\\\/\\\/uus.addinol.ee\\\/wp-content\\\/uploads\\\/2024\\\/10\\\/1200px-ADDINOL-Logo.webp\",\"width\":1200,\"height\":431,\"caption\":\"ADDINOL\"},\"image\":{\"@id\":\"https:\\\/\\\/uus.addinol.ee\\\/ru\\\/#\\\/schema\\\/logo\\\/image\\\/\"},\"sameAs\":[\"https:\\\/\\\/www.facebook.com\\\/ADDINOLEesti\\\/\",\"https:\\\/\\\/www.instagram.com\\\/addinol_eesti\\\/\"]}]}<\/script>\n<!-- \/ Yoast SEO plugin. -->","yoast_head_json":{"title":"Erim\u00e4\u00e4re Longlife Grease HS 2 - ADDINOL","robots":{"index":"index","follow":"follow","max-snippet":"max-snippet:-1","max-image-preview":"max-image-preview:large","max-video-preview":"max-video-preview:-1"},"canonical":"https:\/\/uus.addinol.ee\/ru\/toode\/erimaare-longlife-grease-hs-2\/","og_locale":"ru_RU","og_type":"article","og_title":"Erim\u00e4\u00e4re Longlife Grease HS 2 - ADDINOL","og_description":"ADDINOL Longlife Grease HS 2 on v\u00e4ikse viskoossusega s\u00fcnteetilisest baas\u00f5list ja liitiumkompleksseebist valmistatud erim\u00e4\u00e4re. Toode sisaldab s\u00f6\u00f6bimisvastaseid (EP) manuseid ja on heade korrosioonit\u00f5rjeomadustega.","og_url":"https:\/\/uus.addinol.ee\/ru\/toode\/erimaare-longlife-grease-hs-2\/","og_site_name":"ADDINOL","article_publisher":"https:\/\/www.facebook.com\/ADDINOLEesti\/","article_modified_time":"2025-10-14T08:35:04+00:00","og_image":[{"width":563,"height":1920,"url":"https:\/\/uus.addinol.ee\/wp-content\/uploads\/2024\/12\/tuub-scaled-4.jpg","type":"image\/jpeg"}],"twitter_card":"summary_large_image","twitter_misc":{"\u041f\u0440\u0438\u043c\u0435\u0440\u043d\u043e\u0435 \u0432\u0440\u0435\u043c\u044f \u0434\u043b\u044f \u0447\u0442\u0435\u043d\u0438\u044f":"2 \u043c\u0438\u043d\u0443\u0442\u044b"},"schema":{"@context":"https:\/\/schema.org","@graph":[{"@type":"WebPage","@id":"https:\/\/uus.addinol.ee\/ru\/toode\/erimaare-longlife-grease-hs-2\/","url":"https:\/\/uus.addinol.ee\/ru\/toode\/erimaare-longlife-grease-hs-2\/","name":"Erim\u00e4\u00e4re Longlife Grease HS 2 - ADDINOL","isPartOf":{"@id":"https:\/\/uus.addinol.ee\/ru\/#website"},"primaryImageOfPage":{"@id":"https:\/\/uus.addinol.ee\/ru\/toode\/erimaare-longlife-grease-hs-2\/#primaryimage"},"image":{"@id":"https:\/\/uus.addinol.ee\/ru\/toode\/erimaare-longlife-grease-hs-2\/#primaryimage"},"thumbnailUrl":"https:\/\/uus.addinol.ee\/wp-content\/uploads\/2024\/12\/tuub-scaled-4.jpg","datePublished":"2024-12-31T12:24:42+00:00","dateModified":"2025-10-14T08:35:04+00:00","breadcrumb":{"@id":"https:\/\/uus.addinol.ee\/ru\/toode\/erimaare-longlife-grease-hs-2\/#breadcrumb"},"inLanguage":"ru-RU","potentialAction":[{"@type":"ReadAction","target":["https:\/\/uus.addinol.ee\/ru\/toode\/erimaare-longlife-grease-hs-2\/"]}]},{"@type":"ImageObject","inLanguage":"ru-RU","@id":"https:\/\/uus.addinol.ee\/ru\/toode\/erimaare-longlife-grease-hs-2\/#primaryimage","url":"https:\/\/uus.addinol.ee\/wp-content\/uploads\/2024\/12\/tuub-scaled-4.jpg","contentUrl":"https:\/\/uus.addinol.ee\/wp-content\/uploads\/2024\/12\/tuub-scaled-4.jpg","width":563,"height":1920,"caption":"Kontakt\u00fchenduste m\u00e4\u00e4re SW 2"},{"@type":"BreadcrumbList","@id":"https:\/\/uus.addinol.ee\/ru\/toode\/erimaare-longlife-grease-hs-2\/#breadcrumb","itemListElement":[{"@type":"ListItem","position":1,"name":"ADDINOL","item":"https:\/\/uus.addinol.ee\/ru\/"},{"@type":"ListItem","position":2,"name":"E-pood","item":"https:\/\/uus.addinol.ee\/e-pood\/"},{"@type":"ListItem","position":3,"name":"Erim\u00e4\u00e4re Longlife Grease HS 2"}]},{"@type":"WebSite","@id":"https:\/\/uus.addinol.ee\/ru\/#website","url":"https:\/\/uus.addinol.ee\/ru\/","name":"ADDINOL","description":"Mootori&otilde;lid ja m&auml;&auml;&auml;rdeained igaks kasutusjuhuks","publisher":{"@id":"https:\/\/uus.addinol.ee\/ru\/#organization"},"potentialAction":[{"@type":"SearchAction","target":{"@type":"EntryPoint","urlTemplate":"https:\/\/uus.addinol.ee\/ru\/?s={search_term_string}"},"query-input":{"@type":"PropertyValueSpecification","valueRequired":true,"valueName":"search_term_string"}}],"inLanguage":"ru-RU"},{"@type":"Organization","@id":"https:\/\/uus.addinol.ee\/ru\/#organization","name":"ADDINOL","url":"https:\/\/uus.addinol.ee\/ru\/","logo":{"@type":"ImageObject","inLanguage":"ru-RU","@id":"https:\/\/uus.addinol.ee\/ru\/#\/schema\/logo\/image\/","url":"https:\/\/uus.addinol.ee\/wp-content\/uploads\/2024\/10\/1200px-ADDINOL-Logo.webp","contentUrl":"https:\/\/uus.addinol.ee\/wp-content\/uploads\/2024\/10\/1200px-ADDINOL-Logo.webp","width":1200,"height":431,"caption":"ADDINOL"},"image":{"@id":"https:\/\/uus.addinol.ee\/ru\/#\/schema\/logo\/image\/"},"sameAs":["https:\/\/www.facebook.com\/ADDINOLEesti\/","https:\/\/www.instagram.com\/addinol_eesti\/"]}]}},"_links":{"self":[{"href":"https:\/\/uus.addinol.ee\/ru\/wp-json\/wp\/v2\/product\/6098","targetHints":{"allow":["GET"]}}],"collection":[{"href":"https:\/\/uus.addinol.ee\/ru\/wp-json\/wp\/v2\/product"}],"about":[{"href":"https:\/\/uus.addinol.ee\/ru\/wp-json\/wp\/v2\/types\/product"}],"wp:featuredmedia":[{"embeddable":true,"href":"https:\/\/uus.addinol.ee\/ru\/wp-json\/wp\/v2\/media\/6019"}],"wp:attachment":[{"href":"https:\/\/uus.addinol.ee\/ru\/wp-json\/wp\/v2\/media?parent=6098"}],"wp:term":[{"taxonomy":"viscosity","embeddable":true,"href":"https:\/\/uus.addinol.ee\/ru\/wp-json\/wp\/v2\/viscosity?post=6098"},{"taxonomy":"product_brand","embeddable":true,"href":"https:\/\/uus.addinol.ee\/ru\/wp-json\/wp\/v2\/product_brand?post=6098"},{"taxonomy":"product_cat","embeddable":true,"href":"https:\/\/uus.addinol.ee\/ru\/wp-json\/wp\/v2\/product_cat?post=6098"},{"taxonomy":"product_tag","embeddable":true,"href":"https:\/\/uus.addinol.ee\/ru\/wp-json\/wp\/v2\/product_tag?post=6098"},{"taxonomy":"inventory","embeddable":true,"href":"https:\/\/uus.addinol.ee\/ru\/wp-json\/wp\/v2\/inventory?post=6098"}],"curies":[{"name":"wp","href":"https:\/\/api.w.org\/{rel}","templated":true}]}}