{"id":6115,"date":"2024-12-31T12:24:52","date_gmt":"2024-12-31T12:24:52","guid":{"rendered":"https:\/\/addinol.ee\/toode\/mootorioli-super-longlife-md-1047\/"},"modified":"2025-08-24T13:27:20","modified_gmt":"2025-08-24T10:27:20","slug":"mootorioli-super-longlife-md-1047","status":"publish","type":"product","link":"https:\/\/uus.addinol.ee\/ru\/toode\/mootorioli-super-longlife-md-1047\/","title":{"rendered":"Mootori\u00f5li Super Longlife MD 1047"},"content":{"rendered":"<p><strong>Mootori\u00f5li Super Longlife MD 1047 KASUTUSV\u00d5IMALUSED:<\/strong><br \/>\n\u2022 Ette n\u00e4htud raskeimates tingimustes t\u00f6\u00f6tavate tarbes\u00f5idukite turbodiiselmootorite m\u00e4\u00e4rimiseks.<br \/>\n\u2022 Vastavalt mootoritootja ettekirjutustele sobib Mootori\u00f5li Super Longlife MD 1047 kasutamiseks oluliselt pikemate \u00f5livahetusv\u00e4lpadega h\u00f5\u00f5rdumist v\u00e4hendava ja SHPD \u00f5lina.<br \/>\n\u2022 Mootori\u00f5li Super Longlife MD 1047 t\u00e4idab Euro 3 heitgaasinormi n\u00f5udeid.<br \/>\n\u2022 Multiviskoossuse t\u00f5ttu kasutatav aastaringselt k\u00f5ikides ekspluatatsioonitingimustes.<br \/>\n\u2022 Sobib suurep\u00e4raselt kasutamiseks biodiisli j\u00f5ul t\u00f6\u00f6tavates mootorites. \u00d5livahetusv\u00e4lpade m\u00e4\u00e4ramisel l\u00e4htuge s\u00f5idukitootja ettekirjutustest!<\/p>\n<p><strong>Mootori\u00f5li Super Longlife MD 1047 SPETSIFIKATSIOON \/ LITSENTSID:<\/strong><br \/>\nT\u00e4idab ja \u00fcletab rahvusvahelisi spetsifikatsioone:<br \/>\n\u2022 ACEA E7, A3\/B4<br \/>\n\u2022 API CI-4\/SL<br \/>\n\u2022 Global DHD-1<\/p>\n<p>Mootori\u00f5li Super Longlife MD 1047 omab litsentse:<br \/>\n\u2022 MB-litsents 228.3<br \/>\n\u2022 MB-litsents 229.1<br \/>\n\u2022 MAN M 3275-1<br \/>\n\u2022 Volvo VDS-3<br \/>\n\u2022 MTU \u00f5likategooria 2<br \/>\n\u2022 Renault RLD-2<br \/>\n\u2022 Deutz DQC III-10<br \/>\n\u2022 MACK EO-N<br \/>\n\u2022 MACK EO-M Plus<\/p>\n<p><strong>T\u00e4idab n\u00f5udeid:<\/strong><br \/>\n\u2022 Cummins 20076\/77\/78<br \/>\n\u2022 Caterpillar ECF-2<br \/>\n\u2022 DAF<br \/>\n\u2022 Fiat-Iveco<br \/>\n\u2022 teised tarbes\u00f5idukitootjad<\/p>\n<p><strong>Mootori\u00f5li Super Longlife MD 1047 OMADUSED:<\/strong><br \/>\n\u2022 Detergendid-dispergandid tagavad suurep\u00e4rase pesemisv\u00f5ime;<br \/>\n\u2022 \u00dclihea kulumis- ja korrosioonikaitse;<br \/>\n\u2022 Termooks\u00fcdatsioonikindel;<br \/>\n\u2022 Viskoossuse v\u00e4ike s\u00f5ltuvus temperatuurist.<\/p>\n<p><strong>Mootori\u00f5li Super Longlife MD 1047 EELISED TARBIJALE:<\/strong><br \/>\n\u2022 Mootori laitmatu puhtus koos mootori pika t\u00f6\u00f6ea ja v\u00e4iksema \u00f5likuluga;<br \/>\n\u2022 Mootori t\u00f6\u00f6kindlus \u00e4\u00e4rmuslikes tingimustes, mootori pikk t\u00f6\u00f6iga;<br \/>\n\u2022 Vananemiskindlus ja pikendatud \u00f5livahetusv\u00e4lbad;<br \/>\n\u2022 Aastaringne multiviskoosne \u00f5li.<\/p>\n","protected":false},"excerpt":{"rendered":"<p>Mootori\u00f5li ADDINOL Super Longlife MD 1047 ehk mootorisisest h\u00f5\u00f5rdumist v\u00e4hendav Super High Performance diiselmootori\u00f5li (SHPD \u00f5li) on k\u00f5rgtehnoloogiline toode ADDINOLi sortimendis. ADDINOL Super Longlife MD 1047 on pools\u00fcnteetiline diiselmootori\u00f5li viskoossusklassis SAE 10W-40, mis on valmistatud k\u00f5rgkvaliteetsete mineraal\u00f5li rafinaatide, h\u00fcdrokrakk- ja s\u00fcntees\u00f5lide (PAO-de) ning optimaalse manusekomplekti baasil.<\/p>\n","protected":false},"featured_media":6116,"template":"","meta":{"_acf_changed":false},"viscosity":[],"product_brand":[],"product_cat":[150,156,167],"product_tag":[],"inventory":[],"class_list":{"0":"post-6115","1":"product","2":"type-product","3":"status-publish","4":"has-post-thumbnail","6":"product_cat-mootorsoidukite-maardeained","7":"product_cat-mootoriolid","8":"product_cat-tarbesoidukitele","9":"pa_vali-pakend-md1047-superlonglife-205l","10":"pa_vali-pakend-md1047-superlonglife-20l","11":"pa_vali-pakend-md1047-superlonglife-57l","12":"pa_vali-pakend-md1047-superlonglife-5l","13":"pa_vali-pakend-super-longlife-md-1047-205l","14":"pa_vali-pakend-super-longlife-md-1047-20l","15":"pa_vali-pakend-super-longlife-md-1047-57l","16":"pa_vali-pakend-super-longlife-md-1047-5l","18":"first","19":"instock","20":"taxable","21":"shipping-taxable","22":"purchasable","23":"product-type-variable"},"acf":[],"yoast_head":"<!-- This site is optimized with the Yoast SEO plugin v27.5 - https:\/\/yoast.com\/product\/yoast-seo-wordpress\/ -->\n<title>Mootori\u00f5li Super Longlife MD 1047 - ADDINOL<\/title>\n<meta name=\"robots\" content=\"index, follow, max-snippet:-1, max-image-preview:large, max-video-preview:-1\" \/>\n<link rel=\"canonical\" href=\"https:\/\/uus.addinol.ee\/ru\/toode\/mootorioli-super-longlife-md-1047\/\" \/>\n<meta property=\"og:locale\" content=\"ru_RU\" \/>\n<meta property=\"og:type\" content=\"article\" \/>\n<meta property=\"og:title\" content=\"Mootori\u00f5li Super Longlife MD 1047 - ADDINOL\" \/>\n<meta property=\"og:description\" content=\"Mootori\u00f5li ADDINOL Super Longlife MD 1047 ehk mootorisisest h\u00f5\u00f5rdumist v\u00e4hendav Super High Performance diiselmootori\u00f5li (SHPD \u00f5li) on k\u00f5rgtehnoloogiline toode ADDINOLi sortimendis. ADDINOL Super Longlife MD 1047 on pools\u00fcnteetiline diiselmootori\u00f5li viskoossusklassis SAE 10W-40, mis on valmistatud k\u00f5rgkvaliteetsete mineraal\u00f5li rafinaatide, h\u00fcdrokrakk- ja s\u00fcntees\u00f5lide (PAO-de) ning optimaalse manusekomplekti baasil.\" \/>\n<meta property=\"og:url\" content=\"https:\/\/uus.addinol.ee\/ru\/toode\/mootorioli-super-longlife-md-1047\/\" \/>\n<meta property=\"og:site_name\" content=\"ADDINOL\" \/>\n<meta property=\"article:publisher\" content=\"https:\/\/www.facebook.com\/ADDINOLEesti\/\" \/>\n<meta property=\"article:modified_time\" content=\"2025-08-24T10:27:20+00:00\" \/>\n<meta property=\"og:image\" content=\"https:\/\/uus.addinol.ee\/wp-content\/uploads\/2024\/12\/md-1047-super-longlife-3.png\" \/>\n\t<meta property=\"og:image:width\" content=\"2500\" \/>\n\t<meta property=\"og:image:height\" content=\"3536\" \/>\n\t<meta property=\"og:image:type\" content=\"image\/png\" \/>\n<meta name=\"twitter:card\" content=\"summary_large_image\" \/>\n<meta name=\"twitter:label1\" content=\"\u041f\u0440\u0438\u043c\u0435\u0440\u043d\u043e\u0435 \u0432\u0440\u0435\u043c\u044f \u0434\u043b\u044f \u0447\u0442\u0435\u043d\u0438\u044f\" \/>\n\t<meta name=\"twitter:data1\" content=\"1 \u043c\u0438\u043d\u0443\u0442\u0430\" \/>\n<script type=\"application\/ld+json\" class=\"yoast-schema-graph\">{\"@context\":\"https:\\\/\\\/schema.org\",\"@graph\":[{\"@type\":\"WebPage\",\"@id\":\"https:\\\/\\\/uus.addinol.ee\\\/ru\\\/toode\\\/mootorioli-super-longlife-md-1047\\\/\",\"url\":\"https:\\\/\\\/uus.addinol.ee\\\/ru\\\/toode\\\/mootorioli-super-longlife-md-1047\\\/\",\"name\":\"Mootori\u00f5li Super Longlife MD 1047 - ADDINOL\",\"isPartOf\":{\"@id\":\"https:\\\/\\\/uus.addinol.ee\\\/ru\\\/#website\"},\"primaryImageOfPage\":{\"@id\":\"https:\\\/\\\/uus.addinol.ee\\\/ru\\\/toode\\\/mootorioli-super-longlife-md-1047\\\/#primaryimage\"},\"image\":{\"@id\":\"https:\\\/\\\/uus.addinol.ee\\\/ru\\\/toode\\\/mootorioli-super-longlife-md-1047\\\/#primaryimage\"},\"thumbnailUrl\":\"https:\\\/\\\/uus.addinol.ee\\\/wp-content\\\/uploads\\\/2024\\\/12\\\/md-1047-super-longlife-3.png\",\"datePublished\":\"2024-12-31T12:24:52+00:00\",\"dateModified\":\"2025-08-24T10:27:20+00:00\",\"breadcrumb\":{\"@id\":\"https:\\\/\\\/uus.addinol.ee\\\/ru\\\/toode\\\/mootorioli-super-longlife-md-1047\\\/#breadcrumb\"},\"inLanguage\":\"ru-RU\",\"potentialAction\":[{\"@type\":\"ReadAction\",\"target\":[\"https:\\\/\\\/uus.addinol.ee\\\/ru\\\/toode\\\/mootorioli-super-longlife-md-1047\\\/\"]}]},{\"@type\":\"ImageObject\",\"inLanguage\":\"ru-RU\",\"@id\":\"https:\\\/\\\/uus.addinol.ee\\\/ru\\\/toode\\\/mootorioli-super-longlife-md-1047\\\/#primaryimage\",\"url\":\"https:\\\/\\\/uus.addinol.ee\\\/wp-content\\\/uploads\\\/2024\\\/12\\\/md-1047-super-longlife-3.png\",\"contentUrl\":\"https:\\\/\\\/uus.addinol.ee\\\/wp-content\\\/uploads\\\/2024\\\/12\\\/md-1047-super-longlife-3.png\",\"width\":2500,\"height\":3536},{\"@type\":\"BreadcrumbList\",\"@id\":\"https:\\\/\\\/uus.addinol.ee\\\/ru\\\/toode\\\/mootorioli-super-longlife-md-1047\\\/#breadcrumb\",\"itemListElement\":[{\"@type\":\"ListItem\",\"position\":1,\"name\":\"ADDINOL\",\"item\":\"https:\\\/\\\/uus.addinol.ee\\\/ru\\\/\"},{\"@type\":\"ListItem\",\"position\":2,\"name\":\"E-pood\",\"item\":\"https:\\\/\\\/uus.addinol.ee\\\/e-pood\\\/\"},{\"@type\":\"ListItem\",\"position\":3,\"name\":\"Mootori\u00f5li Super Longlife MD 1047\"}]},{\"@type\":\"WebSite\",\"@id\":\"https:\\\/\\\/uus.addinol.ee\\\/ru\\\/#website\",\"url\":\"https:\\\/\\\/uus.addinol.ee\\\/ru\\\/\",\"name\":\"ADDINOL\",\"description\":\"Mootori&otilde;lid ja m&auml;&auml;&auml;rdeained igaks kasutusjuhuks\",\"publisher\":{\"@id\":\"https:\\\/\\\/uus.addinol.ee\\\/ru\\\/#organization\"},\"potentialAction\":[{\"@type\":\"SearchAction\",\"target\":{\"@type\":\"EntryPoint\",\"urlTemplate\":\"https:\\\/\\\/uus.addinol.ee\\\/ru\\\/?s={search_term_string}\"},\"query-input\":{\"@type\":\"PropertyValueSpecification\",\"valueRequired\":true,\"valueName\":\"search_term_string\"}}],\"inLanguage\":\"ru-RU\"},{\"@type\":\"Organization\",\"@id\":\"https:\\\/\\\/uus.addinol.ee\\\/ru\\\/#organization\",\"name\":\"ADDINOL\",\"url\":\"https:\\\/\\\/uus.addinol.ee\\\/ru\\\/\",\"logo\":{\"@type\":\"ImageObject\",\"inLanguage\":\"ru-RU\",\"@id\":\"https:\\\/\\\/uus.addinol.ee\\\/ru\\\/#\\\/schema\\\/logo\\\/image\\\/\",\"url\":\"https:\\\/\\\/uus.addinol.ee\\\/wp-content\\\/uploads\\\/2024\\\/10\\\/1200px-ADDINOL-Logo.webp\",\"contentUrl\":\"https:\\\/\\\/uus.addinol.ee\\\/wp-content\\\/uploads\\\/2024\\\/10\\\/1200px-ADDINOL-Logo.webp\",\"width\":1200,\"height\":431,\"caption\":\"ADDINOL\"},\"image\":{\"@id\":\"https:\\\/\\\/uus.addinol.ee\\\/ru\\\/#\\\/schema\\\/logo\\\/image\\\/\"},\"sameAs\":[\"https:\\\/\\\/www.facebook.com\\\/ADDINOLEesti\\\/\",\"https:\\\/\\\/www.instagram.com\\\/addinol_eesti\\\/\"]}]}<\/script>\n<!-- \/ Yoast SEO plugin. -->","yoast_head_json":{"title":"Mootori\u00f5li Super Longlife MD 1047 - ADDINOL","robots":{"index":"index","follow":"follow","max-snippet":"max-snippet:-1","max-image-preview":"max-image-preview:large","max-video-preview":"max-video-preview:-1"},"canonical":"https:\/\/uus.addinol.ee\/ru\/toode\/mootorioli-super-longlife-md-1047\/","og_locale":"ru_RU","og_type":"article","og_title":"Mootori\u00f5li Super Longlife MD 1047 - ADDINOL","og_description":"Mootori\u00f5li ADDINOL Super Longlife MD 1047 ehk mootorisisest h\u00f5\u00f5rdumist v\u00e4hendav Super High Performance diiselmootori\u00f5li (SHPD \u00f5li) on k\u00f5rgtehnoloogiline toode ADDINOLi sortimendis. ADDINOL Super Longlife MD 1047 on pools\u00fcnteetiline diiselmootori\u00f5li viskoossusklassis SAE 10W-40, mis on valmistatud k\u00f5rgkvaliteetsete mineraal\u00f5li rafinaatide, h\u00fcdrokrakk- ja s\u00fcntees\u00f5lide (PAO-de) ning optimaalse manusekomplekti baasil.","og_url":"https:\/\/uus.addinol.ee\/ru\/toode\/mootorioli-super-longlife-md-1047\/","og_site_name":"ADDINOL","article_publisher":"https:\/\/www.facebook.com\/ADDINOLEesti\/","article_modified_time":"2025-08-24T10:27:20+00:00","og_image":[{"width":2500,"height":3536,"url":"https:\/\/uus.addinol.ee\/wp-content\/uploads\/2024\/12\/md-1047-super-longlife-3.png","type":"image\/png"}],"twitter_card":"summary_large_image","twitter_misc":{"\u041f\u0440\u0438\u043c\u0435\u0440\u043d\u043e\u0435 \u0432\u0440\u0435\u043c\u044f \u0434\u043b\u044f \u0447\u0442\u0435\u043d\u0438\u044f":"1 \u043c\u0438\u043d\u0443\u0442\u0430"},"schema":{"@context":"https:\/\/schema.org","@graph":[{"@type":"WebPage","@id":"https:\/\/uus.addinol.ee\/ru\/toode\/mootorioli-super-longlife-md-1047\/","url":"https:\/\/uus.addinol.ee\/ru\/toode\/mootorioli-super-longlife-md-1047\/","name":"Mootori\u00f5li Super Longlife MD 1047 - ADDINOL","isPartOf":{"@id":"https:\/\/uus.addinol.ee\/ru\/#website"},"primaryImageOfPage":{"@id":"https:\/\/uus.addinol.ee\/ru\/toode\/mootorioli-super-longlife-md-1047\/#primaryimage"},"image":{"@id":"https:\/\/uus.addinol.ee\/ru\/toode\/mootorioli-super-longlife-md-1047\/#primaryimage"},"thumbnailUrl":"https:\/\/uus.addinol.ee\/wp-content\/uploads\/2024\/12\/md-1047-super-longlife-3.png","datePublished":"2024-12-31T12:24:52+00:00","dateModified":"2025-08-24T10:27:20+00:00","breadcrumb":{"@id":"https:\/\/uus.addinol.ee\/ru\/toode\/mootorioli-super-longlife-md-1047\/#breadcrumb"},"inLanguage":"ru-RU","potentialAction":[{"@type":"ReadAction","target":["https:\/\/uus.addinol.ee\/ru\/toode\/mootorioli-super-longlife-md-1047\/"]}]},{"@type":"ImageObject","inLanguage":"ru-RU","@id":"https:\/\/uus.addinol.ee\/ru\/toode\/mootorioli-super-longlife-md-1047\/#primaryimage","url":"https:\/\/uus.addinol.ee\/wp-content\/uploads\/2024\/12\/md-1047-super-longlife-3.png","contentUrl":"https:\/\/uus.addinol.ee\/wp-content\/uploads\/2024\/12\/md-1047-super-longlife-3.png","width":2500,"height":3536},{"@type":"BreadcrumbList","@id":"https:\/\/uus.addinol.ee\/ru\/toode\/mootorioli-super-longlife-md-1047\/#breadcrumb","itemListElement":[{"@type":"ListItem","position":1,"name":"ADDINOL","item":"https:\/\/uus.addinol.ee\/ru\/"},{"@type":"ListItem","position":2,"name":"E-pood","item":"https:\/\/uus.addinol.ee\/e-pood\/"},{"@type":"ListItem","position":3,"name":"Mootori\u00f5li Super Longlife MD 1047"}]},{"@type":"WebSite","@id":"https:\/\/uus.addinol.ee\/ru\/#website","url":"https:\/\/uus.addinol.ee\/ru\/","name":"ADDINOL","description":"Mootori&otilde;lid ja m&auml;&auml;&auml;rdeained igaks kasutusjuhuks","publisher":{"@id":"https:\/\/uus.addinol.ee\/ru\/#organization"},"potentialAction":[{"@type":"SearchAction","target":{"@type":"EntryPoint","urlTemplate":"https:\/\/uus.addinol.ee\/ru\/?s={search_term_string}"},"query-input":{"@type":"PropertyValueSpecification","valueRequired":true,"valueName":"search_term_string"}}],"inLanguage":"ru-RU"},{"@type":"Organization","@id":"https:\/\/uus.addinol.ee\/ru\/#organization","name":"ADDINOL","url":"https:\/\/uus.addinol.ee\/ru\/","logo":{"@type":"ImageObject","inLanguage":"ru-RU","@id":"https:\/\/uus.addinol.ee\/ru\/#\/schema\/logo\/image\/","url":"https:\/\/uus.addinol.ee\/wp-content\/uploads\/2024\/10\/1200px-ADDINOL-Logo.webp","contentUrl":"https:\/\/uus.addinol.ee\/wp-content\/uploads\/2024\/10\/1200px-ADDINOL-Logo.webp","width":1200,"height":431,"caption":"ADDINOL"},"image":{"@id":"https:\/\/uus.addinol.ee\/ru\/#\/schema\/logo\/image\/"},"sameAs":["https:\/\/www.facebook.com\/ADDINOLEesti\/","https:\/\/www.instagram.com\/addinol_eesti\/"]}]}},"_links":{"self":[{"href":"https:\/\/uus.addinol.ee\/ru\/wp-json\/wp\/v2\/product\/6115","targetHints":{"allow":["GET"]}}],"collection":[{"href":"https:\/\/uus.addinol.ee\/ru\/wp-json\/wp\/v2\/product"}],"about":[{"href":"https:\/\/uus.addinol.ee\/ru\/wp-json\/wp\/v2\/types\/product"}],"wp:featuredmedia":[{"embeddable":true,"href":"https:\/\/uus.addinol.ee\/ru\/wp-json\/wp\/v2\/media\/6116"}],"wp:attachment":[{"href":"https:\/\/uus.addinol.ee\/ru\/wp-json\/wp\/v2\/media?parent=6115"}],"wp:term":[{"taxonomy":"viscosity","embeddable":true,"href":"https:\/\/uus.addinol.ee\/ru\/wp-json\/wp\/v2\/viscosity?post=6115"},{"taxonomy":"product_brand","embeddable":true,"href":"https:\/\/uus.addinol.ee\/ru\/wp-json\/wp\/v2\/product_brand?post=6115"},{"taxonomy":"product_cat","embeddable":true,"href":"https:\/\/uus.addinol.ee\/ru\/wp-json\/wp\/v2\/product_cat?post=6115"},{"taxonomy":"product_tag","embeddable":true,"href":"https:\/\/uus.addinol.ee\/ru\/wp-json\/wp\/v2\/product_tag?post=6115"},{"taxonomy":"inventory","embeddable":true,"href":"https:\/\/uus.addinol.ee\/ru\/wp-json\/wp\/v2\/inventory?post=6115"}],"curies":[{"name":"wp","href":"https:\/\/api.w.org\/{rel}","templated":true}]}}