{"id":6124,"date":"2024-12-31T12:24:52","date_gmt":"2024-12-31T12:24:52","guid":{"rendered":"https:\/\/addinol.ee\/toode\/diiselmootorioli-turbo-diesel-md-105\/"},"modified":"2025-08-06T11:47:26","modified_gmt":"2025-08-06T08:47:26","slug":"diiselmootorioli-turbo-diesel-md-105","status":"publish","type":"product","link":"https:\/\/uus.addinol.ee\/ru\/toode\/diiselmootorioli-turbo-diesel-md-105\/","title":{"rendered":"Diiselmootori\u00f5li Turbo Diesel MD 105"},"content":{"rendered":"<p><strong>Diiselmootori\u00f5li Turbo Diesel MD 105 KASUTUSV\u00d5IMALUSED:<\/strong><br \/>\n\u2022 Diiselmootori\u00f5li Turbo Diesel MD 105 on ette n\u00e4htud turbolaaduriga ja turbolaadurita diiselmootorite m\u00e4\u00e4rimiseks:<br \/>\n&#8212; mootors\u00f5idukites,<br \/>\n&#8212; ehitusmasinates ja muudes tarbes\u00f5idukites,<br \/>\n&#8212; statsionaarsetes seadmetes, mis esitavad mootori\u00f5lile v\u00e4ga k\u00f5rgeid n\u00f5udeid.<br \/>\n\u2022 Sobib suurep\u00e4raselt kasutamiseks spetsiaalsetes \u00fclekandemehhanismides, kolbkompressorites ja h\u00fcdros\u00fcsteemides (vastavalt tootja ettekirjutustele).<\/p>\n<p><strong>Diiselmootori\u00f5li Turbo Diesel MD 105 SPETSIFIKATSIOONID:<\/strong><br \/>\nDiiselmootori\u00f5li Turbo Diesel MD 105 t\u00e4idab ja \u00fcletab rahvusvahelisi spetsifikatsioone:<br \/>\n\u2022 ACEA E2<br \/>\n\u2022 API CG-4\/SJ<\/p>\n<p>Diiselmootori\u00f5li Turbo Diesel MD 105 t\u00e4idab n\u00f5udeid:<br \/>\n\u2022 MB 228.0<br \/>\n\u2022 MAN 270<br \/>\n\u2022 MTU \u00f5likategooria 1<br \/>\n\u2022 MD 105: Caterpillar TO-2<\/p>\n<p><strong>Diiselmootori\u00f5li Turbo Diesel MD 105 OMADUSED:<\/strong><br \/>\n\u2022 V\u00e4ga hea pesemisv\u00f5ime<br \/>\n\u2022 Parendatud kulumiskaitse<br \/>\n\u2022 Monoviskoosne \u00f5li<\/p>\n<p><strong>Diiselmootori\u00f5li Turbo Diesel MD 105 EELISED TARBIJALE:<\/strong><br \/>\n\u2022 Puhas mootor<br \/>\n\u2022 \u00dclimalt t\u00f5hus kaitse mehaanilise ja korrosioonkulumise eest<br \/>\n\u2022 Diiselmootori\u00f5li Turbo Diesel MD 105 on kasutatav ka kompressori-, h\u00fcdro- ja transmissiooni\u00f5lina, kui n\u00f5utakse monoviskoosse \u00f5li kasutamist<\/p>\n","protected":false},"excerpt":{"rendered":"<p>Diiselmootori\u00f5li ADDINOL Turbo Diesel MD 105 on monoviskoosne \u00f5li viskoossusklassis SAE 10W. Diiselmootori\u00f5li Turbo Diesel MD 105 optimaalne kombinatsioon k\u00f5rgkvaliteetsetest mineraal\u00f5li rafinaatidest ja innovaatilistest manustest tagab mootori laitmatu puhtuse, korrosiooni- ja kulumisvastase kaitse vastavalt v\u00e4ga k\u00f5rgele j\u00f5udlustasemele.<\/p>\n","protected":false},"featured_media":8539,"template":"","meta":{"_acf_changed":false},"viscosity":[],"product_brand":[],"product_cat":[150,156,167],"product_tag":[],"inventory":[],"class_list":{"0":"post-6124","1":"product","2":"type-product","3":"status-publish","4":"has-post-thumbnail","6":"product_cat-mootorsoidukite-maardeained","7":"product_cat-mootoriolid","8":"product_cat-tarbesoidukitele","9":"pa_vali-pakend-turbo-diesel-md-105-20l","10":"pa_vali-pakend-turbo-diesel-md-105-57l","11":"pa_vali-pakend-md105-turbodiesel-205l","12":"pa_vali-pakend-md105-turbodiesel-20l","13":"pa_vali-pakend-md105-turbodiesel-57l","14":"pa_vali-pakend-turbo-diesel-md-105-205l","16":"first","17":"instock","18":"taxable","19":"shipping-taxable","20":"purchasable","21":"product-type-variable"},"acf":[],"yoast_head":"<!-- This site is optimized with the Yoast SEO plugin v27.5 - https:\/\/yoast.com\/product\/yoast-seo-wordpress\/ -->\n<title>Diiselmootori\u00f5li Turbo Diesel MD 105 - ADDINOL<\/title>\n<meta name=\"robots\" content=\"index, follow, max-snippet:-1, max-image-preview:large, max-video-preview:-1\" \/>\n<link rel=\"canonical\" href=\"https:\/\/uus.addinol.ee\/ru\/toode\/diiselmootorioli-turbo-diesel-md-105\/\" \/>\n<meta property=\"og:locale\" content=\"ru_RU\" \/>\n<meta property=\"og:type\" content=\"article\" \/>\n<meta property=\"og:title\" content=\"Diiselmootori\u00f5li Turbo Diesel MD 105 - ADDINOL\" \/>\n<meta property=\"og:description\" content=\"Diiselmootori\u00f5li ADDINOL Turbo Diesel MD 105 on monoviskoosne \u00f5li viskoossusklassis SAE 10W. Diiselmootori\u00f5li Turbo Diesel MD 105 optimaalne kombinatsioon k\u00f5rgkvaliteetsetest mineraal\u00f5li rafinaatidest ja innovaatilistest manustest tagab mootori laitmatu puhtuse, korrosiooni- ja kulumisvastase kaitse vastavalt v\u00e4ga k\u00f5rgele j\u00f5udlustasemele.\" \/>\n<meta property=\"og:url\" content=\"https:\/\/uus.addinol.ee\/ru\/toode\/diiselmootorioli-turbo-diesel-md-105\/\" \/>\n<meta property=\"og:site_name\" content=\"ADDINOL\" \/>\n<meta property=\"article:publisher\" content=\"https:\/\/www.facebook.com\/ADDINOLEesti\/\" \/>\n<meta property=\"article:modified_time\" content=\"2025-08-06T08:47:26+00:00\" \/>\n<meta property=\"og:image\" content=\"https:\/\/uus.addinol.ee\/wp-content\/uploads\/2025\/05\/205l-vaat-scaled.jpg\" \/>\n\t<meta property=\"og:image:width\" content=\"1549\" \/>\n\t<meta property=\"og:image:height\" content=\"2560\" \/>\n\t<meta property=\"og:image:type\" content=\"image\/jpeg\" \/>\n<meta name=\"twitter:card\" content=\"summary_large_image\" \/>\n<meta name=\"twitter:label1\" content=\"\u041f\u0440\u0438\u043c\u0435\u0440\u043d\u043e\u0435 \u0432\u0440\u0435\u043c\u044f \u0434\u043b\u044f \u0447\u0442\u0435\u043d\u0438\u044f\" \/>\n\t<meta name=\"twitter:data1\" content=\"1 \u043c\u0438\u043d\u0443\u0442\u0430\" \/>\n<script type=\"application\/ld+json\" class=\"yoast-schema-graph\">{\"@context\":\"https:\\\/\\\/schema.org\",\"@graph\":[{\"@type\":\"WebPage\",\"@id\":\"https:\\\/\\\/uus.addinol.ee\\\/ru\\\/toode\\\/diiselmootorioli-turbo-diesel-md-105\\\/\",\"url\":\"https:\\\/\\\/uus.addinol.ee\\\/ru\\\/toode\\\/diiselmootorioli-turbo-diesel-md-105\\\/\",\"name\":\"Diiselmootori\u00f5li Turbo Diesel MD 105 - ADDINOL\",\"isPartOf\":{\"@id\":\"https:\\\/\\\/uus.addinol.ee\\\/ru\\\/#website\"},\"primaryImageOfPage\":{\"@id\":\"https:\\\/\\\/uus.addinol.ee\\\/ru\\\/toode\\\/diiselmootorioli-turbo-diesel-md-105\\\/#primaryimage\"},\"image\":{\"@id\":\"https:\\\/\\\/uus.addinol.ee\\\/ru\\\/toode\\\/diiselmootorioli-turbo-diesel-md-105\\\/#primaryimage\"},\"thumbnailUrl\":\"https:\\\/\\\/uus.addinol.ee\\\/wp-content\\\/uploads\\\/2025\\\/05\\\/205l-vaat-scaled.jpg\",\"datePublished\":\"2024-12-31T12:24:52+00:00\",\"dateModified\":\"2025-08-06T08:47:26+00:00\",\"breadcrumb\":{\"@id\":\"https:\\\/\\\/uus.addinol.ee\\\/ru\\\/toode\\\/diiselmootorioli-turbo-diesel-md-105\\\/#breadcrumb\"},\"inLanguage\":\"ru-RU\",\"potentialAction\":[{\"@type\":\"ReadAction\",\"target\":[\"https:\\\/\\\/uus.addinol.ee\\\/ru\\\/toode\\\/diiselmootorioli-turbo-diesel-md-105\\\/\"]}]},{\"@type\":\"ImageObject\",\"inLanguage\":\"ru-RU\",\"@id\":\"https:\\\/\\\/uus.addinol.ee\\\/ru\\\/toode\\\/diiselmootorioli-turbo-diesel-md-105\\\/#primaryimage\",\"url\":\"https:\\\/\\\/uus.addinol.ee\\\/wp-content\\\/uploads\\\/2025\\\/05\\\/205l-vaat-scaled.jpg\",\"contentUrl\":\"https:\\\/\\\/uus.addinol.ee\\\/wp-content\\\/uploads\\\/2025\\\/05\\\/205l-vaat-scaled.jpg\",\"width\":1549,\"height\":2560},{\"@type\":\"BreadcrumbList\",\"@id\":\"https:\\\/\\\/uus.addinol.ee\\\/ru\\\/toode\\\/diiselmootorioli-turbo-diesel-md-105\\\/#breadcrumb\",\"itemListElement\":[{\"@type\":\"ListItem\",\"position\":1,\"name\":\"ADDINOL\",\"item\":\"https:\\\/\\\/uus.addinol.ee\\\/ru\\\/\"},{\"@type\":\"ListItem\",\"position\":2,\"name\":\"E-pood\",\"item\":\"https:\\\/\\\/uus.addinol.ee\\\/e-pood\\\/\"},{\"@type\":\"ListItem\",\"position\":3,\"name\":\"Diiselmootori\u00f5li Turbo Diesel MD 105\"}]},{\"@type\":\"WebSite\",\"@id\":\"https:\\\/\\\/uus.addinol.ee\\\/ru\\\/#website\",\"url\":\"https:\\\/\\\/uus.addinol.ee\\\/ru\\\/\",\"name\":\"ADDINOL\",\"description\":\"Mootori&otilde;lid ja m&auml;&auml;&auml;rdeained igaks kasutusjuhuks\",\"publisher\":{\"@id\":\"https:\\\/\\\/uus.addinol.ee\\\/ru\\\/#organization\"},\"potentialAction\":[{\"@type\":\"SearchAction\",\"target\":{\"@type\":\"EntryPoint\",\"urlTemplate\":\"https:\\\/\\\/uus.addinol.ee\\\/ru\\\/?s={search_term_string}\"},\"query-input\":{\"@type\":\"PropertyValueSpecification\",\"valueRequired\":true,\"valueName\":\"search_term_string\"}}],\"inLanguage\":\"ru-RU\"},{\"@type\":\"Organization\",\"@id\":\"https:\\\/\\\/uus.addinol.ee\\\/ru\\\/#organization\",\"name\":\"ADDINOL\",\"url\":\"https:\\\/\\\/uus.addinol.ee\\\/ru\\\/\",\"logo\":{\"@type\":\"ImageObject\",\"inLanguage\":\"ru-RU\",\"@id\":\"https:\\\/\\\/uus.addinol.ee\\\/ru\\\/#\\\/schema\\\/logo\\\/image\\\/\",\"url\":\"https:\\\/\\\/uus.addinol.ee\\\/wp-content\\\/uploads\\\/2024\\\/10\\\/1200px-ADDINOL-Logo.webp\",\"contentUrl\":\"https:\\\/\\\/uus.addinol.ee\\\/wp-content\\\/uploads\\\/2024\\\/10\\\/1200px-ADDINOL-Logo.webp\",\"width\":1200,\"height\":431,\"caption\":\"ADDINOL\"},\"image\":{\"@id\":\"https:\\\/\\\/uus.addinol.ee\\\/ru\\\/#\\\/schema\\\/logo\\\/image\\\/\"},\"sameAs\":[\"https:\\\/\\\/www.facebook.com\\\/ADDINOLEesti\\\/\",\"https:\\\/\\\/www.instagram.com\\\/addinol_eesti\\\/\"]}]}<\/script>\n<!-- \/ Yoast SEO plugin. -->","yoast_head_json":{"title":"Diiselmootori\u00f5li Turbo Diesel MD 105 - ADDINOL","robots":{"index":"index","follow":"follow","max-snippet":"max-snippet:-1","max-image-preview":"max-image-preview:large","max-video-preview":"max-video-preview:-1"},"canonical":"https:\/\/uus.addinol.ee\/ru\/toode\/diiselmootorioli-turbo-diesel-md-105\/","og_locale":"ru_RU","og_type":"article","og_title":"Diiselmootori\u00f5li Turbo Diesel MD 105 - ADDINOL","og_description":"Diiselmootori\u00f5li ADDINOL Turbo Diesel MD 105 on monoviskoosne \u00f5li viskoossusklassis SAE 10W. Diiselmootori\u00f5li Turbo Diesel MD 105 optimaalne kombinatsioon k\u00f5rgkvaliteetsetest mineraal\u00f5li rafinaatidest ja innovaatilistest manustest tagab mootori laitmatu puhtuse, korrosiooni- ja kulumisvastase kaitse vastavalt v\u00e4ga k\u00f5rgele j\u00f5udlustasemele.","og_url":"https:\/\/uus.addinol.ee\/ru\/toode\/diiselmootorioli-turbo-diesel-md-105\/","og_site_name":"ADDINOL","article_publisher":"https:\/\/www.facebook.com\/ADDINOLEesti\/","article_modified_time":"2025-08-06T08:47:26+00:00","og_image":[{"width":1549,"height":2560,"url":"https:\/\/uus.addinol.ee\/wp-content\/uploads\/2025\/05\/205l-vaat-scaled.jpg","type":"image\/jpeg"}],"twitter_card":"summary_large_image","twitter_misc":{"\u041f\u0440\u0438\u043c\u0435\u0440\u043d\u043e\u0435 \u0432\u0440\u0435\u043c\u044f \u0434\u043b\u044f \u0447\u0442\u0435\u043d\u0438\u044f":"1 \u043c\u0438\u043d\u0443\u0442\u0430"},"schema":{"@context":"https:\/\/schema.org","@graph":[{"@type":"WebPage","@id":"https:\/\/uus.addinol.ee\/ru\/toode\/diiselmootorioli-turbo-diesel-md-105\/","url":"https:\/\/uus.addinol.ee\/ru\/toode\/diiselmootorioli-turbo-diesel-md-105\/","name":"Diiselmootori\u00f5li Turbo Diesel MD 105 - ADDINOL","isPartOf":{"@id":"https:\/\/uus.addinol.ee\/ru\/#website"},"primaryImageOfPage":{"@id":"https:\/\/uus.addinol.ee\/ru\/toode\/diiselmootorioli-turbo-diesel-md-105\/#primaryimage"},"image":{"@id":"https:\/\/uus.addinol.ee\/ru\/toode\/diiselmootorioli-turbo-diesel-md-105\/#primaryimage"},"thumbnailUrl":"https:\/\/uus.addinol.ee\/wp-content\/uploads\/2025\/05\/205l-vaat-scaled.jpg","datePublished":"2024-12-31T12:24:52+00:00","dateModified":"2025-08-06T08:47:26+00:00","breadcrumb":{"@id":"https:\/\/uus.addinol.ee\/ru\/toode\/diiselmootorioli-turbo-diesel-md-105\/#breadcrumb"},"inLanguage":"ru-RU","potentialAction":[{"@type":"ReadAction","target":["https:\/\/uus.addinol.ee\/ru\/toode\/diiselmootorioli-turbo-diesel-md-105\/"]}]},{"@type":"ImageObject","inLanguage":"ru-RU","@id":"https:\/\/uus.addinol.ee\/ru\/toode\/diiselmootorioli-turbo-diesel-md-105\/#primaryimage","url":"https:\/\/uus.addinol.ee\/wp-content\/uploads\/2025\/05\/205l-vaat-scaled.jpg","contentUrl":"https:\/\/uus.addinol.ee\/wp-content\/uploads\/2025\/05\/205l-vaat-scaled.jpg","width":1549,"height":2560},{"@type":"BreadcrumbList","@id":"https:\/\/uus.addinol.ee\/ru\/toode\/diiselmootorioli-turbo-diesel-md-105\/#breadcrumb","itemListElement":[{"@type":"ListItem","position":1,"name":"ADDINOL","item":"https:\/\/uus.addinol.ee\/ru\/"},{"@type":"ListItem","position":2,"name":"E-pood","item":"https:\/\/uus.addinol.ee\/e-pood\/"},{"@type":"ListItem","position":3,"name":"Diiselmootori\u00f5li Turbo Diesel MD 105"}]},{"@type":"WebSite","@id":"https:\/\/uus.addinol.ee\/ru\/#website","url":"https:\/\/uus.addinol.ee\/ru\/","name":"ADDINOL","description":"Mootori&otilde;lid ja m&auml;&auml;&auml;rdeained igaks kasutusjuhuks","publisher":{"@id":"https:\/\/uus.addinol.ee\/ru\/#organization"},"potentialAction":[{"@type":"SearchAction","target":{"@type":"EntryPoint","urlTemplate":"https:\/\/uus.addinol.ee\/ru\/?s={search_term_string}"},"query-input":{"@type":"PropertyValueSpecification","valueRequired":true,"valueName":"search_term_string"}}],"inLanguage":"ru-RU"},{"@type":"Organization","@id":"https:\/\/uus.addinol.ee\/ru\/#organization","name":"ADDINOL","url":"https:\/\/uus.addinol.ee\/ru\/","logo":{"@type":"ImageObject","inLanguage":"ru-RU","@id":"https:\/\/uus.addinol.ee\/ru\/#\/schema\/logo\/image\/","url":"https:\/\/uus.addinol.ee\/wp-content\/uploads\/2024\/10\/1200px-ADDINOL-Logo.webp","contentUrl":"https:\/\/uus.addinol.ee\/wp-content\/uploads\/2024\/10\/1200px-ADDINOL-Logo.webp","width":1200,"height":431,"caption":"ADDINOL"},"image":{"@id":"https:\/\/uus.addinol.ee\/ru\/#\/schema\/logo\/image\/"},"sameAs":["https:\/\/www.facebook.com\/ADDINOLEesti\/","https:\/\/www.instagram.com\/addinol_eesti\/"]}]}},"_links":{"self":[{"href":"https:\/\/uus.addinol.ee\/ru\/wp-json\/wp\/v2\/product\/6124","targetHints":{"allow":["GET"]}}],"collection":[{"href":"https:\/\/uus.addinol.ee\/ru\/wp-json\/wp\/v2\/product"}],"about":[{"href":"https:\/\/uus.addinol.ee\/ru\/wp-json\/wp\/v2\/types\/product"}],"wp:featuredmedia":[{"embeddable":true,"href":"https:\/\/uus.addinol.ee\/ru\/wp-json\/wp\/v2\/media\/8539"}],"wp:attachment":[{"href":"https:\/\/uus.addinol.ee\/ru\/wp-json\/wp\/v2\/media?parent=6124"}],"wp:term":[{"taxonomy":"viscosity","embeddable":true,"href":"https:\/\/uus.addinol.ee\/ru\/wp-json\/wp\/v2\/viscosity?post=6124"},{"taxonomy":"product_brand","embeddable":true,"href":"https:\/\/uus.addinol.ee\/ru\/wp-json\/wp\/v2\/product_brand?post=6124"},{"taxonomy":"product_cat","embeddable":true,"href":"https:\/\/uus.addinol.ee\/ru\/wp-json\/wp\/v2\/product_cat?post=6124"},{"taxonomy":"product_tag","embeddable":true,"href":"https:\/\/uus.addinol.ee\/ru\/wp-json\/wp\/v2\/product_tag?post=6124"},{"taxonomy":"inventory","embeddable":true,"href":"https:\/\/uus.addinol.ee\/ru\/wp-json\/wp\/v2\/inventory?post=6124"}],"curies":[{"name":"wp","href":"https:\/\/api.w.org\/{rel}","templated":true}]}}