{"id":6137,"date":"2024-12-31T12:25:24","date_gmt":"2024-12-31T12:25:24","guid":{"rendered":"https:\/\/addinol.ee\/toode\/traktorioli-super-traktor-mu-1035\/"},"modified":"2025-10-14T11:35:06","modified_gmt":"2025-10-14T08:35:06","slug":"traktorioli-super-traktor-mu-1035","status":"publish","type":"product","link":"https:\/\/uus.addinol.ee\/ru\/toode\/traktorioli-super-traktor-mu-1035\/","title":{"rendered":"Traktori\u00f5li Super Traktor MU 1035"},"content":{"rendered":"<p><strong>Traktori\u00f5li Super Traktor MU 1035 KASUTUSV\u00d5IMALUSED:<\/strong><br \/>\n\u2022 Ette n\u00e4htud kasutamiseks traktori\u00f5lina mootorites, transmissioonides, h\u00fcdros\u00fcsteemides, diferentsiaalides, l\u00f5pp\u00fclekannetes, m\u00e4rgpidurites ja powershift-sidurites.<br \/>\n\u2022 Traktori\u00f5li Super Traktor MU 1035 tagab t\u00e4nap\u00e4evaste mootorite, j\u00f5u\u00fclekande- ja h\u00fcdros\u00fcsteemide optimaalse t\u00f6\u00f6.<\/p>\n<p><strong>Traktori\u00f5li Super Traktor MU 1035 SPETSIFIKATSIOONID:<\/strong><br \/>\nTraktori\u00f5li Super Traktor MU 1035 t\u00e4idab ja \u00fcletab rahvusvahelisi spetsifikatsioone:<br \/>\n\u2022 ACEA E2\/E3<br \/>\n\u2022 API CG-4\/CF-4\/SF<br \/>\n\u2022 MIL-L-2104D<\/p>\n<p>Traktori\u00f5li Super Traktor MU 1035 t\u00e4idab n\u00f5udeid kasutamiseks transmissioonides ja m\u00e4rgpidurites:<br \/>\n\u2022 API GL-4<\/p>\n<p>Traktori\u00f5li Super Traktor MU 1035 t\u00e4idab n\u00f5udeid kasutamiseks h\u00fcdros\u00fcsteemides:<br \/>\n\u2022 DIN 51524-3 \u2013 HVLPD<\/p>\n<p>Traktori\u00f5li Super Traktor MU 1035 t\u00e4idab n\u00f5udeid vastavalt OEM SAE klassifikatsioonile:<br \/>\n\u2022 MB 228.3\/228.1\/227.1<br \/>\n\u2022 Massey Ferguson M 1145\/1144\/1139<br \/>\n\u2022 John Deere JDM J 27\/J20C<br \/>\n\u2022 Ford M2C-159-B<br \/>\n\u2022 Allison C4<br \/>\n\u2022 Caterpillar TO-2<br \/>\n\u2022 MAN 271<br \/>\n\u2022 ZF TE-ML 06B (h\u00f5lmab C, Q, R), 07B<br \/>\n\u2022 Fendt KDM 41.2011 (Vario) \u2013 MU 1545<\/p>\n<p><strong>Traktori\u00f5li Super Traktor MU 1035 OMADUSED:<\/strong><br \/>\n\u2022 Viskoossuse v\u00e4ike s\u00f5ltuvus temperatuurist<br \/>\n\u2022 Multiviskoosne<br \/>\n\u2022 Parendatud korrosiooni- ja kulumiskaitse<\/p>\n<p><strong>Traktori\u00f5li Super Traktor MU 1035 EELISED TARBIJALE:<\/strong><br \/>\n\u2022 Tagatud t\u00f6\u00f6kindlus ka k\u00fclmades ja vahelduvates kliimatingimustes<br \/>\n\u2022 Kasutatav aastaringselt<br \/>\n\u2022 Mootorite, j\u00f5u\u00fclekande- ja h\u00fcdros\u00fcsteemide pikk t\u00f6\u00f6iga<\/p>\n","protected":false},"excerpt":{"rendered":"<p>Traktori\u00f5li Super Traktor MU 1035 kuulub SAE 10W-30 klassi. Pools\u00fcnteetiline traktori\u00f5li ADDINOL Super Traktor MU 1035 on STOU (Super Tractor Oil Universal) t\u00fc\u00fcpi universaalne \u00f5li kasutamiseks p\u00f5llu- ja metsatehnikas. Traktori\u00f5li ADDINOL Super Traktor MU 1035 sisaldab uusimal tehnoloogial p\u00f5hinevat manusekomplekti, mis tagab mootori puhtuse, \u00f5li dispergeerimisv\u00f5ime, korrosiooni- ja kulumisvastase kaitse, termooks\u00fcdatsioonikindluse ning v\u00e4iksema m\u00fcra k\u00e4ikude vahetamisel ja pidurdamisel.<\/p>\n","protected":false},"featured_media":10739,"template":"","meta":{"_acf_changed":false},"viscosity":[746],"product_brand":[],"product_cat":[150,158],"product_tag":[],"inventory":[],"class_list":{"0":"post-6137","1":"product","2":"type-product","3":"status-publish","4":"has-post-thumbnail","6":"viscosity-10w-30","7":"product_cat-mootorsoidukite-maardeained","8":"product_cat-traktoriolid","9":"pa_vali-pakend-20l","11":"first","12":"onbackorder","13":"taxable","14":"shipping-taxable","15":"purchasable","16":"product-type-simple"},"acf":[],"yoast_head":"<!-- This site is optimized with the Yoast SEO plugin v27.5 - https:\/\/yoast.com\/product\/yoast-seo-wordpress\/ -->\n<title>Traktori\u00f5li Super Traktor MU 1035 - ADDINOL<\/title>\n<meta name=\"robots\" content=\"index, follow, max-snippet:-1, max-image-preview:large, max-video-preview:-1\" \/>\n<link rel=\"canonical\" href=\"https:\/\/uus.addinol.ee\/ru\/toode\/traktorioli-super-traktor-mu-1035\/\" \/>\n<meta property=\"og:locale\" content=\"ru_RU\" \/>\n<meta property=\"og:type\" content=\"article\" \/>\n<meta property=\"og:title\" content=\"Traktori\u00f5li Super Traktor MU 1035 - ADDINOL\" \/>\n<meta property=\"og:description\" content=\"Traktori\u00f5li Super Traktor MU 1035 kuulub SAE 10W-30 klassi. Pools\u00fcnteetiline traktori\u00f5li ADDINOL Super Traktor MU 1035 on STOU (Super Tractor Oil Universal) t\u00fc\u00fcpi universaalne \u00f5li kasutamiseks p\u00f5llu- ja metsatehnikas. Traktori\u00f5li ADDINOL Super Traktor MU 1035 sisaldab uusimal tehnoloogial p\u00f5hinevat manusekomplekti, mis tagab mootori puhtuse, \u00f5li dispergeerimisv\u00f5ime, korrosiooni- ja kulumisvastase kaitse, termooks\u00fcdatsioonikindluse ning v\u00e4iksema m\u00fcra k\u00e4ikude vahetamisel ja pidurdamisel.\" \/>\n<meta property=\"og:url\" content=\"https:\/\/uus.addinol.ee\/ru\/toode\/traktorioli-super-traktor-mu-1035\/\" \/>\n<meta property=\"og:site_name\" content=\"ADDINOL\" \/>\n<meta property=\"article:publisher\" content=\"https:\/\/www.facebook.com\/ADDINOLEesti\/\" \/>\n<meta property=\"article:modified_time\" content=\"2025-10-14T08:35:06+00:00\" \/>\n<meta property=\"og:image\" content=\"https:\/\/uus.addinol.ee\/wp-content\/uploads\/2024\/12\/72202263_super-traktor-mu-1035_20l-can-e1750862588765.png\" \/>\n\t<meta property=\"og:image:width\" content=\"1000\" \/>\n\t<meta property=\"og:image:height\" content=\"957\" \/>\n\t<meta property=\"og:image:type\" content=\"image\/png\" \/>\n<meta name=\"twitter:card\" content=\"summary_large_image\" \/>\n<meta name=\"twitter:label1\" content=\"\u041f\u0440\u0438\u043c\u0435\u0440\u043d\u043e\u0435 \u0432\u0440\u0435\u043c\u044f \u0434\u043b\u044f \u0447\u0442\u0435\u043d\u0438\u044f\" \/>\n\t<meta name=\"twitter:data1\" content=\"2 \u043c\u0438\u043d\u0443\u0442\u044b\" \/>\n<script type=\"application\/ld+json\" class=\"yoast-schema-graph\">{\"@context\":\"https:\\\/\\\/schema.org\",\"@graph\":[{\"@type\":\"WebPage\",\"@id\":\"https:\\\/\\\/uus.addinol.ee\\\/ru\\\/toode\\\/traktorioli-super-traktor-mu-1035\\\/\",\"url\":\"https:\\\/\\\/uus.addinol.ee\\\/ru\\\/toode\\\/traktorioli-super-traktor-mu-1035\\\/\",\"name\":\"Traktori\u00f5li Super Traktor MU 1035 - ADDINOL\",\"isPartOf\":{\"@id\":\"https:\\\/\\\/uus.addinol.ee\\\/ru\\\/#website\"},\"primaryImageOfPage\":{\"@id\":\"https:\\\/\\\/uus.addinol.ee\\\/ru\\\/toode\\\/traktorioli-super-traktor-mu-1035\\\/#primaryimage\"},\"image\":{\"@id\":\"https:\\\/\\\/uus.addinol.ee\\\/ru\\\/toode\\\/traktorioli-super-traktor-mu-1035\\\/#primaryimage\"},\"thumbnailUrl\":\"https:\\\/\\\/uus.addinol.ee\\\/wp-content\\\/uploads\\\/2024\\\/12\\\/72202263_super-traktor-mu-1035_20l-can-e1750862588765.png\",\"datePublished\":\"2024-12-31T12:25:24+00:00\",\"dateModified\":\"2025-10-14T08:35:06+00:00\",\"breadcrumb\":{\"@id\":\"https:\\\/\\\/uus.addinol.ee\\\/ru\\\/toode\\\/traktorioli-super-traktor-mu-1035\\\/#breadcrumb\"},\"inLanguage\":\"ru-RU\",\"potentialAction\":[{\"@type\":\"ReadAction\",\"target\":[\"https:\\\/\\\/uus.addinol.ee\\\/ru\\\/toode\\\/traktorioli-super-traktor-mu-1035\\\/\"]}]},{\"@type\":\"ImageObject\",\"inLanguage\":\"ru-RU\",\"@id\":\"https:\\\/\\\/uus.addinol.ee\\\/ru\\\/toode\\\/traktorioli-super-traktor-mu-1035\\\/#primaryimage\",\"url\":\"https:\\\/\\\/uus.addinol.ee\\\/wp-content\\\/uploads\\\/2024\\\/12\\\/72202263_super-traktor-mu-1035_20l-can-e1750862588765.png\",\"contentUrl\":\"https:\\\/\\\/uus.addinol.ee\\\/wp-content\\\/uploads\\\/2024\\\/12\\\/72202263_super-traktor-mu-1035_20l-can-e1750862588765.png\",\"width\":1000,\"height\":957},{\"@type\":\"BreadcrumbList\",\"@id\":\"https:\\\/\\\/uus.addinol.ee\\\/ru\\\/toode\\\/traktorioli-super-traktor-mu-1035\\\/#breadcrumb\",\"itemListElement\":[{\"@type\":\"ListItem\",\"position\":1,\"name\":\"ADDINOL\",\"item\":\"https:\\\/\\\/uus.addinol.ee\\\/ru\\\/\"},{\"@type\":\"ListItem\",\"position\":2,\"name\":\"E-pood\",\"item\":\"https:\\\/\\\/uus.addinol.ee\\\/e-pood\\\/\"},{\"@type\":\"ListItem\",\"position\":3,\"name\":\"Traktori\u00f5li Super Traktor MU 1035\"}]},{\"@type\":\"WebSite\",\"@id\":\"https:\\\/\\\/uus.addinol.ee\\\/ru\\\/#website\",\"url\":\"https:\\\/\\\/uus.addinol.ee\\\/ru\\\/\",\"name\":\"ADDINOL\",\"description\":\"Mootori&otilde;lid ja m&auml;&auml;&auml;rdeained igaks kasutusjuhuks\",\"publisher\":{\"@id\":\"https:\\\/\\\/uus.addinol.ee\\\/ru\\\/#organization\"},\"potentialAction\":[{\"@type\":\"SearchAction\",\"target\":{\"@type\":\"EntryPoint\",\"urlTemplate\":\"https:\\\/\\\/uus.addinol.ee\\\/ru\\\/?s={search_term_string}\"},\"query-input\":{\"@type\":\"PropertyValueSpecification\",\"valueRequired\":true,\"valueName\":\"search_term_string\"}}],\"inLanguage\":\"ru-RU\"},{\"@type\":\"Organization\",\"@id\":\"https:\\\/\\\/uus.addinol.ee\\\/ru\\\/#organization\",\"name\":\"ADDINOL\",\"url\":\"https:\\\/\\\/uus.addinol.ee\\\/ru\\\/\",\"logo\":{\"@type\":\"ImageObject\",\"inLanguage\":\"ru-RU\",\"@id\":\"https:\\\/\\\/uus.addinol.ee\\\/ru\\\/#\\\/schema\\\/logo\\\/image\\\/\",\"url\":\"https:\\\/\\\/uus.addinol.ee\\\/wp-content\\\/uploads\\\/2024\\\/10\\\/1200px-ADDINOL-Logo.webp\",\"contentUrl\":\"https:\\\/\\\/uus.addinol.ee\\\/wp-content\\\/uploads\\\/2024\\\/10\\\/1200px-ADDINOL-Logo.webp\",\"width\":1200,\"height\":431,\"caption\":\"ADDINOL\"},\"image\":{\"@id\":\"https:\\\/\\\/uus.addinol.ee\\\/ru\\\/#\\\/schema\\\/logo\\\/image\\\/\"},\"sameAs\":[\"https:\\\/\\\/www.facebook.com\\\/ADDINOLEesti\\\/\",\"https:\\\/\\\/www.instagram.com\\\/addinol_eesti\\\/\"]}]}<\/script>\n<!-- \/ Yoast SEO plugin. -->","yoast_head_json":{"title":"Traktori\u00f5li Super Traktor MU 1035 - ADDINOL","robots":{"index":"index","follow":"follow","max-snippet":"max-snippet:-1","max-image-preview":"max-image-preview:large","max-video-preview":"max-video-preview:-1"},"canonical":"https:\/\/uus.addinol.ee\/ru\/toode\/traktorioli-super-traktor-mu-1035\/","og_locale":"ru_RU","og_type":"article","og_title":"Traktori\u00f5li Super Traktor MU 1035 - ADDINOL","og_description":"Traktori\u00f5li Super Traktor MU 1035 kuulub SAE 10W-30 klassi. Pools\u00fcnteetiline traktori\u00f5li ADDINOL Super Traktor MU 1035 on STOU (Super Tractor Oil Universal) t\u00fc\u00fcpi universaalne \u00f5li kasutamiseks p\u00f5llu- ja metsatehnikas. Traktori\u00f5li ADDINOL Super Traktor MU 1035 sisaldab uusimal tehnoloogial p\u00f5hinevat manusekomplekti, mis tagab mootori puhtuse, \u00f5li dispergeerimisv\u00f5ime, korrosiooni- ja kulumisvastase kaitse, termooks\u00fcdatsioonikindluse ning v\u00e4iksema m\u00fcra k\u00e4ikude vahetamisel ja pidurdamisel.","og_url":"https:\/\/uus.addinol.ee\/ru\/toode\/traktorioli-super-traktor-mu-1035\/","og_site_name":"ADDINOL","article_publisher":"https:\/\/www.facebook.com\/ADDINOLEesti\/","article_modified_time":"2025-10-14T08:35:06+00:00","og_image":[{"width":1000,"height":957,"url":"https:\/\/uus.addinol.ee\/wp-content\/uploads\/2024\/12\/72202263_super-traktor-mu-1035_20l-can-e1750862588765.png","type":"image\/png"}],"twitter_card":"summary_large_image","twitter_misc":{"\u041f\u0440\u0438\u043c\u0435\u0440\u043d\u043e\u0435 \u0432\u0440\u0435\u043c\u044f \u0434\u043b\u044f \u0447\u0442\u0435\u043d\u0438\u044f":"2 \u043c\u0438\u043d\u0443\u0442\u044b"},"schema":{"@context":"https:\/\/schema.org","@graph":[{"@type":"WebPage","@id":"https:\/\/uus.addinol.ee\/ru\/toode\/traktorioli-super-traktor-mu-1035\/","url":"https:\/\/uus.addinol.ee\/ru\/toode\/traktorioli-super-traktor-mu-1035\/","name":"Traktori\u00f5li Super Traktor MU 1035 - ADDINOL","isPartOf":{"@id":"https:\/\/uus.addinol.ee\/ru\/#website"},"primaryImageOfPage":{"@id":"https:\/\/uus.addinol.ee\/ru\/toode\/traktorioli-super-traktor-mu-1035\/#primaryimage"},"image":{"@id":"https:\/\/uus.addinol.ee\/ru\/toode\/traktorioli-super-traktor-mu-1035\/#primaryimage"},"thumbnailUrl":"https:\/\/uus.addinol.ee\/wp-content\/uploads\/2024\/12\/72202263_super-traktor-mu-1035_20l-can-e1750862588765.png","datePublished":"2024-12-31T12:25:24+00:00","dateModified":"2025-10-14T08:35:06+00:00","breadcrumb":{"@id":"https:\/\/uus.addinol.ee\/ru\/toode\/traktorioli-super-traktor-mu-1035\/#breadcrumb"},"inLanguage":"ru-RU","potentialAction":[{"@type":"ReadAction","target":["https:\/\/uus.addinol.ee\/ru\/toode\/traktorioli-super-traktor-mu-1035\/"]}]},{"@type":"ImageObject","inLanguage":"ru-RU","@id":"https:\/\/uus.addinol.ee\/ru\/toode\/traktorioli-super-traktor-mu-1035\/#primaryimage","url":"https:\/\/uus.addinol.ee\/wp-content\/uploads\/2024\/12\/72202263_super-traktor-mu-1035_20l-can-e1750862588765.png","contentUrl":"https:\/\/uus.addinol.ee\/wp-content\/uploads\/2024\/12\/72202263_super-traktor-mu-1035_20l-can-e1750862588765.png","width":1000,"height":957},{"@type":"BreadcrumbList","@id":"https:\/\/uus.addinol.ee\/ru\/toode\/traktorioli-super-traktor-mu-1035\/#breadcrumb","itemListElement":[{"@type":"ListItem","position":1,"name":"ADDINOL","item":"https:\/\/uus.addinol.ee\/ru\/"},{"@type":"ListItem","position":2,"name":"E-pood","item":"https:\/\/uus.addinol.ee\/e-pood\/"},{"@type":"ListItem","position":3,"name":"Traktori\u00f5li Super Traktor MU 1035"}]},{"@type":"WebSite","@id":"https:\/\/uus.addinol.ee\/ru\/#website","url":"https:\/\/uus.addinol.ee\/ru\/","name":"ADDINOL","description":"Mootori&otilde;lid ja m&auml;&auml;&auml;rdeained igaks kasutusjuhuks","publisher":{"@id":"https:\/\/uus.addinol.ee\/ru\/#organization"},"potentialAction":[{"@type":"SearchAction","target":{"@type":"EntryPoint","urlTemplate":"https:\/\/uus.addinol.ee\/ru\/?s={search_term_string}"},"query-input":{"@type":"PropertyValueSpecification","valueRequired":true,"valueName":"search_term_string"}}],"inLanguage":"ru-RU"},{"@type":"Organization","@id":"https:\/\/uus.addinol.ee\/ru\/#organization","name":"ADDINOL","url":"https:\/\/uus.addinol.ee\/ru\/","logo":{"@type":"ImageObject","inLanguage":"ru-RU","@id":"https:\/\/uus.addinol.ee\/ru\/#\/schema\/logo\/image\/","url":"https:\/\/uus.addinol.ee\/wp-content\/uploads\/2024\/10\/1200px-ADDINOL-Logo.webp","contentUrl":"https:\/\/uus.addinol.ee\/wp-content\/uploads\/2024\/10\/1200px-ADDINOL-Logo.webp","width":1200,"height":431,"caption":"ADDINOL"},"image":{"@id":"https:\/\/uus.addinol.ee\/ru\/#\/schema\/logo\/image\/"},"sameAs":["https:\/\/www.facebook.com\/ADDINOLEesti\/","https:\/\/www.instagram.com\/addinol_eesti\/"]}]}},"_links":{"self":[{"href":"https:\/\/uus.addinol.ee\/ru\/wp-json\/wp\/v2\/product\/6137","targetHints":{"allow":["GET"]}}],"collection":[{"href":"https:\/\/uus.addinol.ee\/ru\/wp-json\/wp\/v2\/product"}],"about":[{"href":"https:\/\/uus.addinol.ee\/ru\/wp-json\/wp\/v2\/types\/product"}],"wp:featuredmedia":[{"embeddable":true,"href":"https:\/\/uus.addinol.ee\/ru\/wp-json\/wp\/v2\/media\/10739"}],"wp:attachment":[{"href":"https:\/\/uus.addinol.ee\/ru\/wp-json\/wp\/v2\/media?parent=6137"}],"wp:term":[{"taxonomy":"viscosity","embeddable":true,"href":"https:\/\/uus.addinol.ee\/ru\/wp-json\/wp\/v2\/viscosity?post=6137"},{"taxonomy":"product_brand","embeddable":true,"href":"https:\/\/uus.addinol.ee\/ru\/wp-json\/wp\/v2\/product_brand?post=6137"},{"taxonomy":"product_cat","embeddable":true,"href":"https:\/\/uus.addinol.ee\/ru\/wp-json\/wp\/v2\/product_cat?post=6137"},{"taxonomy":"product_tag","embeddable":true,"href":"https:\/\/uus.addinol.ee\/ru\/wp-json\/wp\/v2\/product_tag?post=6137"},{"taxonomy":"inventory","embeddable":true,"href":"https:\/\/uus.addinol.ee\/ru\/wp-json\/wp\/v2\/inventory?post=6137"}],"curies":[{"name":"wp","href":"https:\/\/api.w.org\/{rel}","templated":true}]}}