{"id":6154,"date":"2024-12-31T12:25:24","date_gmt":"2024-12-31T12:25:24","guid":{"rendered":"https:\/\/addinol.ee\/toode\/toostustransmissioonioli-poly-gear-pg-220\/"},"modified":"2025-10-14T11:35:10","modified_gmt":"2025-10-14T08:35:10","slug":"toostustransmissioonioli-poly-gear-pg-220","status":"publish","type":"product","link":"https:\/\/uus.addinol.ee\/ru\/toode\/toostustransmissioonioli-poly-gear-pg-220\/","title":{"rendered":"T\u00f6\u00f6stustransmissiooni\u00f5li Poly Gear PG 220"},"content":{"rendered":"<p><strong>T\u00f6\u00f6stustransmissiooni\u00f5li Poly Gear PG 220 KASUTUSV\u00d5IMALUSED:<\/strong><br \/>\n\u2022 Ette n\u00e4htud kasutamiseks k\u00f5rgetel temperatuuridel (kuni +180 \u00b0C, l\u00fchiajaliselt kuni +200 \u00b0C).<br \/>\n\u2022 Sobib peamiselt liuge- ja veerelaagrite ning suure koormuse all t\u00f6\u00f6tavate t\u00f6\u00f6stusreduktorite (nt kalandrite) m\u00e4\u00e4rimiseks.<br \/>\n\u2022 Sobib spetsiaalselt tigureduktorite m\u00e4\u00e4rimiseks.<br \/>\n\u2022 T\u00f6\u00f6stustransmissiooni\u00f5li Poly Gear PG 220 ei segune:<br \/>\n&#8212; mineraal\u00f5lip\u00f5histe ja looduslikel \u00f5lidel p\u00f5hinevate transmissiooni\u00f5lidega,<br \/>\n&#8212; s\u00fcnteetilistel \u00f5lidel (PAO-del, estritel) baseeruvate transmissiooni\u00f5lidega.<\/p>\n<p><strong>T\u00f6\u00f6stustransmissiooni\u00f5li Poly Gear PG 220 SPETSIFIKATSIOON \/ LITSENTSID:<\/strong><br \/>\nT\u00f6\u00f6stustransmissiooni\u00f5li Poly Gear PG 220 \u00fcletab n\u00f5udeid:<br \/>\n\u2022 DIN 51517-3 (CLP)<br \/>\n\u2022 ISO 12925-1 (CKT)<\/p>\n<p>T\u00f6\u00f6stustransmissiooni\u00f5li Poly Gear PG 220 omab kasutussoovitust firmadelt:<br \/>\n\u2022 C.H. Sch\u00e4fer Getriebe GmbH<br \/>\n\u2022 KHS Maschinen und Anlagen<br \/>\n\u2022 Lingl Anlagen- und Verfahrenstechnik<\/p>\n<p>Viskoossusklassid vastavalt:<br \/>\n\u2022 DIN 51519<br \/>\n\u2022 ISO 3448<\/p>\n<p><strong>T\u00f6\u00f6stustransmissiooni\u00f5li Poly Gear PG 220 OMADUSED:<\/strong><br \/>\n\u2022 Suurep\u00e4rane s\u00f6\u00f6bekindlus ja v\u00e4ga hea kulumiskaitse<br \/>\n\u2022 Paks \u00f5likelme<br \/>\n\u2022 Suurep\u00e4rased liugeh\u00f5\u00f5rdeomadused<br \/>\n\u2022 Vananemiskindel<br \/>\n\u2022 Viskoossuse v\u00e4ike s\u00f5ltuvus temperatuurist<br \/>\n\u2022 Termiliselt stabiilsne, k\u00fclmakindel<br \/>\n\u2022 Hea kokkusobivus elastomeeridega<\/p>\n<p><strong>T\u00f6\u00f6stustransmissiooni\u00f5li Poly Gear PG 220 EELISED TARBIJALE:<\/strong><br \/>\n\u2022 Masina pikem t\u00f6\u00f6iga (v\u00e4iksemad ekspluatatsioonikulud)<br \/>\n\u2022 V\u00f5rreldes mineraal\u00f5lidega madalam temperatuur tigureduktorites<br \/>\n\u2022 Oluliselt pikem kasutusiga v\u00f5rreldes tavap\u00e4raste transmissiooni\u00f5lidega<br \/>\n\u2022 M\u00e4\u00e4rib optimaalselt erinevates ja vahelduvates ekspluatatsioonitingimustes laias temperatuuri-vahemikus<br \/>\n\u2022 Kasutatav ka v\u00e4ga k\u00f5rgetel temperatuuridel<br \/>\n\u2022 Neutraalne tavap\u00e4raste tihendimaterjalide, nagu nt HNBR, EPDM jt, suhtes<\/p>\n","protected":false},"excerpt":{"rendered":"<p>T\u00f6\u00f6stustransmissiooni\u00f5li ADDINOL Poly Gear PG 220 \u00f5li on t\u00e4iss\u00fcnteetiline vedelik, mis on toodetud veega mittesegunevatest pol\u00fcalk\u00fcleengl\u00fckoolidest (PG) ja t\u00f5husast manusekomplektist, mis tagab optimaalse kulumiskaitse, parema vananemiskindluse, suurep\u00e4rase korrosioonikaitse ja vahutamisvastased omadused.<\/p>\n","protected":false},"featured_media":8128,"template":"","meta":{"_acf_changed":false},"viscosity":[],"product_brand":[],"product_cat":[151,204],"product_tag":[],"inventory":[],"class_list":{"0":"post-6154","1":"product","2":"type-product","3":"status-publish","4":"has-post-thumbnail","6":"product_cat-toostusmaardeained","7":"product_cat-transmissiooniolid","8":"pa_vali-pakend-20l","10":"first","11":"instock","12":"taxable","13":"shipping-taxable","14":"purchasable","15":"product-type-simple"},"acf":[],"yoast_head":"<!-- This site is optimized with the Yoast SEO plugin v27.5 - https:\/\/yoast.com\/product\/yoast-seo-wordpress\/ -->\n<title>T\u00f6\u00f6stustransmissiooni\u00f5li Poly Gear PG 220 - ADDINOL<\/title>\n<meta name=\"robots\" content=\"index, follow, max-snippet:-1, max-image-preview:large, max-video-preview:-1\" \/>\n<link rel=\"canonical\" href=\"https:\/\/uus.addinol.ee\/ru\/toode\/toostustransmissioonioli-poly-gear-pg-220\/\" \/>\n<meta property=\"og:locale\" content=\"ru_RU\" \/>\n<meta property=\"og:type\" content=\"article\" \/>\n<meta property=\"og:title\" content=\"T\u00f6\u00f6stustransmissiooni\u00f5li Poly Gear PG 220 - ADDINOL\" \/>\n<meta property=\"og:description\" content=\"T\u00f6\u00f6stustransmissiooni\u00f5li ADDINOL Poly Gear PG 220 \u00f5li on t\u00e4iss\u00fcnteetiline vedelik, mis on toodetud veega mittesegunevatest pol\u00fcalk\u00fcleengl\u00fckoolidest (PG) ja t\u00f5husast manusekomplektist, mis tagab optimaalse kulumiskaitse, parema vananemiskindluse, suurep\u00e4rase korrosioonikaitse ja vahutamisvastased omadused.\" \/>\n<meta property=\"og:url\" content=\"https:\/\/uus.addinol.ee\/ru\/toode\/toostustransmissioonioli-poly-gear-pg-220\/\" \/>\n<meta property=\"og:site_name\" content=\"ADDINOL\" \/>\n<meta property=\"article:publisher\" content=\"https:\/\/www.facebook.com\/ADDINOLEesti\/\" \/>\n<meta property=\"article:modified_time\" content=\"2025-10-14T08:35:10+00:00\" \/>\n<meta property=\"og:image\" content=\"https:\/\/uus.addinol.ee\/wp-content\/uploads\/2025\/05\/gruppe-scaled.jpg\" \/>\n\t<meta property=\"og:image:width\" content=\"2085\" \/>\n\t<meta property=\"og:image:height\" content=\"2560\" \/>\n\t<meta property=\"og:image:type\" content=\"image\/jpeg\" \/>\n<meta name=\"twitter:card\" content=\"summary_large_image\" \/>\n<meta name=\"twitter:label1\" content=\"\u041f\u0440\u0438\u043c\u0435\u0440\u043d\u043e\u0435 \u0432\u0440\u0435\u043c\u044f \u0434\u043b\u044f \u0447\u0442\u0435\u043d\u0438\u044f\" \/>\n\t<meta name=\"twitter:data1\" content=\"2 \u043c\u0438\u043d\u0443\u0442\u044b\" \/>\n<script type=\"application\/ld+json\" class=\"yoast-schema-graph\">{\"@context\":\"https:\\\/\\\/schema.org\",\"@graph\":[{\"@type\":\"WebPage\",\"@id\":\"https:\\\/\\\/uus.addinol.ee\\\/ru\\\/toode\\\/toostustransmissioonioli-poly-gear-pg-220\\\/\",\"url\":\"https:\\\/\\\/uus.addinol.ee\\\/ru\\\/toode\\\/toostustransmissioonioli-poly-gear-pg-220\\\/\",\"name\":\"T\u00f6\u00f6stustransmissiooni\u00f5li Poly Gear PG 220 - ADDINOL\",\"isPartOf\":{\"@id\":\"https:\\\/\\\/uus.addinol.ee\\\/ru\\\/#website\"},\"primaryImageOfPage\":{\"@id\":\"https:\\\/\\\/uus.addinol.ee\\\/ru\\\/toode\\\/toostustransmissioonioli-poly-gear-pg-220\\\/#primaryimage\"},\"image\":{\"@id\":\"https:\\\/\\\/uus.addinol.ee\\\/ru\\\/toode\\\/toostustransmissioonioli-poly-gear-pg-220\\\/#primaryimage\"},\"thumbnailUrl\":\"https:\\\/\\\/uus.addinol.ee\\\/wp-content\\\/uploads\\\/2025\\\/05\\\/gruppe-scaled.jpg\",\"datePublished\":\"2024-12-31T12:25:24+00:00\",\"dateModified\":\"2025-10-14T08:35:10+00:00\",\"breadcrumb\":{\"@id\":\"https:\\\/\\\/uus.addinol.ee\\\/ru\\\/toode\\\/toostustransmissioonioli-poly-gear-pg-220\\\/#breadcrumb\"},\"inLanguage\":\"ru-RU\",\"potentialAction\":[{\"@type\":\"ReadAction\",\"target\":[\"https:\\\/\\\/uus.addinol.ee\\\/ru\\\/toode\\\/toostustransmissioonioli-poly-gear-pg-220\\\/\"]}]},{\"@type\":\"ImageObject\",\"inLanguage\":\"ru-RU\",\"@id\":\"https:\\\/\\\/uus.addinol.ee\\\/ru\\\/toode\\\/toostustransmissioonioli-poly-gear-pg-220\\\/#primaryimage\",\"url\":\"https:\\\/\\\/uus.addinol.ee\\\/wp-content\\\/uploads\\\/2025\\\/05\\\/gruppe-scaled.jpg\",\"contentUrl\":\"https:\\\/\\\/uus.addinol.ee\\\/wp-content\\\/uploads\\\/2025\\\/05\\\/gruppe-scaled.jpg\",\"width\":2085,\"height\":2560},{\"@type\":\"BreadcrumbList\",\"@id\":\"https:\\\/\\\/uus.addinol.ee\\\/ru\\\/toode\\\/toostustransmissioonioli-poly-gear-pg-220\\\/#breadcrumb\",\"itemListElement\":[{\"@type\":\"ListItem\",\"position\":1,\"name\":\"ADDINOL\",\"item\":\"https:\\\/\\\/uus.addinol.ee\\\/ru\\\/\"},{\"@type\":\"ListItem\",\"position\":2,\"name\":\"E-pood\",\"item\":\"https:\\\/\\\/uus.addinol.ee\\\/e-pood\\\/\"},{\"@type\":\"ListItem\",\"position\":3,\"name\":\"T\u00f6\u00f6stustransmissiooni\u00f5li Poly Gear PG 220\"}]},{\"@type\":\"WebSite\",\"@id\":\"https:\\\/\\\/uus.addinol.ee\\\/ru\\\/#website\",\"url\":\"https:\\\/\\\/uus.addinol.ee\\\/ru\\\/\",\"name\":\"ADDINOL\",\"description\":\"Mootori&otilde;lid ja m&auml;&auml;&auml;rdeained igaks kasutusjuhuks\",\"publisher\":{\"@id\":\"https:\\\/\\\/uus.addinol.ee\\\/ru\\\/#organization\"},\"potentialAction\":[{\"@type\":\"SearchAction\",\"target\":{\"@type\":\"EntryPoint\",\"urlTemplate\":\"https:\\\/\\\/uus.addinol.ee\\\/ru\\\/?s={search_term_string}\"},\"query-input\":{\"@type\":\"PropertyValueSpecification\",\"valueRequired\":true,\"valueName\":\"search_term_string\"}}],\"inLanguage\":\"ru-RU\"},{\"@type\":\"Organization\",\"@id\":\"https:\\\/\\\/uus.addinol.ee\\\/ru\\\/#organization\",\"name\":\"ADDINOL\",\"url\":\"https:\\\/\\\/uus.addinol.ee\\\/ru\\\/\",\"logo\":{\"@type\":\"ImageObject\",\"inLanguage\":\"ru-RU\",\"@id\":\"https:\\\/\\\/uus.addinol.ee\\\/ru\\\/#\\\/schema\\\/logo\\\/image\\\/\",\"url\":\"https:\\\/\\\/uus.addinol.ee\\\/wp-content\\\/uploads\\\/2024\\\/10\\\/1200px-ADDINOL-Logo.webp\",\"contentUrl\":\"https:\\\/\\\/uus.addinol.ee\\\/wp-content\\\/uploads\\\/2024\\\/10\\\/1200px-ADDINOL-Logo.webp\",\"width\":1200,\"height\":431,\"caption\":\"ADDINOL\"},\"image\":{\"@id\":\"https:\\\/\\\/uus.addinol.ee\\\/ru\\\/#\\\/schema\\\/logo\\\/image\\\/\"},\"sameAs\":[\"https:\\\/\\\/www.facebook.com\\\/ADDINOLEesti\\\/\",\"https:\\\/\\\/www.instagram.com\\\/addinol_eesti\\\/\"]}]}<\/script>\n<!-- \/ Yoast SEO plugin. -->","yoast_head_json":{"title":"T\u00f6\u00f6stustransmissiooni\u00f5li Poly Gear PG 220 - ADDINOL","robots":{"index":"index","follow":"follow","max-snippet":"max-snippet:-1","max-image-preview":"max-image-preview:large","max-video-preview":"max-video-preview:-1"},"canonical":"https:\/\/uus.addinol.ee\/ru\/toode\/toostustransmissioonioli-poly-gear-pg-220\/","og_locale":"ru_RU","og_type":"article","og_title":"T\u00f6\u00f6stustransmissiooni\u00f5li Poly Gear PG 220 - ADDINOL","og_description":"T\u00f6\u00f6stustransmissiooni\u00f5li ADDINOL Poly Gear PG 220 \u00f5li on t\u00e4iss\u00fcnteetiline vedelik, mis on toodetud veega mittesegunevatest pol\u00fcalk\u00fcleengl\u00fckoolidest (PG) ja t\u00f5husast manusekomplektist, mis tagab optimaalse kulumiskaitse, parema vananemiskindluse, suurep\u00e4rase korrosioonikaitse ja vahutamisvastased omadused.","og_url":"https:\/\/uus.addinol.ee\/ru\/toode\/toostustransmissioonioli-poly-gear-pg-220\/","og_site_name":"ADDINOL","article_publisher":"https:\/\/www.facebook.com\/ADDINOLEesti\/","article_modified_time":"2025-10-14T08:35:10+00:00","og_image":[{"width":2085,"height":2560,"url":"https:\/\/uus.addinol.ee\/wp-content\/uploads\/2025\/05\/gruppe-scaled.jpg","type":"image\/jpeg"}],"twitter_card":"summary_large_image","twitter_misc":{"\u041f\u0440\u0438\u043c\u0435\u0440\u043d\u043e\u0435 \u0432\u0440\u0435\u043c\u044f \u0434\u043b\u044f \u0447\u0442\u0435\u043d\u0438\u044f":"2 \u043c\u0438\u043d\u0443\u0442\u044b"},"schema":{"@context":"https:\/\/schema.org","@graph":[{"@type":"WebPage","@id":"https:\/\/uus.addinol.ee\/ru\/toode\/toostustransmissioonioli-poly-gear-pg-220\/","url":"https:\/\/uus.addinol.ee\/ru\/toode\/toostustransmissioonioli-poly-gear-pg-220\/","name":"T\u00f6\u00f6stustransmissiooni\u00f5li Poly Gear PG 220 - ADDINOL","isPartOf":{"@id":"https:\/\/uus.addinol.ee\/ru\/#website"},"primaryImageOfPage":{"@id":"https:\/\/uus.addinol.ee\/ru\/toode\/toostustransmissioonioli-poly-gear-pg-220\/#primaryimage"},"image":{"@id":"https:\/\/uus.addinol.ee\/ru\/toode\/toostustransmissioonioli-poly-gear-pg-220\/#primaryimage"},"thumbnailUrl":"https:\/\/uus.addinol.ee\/wp-content\/uploads\/2025\/05\/gruppe-scaled.jpg","datePublished":"2024-12-31T12:25:24+00:00","dateModified":"2025-10-14T08:35:10+00:00","breadcrumb":{"@id":"https:\/\/uus.addinol.ee\/ru\/toode\/toostustransmissioonioli-poly-gear-pg-220\/#breadcrumb"},"inLanguage":"ru-RU","potentialAction":[{"@type":"ReadAction","target":["https:\/\/uus.addinol.ee\/ru\/toode\/toostustransmissioonioli-poly-gear-pg-220\/"]}]},{"@type":"ImageObject","inLanguage":"ru-RU","@id":"https:\/\/uus.addinol.ee\/ru\/toode\/toostustransmissioonioli-poly-gear-pg-220\/#primaryimage","url":"https:\/\/uus.addinol.ee\/wp-content\/uploads\/2025\/05\/gruppe-scaled.jpg","contentUrl":"https:\/\/uus.addinol.ee\/wp-content\/uploads\/2025\/05\/gruppe-scaled.jpg","width":2085,"height":2560},{"@type":"BreadcrumbList","@id":"https:\/\/uus.addinol.ee\/ru\/toode\/toostustransmissioonioli-poly-gear-pg-220\/#breadcrumb","itemListElement":[{"@type":"ListItem","position":1,"name":"ADDINOL","item":"https:\/\/uus.addinol.ee\/ru\/"},{"@type":"ListItem","position":2,"name":"E-pood","item":"https:\/\/uus.addinol.ee\/e-pood\/"},{"@type":"ListItem","position":3,"name":"T\u00f6\u00f6stustransmissiooni\u00f5li Poly Gear PG 220"}]},{"@type":"WebSite","@id":"https:\/\/uus.addinol.ee\/ru\/#website","url":"https:\/\/uus.addinol.ee\/ru\/","name":"ADDINOL","description":"Mootori&otilde;lid ja m&auml;&auml;&auml;rdeained igaks kasutusjuhuks","publisher":{"@id":"https:\/\/uus.addinol.ee\/ru\/#organization"},"potentialAction":[{"@type":"SearchAction","target":{"@type":"EntryPoint","urlTemplate":"https:\/\/uus.addinol.ee\/ru\/?s={search_term_string}"},"query-input":{"@type":"PropertyValueSpecification","valueRequired":true,"valueName":"search_term_string"}}],"inLanguage":"ru-RU"},{"@type":"Organization","@id":"https:\/\/uus.addinol.ee\/ru\/#organization","name":"ADDINOL","url":"https:\/\/uus.addinol.ee\/ru\/","logo":{"@type":"ImageObject","inLanguage":"ru-RU","@id":"https:\/\/uus.addinol.ee\/ru\/#\/schema\/logo\/image\/","url":"https:\/\/uus.addinol.ee\/wp-content\/uploads\/2024\/10\/1200px-ADDINOL-Logo.webp","contentUrl":"https:\/\/uus.addinol.ee\/wp-content\/uploads\/2024\/10\/1200px-ADDINOL-Logo.webp","width":1200,"height":431,"caption":"ADDINOL"},"image":{"@id":"https:\/\/uus.addinol.ee\/ru\/#\/schema\/logo\/image\/"},"sameAs":["https:\/\/www.facebook.com\/ADDINOLEesti\/","https:\/\/www.instagram.com\/addinol_eesti\/"]}]}},"_links":{"self":[{"href":"https:\/\/uus.addinol.ee\/ru\/wp-json\/wp\/v2\/product\/6154","targetHints":{"allow":["GET"]}}],"collection":[{"href":"https:\/\/uus.addinol.ee\/ru\/wp-json\/wp\/v2\/product"}],"about":[{"href":"https:\/\/uus.addinol.ee\/ru\/wp-json\/wp\/v2\/types\/product"}],"wp:featuredmedia":[{"embeddable":true,"href":"https:\/\/uus.addinol.ee\/ru\/wp-json\/wp\/v2\/media\/8128"}],"wp:attachment":[{"href":"https:\/\/uus.addinol.ee\/ru\/wp-json\/wp\/v2\/media?parent=6154"}],"wp:term":[{"taxonomy":"viscosity","embeddable":true,"href":"https:\/\/uus.addinol.ee\/ru\/wp-json\/wp\/v2\/viscosity?post=6154"},{"taxonomy":"product_brand","embeddable":true,"href":"https:\/\/uus.addinol.ee\/ru\/wp-json\/wp\/v2\/product_brand?post=6154"},{"taxonomy":"product_cat","embeddable":true,"href":"https:\/\/uus.addinol.ee\/ru\/wp-json\/wp\/v2\/product_cat?post=6154"},{"taxonomy":"product_tag","embeddable":true,"href":"https:\/\/uus.addinol.ee\/ru\/wp-json\/wp\/v2\/product_tag?post=6154"},{"taxonomy":"inventory","embeddable":true,"href":"https:\/\/uus.addinol.ee\/ru\/wp-json\/wp\/v2\/inventory?post=6154"}],"curies":[{"name":"wp","href":"https:\/\/api.w.org\/{rel}","templated":true}]}}