{"id":6173,"date":"2024-12-31T12:25:36","date_gmt":"2024-12-31T12:25:36","guid":{"rendered":"https:\/\/addinol.ee\/toode\/mootorioli-pole-position-sae-10w-40\/"},"modified":"2025-10-06T12:53:08","modified_gmt":"2025-10-06T09:53:08","slug":"mootorioli-pole-position-sae-10w-40","status":"publish","type":"product","link":"https:\/\/uus.addinol.ee\/ru\/toode\/mootorioli-pole-position-sae-10w-40\/","title":{"rendered":"Mootori\u00f5li Pole Position SAE 10W-40"},"content":{"rendered":"<p><strong>Mootori\u00f5li Pole Position SAE 10W-40 KASUTUSV\u00d5IMALUSED:<\/strong><br \/>\n\u2022 Sobib suurep\u00e4raselt k\u00f5ikide mootorrataste \u00f5hk- ja vesijahutusega v\u00f5imsate neljataktiliste mootorite m\u00e4\u00e4rimiseks.<br \/>\n\u2022 M\u00e4rgsidurite kindel t\u00f6\u00f6 ka ekstreemsetes tingimustes.<br \/>\n\u2022 Kaitseb ideaalselt k\u00e4igukasti \u2013 garanteerivad k\u00e4ikude kerge l\u00fclitumise.<br \/>\n\u2022 Ideaalne \u00f5li sportmootorratastele, mis s\u00f5idavad nii maanteel kui maastikul.<br \/>\n\u2022 Hea koormustaluvus pideva t\u00f6\u00f6 tingimustes.<\/p>\n<p><strong>Mootori\u00f5li Pole Position SAE 10W-40 SPETSIFIKATSIOON:<\/strong><br \/>\nMootori\u00f5li Pole Position SAE 10W-40 t\u00e4idab ja \u00fcletab rahvusvahelisi spetsifikatsioone:<br \/>\n\u2022 JASO MA-2\/MA<br \/>\n\u2022 API SN<\/p>\n<p><strong>Mootori\u00f5li Pole Position SAE 10W-40 OMADUSED:<\/strong><br \/>\n\u2022 Termooks\u00fcdatsioonikindel<br \/>\n\u2022 V\u00e4ga hea pesemisv\u00f5ime<br \/>\n\u2022 V\u00e4ga hea korrosiooni- ja kulumiskaitse<br \/>\n\u2022 V\u00e4ike mootorisisene h\u00f5\u00f5rdumine<br \/>\n\u2022 Testitud manusekomplekt<br \/>\n\u2022 Lai temperatuurivahemik<\/p>\n<p><strong>Mootori\u00f5li Pole Position SAE 10W-40 EELISED TARBIJALE:<\/strong><br \/>\n\u2022 Optimaalne m\u00e4\u00e4rimisv\u00f5ime mootoris ja k\u00e4igukastis ka k\u00f5ige raskemates tingimustes<br \/>\n\u2022 Mootori suurep\u00e4rane puhtus, kahjulike setete moodustumine v\u00e4listatud<br \/>\n\u2022 Hoiab \u00e4ra mootori enneaegse kulumise<br \/>\n\u2022 K\u00fctuse kokkuhoid, k\u00f5rgem j\u00f5udlus<br \/>\n\u2022 Mootori, k\u00e4igukasti ja siduri optimaalne t\u00f6\u00f6<br \/>\n\u2022 Sujuv t\u00f6\u00f6 alates k\u00fclmk\u00e4ivitusest<\/p>\n","protected":false},"excerpt":{"rendered":"<p>Mootori\u00f5li ADDINOL Pole Position SAE 10W-40 on Euroopa ja Jaapani juhtivate tootjate neljataktilistele mootorratastele etten\u00e4htud k\u00f5rge j\u00f5udlusega toode viskoossusklassis SAE 10W-40.<br \/>\nMootori\u00f5li Pole Position SAE 10W-40 ideaalne kombinatsioon s\u00fcnteetilistest baas\u00f5likomponentidest ja edukalt testitud manustest tagab k\u00f5rge j\u00f5udluse, optimaalse kulumis- ja korrosioonikaitse ning suurep\u00e4rase termilise stabiilsuse.<\/p>\n","protected":false},"featured_media":6174,"template":"","meta":{"_acf_changed":false},"viscosity":[708],"product_brand":[],"product_cat":[150,156,162],"product_tag":[],"inventory":[],"class_list":{"0":"post-6173","1":"product","2":"type-product","3":"status-publish","4":"has-post-thumbnail","6":"viscosity-10w-40","7":"product_cat-mootorsoidukite-maardeained","8":"product_cat-mootoriolid","9":"product_cat-mootorrataste-4-taktilistele-mootoritele","10":"pa_vali-pakend-pole-position-sae-10w-40-1l","11":"pa_vali-pakend-pole-position-sae-10w-40-20l","12":"pa_vali-pakend-sae10w40-pole-position-1l","13":"pa_vali-pakend-sae10w40-pole-position-20l","15":"first","16":"instock","17":"taxable","18":"shipping-taxable","19":"purchasable","20":"product-type-variable"},"acf":[],"yoast_head":"<!-- This site is optimized with the Yoast SEO plugin v27.5 - https:\/\/yoast.com\/product\/yoast-seo-wordpress\/ -->\n<title>Mootori\u00f5li Pole Position SAE 10W-40 - ADDINOL<\/title>\n<meta name=\"robots\" content=\"index, follow, max-snippet:-1, max-image-preview:large, max-video-preview:-1\" \/>\n<link rel=\"canonical\" href=\"https:\/\/uus.addinol.ee\/ru\/toode\/mootorioli-pole-position-sae-10w-40\/\" \/>\n<meta property=\"og:locale\" content=\"ru_RU\" \/>\n<meta property=\"og:type\" content=\"article\" \/>\n<meta property=\"og:title\" content=\"Mootori\u00f5li Pole Position SAE 10W-40 - ADDINOL\" \/>\n<meta property=\"og:description\" content=\"Mootori\u00f5li ADDINOL Pole Position SAE 10W-40 on Euroopa ja Jaapani juhtivate tootjate neljataktilistele mootorratastele etten\u00e4htud k\u00f5rge j\u00f5udlusega toode viskoossusklassis SAE 10W-40. Mootori\u00f5li Pole Position SAE 10W-40 ideaalne kombinatsioon s\u00fcnteetilistest baas\u00f5likomponentidest ja edukalt testitud manustest tagab k\u00f5rge j\u00f5udluse, optimaalse kulumis- ja korrosioonikaitse ning suurep\u00e4rase termilise stabiilsuse.\" \/>\n<meta property=\"og:url\" content=\"https:\/\/uus.addinol.ee\/ru\/toode\/mootorioli-pole-position-sae-10w-40\/\" \/>\n<meta property=\"og:site_name\" content=\"ADDINOL\" \/>\n<meta property=\"article:publisher\" content=\"https:\/\/www.facebook.com\/ADDINOLEesti\/\" \/>\n<meta property=\"article:modified_time\" content=\"2025-10-06T09:53:08+00:00\" \/>\n<meta property=\"og:image\" content=\"https:\/\/uus.addinol.ee\/wp-content\/uploads\/2024\/12\/sae-10-w-40-pole-position-3.jpg\" \/>\n\t<meta property=\"og:image:width\" content=\"418\" \/>\n\t<meta property=\"og:image:height\" content=\"800\" \/>\n\t<meta property=\"og:image:type\" content=\"image\/jpeg\" \/>\n<meta name=\"twitter:card\" content=\"summary_large_image\" \/>\n<meta name=\"twitter:label1\" content=\"\u041f\u0440\u0438\u043c\u0435\u0440\u043d\u043e\u0435 \u0432\u0440\u0435\u043c\u044f \u0434\u043b\u044f \u0447\u0442\u0435\u043d\u0438\u044f\" \/>\n\t<meta name=\"twitter:data1\" content=\"2 \u043c\u0438\u043d\u0443\u0442\u044b\" \/>\n<script type=\"application\/ld+json\" class=\"yoast-schema-graph\">{\"@context\":\"https:\\\/\\\/schema.org\",\"@graph\":[{\"@type\":\"WebPage\",\"@id\":\"https:\\\/\\\/uus.addinol.ee\\\/ru\\\/toode\\\/mootorioli-pole-position-sae-10w-40\\\/\",\"url\":\"https:\\\/\\\/uus.addinol.ee\\\/ru\\\/toode\\\/mootorioli-pole-position-sae-10w-40\\\/\",\"name\":\"Mootori\u00f5li Pole Position SAE 10W-40 - ADDINOL\",\"isPartOf\":{\"@id\":\"https:\\\/\\\/uus.addinol.ee\\\/ru\\\/#website\"},\"primaryImageOfPage\":{\"@id\":\"https:\\\/\\\/uus.addinol.ee\\\/ru\\\/toode\\\/mootorioli-pole-position-sae-10w-40\\\/#primaryimage\"},\"image\":{\"@id\":\"https:\\\/\\\/uus.addinol.ee\\\/ru\\\/toode\\\/mootorioli-pole-position-sae-10w-40\\\/#primaryimage\"},\"thumbnailUrl\":\"https:\\\/\\\/uus.addinol.ee\\\/wp-content\\\/uploads\\\/2024\\\/12\\\/sae-10-w-40-pole-position-3.jpg\",\"datePublished\":\"2024-12-31T12:25:36+00:00\",\"dateModified\":\"2025-10-06T09:53:08+00:00\",\"breadcrumb\":{\"@id\":\"https:\\\/\\\/uus.addinol.ee\\\/ru\\\/toode\\\/mootorioli-pole-position-sae-10w-40\\\/#breadcrumb\"},\"inLanguage\":\"ru-RU\",\"potentialAction\":[{\"@type\":\"ReadAction\",\"target\":[\"https:\\\/\\\/uus.addinol.ee\\\/ru\\\/toode\\\/mootorioli-pole-position-sae-10w-40\\\/\"]}]},{\"@type\":\"ImageObject\",\"inLanguage\":\"ru-RU\",\"@id\":\"https:\\\/\\\/uus.addinol.ee\\\/ru\\\/toode\\\/mootorioli-pole-position-sae-10w-40\\\/#primaryimage\",\"url\":\"https:\\\/\\\/uus.addinol.ee\\\/wp-content\\\/uploads\\\/2024\\\/12\\\/sae-10-w-40-pole-position-3.jpg\",\"contentUrl\":\"https:\\\/\\\/uus.addinol.ee\\\/wp-content\\\/uploads\\\/2024\\\/12\\\/sae-10-w-40-pole-position-3.jpg\",\"width\":418,\"height\":800},{\"@type\":\"BreadcrumbList\",\"@id\":\"https:\\\/\\\/uus.addinol.ee\\\/ru\\\/toode\\\/mootorioli-pole-position-sae-10w-40\\\/#breadcrumb\",\"itemListElement\":[{\"@type\":\"ListItem\",\"position\":1,\"name\":\"ADDINOL\",\"item\":\"https:\\\/\\\/uus.addinol.ee\\\/ru\\\/\"},{\"@type\":\"ListItem\",\"position\":2,\"name\":\"E-pood\",\"item\":\"https:\\\/\\\/uus.addinol.ee\\\/e-pood\\\/\"},{\"@type\":\"ListItem\",\"position\":3,\"name\":\"Mootori\u00f5li Pole Position SAE 10W-40\"}]},{\"@type\":\"WebSite\",\"@id\":\"https:\\\/\\\/uus.addinol.ee\\\/ru\\\/#website\",\"url\":\"https:\\\/\\\/uus.addinol.ee\\\/ru\\\/\",\"name\":\"ADDINOL\",\"description\":\"Mootori&otilde;lid ja m&auml;&auml;&auml;rdeained igaks kasutusjuhuks\",\"publisher\":{\"@id\":\"https:\\\/\\\/uus.addinol.ee\\\/ru\\\/#organization\"},\"potentialAction\":[{\"@type\":\"SearchAction\",\"target\":{\"@type\":\"EntryPoint\",\"urlTemplate\":\"https:\\\/\\\/uus.addinol.ee\\\/ru\\\/?s={search_term_string}\"},\"query-input\":{\"@type\":\"PropertyValueSpecification\",\"valueRequired\":true,\"valueName\":\"search_term_string\"}}],\"inLanguage\":\"ru-RU\"},{\"@type\":\"Organization\",\"@id\":\"https:\\\/\\\/uus.addinol.ee\\\/ru\\\/#organization\",\"name\":\"ADDINOL\",\"url\":\"https:\\\/\\\/uus.addinol.ee\\\/ru\\\/\",\"logo\":{\"@type\":\"ImageObject\",\"inLanguage\":\"ru-RU\",\"@id\":\"https:\\\/\\\/uus.addinol.ee\\\/ru\\\/#\\\/schema\\\/logo\\\/image\\\/\",\"url\":\"https:\\\/\\\/uus.addinol.ee\\\/wp-content\\\/uploads\\\/2024\\\/10\\\/1200px-ADDINOL-Logo.webp\",\"contentUrl\":\"https:\\\/\\\/uus.addinol.ee\\\/wp-content\\\/uploads\\\/2024\\\/10\\\/1200px-ADDINOL-Logo.webp\",\"width\":1200,\"height\":431,\"caption\":\"ADDINOL\"},\"image\":{\"@id\":\"https:\\\/\\\/uus.addinol.ee\\\/ru\\\/#\\\/schema\\\/logo\\\/image\\\/\"},\"sameAs\":[\"https:\\\/\\\/www.facebook.com\\\/ADDINOLEesti\\\/\",\"https:\\\/\\\/www.instagram.com\\\/addinol_eesti\\\/\"]}]}<\/script>\n<!-- \/ Yoast SEO plugin. -->","yoast_head_json":{"title":"Mootori\u00f5li Pole Position SAE 10W-40 - ADDINOL","robots":{"index":"index","follow":"follow","max-snippet":"max-snippet:-1","max-image-preview":"max-image-preview:large","max-video-preview":"max-video-preview:-1"},"canonical":"https:\/\/uus.addinol.ee\/ru\/toode\/mootorioli-pole-position-sae-10w-40\/","og_locale":"ru_RU","og_type":"article","og_title":"Mootori\u00f5li Pole Position SAE 10W-40 - ADDINOL","og_description":"Mootori\u00f5li ADDINOL Pole Position SAE 10W-40 on Euroopa ja Jaapani juhtivate tootjate neljataktilistele mootorratastele etten\u00e4htud k\u00f5rge j\u00f5udlusega toode viskoossusklassis SAE 10W-40. Mootori\u00f5li Pole Position SAE 10W-40 ideaalne kombinatsioon s\u00fcnteetilistest baas\u00f5likomponentidest ja edukalt testitud manustest tagab k\u00f5rge j\u00f5udluse, optimaalse kulumis- ja korrosioonikaitse ning suurep\u00e4rase termilise stabiilsuse.","og_url":"https:\/\/uus.addinol.ee\/ru\/toode\/mootorioli-pole-position-sae-10w-40\/","og_site_name":"ADDINOL","article_publisher":"https:\/\/www.facebook.com\/ADDINOLEesti\/","article_modified_time":"2025-10-06T09:53:08+00:00","og_image":[{"width":418,"height":800,"url":"https:\/\/uus.addinol.ee\/wp-content\/uploads\/2024\/12\/sae-10-w-40-pole-position-3.jpg","type":"image\/jpeg"}],"twitter_card":"summary_large_image","twitter_misc":{"\u041f\u0440\u0438\u043c\u0435\u0440\u043d\u043e\u0435 \u0432\u0440\u0435\u043c\u044f \u0434\u043b\u044f \u0447\u0442\u0435\u043d\u0438\u044f":"2 \u043c\u0438\u043d\u0443\u0442\u044b"},"schema":{"@context":"https:\/\/schema.org","@graph":[{"@type":"WebPage","@id":"https:\/\/uus.addinol.ee\/ru\/toode\/mootorioli-pole-position-sae-10w-40\/","url":"https:\/\/uus.addinol.ee\/ru\/toode\/mootorioli-pole-position-sae-10w-40\/","name":"Mootori\u00f5li Pole Position SAE 10W-40 - ADDINOL","isPartOf":{"@id":"https:\/\/uus.addinol.ee\/ru\/#website"},"primaryImageOfPage":{"@id":"https:\/\/uus.addinol.ee\/ru\/toode\/mootorioli-pole-position-sae-10w-40\/#primaryimage"},"image":{"@id":"https:\/\/uus.addinol.ee\/ru\/toode\/mootorioli-pole-position-sae-10w-40\/#primaryimage"},"thumbnailUrl":"https:\/\/uus.addinol.ee\/wp-content\/uploads\/2024\/12\/sae-10-w-40-pole-position-3.jpg","datePublished":"2024-12-31T12:25:36+00:00","dateModified":"2025-10-06T09:53:08+00:00","breadcrumb":{"@id":"https:\/\/uus.addinol.ee\/ru\/toode\/mootorioli-pole-position-sae-10w-40\/#breadcrumb"},"inLanguage":"ru-RU","potentialAction":[{"@type":"ReadAction","target":["https:\/\/uus.addinol.ee\/ru\/toode\/mootorioli-pole-position-sae-10w-40\/"]}]},{"@type":"ImageObject","inLanguage":"ru-RU","@id":"https:\/\/uus.addinol.ee\/ru\/toode\/mootorioli-pole-position-sae-10w-40\/#primaryimage","url":"https:\/\/uus.addinol.ee\/wp-content\/uploads\/2024\/12\/sae-10-w-40-pole-position-3.jpg","contentUrl":"https:\/\/uus.addinol.ee\/wp-content\/uploads\/2024\/12\/sae-10-w-40-pole-position-3.jpg","width":418,"height":800},{"@type":"BreadcrumbList","@id":"https:\/\/uus.addinol.ee\/ru\/toode\/mootorioli-pole-position-sae-10w-40\/#breadcrumb","itemListElement":[{"@type":"ListItem","position":1,"name":"ADDINOL","item":"https:\/\/uus.addinol.ee\/ru\/"},{"@type":"ListItem","position":2,"name":"E-pood","item":"https:\/\/uus.addinol.ee\/e-pood\/"},{"@type":"ListItem","position":3,"name":"Mootori\u00f5li Pole Position SAE 10W-40"}]},{"@type":"WebSite","@id":"https:\/\/uus.addinol.ee\/ru\/#website","url":"https:\/\/uus.addinol.ee\/ru\/","name":"ADDINOL","description":"Mootori&otilde;lid ja m&auml;&auml;&auml;rdeained igaks kasutusjuhuks","publisher":{"@id":"https:\/\/uus.addinol.ee\/ru\/#organization"},"potentialAction":[{"@type":"SearchAction","target":{"@type":"EntryPoint","urlTemplate":"https:\/\/uus.addinol.ee\/ru\/?s={search_term_string}"},"query-input":{"@type":"PropertyValueSpecification","valueRequired":true,"valueName":"search_term_string"}}],"inLanguage":"ru-RU"},{"@type":"Organization","@id":"https:\/\/uus.addinol.ee\/ru\/#organization","name":"ADDINOL","url":"https:\/\/uus.addinol.ee\/ru\/","logo":{"@type":"ImageObject","inLanguage":"ru-RU","@id":"https:\/\/uus.addinol.ee\/ru\/#\/schema\/logo\/image\/","url":"https:\/\/uus.addinol.ee\/wp-content\/uploads\/2024\/10\/1200px-ADDINOL-Logo.webp","contentUrl":"https:\/\/uus.addinol.ee\/wp-content\/uploads\/2024\/10\/1200px-ADDINOL-Logo.webp","width":1200,"height":431,"caption":"ADDINOL"},"image":{"@id":"https:\/\/uus.addinol.ee\/ru\/#\/schema\/logo\/image\/"},"sameAs":["https:\/\/www.facebook.com\/ADDINOLEesti\/","https:\/\/www.instagram.com\/addinol_eesti\/"]}]}},"_links":{"self":[{"href":"https:\/\/uus.addinol.ee\/ru\/wp-json\/wp\/v2\/product\/6173","targetHints":{"allow":["GET"]}}],"collection":[{"href":"https:\/\/uus.addinol.ee\/ru\/wp-json\/wp\/v2\/product"}],"about":[{"href":"https:\/\/uus.addinol.ee\/ru\/wp-json\/wp\/v2\/types\/product"}],"wp:featuredmedia":[{"embeddable":true,"href":"https:\/\/uus.addinol.ee\/ru\/wp-json\/wp\/v2\/media\/6174"}],"wp:attachment":[{"href":"https:\/\/uus.addinol.ee\/ru\/wp-json\/wp\/v2\/media?parent=6173"}],"wp:term":[{"taxonomy":"viscosity","embeddable":true,"href":"https:\/\/uus.addinol.ee\/ru\/wp-json\/wp\/v2\/viscosity?post=6173"},{"taxonomy":"product_brand","embeddable":true,"href":"https:\/\/uus.addinol.ee\/ru\/wp-json\/wp\/v2\/product_brand?post=6173"},{"taxonomy":"product_cat","embeddable":true,"href":"https:\/\/uus.addinol.ee\/ru\/wp-json\/wp\/v2\/product_cat?post=6173"},{"taxonomy":"product_tag","embeddable":true,"href":"https:\/\/uus.addinol.ee\/ru\/wp-json\/wp\/v2\/product_tag?post=6173"},{"taxonomy":"inventory","embeddable":true,"href":"https:\/\/uus.addinol.ee\/ru\/wp-json\/wp\/v2\/inventory?post=6173"}],"curies":[{"name":"wp","href":"https:\/\/api.w.org\/{rel}","templated":true}]}}