{"id":6196,"date":"2024-12-31T12:25:36","date_gmt":"2024-12-31T12:25:36","guid":{"rendered":"https:\/\/addinol.ee\/toode\/universaalne-traktorioli-fluid-to-4-sae-30\/"},"modified":"2025-10-14T11:35:09","modified_gmt":"2025-10-14T08:35:09","slug":"universaalne-traktorioli-fluid-to-4-sae-30","status":"publish","type":"product","link":"https:\/\/uus.addinol.ee\/ru\/toode\/universaalne-traktorioli-fluid-to-4-sae-30\/","title":{"rendered":"Universaalne traktori\u00f5li Fluid TO-4 SAE 30"},"content":{"rendered":"<p><strong>Universaalse traktori\u00f5li Fluid TO-4 SAE 30 KASUTUSV\u00d5IMALUSED:<\/strong><br \/>\n\u2022 Sobib eriti h\u00e4sti kasutamiseks Caterpillari uusimates ehitusmasinates.<br \/>\n\u2022 Sobib ideaalselt kasutamiseks ehitusmasinate ja raskete t\u00f6\u00f6masinate, nagu nt:<br \/>\n&#8212; rataslaadurite,<br \/>\n&#8212; roomikbuldooserite,<br \/>\n&#8212; kallurite,<br \/>\n&#8212; konteineri t\u00f5steseadmega s\u00f5idukite,<br \/>\n&#8212; <em>roll on<\/em> \/ <em>roll off<\/em> vedukite,<br \/>\n&#8212; lennukite puksiirvedukite,<br \/>\n&#8212; man\u00f6\u00f6verduss\u00f5idukite<br \/>\ntransmissioonis\u00fcsteemides, <em>powershift<\/em>-j\u00f5u\u00fclekannetes, m\u00e4rgpidurites ja h\u00fcdros\u00fcsteemides.<\/p>\n<p><strong>Universaalse traktori\u00f5li Fluid TO-4 SAE 30 SPETSIFIKATSIOON \/ LITSENTSID:<\/strong><br \/>\nTraktori\u00f5li ADDINOL Fluid TO-4 SAE 30 omab litsentse:<br \/>\n\u2022 ZF000511: ZF TE-ML 03C, 07F<\/p>\n<p>Universaalne traktori\u00f5li Fluid TO-4 SAE 30 t\u00e4idab ja \u00fcletab n\u00f5udeid:<br \/>\n\u2022 API GL-4 ja API CF<br \/>\n\u2022 Caterpillar TO-4<br \/>\n\u2022 Allison C-4<br \/>\n\u2022 Komatsu KES 07.868.1<\/p>\n<p><strong>T\u00c4HELEPANU<\/strong><br \/>\nUniversaalne transmissioonivedelik, mis t\u00e4idab Caterpillar TO-4 n\u00f5udeid, ei sobi kasutamiseks mootori\u00f5lina!<\/p>\n<p><strong>Universaalse traktori\u00f5li Fluid TO-4 SAE 30 OMADUSED:<\/strong><br \/>\n\u2022 Suurep\u00e4rane h\u00f5\u00f5rdumis- ja kulumisvastane kaitse<br \/>\n\u2022 Erakordselt vananemiskindel<br \/>\n\u2022 Hea voolavus madalatel temperatuuridel<br \/>\n\u2022 Terase ja v\u00e4rvilismetallide t\u00f5hus korrosioonikaitse<br \/>\n\u2022 Kokkusobivus tihenditega<\/p>\n<p><strong>Universaalse traktori\u00f5li Fluid TO-4 SAE 30 EELISED TARBIJALE:<\/strong><br \/>\n\u2022 Suure koormuse all t\u00f6\u00f6tavate masinaosade v\u00e4ga hea kaitse<br \/>\n\u2022 \u00d5li maksimaalne t\u00f6\u00f6iga t\u00e4nap\u00e4evastes agregaatides<br \/>\n\u2022 Sobib ideaalselt kasutamiseks madalatel ja vahelduvatel temperatuuridel<br \/>\n\u2022 Masinaosade v\u00e4ga hea kaitse<br \/>\n\u2022 Tihendite vastupidavus kulumisele suurendab masinate t\u00f6\u00f6kindlust<\/p>\n","protected":false},"excerpt":{"rendered":"<p>Universaalne traktori\u00f5li ADDINOL Fluid TO-4 SAE 30 on valmistatud k\u00f5rgekvaliteedilistest mineraal\u00f5li rafinaatidest ja spetsiaalsest manusekomplektist.<br \/>\nADDINOL Fluid TO-4 \u00f5lide eelised Caterpillar TO-2, ATF vedelike ja universaalsete traktori\u00f5lide ees avalduvad nende parendatud h\u00f5\u00f5rdumisomadustes, kulumisvastases kaitses ja vananemiskindluses.<\/p>\n","protected":false},"featured_media":8128,"template":"","meta":{"_acf_changed":false},"viscosity":[771],"product_brand":[],"product_cat":[150,158],"product_tag":[],"inventory":[],"class_list":{"0":"post-6196","1":"product","2":"type-product","3":"status-publish","4":"has-post-thumbnail","6":"viscosity-771","7":"product_cat-mootorsoidukite-maardeained","8":"product_cat-traktoriolid","9":"pa_vali-pakend-20l","11":"first","12":"onbackorder","13":"taxable","14":"shipping-taxable","15":"purchasable","16":"product-type-simple"},"acf":[],"yoast_head":"<!-- This site is optimized with the Yoast SEO plugin v27.5 - https:\/\/yoast.com\/product\/yoast-seo-wordpress\/ -->\n<title>Universaalne traktori\u00f5li Fluid TO-4 SAE 30 - ADDINOL<\/title>\n<meta name=\"robots\" content=\"index, follow, max-snippet:-1, max-image-preview:large, max-video-preview:-1\" \/>\n<link rel=\"canonical\" href=\"https:\/\/uus.addinol.ee\/ru\/toode\/universaalne-traktorioli-fluid-to-4-sae-30\/\" \/>\n<meta property=\"og:locale\" content=\"ru_RU\" \/>\n<meta property=\"og:type\" content=\"article\" \/>\n<meta property=\"og:title\" content=\"Universaalne traktori\u00f5li Fluid TO-4 SAE 30 - ADDINOL\" \/>\n<meta property=\"og:description\" content=\"Universaalne traktori\u00f5li ADDINOL Fluid TO-4 SAE 30 on valmistatud k\u00f5rgekvaliteedilistest mineraal\u00f5li rafinaatidest ja spetsiaalsest manusekomplektist. ADDINOL Fluid TO-4 \u00f5lide eelised Caterpillar TO-2, ATF vedelike ja universaalsete traktori\u00f5lide ees avalduvad nende parendatud h\u00f5\u00f5rdumisomadustes, kulumisvastases kaitses ja vananemiskindluses.\" \/>\n<meta property=\"og:url\" content=\"https:\/\/uus.addinol.ee\/ru\/toode\/universaalne-traktorioli-fluid-to-4-sae-30\/\" \/>\n<meta property=\"og:site_name\" content=\"ADDINOL\" \/>\n<meta property=\"article:publisher\" content=\"https:\/\/www.facebook.com\/ADDINOLEesti\/\" \/>\n<meta property=\"article:modified_time\" content=\"2025-10-14T08:35:09+00:00\" \/>\n<meta property=\"og:image\" content=\"https:\/\/uus.addinol.ee\/wp-content\/uploads\/2025\/05\/gruppe-scaled.jpg\" \/>\n\t<meta property=\"og:image:width\" content=\"2085\" \/>\n\t<meta property=\"og:image:height\" content=\"2560\" \/>\n\t<meta property=\"og:image:type\" content=\"image\/jpeg\" \/>\n<meta name=\"twitter:card\" content=\"summary_large_image\" \/>\n<meta name=\"twitter:label1\" content=\"\u041f\u0440\u0438\u043c\u0435\u0440\u043d\u043e\u0435 \u0432\u0440\u0435\u043c\u044f \u0434\u043b\u044f \u0447\u0442\u0435\u043d\u0438\u044f\" \/>\n\t<meta name=\"twitter:data1\" content=\"1 \u043c\u0438\u043d\u0443\u0442\u0430\" \/>\n<script type=\"application\/ld+json\" class=\"yoast-schema-graph\">{\"@context\":\"https:\\\/\\\/schema.org\",\"@graph\":[{\"@type\":\"WebPage\",\"@id\":\"https:\\\/\\\/uus.addinol.ee\\\/ru\\\/toode\\\/universaalne-traktorioli-fluid-to-4-sae-30\\\/\",\"url\":\"https:\\\/\\\/uus.addinol.ee\\\/ru\\\/toode\\\/universaalne-traktorioli-fluid-to-4-sae-30\\\/\",\"name\":\"Universaalne traktori\u00f5li Fluid TO-4 SAE 30 - ADDINOL\",\"isPartOf\":{\"@id\":\"https:\\\/\\\/uus.addinol.ee\\\/ru\\\/#website\"},\"primaryImageOfPage\":{\"@id\":\"https:\\\/\\\/uus.addinol.ee\\\/ru\\\/toode\\\/universaalne-traktorioli-fluid-to-4-sae-30\\\/#primaryimage\"},\"image\":{\"@id\":\"https:\\\/\\\/uus.addinol.ee\\\/ru\\\/toode\\\/universaalne-traktorioli-fluid-to-4-sae-30\\\/#primaryimage\"},\"thumbnailUrl\":\"https:\\\/\\\/uus.addinol.ee\\\/wp-content\\\/uploads\\\/2025\\\/05\\\/gruppe-scaled.jpg\",\"datePublished\":\"2024-12-31T12:25:36+00:00\",\"dateModified\":\"2025-10-14T08:35:09+00:00\",\"breadcrumb\":{\"@id\":\"https:\\\/\\\/uus.addinol.ee\\\/ru\\\/toode\\\/universaalne-traktorioli-fluid-to-4-sae-30\\\/#breadcrumb\"},\"inLanguage\":\"ru-RU\",\"potentialAction\":[{\"@type\":\"ReadAction\",\"target\":[\"https:\\\/\\\/uus.addinol.ee\\\/ru\\\/toode\\\/universaalne-traktorioli-fluid-to-4-sae-30\\\/\"]}]},{\"@type\":\"ImageObject\",\"inLanguage\":\"ru-RU\",\"@id\":\"https:\\\/\\\/uus.addinol.ee\\\/ru\\\/toode\\\/universaalne-traktorioli-fluid-to-4-sae-30\\\/#primaryimage\",\"url\":\"https:\\\/\\\/uus.addinol.ee\\\/wp-content\\\/uploads\\\/2025\\\/05\\\/gruppe-scaled.jpg\",\"contentUrl\":\"https:\\\/\\\/uus.addinol.ee\\\/wp-content\\\/uploads\\\/2025\\\/05\\\/gruppe-scaled.jpg\",\"width\":2085,\"height\":2560},{\"@type\":\"BreadcrumbList\",\"@id\":\"https:\\\/\\\/uus.addinol.ee\\\/ru\\\/toode\\\/universaalne-traktorioli-fluid-to-4-sae-30\\\/#breadcrumb\",\"itemListElement\":[{\"@type\":\"ListItem\",\"position\":1,\"name\":\"ADDINOL\",\"item\":\"https:\\\/\\\/uus.addinol.ee\\\/ru\\\/\"},{\"@type\":\"ListItem\",\"position\":2,\"name\":\"E-pood\",\"item\":\"https:\\\/\\\/uus.addinol.ee\\\/e-pood\\\/\"},{\"@type\":\"ListItem\",\"position\":3,\"name\":\"Universaalne traktori\u00f5li Fluid TO-4 SAE 30\"}]},{\"@type\":\"WebSite\",\"@id\":\"https:\\\/\\\/uus.addinol.ee\\\/ru\\\/#website\",\"url\":\"https:\\\/\\\/uus.addinol.ee\\\/ru\\\/\",\"name\":\"ADDINOL\",\"description\":\"Mootori&otilde;lid ja m&auml;&auml;&auml;rdeained igaks kasutusjuhuks\",\"publisher\":{\"@id\":\"https:\\\/\\\/uus.addinol.ee\\\/ru\\\/#organization\"},\"potentialAction\":[{\"@type\":\"SearchAction\",\"target\":{\"@type\":\"EntryPoint\",\"urlTemplate\":\"https:\\\/\\\/uus.addinol.ee\\\/ru\\\/?s={search_term_string}\"},\"query-input\":{\"@type\":\"PropertyValueSpecification\",\"valueRequired\":true,\"valueName\":\"search_term_string\"}}],\"inLanguage\":\"ru-RU\"},{\"@type\":\"Organization\",\"@id\":\"https:\\\/\\\/uus.addinol.ee\\\/ru\\\/#organization\",\"name\":\"ADDINOL\",\"url\":\"https:\\\/\\\/uus.addinol.ee\\\/ru\\\/\",\"logo\":{\"@type\":\"ImageObject\",\"inLanguage\":\"ru-RU\",\"@id\":\"https:\\\/\\\/uus.addinol.ee\\\/ru\\\/#\\\/schema\\\/logo\\\/image\\\/\",\"url\":\"https:\\\/\\\/uus.addinol.ee\\\/wp-content\\\/uploads\\\/2024\\\/10\\\/1200px-ADDINOL-Logo.webp\",\"contentUrl\":\"https:\\\/\\\/uus.addinol.ee\\\/wp-content\\\/uploads\\\/2024\\\/10\\\/1200px-ADDINOL-Logo.webp\",\"width\":1200,\"height\":431,\"caption\":\"ADDINOL\"},\"image\":{\"@id\":\"https:\\\/\\\/uus.addinol.ee\\\/ru\\\/#\\\/schema\\\/logo\\\/image\\\/\"},\"sameAs\":[\"https:\\\/\\\/www.facebook.com\\\/ADDINOLEesti\\\/\",\"https:\\\/\\\/www.instagram.com\\\/addinol_eesti\\\/\"]}]}<\/script>\n<!-- \/ Yoast SEO plugin. -->","yoast_head_json":{"title":"Universaalne traktori\u00f5li Fluid TO-4 SAE 30 - ADDINOL","robots":{"index":"index","follow":"follow","max-snippet":"max-snippet:-1","max-image-preview":"max-image-preview:large","max-video-preview":"max-video-preview:-1"},"canonical":"https:\/\/uus.addinol.ee\/ru\/toode\/universaalne-traktorioli-fluid-to-4-sae-30\/","og_locale":"ru_RU","og_type":"article","og_title":"Universaalne traktori\u00f5li Fluid TO-4 SAE 30 - ADDINOL","og_description":"Universaalne traktori\u00f5li ADDINOL Fluid TO-4 SAE 30 on valmistatud k\u00f5rgekvaliteedilistest mineraal\u00f5li rafinaatidest ja spetsiaalsest manusekomplektist. ADDINOL Fluid TO-4 \u00f5lide eelised Caterpillar TO-2, ATF vedelike ja universaalsete traktori\u00f5lide ees avalduvad nende parendatud h\u00f5\u00f5rdumisomadustes, kulumisvastases kaitses ja vananemiskindluses.","og_url":"https:\/\/uus.addinol.ee\/ru\/toode\/universaalne-traktorioli-fluid-to-4-sae-30\/","og_site_name":"ADDINOL","article_publisher":"https:\/\/www.facebook.com\/ADDINOLEesti\/","article_modified_time":"2025-10-14T08:35:09+00:00","og_image":[{"width":2085,"height":2560,"url":"https:\/\/uus.addinol.ee\/wp-content\/uploads\/2025\/05\/gruppe-scaled.jpg","type":"image\/jpeg"}],"twitter_card":"summary_large_image","twitter_misc":{"\u041f\u0440\u0438\u043c\u0435\u0440\u043d\u043e\u0435 \u0432\u0440\u0435\u043c\u044f \u0434\u043b\u044f \u0447\u0442\u0435\u043d\u0438\u044f":"1 \u043c\u0438\u043d\u0443\u0442\u0430"},"schema":{"@context":"https:\/\/schema.org","@graph":[{"@type":"WebPage","@id":"https:\/\/uus.addinol.ee\/ru\/toode\/universaalne-traktorioli-fluid-to-4-sae-30\/","url":"https:\/\/uus.addinol.ee\/ru\/toode\/universaalne-traktorioli-fluid-to-4-sae-30\/","name":"Universaalne traktori\u00f5li Fluid TO-4 SAE 30 - ADDINOL","isPartOf":{"@id":"https:\/\/uus.addinol.ee\/ru\/#website"},"primaryImageOfPage":{"@id":"https:\/\/uus.addinol.ee\/ru\/toode\/universaalne-traktorioli-fluid-to-4-sae-30\/#primaryimage"},"image":{"@id":"https:\/\/uus.addinol.ee\/ru\/toode\/universaalne-traktorioli-fluid-to-4-sae-30\/#primaryimage"},"thumbnailUrl":"https:\/\/uus.addinol.ee\/wp-content\/uploads\/2025\/05\/gruppe-scaled.jpg","datePublished":"2024-12-31T12:25:36+00:00","dateModified":"2025-10-14T08:35:09+00:00","breadcrumb":{"@id":"https:\/\/uus.addinol.ee\/ru\/toode\/universaalne-traktorioli-fluid-to-4-sae-30\/#breadcrumb"},"inLanguage":"ru-RU","potentialAction":[{"@type":"ReadAction","target":["https:\/\/uus.addinol.ee\/ru\/toode\/universaalne-traktorioli-fluid-to-4-sae-30\/"]}]},{"@type":"ImageObject","inLanguage":"ru-RU","@id":"https:\/\/uus.addinol.ee\/ru\/toode\/universaalne-traktorioli-fluid-to-4-sae-30\/#primaryimage","url":"https:\/\/uus.addinol.ee\/wp-content\/uploads\/2025\/05\/gruppe-scaled.jpg","contentUrl":"https:\/\/uus.addinol.ee\/wp-content\/uploads\/2025\/05\/gruppe-scaled.jpg","width":2085,"height":2560},{"@type":"BreadcrumbList","@id":"https:\/\/uus.addinol.ee\/ru\/toode\/universaalne-traktorioli-fluid-to-4-sae-30\/#breadcrumb","itemListElement":[{"@type":"ListItem","position":1,"name":"ADDINOL","item":"https:\/\/uus.addinol.ee\/ru\/"},{"@type":"ListItem","position":2,"name":"E-pood","item":"https:\/\/uus.addinol.ee\/e-pood\/"},{"@type":"ListItem","position":3,"name":"Universaalne traktori\u00f5li Fluid TO-4 SAE 30"}]},{"@type":"WebSite","@id":"https:\/\/uus.addinol.ee\/ru\/#website","url":"https:\/\/uus.addinol.ee\/ru\/","name":"ADDINOL","description":"Mootori&otilde;lid ja m&auml;&auml;&auml;rdeained igaks kasutusjuhuks","publisher":{"@id":"https:\/\/uus.addinol.ee\/ru\/#organization"},"potentialAction":[{"@type":"SearchAction","target":{"@type":"EntryPoint","urlTemplate":"https:\/\/uus.addinol.ee\/ru\/?s={search_term_string}"},"query-input":{"@type":"PropertyValueSpecification","valueRequired":true,"valueName":"search_term_string"}}],"inLanguage":"ru-RU"},{"@type":"Organization","@id":"https:\/\/uus.addinol.ee\/ru\/#organization","name":"ADDINOL","url":"https:\/\/uus.addinol.ee\/ru\/","logo":{"@type":"ImageObject","inLanguage":"ru-RU","@id":"https:\/\/uus.addinol.ee\/ru\/#\/schema\/logo\/image\/","url":"https:\/\/uus.addinol.ee\/wp-content\/uploads\/2024\/10\/1200px-ADDINOL-Logo.webp","contentUrl":"https:\/\/uus.addinol.ee\/wp-content\/uploads\/2024\/10\/1200px-ADDINOL-Logo.webp","width":1200,"height":431,"caption":"ADDINOL"},"image":{"@id":"https:\/\/uus.addinol.ee\/ru\/#\/schema\/logo\/image\/"},"sameAs":["https:\/\/www.facebook.com\/ADDINOLEesti\/","https:\/\/www.instagram.com\/addinol_eesti\/"]}]}},"_links":{"self":[{"href":"https:\/\/uus.addinol.ee\/ru\/wp-json\/wp\/v2\/product\/6196","targetHints":{"allow":["GET"]}}],"collection":[{"href":"https:\/\/uus.addinol.ee\/ru\/wp-json\/wp\/v2\/product"}],"about":[{"href":"https:\/\/uus.addinol.ee\/ru\/wp-json\/wp\/v2\/types\/product"}],"wp:featuredmedia":[{"embeddable":true,"href":"https:\/\/uus.addinol.ee\/ru\/wp-json\/wp\/v2\/media\/8128"}],"wp:attachment":[{"href":"https:\/\/uus.addinol.ee\/ru\/wp-json\/wp\/v2\/media?parent=6196"}],"wp:term":[{"taxonomy":"viscosity","embeddable":true,"href":"https:\/\/uus.addinol.ee\/ru\/wp-json\/wp\/v2\/viscosity?post=6196"},{"taxonomy":"product_brand","embeddable":true,"href":"https:\/\/uus.addinol.ee\/ru\/wp-json\/wp\/v2\/product_brand?post=6196"},{"taxonomy":"product_cat","embeddable":true,"href":"https:\/\/uus.addinol.ee\/ru\/wp-json\/wp\/v2\/product_cat?post=6196"},{"taxonomy":"product_tag","embeddable":true,"href":"https:\/\/uus.addinol.ee\/ru\/wp-json\/wp\/v2\/product_tag?post=6196"},{"taxonomy":"inventory","embeddable":true,"href":"https:\/\/uus.addinol.ee\/ru\/wp-json\/wp\/v2\/inventory?post=6196"}],"curies":[{"name":"wp","href":"https:\/\/api.w.org\/{rel}","templated":true}]}}