{"id":6401,"date":"2024-12-31T12:26:38","date_gmt":"2024-12-31T12:26:38","guid":{"rendered":"https:\/\/addinol.ee\/toode\/mootorioli-economic-0520\/"},"modified":"2025-07-04T11:39:50","modified_gmt":"2025-07-04T08:39:50","slug":"mootorioli-economic-0520","status":"publish","type":"product","link":"https:\/\/uus.addinol.ee\/ru\/toode\/mootorioli-economic-0520\/","title":{"rendered":"Mootori\u00f5li Economic 0520"},"content":{"rendered":"<p><strong>Mootori\u00f5li <a href=\"https:\/\/addinol.de\/products\/product-finder\/addinol-economic-0520\/?lang=et\">Economic 0520<\/a> KASUTUSV\u00d5IMALUSED:<\/strong><br \/>\n\u2022 Sobib suurep\u00e4raselt t\u00e4nap\u00e4evastele s\u00f5iduautodele ja kaubikutele.<br \/>\n\u2022 Spetsiaalselt ette n\u00e4htud kasutamiseks Aasia ja Ameerika s\u00f5idukites.<\/p>\n<p><strong>SPETSIFIKATSIOON \/ LITSENTSID:<\/strong><br \/>\nMootori\u00f5li Economic 020 t\u00e4idab ja \u00fcletab rahvusvahelisi spetsifikatsioone:<br \/>\n\u2022 API SP with Resource Conserving<br \/>\n\u2022 ILSAC GF-6<\/p>\n<p>T\u00e4idab n\u00f5udeid:<br \/>\n\u2022 Ford WSS-M2C-945A<br \/>\nkaasa arvatud:<br \/>\n&#8212; Ford WSS-M2C-930A<br \/>\n&#8212; Ford WSS-M2C-925A<br \/>\n\u2022 Chrysler MS 6395<br \/>\n\u2022 GM 6094M<\/p>\n<p><strong>\u00a0OMADUSED:<\/strong><br \/>\n\u2022 Suurep\u00e4rane k\u00fclmk\u00e4ivitus<br \/>\n\u2022 Mootorisisest h\u00f5\u00f5rdumist v\u00e4hendavad omadused<br \/>\n\u2022 Suurep\u00e4rane kulumiskaitse<br \/>\n\u2022 Mootori laitmatu puhtus<br \/>\n\u2022 Vananemiskindlus<\/p>\n<p><strong>Mootori\u00f5li Economic 0520 EELISED TARBIJALE:<\/strong><br \/>\n\u2022 Mootori minimaalne kulumine k\u00fclmk\u00e4ivitusel t\u00e4nu suurep\u00e4rasele voolavusele madalatel temperatuuridel<br \/>\n\u2022 K\u00fctuse suur s\u00e4\u00e4stupotentsiaal<br \/>\n\u2022 Mootori maksimaalne kaitse ja pikk t\u00f6\u00f6iga<br \/>\n\u2022 Suurep\u00e4rane <a href=\"https:\/\/uus.addinol.ee\/manused\/\" target=\"_blank\" rel=\"noopener\">pesemisv\u00f5ime<\/a> tagab k\u00f5ikide m\u00e4\u00e4ritavate mootoriosade pika t\u00f6\u00f6ea<br \/>\n\u2022 Pikimad \u00f5livahetusv\u00e4lbad ka \u00f5livahetuse andurs\u00fcsteemide (FSS) kasutamisel<\/p>\n","protected":false},"excerpt":{"rendered":"<p>Mootori\u00f5li ADDINOL Economic 0520 on v\u00e4hendatud HTHS viskoossusega k\u00fctuses\u00e4\u00e4stlik mootori\u00f5li viskoossusklassis SAE 5W-20. Mootori\u00f5li on valmistatud t\u00e4iss\u00fcnteetilistest baas\u00f5lidest ja hoolikalt valitud manuste komplektist, mis tagab mootori puhtuse, korrosiooni- ja kulumisvastase kaitse.<\/p>\n","protected":false},"featured_media":6402,"template":"","meta":{"_acf_changed":false},"viscosity":[],"product_brand":[],"product_cat":[150,156,166],"product_tag":[],"inventory":[],"class_list":{"0":"post-6401","1":"product","2":"type-product","3":"status-publish","4":"has-post-thumbnail","6":"product_cat-mootorsoidukite-maardeained","7":"product_cat-mootoriolid","8":"product_cat-soiduautodele","9":"pa_vali-pakend-economic-0520-5l","10":"pa_vali-pakend-economic-0520-1l","12":"first","13":"instock","14":"taxable","15":"shipping-taxable","16":"purchasable","17":"product-type-variable"},"acf":[],"yoast_head":"<!-- This site is optimized with the Yoast SEO plugin v27.5 - https:\/\/yoast.com\/product\/yoast-seo-wordpress\/ -->\n<title>Mootori\u00f5li Economic 0520 - ADDINOL<\/title>\n<meta name=\"robots\" content=\"index, follow, max-snippet:-1, max-image-preview:large, max-video-preview:-1\" \/>\n<link rel=\"canonical\" href=\"https:\/\/uus.addinol.ee\/ru\/toode\/mootorioli-economic-0520\/\" \/>\n<meta property=\"og:locale\" content=\"ru_RU\" \/>\n<meta property=\"og:type\" content=\"article\" \/>\n<meta property=\"og:title\" content=\"Mootori\u00f5li Economic 0520 - ADDINOL\" \/>\n<meta property=\"og:description\" content=\"Mootori\u00f5li ADDINOL Economic 0520 on v\u00e4hendatud HTHS viskoossusega k\u00fctuses\u00e4\u00e4stlik mootori\u00f5li viskoossusklassis SAE 5W-20. Mootori\u00f5li on valmistatud t\u00e4iss\u00fcnteetilistest baas\u00f5lidest ja hoolikalt valitud manuste komplektist, mis tagab mootori puhtuse, korrosiooni- ja kulumisvastase kaitse.\" \/>\n<meta property=\"og:url\" content=\"https:\/\/uus.addinol.ee\/ru\/toode\/mootorioli-economic-0520\/\" \/>\n<meta property=\"og:site_name\" content=\"ADDINOL\" \/>\n<meta property=\"article:publisher\" content=\"https:\/\/www.facebook.com\/ADDINOLEesti\/\" \/>\n<meta property=\"article:modified_time\" content=\"2025-07-04T08:39:50+00:00\" \/>\n<meta property=\"og:image\" content=\"https:\/\/uus.addinol.ee\/wp-content\/uploads\/2024\/12\/mootorioli-economic-0520-e1623752969700-3.png\" \/>\n\t<meta property=\"og:image:width\" content=\"300\" \/>\n\t<meta property=\"og:image:height\" content=\"424\" \/>\n\t<meta property=\"og:image:type\" content=\"image\/png\" \/>\n<meta name=\"twitter:card\" content=\"summary_large_image\" \/>\n<meta name=\"twitter:label1\" content=\"\u041f\u0440\u0438\u043c\u0435\u0440\u043d\u043e\u0435 \u0432\u0440\u0435\u043c\u044f \u0434\u043b\u044f \u0447\u0442\u0435\u043d\u0438\u044f\" \/>\n\t<meta name=\"twitter:data1\" content=\"1 \u043c\u0438\u043d\u0443\u0442\u0430\" \/>\n<script type=\"application\/ld+json\" class=\"yoast-schema-graph\">{\"@context\":\"https:\\\/\\\/schema.org\",\"@graph\":[{\"@type\":\"WebPage\",\"@id\":\"https:\\\/\\\/uus.addinol.ee\\\/ru\\\/toode\\\/mootorioli-economic-0520\\\/\",\"url\":\"https:\\\/\\\/uus.addinol.ee\\\/ru\\\/toode\\\/mootorioli-economic-0520\\\/\",\"name\":\"Mootori\u00f5li Economic 0520 - ADDINOL\",\"isPartOf\":{\"@id\":\"https:\\\/\\\/uus.addinol.ee\\\/ru\\\/#website\"},\"primaryImageOfPage\":{\"@id\":\"https:\\\/\\\/uus.addinol.ee\\\/ru\\\/toode\\\/mootorioli-economic-0520\\\/#primaryimage\"},\"image\":{\"@id\":\"https:\\\/\\\/uus.addinol.ee\\\/ru\\\/toode\\\/mootorioli-economic-0520\\\/#primaryimage\"},\"thumbnailUrl\":\"https:\\\/\\\/uus.addinol.ee\\\/wp-content\\\/uploads\\\/2024\\\/12\\\/mootorioli-economic-0520-e1623752969700-3.png\",\"datePublished\":\"2024-12-31T12:26:38+00:00\",\"dateModified\":\"2025-07-04T08:39:50+00:00\",\"breadcrumb\":{\"@id\":\"https:\\\/\\\/uus.addinol.ee\\\/ru\\\/toode\\\/mootorioli-economic-0520\\\/#breadcrumb\"},\"inLanguage\":\"ru-RU\",\"potentialAction\":[{\"@type\":\"ReadAction\",\"target\":[\"https:\\\/\\\/uus.addinol.ee\\\/ru\\\/toode\\\/mootorioli-economic-0520\\\/\"]}]},{\"@type\":\"ImageObject\",\"inLanguage\":\"ru-RU\",\"@id\":\"https:\\\/\\\/uus.addinol.ee\\\/ru\\\/toode\\\/mootorioli-economic-0520\\\/#primaryimage\",\"url\":\"https:\\\/\\\/uus.addinol.ee\\\/wp-content\\\/uploads\\\/2024\\\/12\\\/mootorioli-economic-0520-e1623752969700-3.png\",\"contentUrl\":\"https:\\\/\\\/uus.addinol.ee\\\/wp-content\\\/uploads\\\/2024\\\/12\\\/mootorioli-economic-0520-e1623752969700-3.png\",\"width\":300,\"height\":424,\"caption\":\"mootori\u00f5li Economic 0520\"},{\"@type\":\"BreadcrumbList\",\"@id\":\"https:\\\/\\\/uus.addinol.ee\\\/ru\\\/toode\\\/mootorioli-economic-0520\\\/#breadcrumb\",\"itemListElement\":[{\"@type\":\"ListItem\",\"position\":1,\"name\":\"ADDINOL\",\"item\":\"https:\\\/\\\/uus.addinol.ee\\\/ru\\\/\"},{\"@type\":\"ListItem\",\"position\":2,\"name\":\"E-pood\",\"item\":\"https:\\\/\\\/uus.addinol.ee\\\/e-pood\\\/\"},{\"@type\":\"ListItem\",\"position\":3,\"name\":\"Mootori\u00f5li Economic 0520\"}]},{\"@type\":\"WebSite\",\"@id\":\"https:\\\/\\\/uus.addinol.ee\\\/ru\\\/#website\",\"url\":\"https:\\\/\\\/uus.addinol.ee\\\/ru\\\/\",\"name\":\"ADDINOL\",\"description\":\"Mootori&otilde;lid ja m&auml;&auml;&auml;rdeained igaks kasutusjuhuks\",\"publisher\":{\"@id\":\"https:\\\/\\\/uus.addinol.ee\\\/ru\\\/#organization\"},\"potentialAction\":[{\"@type\":\"SearchAction\",\"target\":{\"@type\":\"EntryPoint\",\"urlTemplate\":\"https:\\\/\\\/uus.addinol.ee\\\/ru\\\/?s={search_term_string}\"},\"query-input\":{\"@type\":\"PropertyValueSpecification\",\"valueRequired\":true,\"valueName\":\"search_term_string\"}}],\"inLanguage\":\"ru-RU\"},{\"@type\":\"Organization\",\"@id\":\"https:\\\/\\\/uus.addinol.ee\\\/ru\\\/#organization\",\"name\":\"ADDINOL\",\"url\":\"https:\\\/\\\/uus.addinol.ee\\\/ru\\\/\",\"logo\":{\"@type\":\"ImageObject\",\"inLanguage\":\"ru-RU\",\"@id\":\"https:\\\/\\\/uus.addinol.ee\\\/ru\\\/#\\\/schema\\\/logo\\\/image\\\/\",\"url\":\"https:\\\/\\\/uus.addinol.ee\\\/wp-content\\\/uploads\\\/2024\\\/10\\\/1200px-ADDINOL-Logo.webp\",\"contentUrl\":\"https:\\\/\\\/uus.addinol.ee\\\/wp-content\\\/uploads\\\/2024\\\/10\\\/1200px-ADDINOL-Logo.webp\",\"width\":1200,\"height\":431,\"caption\":\"ADDINOL\"},\"image\":{\"@id\":\"https:\\\/\\\/uus.addinol.ee\\\/ru\\\/#\\\/schema\\\/logo\\\/image\\\/\"},\"sameAs\":[\"https:\\\/\\\/www.facebook.com\\\/ADDINOLEesti\\\/\",\"https:\\\/\\\/www.instagram.com\\\/addinol_eesti\\\/\"]}]}<\/script>\n<!-- \/ Yoast SEO plugin. -->","yoast_head_json":{"title":"Mootori\u00f5li Economic 0520 - ADDINOL","robots":{"index":"index","follow":"follow","max-snippet":"max-snippet:-1","max-image-preview":"max-image-preview:large","max-video-preview":"max-video-preview:-1"},"canonical":"https:\/\/uus.addinol.ee\/ru\/toode\/mootorioli-economic-0520\/","og_locale":"ru_RU","og_type":"article","og_title":"Mootori\u00f5li Economic 0520 - ADDINOL","og_description":"Mootori\u00f5li ADDINOL Economic 0520 on v\u00e4hendatud HTHS viskoossusega k\u00fctuses\u00e4\u00e4stlik mootori\u00f5li viskoossusklassis SAE 5W-20. Mootori\u00f5li on valmistatud t\u00e4iss\u00fcnteetilistest baas\u00f5lidest ja hoolikalt valitud manuste komplektist, mis tagab mootori puhtuse, korrosiooni- ja kulumisvastase kaitse.","og_url":"https:\/\/uus.addinol.ee\/ru\/toode\/mootorioli-economic-0520\/","og_site_name":"ADDINOL","article_publisher":"https:\/\/www.facebook.com\/ADDINOLEesti\/","article_modified_time":"2025-07-04T08:39:50+00:00","og_image":[{"width":300,"height":424,"url":"https:\/\/uus.addinol.ee\/wp-content\/uploads\/2024\/12\/mootorioli-economic-0520-e1623752969700-3.png","type":"image\/png"}],"twitter_card":"summary_large_image","twitter_misc":{"\u041f\u0440\u0438\u043c\u0435\u0440\u043d\u043e\u0435 \u0432\u0440\u0435\u043c\u044f \u0434\u043b\u044f \u0447\u0442\u0435\u043d\u0438\u044f":"1 \u043c\u0438\u043d\u0443\u0442\u0430"},"schema":{"@context":"https:\/\/schema.org","@graph":[{"@type":"WebPage","@id":"https:\/\/uus.addinol.ee\/ru\/toode\/mootorioli-economic-0520\/","url":"https:\/\/uus.addinol.ee\/ru\/toode\/mootorioli-economic-0520\/","name":"Mootori\u00f5li Economic 0520 - ADDINOL","isPartOf":{"@id":"https:\/\/uus.addinol.ee\/ru\/#website"},"primaryImageOfPage":{"@id":"https:\/\/uus.addinol.ee\/ru\/toode\/mootorioli-economic-0520\/#primaryimage"},"image":{"@id":"https:\/\/uus.addinol.ee\/ru\/toode\/mootorioli-economic-0520\/#primaryimage"},"thumbnailUrl":"https:\/\/uus.addinol.ee\/wp-content\/uploads\/2024\/12\/mootorioli-economic-0520-e1623752969700-3.png","datePublished":"2024-12-31T12:26:38+00:00","dateModified":"2025-07-04T08:39:50+00:00","breadcrumb":{"@id":"https:\/\/uus.addinol.ee\/ru\/toode\/mootorioli-economic-0520\/#breadcrumb"},"inLanguage":"ru-RU","potentialAction":[{"@type":"ReadAction","target":["https:\/\/uus.addinol.ee\/ru\/toode\/mootorioli-economic-0520\/"]}]},{"@type":"ImageObject","inLanguage":"ru-RU","@id":"https:\/\/uus.addinol.ee\/ru\/toode\/mootorioli-economic-0520\/#primaryimage","url":"https:\/\/uus.addinol.ee\/wp-content\/uploads\/2024\/12\/mootorioli-economic-0520-e1623752969700-3.png","contentUrl":"https:\/\/uus.addinol.ee\/wp-content\/uploads\/2024\/12\/mootorioli-economic-0520-e1623752969700-3.png","width":300,"height":424,"caption":"mootori\u00f5li Economic 0520"},{"@type":"BreadcrumbList","@id":"https:\/\/uus.addinol.ee\/ru\/toode\/mootorioli-economic-0520\/#breadcrumb","itemListElement":[{"@type":"ListItem","position":1,"name":"ADDINOL","item":"https:\/\/uus.addinol.ee\/ru\/"},{"@type":"ListItem","position":2,"name":"E-pood","item":"https:\/\/uus.addinol.ee\/e-pood\/"},{"@type":"ListItem","position":3,"name":"Mootori\u00f5li Economic 0520"}]},{"@type":"WebSite","@id":"https:\/\/uus.addinol.ee\/ru\/#website","url":"https:\/\/uus.addinol.ee\/ru\/","name":"ADDINOL","description":"Mootori&otilde;lid ja m&auml;&auml;&auml;rdeained igaks kasutusjuhuks","publisher":{"@id":"https:\/\/uus.addinol.ee\/ru\/#organization"},"potentialAction":[{"@type":"SearchAction","target":{"@type":"EntryPoint","urlTemplate":"https:\/\/uus.addinol.ee\/ru\/?s={search_term_string}"},"query-input":{"@type":"PropertyValueSpecification","valueRequired":true,"valueName":"search_term_string"}}],"inLanguage":"ru-RU"},{"@type":"Organization","@id":"https:\/\/uus.addinol.ee\/ru\/#organization","name":"ADDINOL","url":"https:\/\/uus.addinol.ee\/ru\/","logo":{"@type":"ImageObject","inLanguage":"ru-RU","@id":"https:\/\/uus.addinol.ee\/ru\/#\/schema\/logo\/image\/","url":"https:\/\/uus.addinol.ee\/wp-content\/uploads\/2024\/10\/1200px-ADDINOL-Logo.webp","contentUrl":"https:\/\/uus.addinol.ee\/wp-content\/uploads\/2024\/10\/1200px-ADDINOL-Logo.webp","width":1200,"height":431,"caption":"ADDINOL"},"image":{"@id":"https:\/\/uus.addinol.ee\/ru\/#\/schema\/logo\/image\/"},"sameAs":["https:\/\/www.facebook.com\/ADDINOLEesti\/","https:\/\/www.instagram.com\/addinol_eesti\/"]}]}},"_links":{"self":[{"href":"https:\/\/uus.addinol.ee\/ru\/wp-json\/wp\/v2\/product\/6401","targetHints":{"allow":["GET"]}}],"collection":[{"href":"https:\/\/uus.addinol.ee\/ru\/wp-json\/wp\/v2\/product"}],"about":[{"href":"https:\/\/uus.addinol.ee\/ru\/wp-json\/wp\/v2\/types\/product"}],"wp:featuredmedia":[{"embeddable":true,"href":"https:\/\/uus.addinol.ee\/ru\/wp-json\/wp\/v2\/media\/6402"}],"wp:attachment":[{"href":"https:\/\/uus.addinol.ee\/ru\/wp-json\/wp\/v2\/media?parent=6401"}],"wp:term":[{"taxonomy":"viscosity","embeddable":true,"href":"https:\/\/uus.addinol.ee\/ru\/wp-json\/wp\/v2\/viscosity?post=6401"},{"taxonomy":"product_brand","embeddable":true,"href":"https:\/\/uus.addinol.ee\/ru\/wp-json\/wp\/v2\/product_brand?post=6401"},{"taxonomy":"product_cat","embeddable":true,"href":"https:\/\/uus.addinol.ee\/ru\/wp-json\/wp\/v2\/product_cat?post=6401"},{"taxonomy":"product_tag","embeddable":true,"href":"https:\/\/uus.addinol.ee\/ru\/wp-json\/wp\/v2\/product_tag?post=6401"},{"taxonomy":"inventory","embeddable":true,"href":"https:\/\/uus.addinol.ee\/ru\/wp-json\/wp\/v2\/inventory?post=6401"}],"curies":[{"name":"wp","href":"https:\/\/api.w.org\/{rel}","templated":true}]}}