{"id":6406,"date":"2024-12-31T12:26:45","date_gmt":"2024-12-31T12:26:45","guid":{"rendered":"https:\/\/addinol.ee\/toode\/mootorioli-premium-0530-dx1\/"},"modified":"2025-07-04T11:39:50","modified_gmt":"2025-07-04T08:39:50","slug":"mootorioli-premium-0530-dx1","status":"publish","type":"product","link":"https:\/\/uus.addinol.ee\/ru\/toode\/mootorioli-premium-0530-dx1\/","title":{"rendered":"Mootori\u00f5li Premium 0530 DX1"},"content":{"rendered":"<p><strong>Mootori\u00f5li <a href=\"https:\/\/addinol.de\/products\/product-finder\/addinol-premium-0530-dx1\/?lang=et\">Premium 0530 DX1<\/a> KASUTUSV\u00d5IMALUSED:<\/strong><br \/>\n\u2022 Mootori\u00f5li Premium 0530 DX1 sobib eriti h\u00e4sti GDI tehnoloogiaga mootoritele.<br \/>\n\u2022 Spetsiaalselt kasutamiseks GM kontserni uusimates bensiinimootoriga s\u00f5idukites alates v\u00e4ljalaskeaastast 2015.<br \/>\n\u2022 \u00d5livahetusv\u00e4lba pikendamine vastavalt s\u00f5idukitootja ettekirjutustele.<br \/>\n\u2022 Kasutatav Ameerika ja Aasia s\u00f5idukites.<\/p>\n<p><strong>SPETSIFIKATSIOON \/ LITSENTSID:<\/strong><br \/>\nT\u00e4idab ja \u00fcletab rahvusvahelisi spetsifikatsioone:<br \/>\n\u2022 API SP with Resource Conserving<br \/>\n\u2022 ILSAC GF-6A<\/p>\n<p>Omab litsentse:<br \/>\n\u2022 dexo1TM Gen 3 (k.a Gen 2)<br \/>\n(litsentsi nr D33003DH058)<br \/>\n\u2022 OV0401547-G30<\/p>\n<p>T\u00e4idab n\u00f5udeid:<br \/>\n\u2022 Ford M2C 946-A<br \/>\n\u2022 GM 6094 M<br \/>\n\u2022 Chrysler MS-6395<\/p>\n<p><strong>OMADUSED:<\/strong><br \/>\n\u2022 V\u00e4ga hea <a href=\"https:\/\/uus.addinol.ee\/manused\/\" target=\"_blank\" rel=\"noopener\">pesemis- ja dispergeerimisv\u00f5ime<\/a><br \/>\n\u2022 \u00dclit\u00f5hus kulumisvastane kaitse<br \/>\n\u2022 Suurep\u00e4rane voolavus madalatel temperatuuridel<br \/>\n\u2022 Erakordne oks\u00fcdatsioonikindlus<br \/>\n\u2022 Suurep\u00e4rased h\u00f5\u00f5rdumisvastased omadused<br \/>\n\u2022 V\u00e4iksed aurustumiskaod<br \/>\n\u2022 V\u00e4hem \u00f5list tingitud heitmeid<\/p>\n<p><strong>\u00a0EELISED TARBIJALE:<\/strong><br \/>\n\u2022 Mootori maksimaalne puhtus<br \/>\n\u2022 Mootori pikk t\u00f6\u00f6iga<br \/>\n\u2022 \u00a0Suurep\u00e4rane k\u00fclmk\u00e4ivitus ja mootori soojenemine<br \/>\n\u2022 Pikaealine (Longlife) \u00f5li<br \/>\n\u2022 V\u00e4ike k\u00fctusekulu<br \/>\n\u2022 V\u00e4ike \u00f5likulu<br \/>\n\u2022 Keskkonnas\u00e4\u00e4stlik \u00f5li<\/p>\n","protected":false},"excerpt":{"rendered":"<p>Mootori\u00f5li ADDINOL Premium 0530 DX1 on uus mootorisisest h\u00f5\u00f5rdumist v\u00e4hendav SAE 5W-30 klassi pikaealine (Longlife) mootori\u00f5li, mis on valmistatud uudse s\u00fcnteesitehnoloogia baasil. Mootori\u00f5li tohib \u00fcksnes kasutada tagasiulatuvalt kuni 2015. aasta t\u00fc\u00fcbikinnitusega s\u00f5idukites.<\/p>\n","protected":false},"featured_media":6546,"template":"","meta":{"_acf_changed":false},"viscosity":[740],"product_brand":[],"product_cat":[156,150,166],"product_tag":[],"inventory":[],"class_list":{"0":"post-6406","1":"product","2":"type-product","3":"status-publish","4":"has-post-thumbnail","6":"viscosity-5w-30","7":"product_cat-mootoriolid","8":"product_cat-mootorsoidukite-maardeained","9":"product_cat-soiduautodele","10":"pa_vali-pakend-premium-0530-dx1-1l","11":"pa_vali-pakend-premium-0530-dx1-20l","12":"pa_vali-pakend-premium-0530-dx1-57l","13":"pa_vali-pakend-premium-0530-dx1-5l","15":"first","16":"instock","17":"taxable","18":"shipping-taxable","19":"purchasable","20":"product-type-variable"},"acf":[],"yoast_head":"<!-- This site is optimized with the Yoast SEO plugin v27.5 - https:\/\/yoast.com\/product\/yoast-seo-wordpress\/ -->\n<title>Mootori\u00f5li Premium 0530 DX1 - ADDINOL<\/title>\n<meta name=\"robots\" content=\"index, follow, max-snippet:-1, max-image-preview:large, max-video-preview:-1\" \/>\n<link rel=\"canonical\" href=\"https:\/\/uus.addinol.ee\/ru\/toode\/mootorioli-premium-0530-dx1\/\" \/>\n<meta property=\"og:locale\" content=\"ru_RU\" \/>\n<meta property=\"og:type\" content=\"article\" \/>\n<meta property=\"og:title\" content=\"Mootori\u00f5li Premium 0530 DX1 - ADDINOL\" \/>\n<meta property=\"og:description\" content=\"Mootori\u00f5li ADDINOL Premium 0530 DX1 on uus mootorisisest h\u00f5\u00f5rdumist v\u00e4hendav SAE 5W-30 klassi pikaealine (Longlife) mootori\u00f5li, mis on valmistatud uudse s\u00fcnteesitehnoloogia baasil. Mootori\u00f5li tohib \u00fcksnes kasutada tagasiulatuvalt kuni 2015. aasta t\u00fc\u00fcbikinnitusega s\u00f5idukites.\" \/>\n<meta property=\"og:url\" content=\"https:\/\/uus.addinol.ee\/ru\/toode\/mootorioli-premium-0530-dx1\/\" \/>\n<meta property=\"og:site_name\" content=\"ADDINOL\" \/>\n<meta property=\"article:publisher\" content=\"https:\/\/www.facebook.com\/ADDINOLEesti\/\" \/>\n<meta property=\"article:modified_time\" content=\"2025-07-04T08:39:50+00:00\" \/>\n<meta property=\"og:image\" content=\"https:\/\/uus.addinol.ee\/wp-content\/uploads\/2024\/12\/mootorioli-premium-0530-dx1-1-e1633341917309.png\" \/>\n\t<meta property=\"og:image:width\" content=\"1580\" \/>\n\t<meta property=\"og:image:height\" content=\"2045\" \/>\n\t<meta property=\"og:image:type\" content=\"image\/png\" \/>\n<meta name=\"twitter:card\" content=\"summary_large_image\" \/>\n<meta name=\"twitter:label1\" content=\"\u041f\u0440\u0438\u043c\u0435\u0440\u043d\u043e\u0435 \u0432\u0440\u0435\u043c\u044f \u0434\u043b\u044f \u0447\u0442\u0435\u043d\u0438\u044f\" \/>\n\t<meta name=\"twitter:data1\" content=\"1 \u043c\u0438\u043d\u0443\u0442\u0430\" \/>\n<script type=\"application\/ld+json\" class=\"yoast-schema-graph\">{\"@context\":\"https:\\\/\\\/schema.org\",\"@graph\":[{\"@type\":\"WebPage\",\"@id\":\"https:\\\/\\\/uus.addinol.ee\\\/ru\\\/toode\\\/mootorioli-premium-0530-dx1\\\/\",\"url\":\"https:\\\/\\\/uus.addinol.ee\\\/ru\\\/toode\\\/mootorioli-premium-0530-dx1\\\/\",\"name\":\"Mootori\u00f5li Premium 0530 DX1 - ADDINOL\",\"isPartOf\":{\"@id\":\"https:\\\/\\\/uus.addinol.ee\\\/ru\\\/#website\"},\"primaryImageOfPage\":{\"@id\":\"https:\\\/\\\/uus.addinol.ee\\\/ru\\\/toode\\\/mootorioli-premium-0530-dx1\\\/#primaryimage\"},\"image\":{\"@id\":\"https:\\\/\\\/uus.addinol.ee\\\/ru\\\/toode\\\/mootorioli-premium-0530-dx1\\\/#primaryimage\"},\"thumbnailUrl\":\"https:\\\/\\\/uus.addinol.ee\\\/wp-content\\\/uploads\\\/2024\\\/12\\\/mootorioli-premium-0530-dx1-1-e1633341917309.png\",\"datePublished\":\"2024-12-31T12:26:45+00:00\",\"dateModified\":\"2025-07-04T08:39:50+00:00\",\"breadcrumb\":{\"@id\":\"https:\\\/\\\/uus.addinol.ee\\\/ru\\\/toode\\\/mootorioli-premium-0530-dx1\\\/#breadcrumb\"},\"inLanguage\":\"ru-RU\",\"potentialAction\":[{\"@type\":\"ReadAction\",\"target\":[\"https:\\\/\\\/uus.addinol.ee\\\/ru\\\/toode\\\/mootorioli-premium-0530-dx1\\\/\"]}]},{\"@type\":\"ImageObject\",\"inLanguage\":\"ru-RU\",\"@id\":\"https:\\\/\\\/uus.addinol.ee\\\/ru\\\/toode\\\/mootorioli-premium-0530-dx1\\\/#primaryimage\",\"url\":\"https:\\\/\\\/uus.addinol.ee\\\/wp-content\\\/uploads\\\/2024\\\/12\\\/mootorioli-premium-0530-dx1-1-e1633341917309.png\",\"contentUrl\":\"https:\\\/\\\/uus.addinol.ee\\\/wp-content\\\/uploads\\\/2024\\\/12\\\/mootorioli-premium-0530-dx1-1-e1633341917309.png\",\"width\":1580,\"height\":2045},{\"@type\":\"BreadcrumbList\",\"@id\":\"https:\\\/\\\/uus.addinol.ee\\\/ru\\\/toode\\\/mootorioli-premium-0530-dx1\\\/#breadcrumb\",\"itemListElement\":[{\"@type\":\"ListItem\",\"position\":1,\"name\":\"ADDINOL\",\"item\":\"https:\\\/\\\/uus.addinol.ee\\\/ru\\\/\"},{\"@type\":\"ListItem\",\"position\":2,\"name\":\"E-pood\",\"item\":\"https:\\\/\\\/uus.addinol.ee\\\/e-pood\\\/\"},{\"@type\":\"ListItem\",\"position\":3,\"name\":\"Mootori\u00f5li Premium 0530 DX1\"}]},{\"@type\":\"WebSite\",\"@id\":\"https:\\\/\\\/uus.addinol.ee\\\/ru\\\/#website\",\"url\":\"https:\\\/\\\/uus.addinol.ee\\\/ru\\\/\",\"name\":\"ADDINOL\",\"description\":\"Mootori&otilde;lid ja m&auml;&auml;&auml;rdeained igaks kasutusjuhuks\",\"publisher\":{\"@id\":\"https:\\\/\\\/uus.addinol.ee\\\/ru\\\/#organization\"},\"potentialAction\":[{\"@type\":\"SearchAction\",\"target\":{\"@type\":\"EntryPoint\",\"urlTemplate\":\"https:\\\/\\\/uus.addinol.ee\\\/ru\\\/?s={search_term_string}\"},\"query-input\":{\"@type\":\"PropertyValueSpecification\",\"valueRequired\":true,\"valueName\":\"search_term_string\"}}],\"inLanguage\":\"ru-RU\"},{\"@type\":\"Organization\",\"@id\":\"https:\\\/\\\/uus.addinol.ee\\\/ru\\\/#organization\",\"name\":\"ADDINOL\",\"url\":\"https:\\\/\\\/uus.addinol.ee\\\/ru\\\/\",\"logo\":{\"@type\":\"ImageObject\",\"inLanguage\":\"ru-RU\",\"@id\":\"https:\\\/\\\/uus.addinol.ee\\\/ru\\\/#\\\/schema\\\/logo\\\/image\\\/\",\"url\":\"https:\\\/\\\/uus.addinol.ee\\\/wp-content\\\/uploads\\\/2024\\\/10\\\/1200px-ADDINOL-Logo.webp\",\"contentUrl\":\"https:\\\/\\\/uus.addinol.ee\\\/wp-content\\\/uploads\\\/2024\\\/10\\\/1200px-ADDINOL-Logo.webp\",\"width\":1200,\"height\":431,\"caption\":\"ADDINOL\"},\"image\":{\"@id\":\"https:\\\/\\\/uus.addinol.ee\\\/ru\\\/#\\\/schema\\\/logo\\\/image\\\/\"},\"sameAs\":[\"https:\\\/\\\/www.facebook.com\\\/ADDINOLEesti\\\/\",\"https:\\\/\\\/www.instagram.com\\\/addinol_eesti\\\/\"]}]}<\/script>\n<!-- \/ Yoast SEO plugin. -->","yoast_head_json":{"title":"Mootori\u00f5li Premium 0530 DX1 - ADDINOL","robots":{"index":"index","follow":"follow","max-snippet":"max-snippet:-1","max-image-preview":"max-image-preview:large","max-video-preview":"max-video-preview:-1"},"canonical":"https:\/\/uus.addinol.ee\/ru\/toode\/mootorioli-premium-0530-dx1\/","og_locale":"ru_RU","og_type":"article","og_title":"Mootori\u00f5li Premium 0530 DX1 - ADDINOL","og_description":"Mootori\u00f5li ADDINOL Premium 0530 DX1 on uus mootorisisest h\u00f5\u00f5rdumist v\u00e4hendav SAE 5W-30 klassi pikaealine (Longlife) mootori\u00f5li, mis on valmistatud uudse s\u00fcnteesitehnoloogia baasil. Mootori\u00f5li tohib \u00fcksnes kasutada tagasiulatuvalt kuni 2015. aasta t\u00fc\u00fcbikinnitusega s\u00f5idukites.","og_url":"https:\/\/uus.addinol.ee\/ru\/toode\/mootorioli-premium-0530-dx1\/","og_site_name":"ADDINOL","article_publisher":"https:\/\/www.facebook.com\/ADDINOLEesti\/","article_modified_time":"2025-07-04T08:39:50+00:00","og_image":[{"width":1580,"height":2045,"url":"https:\/\/uus.addinol.ee\/wp-content\/uploads\/2024\/12\/mootorioli-premium-0530-dx1-1-e1633341917309.png","type":"image\/png"}],"twitter_card":"summary_large_image","twitter_misc":{"\u041f\u0440\u0438\u043c\u0435\u0440\u043d\u043e\u0435 \u0432\u0440\u0435\u043c\u044f \u0434\u043b\u044f \u0447\u0442\u0435\u043d\u0438\u044f":"1 \u043c\u0438\u043d\u0443\u0442\u0430"},"schema":{"@context":"https:\/\/schema.org","@graph":[{"@type":"WebPage","@id":"https:\/\/uus.addinol.ee\/ru\/toode\/mootorioli-premium-0530-dx1\/","url":"https:\/\/uus.addinol.ee\/ru\/toode\/mootorioli-premium-0530-dx1\/","name":"Mootori\u00f5li Premium 0530 DX1 - ADDINOL","isPartOf":{"@id":"https:\/\/uus.addinol.ee\/ru\/#website"},"primaryImageOfPage":{"@id":"https:\/\/uus.addinol.ee\/ru\/toode\/mootorioli-premium-0530-dx1\/#primaryimage"},"image":{"@id":"https:\/\/uus.addinol.ee\/ru\/toode\/mootorioli-premium-0530-dx1\/#primaryimage"},"thumbnailUrl":"https:\/\/uus.addinol.ee\/wp-content\/uploads\/2024\/12\/mootorioli-premium-0530-dx1-1-e1633341917309.png","datePublished":"2024-12-31T12:26:45+00:00","dateModified":"2025-07-04T08:39:50+00:00","breadcrumb":{"@id":"https:\/\/uus.addinol.ee\/ru\/toode\/mootorioli-premium-0530-dx1\/#breadcrumb"},"inLanguage":"ru-RU","potentialAction":[{"@type":"ReadAction","target":["https:\/\/uus.addinol.ee\/ru\/toode\/mootorioli-premium-0530-dx1\/"]}]},{"@type":"ImageObject","inLanguage":"ru-RU","@id":"https:\/\/uus.addinol.ee\/ru\/toode\/mootorioli-premium-0530-dx1\/#primaryimage","url":"https:\/\/uus.addinol.ee\/wp-content\/uploads\/2024\/12\/mootorioli-premium-0530-dx1-1-e1633341917309.png","contentUrl":"https:\/\/uus.addinol.ee\/wp-content\/uploads\/2024\/12\/mootorioli-premium-0530-dx1-1-e1633341917309.png","width":1580,"height":2045},{"@type":"BreadcrumbList","@id":"https:\/\/uus.addinol.ee\/ru\/toode\/mootorioli-premium-0530-dx1\/#breadcrumb","itemListElement":[{"@type":"ListItem","position":1,"name":"ADDINOL","item":"https:\/\/uus.addinol.ee\/ru\/"},{"@type":"ListItem","position":2,"name":"E-pood","item":"https:\/\/uus.addinol.ee\/e-pood\/"},{"@type":"ListItem","position":3,"name":"Mootori\u00f5li Premium 0530 DX1"}]},{"@type":"WebSite","@id":"https:\/\/uus.addinol.ee\/ru\/#website","url":"https:\/\/uus.addinol.ee\/ru\/","name":"ADDINOL","description":"Mootori&otilde;lid ja m&auml;&auml;&auml;rdeained igaks kasutusjuhuks","publisher":{"@id":"https:\/\/uus.addinol.ee\/ru\/#organization"},"potentialAction":[{"@type":"SearchAction","target":{"@type":"EntryPoint","urlTemplate":"https:\/\/uus.addinol.ee\/ru\/?s={search_term_string}"},"query-input":{"@type":"PropertyValueSpecification","valueRequired":true,"valueName":"search_term_string"}}],"inLanguage":"ru-RU"},{"@type":"Organization","@id":"https:\/\/uus.addinol.ee\/ru\/#organization","name":"ADDINOL","url":"https:\/\/uus.addinol.ee\/ru\/","logo":{"@type":"ImageObject","inLanguage":"ru-RU","@id":"https:\/\/uus.addinol.ee\/ru\/#\/schema\/logo\/image\/","url":"https:\/\/uus.addinol.ee\/wp-content\/uploads\/2024\/10\/1200px-ADDINOL-Logo.webp","contentUrl":"https:\/\/uus.addinol.ee\/wp-content\/uploads\/2024\/10\/1200px-ADDINOL-Logo.webp","width":1200,"height":431,"caption":"ADDINOL"},"image":{"@id":"https:\/\/uus.addinol.ee\/ru\/#\/schema\/logo\/image\/"},"sameAs":["https:\/\/www.facebook.com\/ADDINOLEesti\/","https:\/\/www.instagram.com\/addinol_eesti\/"]}]}},"_links":{"self":[{"href":"https:\/\/uus.addinol.ee\/ru\/wp-json\/wp\/v2\/product\/6406","targetHints":{"allow":["GET"]}}],"collection":[{"href":"https:\/\/uus.addinol.ee\/ru\/wp-json\/wp\/v2\/product"}],"about":[{"href":"https:\/\/uus.addinol.ee\/ru\/wp-json\/wp\/v2\/types\/product"}],"wp:featuredmedia":[{"embeddable":true,"href":"https:\/\/uus.addinol.ee\/ru\/wp-json\/wp\/v2\/media\/6546"}],"wp:attachment":[{"href":"https:\/\/uus.addinol.ee\/ru\/wp-json\/wp\/v2\/media?parent=6406"}],"wp:term":[{"taxonomy":"viscosity","embeddable":true,"href":"https:\/\/uus.addinol.ee\/ru\/wp-json\/wp\/v2\/viscosity?post=6406"},{"taxonomy":"product_brand","embeddable":true,"href":"https:\/\/uus.addinol.ee\/ru\/wp-json\/wp\/v2\/product_brand?post=6406"},{"taxonomy":"product_cat","embeddable":true,"href":"https:\/\/uus.addinol.ee\/ru\/wp-json\/wp\/v2\/product_cat?post=6406"},{"taxonomy":"product_tag","embeddable":true,"href":"https:\/\/uus.addinol.ee\/ru\/wp-json\/wp\/v2\/product_tag?post=6406"},{"taxonomy":"inventory","embeddable":true,"href":"https:\/\/uus.addinol.ee\/ru\/wp-json\/wp\/v2\/inventory?post=6406"}],"curies":[{"name":"wp","href":"https:\/\/api.w.org\/{rel}","templated":true}]}}