{"id":6656,"date":"2025-05-22T12:17:04","date_gmt":"2025-05-22T09:17:04","guid":{"rendered":"https:\/\/addinol.ee\/?post_type=product&#038;p=6656"},"modified":"2025-07-04T11:39:50","modified_gmt":"2025-07-04T08:39:50","slug":"mootorioli-turbo-diesel-md-407","status":"publish","type":"product","link":"https:\/\/uus.addinol.ee\/ru\/toode\/mootorioli-turbo-diesel-md-407\/","title":{"rendered":"Mootori\u00f5li Turbo Diesel MD 407"},"content":{"rendered":"<p><strong>Mootori\u00f5li Turbo Diesel MD 407 KASUTUSV\u00d5IMALUSED:<\/strong><br \/>\nEriti sobilik kasutamiseks koormatud v\u00f5i v\u00e4hekoormatud kiirlaevade, nagu<br \/>\n\u2212 kiirete praamide,<br \/>\n\u2212 jahtide,<br \/>\n\u2212 patrullpaatide,<br \/>\n\u2212 politseipaatide,<br \/>\n\u2212 korvettide,<br \/>\n\u2212 fregattide,<br \/>\nkeskmise kiirusega ja kiiretes diiselmootorites.<br \/>\n\u2022 Sobib suurep\u00e4raselt kasutamiseks statsionaarsetes seadmetes ja raudtees\u00f5idukite diiselmootorites.<br \/>\n\u2022 \u00d5li on testitud erinevat t\u00fc\u00fcpi vedurites ja saadud suurep\u00e4raseid tulemusi.<\/p>\n<p><strong>SPETSIFIKATSIOON \/ LITSENTSID:<\/strong><br \/>\nT\u00e4idab ja \u00fcletab rahvusvahelisi spetsifikatsioone:<br \/>\n\u2022 ACEA E7<br \/>\n\u2022 API CI-4<br \/>\nOmab litsentse:<br \/>\n\u2022 Detroit Diesel BR 2000 &amp; 4000 (DDC)<br \/>\n\u2022 MTU 2<br \/>\n\u2022 Reintjes BV 1597\/4<br \/>\nT\u00e4idab n\u00f5udeid:<br \/>\n\u2022 Caterpillar<br \/>\n\u2022 Cummins<br \/>\n\u2022 DTFR 15B100 (MB 228.2)<br \/>\n\u2022 MACK EO-M Plus<br \/>\n\u2022 MAN 270<\/p>\n<p><strong>OMADUSED:<\/strong><br \/>\n\u2022 Suurep\u00e4rane kulumis- ja korrosioonivastane kaitse<br \/>\n\u2022 Termooks\u00fcdatsioonikindel<br \/>\n\u2022 Hea pesemisv\u00f5ime<br \/>\n\u2022 Transmissiooni v\u00e4iksem kulumine<\/p>\n<p><strong>EELISED TARBIJALE:<\/strong><br \/>\n\u2022 Puhas mootor<br \/>\n\u2022 \u00d5li pikk kasutusiga<br \/>\n\u2022 Puhtad kolvid<br \/>\n\u2022 Suurem j\u00f5udlus k\u00f5rgematel p\u00f6\u00f6retel<\/p>\n","protected":false},"excerpt":{"rendered":"<p>Monoviskoosne mootori\u00f5li ADDINOL Turbo Diesel MD 407 on valmistatud k\u00f5rgekvaliteediliste mineraal\u00f5li rafinaatide ja k\u00f5rgeima spetsiifilise j\u00f5udlusega uute suurep\u00e4raste manuste baasil. Kontroll- ja k\u00e4ituskatsetega t\u00f5estatud mootori puhtus, parim korrosiooni- ja kulumisvastane kaitse ning v\u00e4ga hea termooks\u00fcdatsioonikindlus.<\/p>\n","protected":false},"featured_media":8128,"template":"","meta":{"_acf_changed":false},"viscosity":[],"product_brand":[],"product_cat":[703],"product_tag":[],"inventory":[],"class_list":{"0":"post-6656","1":"product","2":"type-product","3":"status-publish","4":"has-post-thumbnail","6":"product_cat-laevadele-ja-raudteesoidukitele","7":"pa_vali-pakend-20l","8":"pa_vali-pakend-205l","9":"pa_vali-pakend-turbo-diesel-md-407-205l","10":"pa_vali-pakend-turbo-diesel-md-407-20l","12":"first","13":"onbackorder","14":"taxable","15":"shipping-taxable","16":"purchasable","17":"product-type-variable"},"acf":[],"yoast_head":"<!-- This site is optimized with the Yoast SEO plugin v27.5 - https:\/\/yoast.com\/product\/yoast-seo-wordpress\/ -->\n<title>Mootori\u00f5li Turbo Diesel MD 407 - ADDINOL<\/title>\n<meta name=\"robots\" content=\"index, follow, max-snippet:-1, max-image-preview:large, max-video-preview:-1\" \/>\n<link rel=\"canonical\" href=\"https:\/\/uus.addinol.ee\/ru\/toode\/mootorioli-turbo-diesel-md-407\/\" \/>\n<meta property=\"og:locale\" content=\"ru_RU\" \/>\n<meta property=\"og:type\" content=\"article\" \/>\n<meta property=\"og:title\" content=\"Mootori\u00f5li Turbo Diesel MD 407 - ADDINOL\" \/>\n<meta property=\"og:description\" content=\"Monoviskoosne mootori\u00f5li ADDINOL Turbo Diesel MD 407 on valmistatud k\u00f5rgekvaliteediliste mineraal\u00f5li rafinaatide ja k\u00f5rgeima spetsiifilise j\u00f5udlusega uute suurep\u00e4raste manuste baasil. Kontroll- ja k\u00e4ituskatsetega t\u00f5estatud mootori puhtus, parim korrosiooni- ja kulumisvastane kaitse ning v\u00e4ga hea termooks\u00fcdatsioonikindlus.\" \/>\n<meta property=\"og:url\" content=\"https:\/\/uus.addinol.ee\/ru\/toode\/mootorioli-turbo-diesel-md-407\/\" \/>\n<meta property=\"og:site_name\" content=\"ADDINOL\" \/>\n<meta property=\"article:publisher\" content=\"https:\/\/www.facebook.com\/ADDINOLEesti\/\" \/>\n<meta property=\"article:modified_time\" content=\"2025-07-04T08:39:50+00:00\" \/>\n<meta property=\"og:image\" content=\"https:\/\/uus.addinol.ee\/wp-content\/uploads\/2025\/05\/gruppe-scaled.jpg\" \/>\n\t<meta property=\"og:image:width\" content=\"2085\" \/>\n\t<meta property=\"og:image:height\" content=\"2560\" \/>\n\t<meta property=\"og:image:type\" content=\"image\/jpeg\" \/>\n<meta name=\"twitter:card\" content=\"summary_large_image\" \/>\n<meta name=\"twitter:label1\" content=\"\u041f\u0440\u0438\u043c\u0435\u0440\u043d\u043e\u0435 \u0432\u0440\u0435\u043c\u044f \u0434\u043b\u044f \u0447\u0442\u0435\u043d\u0438\u044f\" \/>\n\t<meta name=\"twitter:data1\" content=\"1 \u043c\u0438\u043d\u0443\u0442\u0430\" \/>\n<script type=\"application\/ld+json\" class=\"yoast-schema-graph\">{\"@context\":\"https:\\\/\\\/schema.org\",\"@graph\":[{\"@type\":\"WebPage\",\"@id\":\"https:\\\/\\\/uus.addinol.ee\\\/ru\\\/toode\\\/mootorioli-turbo-diesel-md-407\\\/\",\"url\":\"https:\\\/\\\/uus.addinol.ee\\\/ru\\\/toode\\\/mootorioli-turbo-diesel-md-407\\\/\",\"name\":\"Mootori\u00f5li Turbo Diesel MD 407 - ADDINOL\",\"isPartOf\":{\"@id\":\"https:\\\/\\\/uus.addinol.ee\\\/ru\\\/#website\"},\"primaryImageOfPage\":{\"@id\":\"https:\\\/\\\/uus.addinol.ee\\\/ru\\\/toode\\\/mootorioli-turbo-diesel-md-407\\\/#primaryimage\"},\"image\":{\"@id\":\"https:\\\/\\\/uus.addinol.ee\\\/ru\\\/toode\\\/mootorioli-turbo-diesel-md-407\\\/#primaryimage\"},\"thumbnailUrl\":\"https:\\\/\\\/uus.addinol.ee\\\/wp-content\\\/uploads\\\/2025\\\/05\\\/gruppe-scaled.jpg\",\"datePublished\":\"2025-05-22T09:17:04+00:00\",\"dateModified\":\"2025-07-04T08:39:50+00:00\",\"breadcrumb\":{\"@id\":\"https:\\\/\\\/uus.addinol.ee\\\/ru\\\/toode\\\/mootorioli-turbo-diesel-md-407\\\/#breadcrumb\"},\"inLanguage\":\"ru-RU\",\"potentialAction\":[{\"@type\":\"ReadAction\",\"target\":[\"https:\\\/\\\/uus.addinol.ee\\\/ru\\\/toode\\\/mootorioli-turbo-diesel-md-407\\\/\"]}]},{\"@type\":\"ImageObject\",\"inLanguage\":\"ru-RU\",\"@id\":\"https:\\\/\\\/uus.addinol.ee\\\/ru\\\/toode\\\/mootorioli-turbo-diesel-md-407\\\/#primaryimage\",\"url\":\"https:\\\/\\\/uus.addinol.ee\\\/wp-content\\\/uploads\\\/2025\\\/05\\\/gruppe-scaled.jpg\",\"contentUrl\":\"https:\\\/\\\/uus.addinol.ee\\\/wp-content\\\/uploads\\\/2025\\\/05\\\/gruppe-scaled.jpg\",\"width\":2085,\"height\":2560},{\"@type\":\"BreadcrumbList\",\"@id\":\"https:\\\/\\\/uus.addinol.ee\\\/ru\\\/toode\\\/mootorioli-turbo-diesel-md-407\\\/#breadcrumb\",\"itemListElement\":[{\"@type\":\"ListItem\",\"position\":1,\"name\":\"ADDINOL\",\"item\":\"https:\\\/\\\/uus.addinol.ee\\\/ru\\\/\"},{\"@type\":\"ListItem\",\"position\":2,\"name\":\"E-pood\",\"item\":\"https:\\\/\\\/uus.addinol.ee\\\/e-pood\\\/\"},{\"@type\":\"ListItem\",\"position\":3,\"name\":\"Mootori\u00f5li Turbo Diesel MD 407\"}]},{\"@type\":\"WebSite\",\"@id\":\"https:\\\/\\\/uus.addinol.ee\\\/ru\\\/#website\",\"url\":\"https:\\\/\\\/uus.addinol.ee\\\/ru\\\/\",\"name\":\"ADDINOL\",\"description\":\"Mootori&otilde;lid ja m&auml;&auml;&auml;rdeained igaks kasutusjuhuks\",\"publisher\":{\"@id\":\"https:\\\/\\\/uus.addinol.ee\\\/ru\\\/#organization\"},\"potentialAction\":[{\"@type\":\"SearchAction\",\"target\":{\"@type\":\"EntryPoint\",\"urlTemplate\":\"https:\\\/\\\/uus.addinol.ee\\\/ru\\\/?s={search_term_string}\"},\"query-input\":{\"@type\":\"PropertyValueSpecification\",\"valueRequired\":true,\"valueName\":\"search_term_string\"}}],\"inLanguage\":\"ru-RU\"},{\"@type\":\"Organization\",\"@id\":\"https:\\\/\\\/uus.addinol.ee\\\/ru\\\/#organization\",\"name\":\"ADDINOL\",\"url\":\"https:\\\/\\\/uus.addinol.ee\\\/ru\\\/\",\"logo\":{\"@type\":\"ImageObject\",\"inLanguage\":\"ru-RU\",\"@id\":\"https:\\\/\\\/uus.addinol.ee\\\/ru\\\/#\\\/schema\\\/logo\\\/image\\\/\",\"url\":\"https:\\\/\\\/uus.addinol.ee\\\/wp-content\\\/uploads\\\/2024\\\/10\\\/1200px-ADDINOL-Logo.webp\",\"contentUrl\":\"https:\\\/\\\/uus.addinol.ee\\\/wp-content\\\/uploads\\\/2024\\\/10\\\/1200px-ADDINOL-Logo.webp\",\"width\":1200,\"height\":431,\"caption\":\"ADDINOL\"},\"image\":{\"@id\":\"https:\\\/\\\/uus.addinol.ee\\\/ru\\\/#\\\/schema\\\/logo\\\/image\\\/\"},\"sameAs\":[\"https:\\\/\\\/www.facebook.com\\\/ADDINOLEesti\\\/\",\"https:\\\/\\\/www.instagram.com\\\/addinol_eesti\\\/\"]}]}<\/script>\n<!-- \/ Yoast SEO plugin. -->","yoast_head_json":{"title":"Mootori\u00f5li Turbo Diesel MD 407 - ADDINOL","robots":{"index":"index","follow":"follow","max-snippet":"max-snippet:-1","max-image-preview":"max-image-preview:large","max-video-preview":"max-video-preview:-1"},"canonical":"https:\/\/uus.addinol.ee\/ru\/toode\/mootorioli-turbo-diesel-md-407\/","og_locale":"ru_RU","og_type":"article","og_title":"Mootori\u00f5li Turbo Diesel MD 407 - ADDINOL","og_description":"Monoviskoosne mootori\u00f5li ADDINOL Turbo Diesel MD 407 on valmistatud k\u00f5rgekvaliteediliste mineraal\u00f5li rafinaatide ja k\u00f5rgeima spetsiifilise j\u00f5udlusega uute suurep\u00e4raste manuste baasil. Kontroll- ja k\u00e4ituskatsetega t\u00f5estatud mootori puhtus, parim korrosiooni- ja kulumisvastane kaitse ning v\u00e4ga hea termooks\u00fcdatsioonikindlus.","og_url":"https:\/\/uus.addinol.ee\/ru\/toode\/mootorioli-turbo-diesel-md-407\/","og_site_name":"ADDINOL","article_publisher":"https:\/\/www.facebook.com\/ADDINOLEesti\/","article_modified_time":"2025-07-04T08:39:50+00:00","og_image":[{"width":2085,"height":2560,"url":"https:\/\/uus.addinol.ee\/wp-content\/uploads\/2025\/05\/gruppe-scaled.jpg","type":"image\/jpeg"}],"twitter_card":"summary_large_image","twitter_misc":{"\u041f\u0440\u0438\u043c\u0435\u0440\u043d\u043e\u0435 \u0432\u0440\u0435\u043c\u044f \u0434\u043b\u044f \u0447\u0442\u0435\u043d\u0438\u044f":"1 \u043c\u0438\u043d\u0443\u0442\u0430"},"schema":{"@context":"https:\/\/schema.org","@graph":[{"@type":"WebPage","@id":"https:\/\/uus.addinol.ee\/ru\/toode\/mootorioli-turbo-diesel-md-407\/","url":"https:\/\/uus.addinol.ee\/ru\/toode\/mootorioli-turbo-diesel-md-407\/","name":"Mootori\u00f5li Turbo Diesel MD 407 - ADDINOL","isPartOf":{"@id":"https:\/\/uus.addinol.ee\/ru\/#website"},"primaryImageOfPage":{"@id":"https:\/\/uus.addinol.ee\/ru\/toode\/mootorioli-turbo-diesel-md-407\/#primaryimage"},"image":{"@id":"https:\/\/uus.addinol.ee\/ru\/toode\/mootorioli-turbo-diesel-md-407\/#primaryimage"},"thumbnailUrl":"https:\/\/uus.addinol.ee\/wp-content\/uploads\/2025\/05\/gruppe-scaled.jpg","datePublished":"2025-05-22T09:17:04+00:00","dateModified":"2025-07-04T08:39:50+00:00","breadcrumb":{"@id":"https:\/\/uus.addinol.ee\/ru\/toode\/mootorioli-turbo-diesel-md-407\/#breadcrumb"},"inLanguage":"ru-RU","potentialAction":[{"@type":"ReadAction","target":["https:\/\/uus.addinol.ee\/ru\/toode\/mootorioli-turbo-diesel-md-407\/"]}]},{"@type":"ImageObject","inLanguage":"ru-RU","@id":"https:\/\/uus.addinol.ee\/ru\/toode\/mootorioli-turbo-diesel-md-407\/#primaryimage","url":"https:\/\/uus.addinol.ee\/wp-content\/uploads\/2025\/05\/gruppe-scaled.jpg","contentUrl":"https:\/\/uus.addinol.ee\/wp-content\/uploads\/2025\/05\/gruppe-scaled.jpg","width":2085,"height":2560},{"@type":"BreadcrumbList","@id":"https:\/\/uus.addinol.ee\/ru\/toode\/mootorioli-turbo-diesel-md-407\/#breadcrumb","itemListElement":[{"@type":"ListItem","position":1,"name":"ADDINOL","item":"https:\/\/uus.addinol.ee\/ru\/"},{"@type":"ListItem","position":2,"name":"E-pood","item":"https:\/\/uus.addinol.ee\/e-pood\/"},{"@type":"ListItem","position":3,"name":"Mootori\u00f5li Turbo Diesel MD 407"}]},{"@type":"WebSite","@id":"https:\/\/uus.addinol.ee\/ru\/#website","url":"https:\/\/uus.addinol.ee\/ru\/","name":"ADDINOL","description":"Mootori&otilde;lid ja m&auml;&auml;&auml;rdeained igaks kasutusjuhuks","publisher":{"@id":"https:\/\/uus.addinol.ee\/ru\/#organization"},"potentialAction":[{"@type":"SearchAction","target":{"@type":"EntryPoint","urlTemplate":"https:\/\/uus.addinol.ee\/ru\/?s={search_term_string}"},"query-input":{"@type":"PropertyValueSpecification","valueRequired":true,"valueName":"search_term_string"}}],"inLanguage":"ru-RU"},{"@type":"Organization","@id":"https:\/\/uus.addinol.ee\/ru\/#organization","name":"ADDINOL","url":"https:\/\/uus.addinol.ee\/ru\/","logo":{"@type":"ImageObject","inLanguage":"ru-RU","@id":"https:\/\/uus.addinol.ee\/ru\/#\/schema\/logo\/image\/","url":"https:\/\/uus.addinol.ee\/wp-content\/uploads\/2024\/10\/1200px-ADDINOL-Logo.webp","contentUrl":"https:\/\/uus.addinol.ee\/wp-content\/uploads\/2024\/10\/1200px-ADDINOL-Logo.webp","width":1200,"height":431,"caption":"ADDINOL"},"image":{"@id":"https:\/\/uus.addinol.ee\/ru\/#\/schema\/logo\/image\/"},"sameAs":["https:\/\/www.facebook.com\/ADDINOLEesti\/","https:\/\/www.instagram.com\/addinol_eesti\/"]}]}},"_links":{"self":[{"href":"https:\/\/uus.addinol.ee\/ru\/wp-json\/wp\/v2\/product\/6656","targetHints":{"allow":["GET"]}}],"collection":[{"href":"https:\/\/uus.addinol.ee\/ru\/wp-json\/wp\/v2\/product"}],"about":[{"href":"https:\/\/uus.addinol.ee\/ru\/wp-json\/wp\/v2\/types\/product"}],"wp:featuredmedia":[{"embeddable":true,"href":"https:\/\/uus.addinol.ee\/ru\/wp-json\/wp\/v2\/media\/8128"}],"wp:attachment":[{"href":"https:\/\/uus.addinol.ee\/ru\/wp-json\/wp\/v2\/media?parent=6656"}],"wp:term":[{"taxonomy":"viscosity","embeddable":true,"href":"https:\/\/uus.addinol.ee\/ru\/wp-json\/wp\/v2\/viscosity?post=6656"},{"taxonomy":"product_brand","embeddable":true,"href":"https:\/\/uus.addinol.ee\/ru\/wp-json\/wp\/v2\/product_brand?post=6656"},{"taxonomy":"product_cat","embeddable":true,"href":"https:\/\/uus.addinol.ee\/ru\/wp-json\/wp\/v2\/product_cat?post=6656"},{"taxonomy":"product_tag","embeddable":true,"href":"https:\/\/uus.addinol.ee\/ru\/wp-json\/wp\/v2\/product_tag?post=6656"},{"taxonomy":"inventory","embeddable":true,"href":"https:\/\/uus.addinol.ee\/ru\/wp-json\/wp\/v2\/inventory?post=6656"}],"curies":[{"name":"wp","href":"https:\/\/api.w.org\/{rel}","templated":true}]}}