{"id":7037,"date":"2025-05-20T20:00:05","date_gmt":"2025-05-20T17:00:05","guid":{"rendered":"https:\/\/addinol.ee\/?post_type=product&#038;p=7037"},"modified":"2025-07-04T11:39:50","modified_gmt":"2025-07-04T08:39:50","slug":"gaasimootorioli-gasmotorenol-mg-1040","status":"publish","type":"product","link":"https:\/\/uus.addinol.ee\/ru\/toode\/gaasimootorioli-gasmotorenol-mg-1040\/","title":{"rendered":"Gaasimootori\u00f5li Gasmotoren\u00f6l MG 1040"},"content":{"rendered":"<p><strong>Gaasimootori\u00f5li Gasmotoren\u00f6l MG 1040 KASUTUSV\u00d5IMALUSED:<\/strong><br \/>\n\u2022 Ette n\u00e4htud s\u00f5idukite maa- (CNG) ja autogaasiga (LPG)<br \/>\nt\u00f6\u00f6tavatele mootoritele ning diiselmootoritele.<br \/>\n\u2022 Sobivad suurep\u00e4raselt transportettev\u00f5tetele, kes kasutavad<br \/>\nk\u00fctusena valdavalt maagaasi (CNG).<\/p>\n<p><strong>Gaasimootori\u00f5li Gasmotoren\u00f6l MG 1040 SPETSIFIKATSIOONID:<\/strong><br \/>\nT\u00e4idab ja \u00fcletab rahvusvahelisi<br \/>\nspetsifikatsioone:<br \/>\n\u2022 ACEA E3<br \/>\n\u2022 API CG-4<\/p>\n<p>T\u00e4idab j\u00e4rgmisi n\u00f5udeid CNG kasutamisel:<br \/>\n\u2022 MB 226.9<br \/>\n\u2022 MAN M 3271-1<br \/>\n\u2022 Renault RGD<\/p>\n<p>T\u00e4idab j\u00e4rgmisi n\u00f5udeid diislik\u00fctuse kasutamisel:<br \/>\n\u2022 MB 228.1<br \/>\n\u2022 MAN M 3275-1<\/p>\n<p>OMADUSED<br \/>\n\u2022 Innovaatiline manusekomplekt<br \/>\n\u2022 Parendatud kulumis- ja korrosioonivastane kaitse<br \/>\n\u2022 Puhtam mootor<br \/>\n\u2022 Multiviskoossed<br \/>\n\u2022 Kasutatavad aastaringselt<br \/>\n\u2022 Parim oks\u00fcdatsioonikindlus<\/p>\n<p>EELISED TARBIJALE<br \/>\n\u2022 K\u00fcbemete ja l\u00e4mmastikoksiidide t\u00f5hus kontroll<br \/>\n\u2022 Mootori maksimaalne kaitse<br \/>\n\u2022 Ei tekita kolvigrupile setteid<br \/>\n\u2022 Hoiavad \u00e4ra must\u0161lammi tekke<br \/>\n\u2022 Stabiilne \u00f5likelme k\u00f5ikidel temperatuuridel<br \/>\n\u2022 Kasutatavad aastaringselt<br \/>\n\u2022 Mootori\u00f5li optimaalne kasutusiga<\/p>\n","protected":false},"excerpt":{"rendered":"<p>ADDINOL Gasmotoren\u00f6l MG 1040 on aastaringne mootori\u00f5li viskoossusklassis SAE 10W-40. Kvaliteetsete baas\u00f5lide ja t\u00f5husate manuste kombineerimisel on saadud toode, mis t\u00e4idab maa- ja autogaasiga t\u00f6\u00f6tavate v\u00f5imsate mootorite n\u00f5udeid.<\/p>\n","protected":false},"featured_media":7038,"template":"","meta":{"_acf_changed":false},"viscosity":[708],"product_brand":[],"product_cat":[176,151],"product_tag":[],"inventory":[],"class_list":{"0":"post-7037","1":"product","2":"type-product","3":"status-publish","4":"has-post-thumbnail","6":"viscosity-10w-40","7":"product_cat-gaasimootoriolid","8":"product_cat-toostusmaardeained","9":"pa_vali-pakend-gasmotorenol-mg-1040-1l","10":"pa_vali-pakend-gasmotorenol-mg-1040-4l","11":"pa_vali-pakend-1l","12":"pa_vali-pakend-4l","14":"first","15":"instock","16":"taxable","17":"shipping-taxable","18":"purchasable","19":"product-type-variable"},"acf":[],"yoast_head":"<!-- This site is optimized with the Yoast SEO plugin v27.5 - https:\/\/yoast.com\/product\/yoast-seo-wordpress\/ -->\n<title>Gaasimootori\u00f5li Gasmotoren\u00f6l MG 1040 - ADDINOL<\/title>\n<meta name=\"robots\" content=\"index, follow, max-snippet:-1, max-image-preview:large, max-video-preview:-1\" \/>\n<link rel=\"canonical\" href=\"https:\/\/uus.addinol.ee\/ru\/toode\/gaasimootorioli-gasmotorenol-mg-1040\/\" \/>\n<meta property=\"og:locale\" content=\"ru_RU\" \/>\n<meta property=\"og:type\" content=\"article\" \/>\n<meta property=\"og:title\" content=\"Gaasimootori\u00f5li Gasmotoren\u00f6l MG 1040 - ADDINOL\" \/>\n<meta property=\"og:description\" content=\"ADDINOL Gasmotoren\u00f6l MG 1040 on aastaringne mootori\u00f5li viskoossusklassis SAE 10W-40. Kvaliteetsete baas\u00f5lide ja t\u00f5husate manuste kombineerimisel on saadud toode, mis t\u00e4idab maa- ja autogaasiga t\u00f6\u00f6tavate v\u00f5imsate mootorite n\u00f5udeid.\" \/>\n<meta property=\"og:url\" content=\"https:\/\/uus.addinol.ee\/ru\/toode\/gaasimootorioli-gasmotorenol-mg-1040\/\" \/>\n<meta property=\"og:site_name\" content=\"ADDINOL\" \/>\n<meta property=\"article:publisher\" content=\"https:\/\/www.facebook.com\/ADDINOLEesti\/\" \/>\n<meta property=\"article:modified_time\" content=\"2025-07-04T08:39:50+00:00\" \/>\n<meta property=\"og:image\" content=\"https:\/\/uus.addinol.ee\/wp-content\/uploads\/2025\/01\/gaasimootorioli-gasmotorenol-mg-1040_1l.jpg\" \/>\n\t<meta property=\"og:image:width\" content=\"418\" \/>\n\t<meta property=\"og:image:height\" content=\"800\" \/>\n\t<meta property=\"og:image:type\" content=\"image\/jpeg\" \/>\n<meta name=\"twitter:card\" content=\"summary_large_image\" \/>\n<meta name=\"twitter:label1\" content=\"\u041f\u0440\u0438\u043c\u0435\u0440\u043d\u043e\u0435 \u0432\u0440\u0435\u043c\u044f \u0434\u043b\u044f \u0447\u0442\u0435\u043d\u0438\u044f\" \/>\n\t<meta name=\"twitter:data1\" content=\"1 \u043c\u0438\u043d\u0443\u0442\u0430\" \/>\n<script type=\"application\/ld+json\" class=\"yoast-schema-graph\">{\"@context\":\"https:\\\/\\\/schema.org\",\"@graph\":[{\"@type\":\"WebPage\",\"@id\":\"https:\\\/\\\/uus.addinol.ee\\\/ru\\\/toode\\\/gaasimootorioli-gasmotorenol-mg-1040\\\/\",\"url\":\"https:\\\/\\\/uus.addinol.ee\\\/ru\\\/toode\\\/gaasimootorioli-gasmotorenol-mg-1040\\\/\",\"name\":\"Gaasimootori\u00f5li Gasmotoren\u00f6l MG 1040 - ADDINOL\",\"isPartOf\":{\"@id\":\"https:\\\/\\\/uus.addinol.ee\\\/ru\\\/#website\"},\"primaryImageOfPage\":{\"@id\":\"https:\\\/\\\/uus.addinol.ee\\\/ru\\\/toode\\\/gaasimootorioli-gasmotorenol-mg-1040\\\/#primaryimage\"},\"image\":{\"@id\":\"https:\\\/\\\/uus.addinol.ee\\\/ru\\\/toode\\\/gaasimootorioli-gasmotorenol-mg-1040\\\/#primaryimage\"},\"thumbnailUrl\":\"https:\\\/\\\/uus.addinol.ee\\\/wp-content\\\/uploads\\\/2025\\\/01\\\/gaasimootorioli-gasmotorenol-mg-1040_1l.jpg\",\"datePublished\":\"2025-05-20T17:00:05+00:00\",\"dateModified\":\"2025-07-04T08:39:50+00:00\",\"breadcrumb\":{\"@id\":\"https:\\\/\\\/uus.addinol.ee\\\/ru\\\/toode\\\/gaasimootorioli-gasmotorenol-mg-1040\\\/#breadcrumb\"},\"inLanguage\":\"ru-RU\",\"potentialAction\":[{\"@type\":\"ReadAction\",\"target\":[\"https:\\\/\\\/uus.addinol.ee\\\/ru\\\/toode\\\/gaasimootorioli-gasmotorenol-mg-1040\\\/\"]}]},{\"@type\":\"ImageObject\",\"inLanguage\":\"ru-RU\",\"@id\":\"https:\\\/\\\/uus.addinol.ee\\\/ru\\\/toode\\\/gaasimootorioli-gasmotorenol-mg-1040\\\/#primaryimage\",\"url\":\"https:\\\/\\\/uus.addinol.ee\\\/wp-content\\\/uploads\\\/2025\\\/01\\\/gaasimootorioli-gasmotorenol-mg-1040_1l.jpg\",\"contentUrl\":\"https:\\\/\\\/uus.addinol.ee\\\/wp-content\\\/uploads\\\/2025\\\/01\\\/gaasimootorioli-gasmotorenol-mg-1040_1l.jpg\",\"width\":418,\"height\":800},{\"@type\":\"BreadcrumbList\",\"@id\":\"https:\\\/\\\/uus.addinol.ee\\\/ru\\\/toode\\\/gaasimootorioli-gasmotorenol-mg-1040\\\/#breadcrumb\",\"itemListElement\":[{\"@type\":\"ListItem\",\"position\":1,\"name\":\"ADDINOL\",\"item\":\"https:\\\/\\\/uus.addinol.ee\\\/ru\\\/\"},{\"@type\":\"ListItem\",\"position\":2,\"name\":\"E-pood\",\"item\":\"https:\\\/\\\/uus.addinol.ee\\\/e-pood\\\/\"},{\"@type\":\"ListItem\",\"position\":3,\"name\":\"Gaasimootori\u00f5li Gasmotoren\u00f6l MG 1040\"}]},{\"@type\":\"WebSite\",\"@id\":\"https:\\\/\\\/uus.addinol.ee\\\/ru\\\/#website\",\"url\":\"https:\\\/\\\/uus.addinol.ee\\\/ru\\\/\",\"name\":\"ADDINOL\",\"description\":\"Mootori&otilde;lid ja m&auml;&auml;&auml;rdeained igaks kasutusjuhuks\",\"publisher\":{\"@id\":\"https:\\\/\\\/uus.addinol.ee\\\/ru\\\/#organization\"},\"potentialAction\":[{\"@type\":\"SearchAction\",\"target\":{\"@type\":\"EntryPoint\",\"urlTemplate\":\"https:\\\/\\\/uus.addinol.ee\\\/ru\\\/?s={search_term_string}\"},\"query-input\":{\"@type\":\"PropertyValueSpecification\",\"valueRequired\":true,\"valueName\":\"search_term_string\"}}],\"inLanguage\":\"ru-RU\"},{\"@type\":\"Organization\",\"@id\":\"https:\\\/\\\/uus.addinol.ee\\\/ru\\\/#organization\",\"name\":\"ADDINOL\",\"url\":\"https:\\\/\\\/uus.addinol.ee\\\/ru\\\/\",\"logo\":{\"@type\":\"ImageObject\",\"inLanguage\":\"ru-RU\",\"@id\":\"https:\\\/\\\/uus.addinol.ee\\\/ru\\\/#\\\/schema\\\/logo\\\/image\\\/\",\"url\":\"https:\\\/\\\/uus.addinol.ee\\\/wp-content\\\/uploads\\\/2024\\\/10\\\/1200px-ADDINOL-Logo.webp\",\"contentUrl\":\"https:\\\/\\\/uus.addinol.ee\\\/wp-content\\\/uploads\\\/2024\\\/10\\\/1200px-ADDINOL-Logo.webp\",\"width\":1200,\"height\":431,\"caption\":\"ADDINOL\"},\"image\":{\"@id\":\"https:\\\/\\\/uus.addinol.ee\\\/ru\\\/#\\\/schema\\\/logo\\\/image\\\/\"},\"sameAs\":[\"https:\\\/\\\/www.facebook.com\\\/ADDINOLEesti\\\/\",\"https:\\\/\\\/www.instagram.com\\\/addinol_eesti\\\/\"]}]}<\/script>\n<!-- \/ Yoast SEO plugin. -->","yoast_head_json":{"title":"Gaasimootori\u00f5li Gasmotoren\u00f6l MG 1040 - ADDINOL","robots":{"index":"index","follow":"follow","max-snippet":"max-snippet:-1","max-image-preview":"max-image-preview:large","max-video-preview":"max-video-preview:-1"},"canonical":"https:\/\/uus.addinol.ee\/ru\/toode\/gaasimootorioli-gasmotorenol-mg-1040\/","og_locale":"ru_RU","og_type":"article","og_title":"Gaasimootori\u00f5li Gasmotoren\u00f6l MG 1040 - ADDINOL","og_description":"ADDINOL Gasmotoren\u00f6l MG 1040 on aastaringne mootori\u00f5li viskoossusklassis SAE 10W-40. Kvaliteetsete baas\u00f5lide ja t\u00f5husate manuste kombineerimisel on saadud toode, mis t\u00e4idab maa- ja autogaasiga t\u00f6\u00f6tavate v\u00f5imsate mootorite n\u00f5udeid.","og_url":"https:\/\/uus.addinol.ee\/ru\/toode\/gaasimootorioli-gasmotorenol-mg-1040\/","og_site_name":"ADDINOL","article_publisher":"https:\/\/www.facebook.com\/ADDINOLEesti\/","article_modified_time":"2025-07-04T08:39:50+00:00","og_image":[{"width":418,"height":800,"url":"https:\/\/uus.addinol.ee\/wp-content\/uploads\/2025\/01\/gaasimootorioli-gasmotorenol-mg-1040_1l.jpg","type":"image\/jpeg"}],"twitter_card":"summary_large_image","twitter_misc":{"\u041f\u0440\u0438\u043c\u0435\u0440\u043d\u043e\u0435 \u0432\u0440\u0435\u043c\u044f \u0434\u043b\u044f \u0447\u0442\u0435\u043d\u0438\u044f":"1 \u043c\u0438\u043d\u0443\u0442\u0430"},"schema":{"@context":"https:\/\/schema.org","@graph":[{"@type":"WebPage","@id":"https:\/\/uus.addinol.ee\/ru\/toode\/gaasimootorioli-gasmotorenol-mg-1040\/","url":"https:\/\/uus.addinol.ee\/ru\/toode\/gaasimootorioli-gasmotorenol-mg-1040\/","name":"Gaasimootori\u00f5li Gasmotoren\u00f6l MG 1040 - ADDINOL","isPartOf":{"@id":"https:\/\/uus.addinol.ee\/ru\/#website"},"primaryImageOfPage":{"@id":"https:\/\/uus.addinol.ee\/ru\/toode\/gaasimootorioli-gasmotorenol-mg-1040\/#primaryimage"},"image":{"@id":"https:\/\/uus.addinol.ee\/ru\/toode\/gaasimootorioli-gasmotorenol-mg-1040\/#primaryimage"},"thumbnailUrl":"https:\/\/uus.addinol.ee\/wp-content\/uploads\/2025\/01\/gaasimootorioli-gasmotorenol-mg-1040_1l.jpg","datePublished":"2025-05-20T17:00:05+00:00","dateModified":"2025-07-04T08:39:50+00:00","breadcrumb":{"@id":"https:\/\/uus.addinol.ee\/ru\/toode\/gaasimootorioli-gasmotorenol-mg-1040\/#breadcrumb"},"inLanguage":"ru-RU","potentialAction":[{"@type":"ReadAction","target":["https:\/\/uus.addinol.ee\/ru\/toode\/gaasimootorioli-gasmotorenol-mg-1040\/"]}]},{"@type":"ImageObject","inLanguage":"ru-RU","@id":"https:\/\/uus.addinol.ee\/ru\/toode\/gaasimootorioli-gasmotorenol-mg-1040\/#primaryimage","url":"https:\/\/uus.addinol.ee\/wp-content\/uploads\/2025\/01\/gaasimootorioli-gasmotorenol-mg-1040_1l.jpg","contentUrl":"https:\/\/uus.addinol.ee\/wp-content\/uploads\/2025\/01\/gaasimootorioli-gasmotorenol-mg-1040_1l.jpg","width":418,"height":800},{"@type":"BreadcrumbList","@id":"https:\/\/uus.addinol.ee\/ru\/toode\/gaasimootorioli-gasmotorenol-mg-1040\/#breadcrumb","itemListElement":[{"@type":"ListItem","position":1,"name":"ADDINOL","item":"https:\/\/uus.addinol.ee\/ru\/"},{"@type":"ListItem","position":2,"name":"E-pood","item":"https:\/\/uus.addinol.ee\/e-pood\/"},{"@type":"ListItem","position":3,"name":"Gaasimootori\u00f5li Gasmotoren\u00f6l MG 1040"}]},{"@type":"WebSite","@id":"https:\/\/uus.addinol.ee\/ru\/#website","url":"https:\/\/uus.addinol.ee\/ru\/","name":"ADDINOL","description":"Mootori&otilde;lid ja m&auml;&auml;&auml;rdeained igaks kasutusjuhuks","publisher":{"@id":"https:\/\/uus.addinol.ee\/ru\/#organization"},"potentialAction":[{"@type":"SearchAction","target":{"@type":"EntryPoint","urlTemplate":"https:\/\/uus.addinol.ee\/ru\/?s={search_term_string}"},"query-input":{"@type":"PropertyValueSpecification","valueRequired":true,"valueName":"search_term_string"}}],"inLanguage":"ru-RU"},{"@type":"Organization","@id":"https:\/\/uus.addinol.ee\/ru\/#organization","name":"ADDINOL","url":"https:\/\/uus.addinol.ee\/ru\/","logo":{"@type":"ImageObject","inLanguage":"ru-RU","@id":"https:\/\/uus.addinol.ee\/ru\/#\/schema\/logo\/image\/","url":"https:\/\/uus.addinol.ee\/wp-content\/uploads\/2024\/10\/1200px-ADDINOL-Logo.webp","contentUrl":"https:\/\/uus.addinol.ee\/wp-content\/uploads\/2024\/10\/1200px-ADDINOL-Logo.webp","width":1200,"height":431,"caption":"ADDINOL"},"image":{"@id":"https:\/\/uus.addinol.ee\/ru\/#\/schema\/logo\/image\/"},"sameAs":["https:\/\/www.facebook.com\/ADDINOLEesti\/","https:\/\/www.instagram.com\/addinol_eesti\/"]}]}},"_links":{"self":[{"href":"https:\/\/uus.addinol.ee\/ru\/wp-json\/wp\/v2\/product\/7037","targetHints":{"allow":["GET"]}}],"collection":[{"href":"https:\/\/uus.addinol.ee\/ru\/wp-json\/wp\/v2\/product"}],"about":[{"href":"https:\/\/uus.addinol.ee\/ru\/wp-json\/wp\/v2\/types\/product"}],"wp:featuredmedia":[{"embeddable":true,"href":"https:\/\/uus.addinol.ee\/ru\/wp-json\/wp\/v2\/media\/7038"}],"wp:attachment":[{"href":"https:\/\/uus.addinol.ee\/ru\/wp-json\/wp\/v2\/media?parent=7037"}],"wp:term":[{"taxonomy":"viscosity","embeddable":true,"href":"https:\/\/uus.addinol.ee\/ru\/wp-json\/wp\/v2\/viscosity?post=7037"},{"taxonomy":"product_brand","embeddable":true,"href":"https:\/\/uus.addinol.ee\/ru\/wp-json\/wp\/v2\/product_brand?post=7037"},{"taxonomy":"product_cat","embeddable":true,"href":"https:\/\/uus.addinol.ee\/ru\/wp-json\/wp\/v2\/product_cat?post=7037"},{"taxonomy":"product_tag","embeddable":true,"href":"https:\/\/uus.addinol.ee\/ru\/wp-json\/wp\/v2\/product_tag?post=7037"},{"taxonomy":"inventory","embeddable":true,"href":"https:\/\/uus.addinol.ee\/ru\/wp-json\/wp\/v2\/inventory?post=7037"}],"curies":[{"name":"wp","href":"https:\/\/api.w.org\/{rel}","templated":true}]}}